{"id":8432,"date":"2024-09-22T16:01:39","date_gmt":"2024-09-22T16:01:39","guid":{"rendered":"https:\/\/lisamar-cosmetics.es\/?post_type=product&#038;p=8432"},"modified":"2026-02-27T21:23:00","modified_gmt":"2026-02-27T21:23:00","slug":"crema-facial-i-contorn-dulls-vega","status":"publish","type":"product","link":"https:\/\/lisamar-cosmetics.es\/ca\/ficha-producto\/crema-facial-y-contorno-de-ojos-vegano\/","title":{"rendered":"Set Crema Facial i Contorn d&#039;Ulls \u2013 Hidrataci\u00f3 i Regeneraci\u00f3"},"content":{"rendered":"<h3>Un duet perfecte per a una pell radiant i equilibrada.<\/h3>\n<p>Descobreix el duet de cosm\u00e8tica natural LisaMar\u00ae per<strong>\u00a0pell radiant<\/strong> i ulls desperts: La combinaci\u00f3 de crema per a ulls contra arrugues i ulleres i crema facial hidratant t&#039;ofereix una soluci\u00f3 efica\u00e7 <strong>cura facial antienvelliment<\/strong> per a tots els dies.<\/p>\n<p>La crema per a ulls va ser desenvolupada especialment per\u00a0<strong>zona sensible dels ulls<\/strong> : L&#039;\u00e0cid hialur\u00f2nic, l&#039;esqual\u00e8 d&#039;oliva, les c\u00e8l\u00b7lules mare de taronger, l&#039;ar\u00e7 blanc i el gessam\u00ed tenen un efecte suavitzant i regenerador, reduint visiblement les ulleres i les bosses sota els ulls. Ideal per a pell seca.<\/p>\n<p>La crema per a la cura facial amb \u00e0cid hialur\u00f2nic, \u00e0loe vera, oli d&#039;oliva, lavanda i oli de llavor de ra\u00efm proporciona <strong>la pell intensament amb hidrataci\u00f3.<\/strong>\u00a0Promou l&#039;elasticitat i et fa una lluentor natural.<\/p>\n<p>Tots dos productes contenen un 99 % d&#039;ingredients naturals, s\u00f3n vegans, org\u00e0nics, cruelty-free i estan elaborats a Espanya. LisaMar\u00ae \u00e9s sin\u00f2nim de cura de la pell responsable, bo per a la pell i per al medi ambient.<\/p>\n<p>Evita additius sint\u00e8tics, silicones, parabens i micropl\u00e0stics: aposta per la cosm\u00e8tica natural amb impacte. La teva rutina di\u00e0ria de cura facial amb el set LisaMar\u00ae us brindar\u00e0 una sensaci\u00f3 de benestar, resultats visibles i el luxe d&#039;una autocura conscient.<\/p>\n<p>&nbsp;<\/p>\n<h3><strong>Aplicaci\u00f3 de crema per a rostre i ulls.<\/strong><\/h3>\n<p>Lleugeresa mediterr\u00e0nia: Transforma la teva cura di\u00e0ria en un ritual d&#039;atenci\u00f3 plena, espec\u00edficament adaptat a les necessitats del contorn d&#039;ulls i de la cara.<\/p>\n<p>La zona sensible dels ulls requereix un tractament suau per\u00f2 efica\u00e7. Mentre que la resta de la cara necessita hidrataci\u00f3, protecci\u00f3 i nutrients. Amb aix\u00f2\u00a0<strong>duo de cura<\/strong>\u00a0d\u00f3nes al teu rostre exactament l&#039;atenci\u00f3 que necessita, als llocs correctes.<\/p>\n<p>Comen\u00e7a la teva rutina amb la <strong>crema per als ulls: <\/strong>Apliqueu suaument una petita quantitat al voltant del contorn d&#039;ulls i doneu lleugers tocs amb el dit anul\u00b7lar per reduir la inflor i evitar irritar la delicada pell. Preneu-vos un moment per apreciar la lleugeresa del producte. Respira profundament mentre sents la <strong>crema\u00a0<\/strong>incorporar.<\/p>\n<p>Despr\u00e9s fes servir la <strong>crema facial<\/strong> i aplicar-la a la resta del rostre amb suaus moviments circulars. Aplica amb atenci\u00f3 plena per estimular la circulaci\u00f3 i hidratar profundament la pell. Gaudeix conscientment de la textura i l&#039;aroma, i d\u00f3na a la teva pell un moment de descans i cura. L&#039;atenci\u00f3 plena no nom\u00e9s ajuda a mimar la pell, sin\u00f3 tamb\u00e9 a relaxar la ment ia comen\u00e7ar o acabar el dia amb consci\u00e8ncia.<\/p>","protected":false},"excerpt":{"rendered":"<p>\u2714 L&#039;\u00e0cid hialur\u00f2nic i l&#039;\u00e0loe vera proporcionen una hidrataci\u00f3 intensa sense ser greixosos.<\/p>\n<p>\u2714 Crema per a ulls amb ar\u00e7 i gessam\u00ed: contra ulleres i bosses sota els ulls<\/p>\n<p>\u2714 Els olis mediterranis enforteixen la pell del rostre per a m\u00e9s flexibilitat i lluminositat.<\/p>\n<p>\u2714 Ingredients naturals 99%: vegans, org\u00e0nics i sense micropl\u00e0stics. Cruelty-free.<\/p>\n<p>\u2714 Cura regeneradora per a tot tipus de pell, fins i tot les sensibles.<\/p>","protected":false},"featured_media":8434,"comment_status":"open","ping_status":"closed","template":"","meta":[],"product_brand":[],"product_cat":[117,118,228,85,172,152,121,120,72],"product_tag":[192,162,169,137,125,285,127,176,177,179,288,129,163,281,267,284,290,175,181,283,197,183,189,291,153,299,381,289,287,292,188,166,157,191,295,133,167,297,168,160,131,296,193,382,301,146,158,298,147,264,293,195,300,165,198,178,124,150],"class_list":{"0":"post-8432","1":"product","2":"type-product","3":"status-publish","4":"has-post-thumbnail","6":"product_cat-alle-produkte-produkte","7":"product_cat-bestseller","8":"product_cat-sets-categoria-de-productos","9":"product_cat-conjuntos","10":"product_cat-cremas-tipo-de-producto","11":"product_cat-tipo-de-producto-para-el-cuidado-de-los-ojos","12":"product_cat-novedades-productos","13":"product_cat-categoria-de-productos-para-el-rostro","14":"product_cat-todos-los-productos","15":"product_tag-aceite-de-lavanda","16":"product_tag-aceite-de-oliva-2","17":"product_tag-aceite-de-uva-2","18":"product_tag-acido-hialuronico","19":"product_tag-aloe-vera","20":"product_tag-anti-ojeras-mujeres","21":"product_tag-antioxidante","22":"product_tag-antioxidantes","23":"product_tag-antispetico","24":"product_tag-aspecto-suave","25":"product_tag-augenpartie","26":"product_tag-bio","27":"product_tag-celulas-madre-de-naranja","28":"product_tag-certificacion","29":"product_tag-cosmetica-ecologica","30":"product_tag-crema-anti-ojeras","31":"product_tag-crema-antiarrugas-para-mujeres","32":"product_tag-crema-antienvejecimiento-para-mujeres-2","33":"product_tag-crema-facial","34":"product_tag-crema-facial-antienvejecimiento-con-fps","35":"product_tag-crema-facial-nutritiva","36":"product_tag-crema-facial-para-piel-sensible","37":"product_tag-crema-hialuronica-facial-para-mujeres","38":"product_tag-crema-hidratante-facial-para-mujeres","39":"product_tag-crema-para-los-ojos","40":"product_tag-crema-para-los-ojos-sebamed","41":"product_tag-crema-para-ojos","42":"product_tag-crema-sin-perfume-ni-aditivos","43":"product_tag-cremas-para-las-ojeras","44":"product_tag-cuidado-facial","45":"product_tag-cuidado-facial-para-mujeres","46":"product_tag-escualeno","47":"product_tag-flexible","48":"product_tag-hidratacion","49":"product_tag-hidratado","50":"product_tag-hidratante","51":"product_tag-ingredientes-reafirmantes","52":"product_tag-ingredientes-regeneradores","53":"product_tag-irradiar","54":"product_tag-lavanda-2","55":"product_tag-libre-de-crueldad","56":"product_tag-mediterrane-wirkstoffe","57":"product_tag-nutrientes","58":"product_tag-piel-muy-seca","59":"product_tag-reafirmante","60":"product_tag-romero-2","61":"product_tag-rostro","62":"product_tag-s","63":"product_tag-salvia-2","64":"product_tag-set","65":"product_tag-set-de-cuidado-facial","66":"product_tag-sin-fragancias-artificiales","67":"product_tag-skincare","68":"product_tag-suavemente","69":"product_tag-tacto-sedoso","70":"product_tag-tez-fresca","71":"product_tag-todos-los-tipos-de-piel","72":"product_tag-vegano","74":"first","75":"instock","76":"sale","77":"taxable","78":"shipping-taxable","79":"purchasable","80":"product-type-simple"},"_links":{"self":[{"href":"https:\/\/lisamar-cosmetics.es\/ca\/wp-json\/wp\/v2\/product\/8432","targetHints":{"allow":["GET"]}}],"collection":[{"href":"https:\/\/lisamar-cosmetics.es\/ca\/wp-json\/wp\/v2\/product"}],"about":[{"href":"https:\/\/lisamar-cosmetics.es\/ca\/wp-json\/wp\/v2\/types\/product"}],"replies":[{"embeddable":true,"href":"https:\/\/lisamar-cosmetics.es\/ca\/wp-json\/wp\/v2\/comments?post=8432"}],"version-history":[{"count":10,"href":"https:\/\/lisamar-cosmetics.es\/ca\/wp-json\/wp\/v2\/product\/8432\/revisions"}],"predecessor-version":[{"id":14646,"href":"https:\/\/lisamar-cosmetics.es\/ca\/wp-json\/wp\/v2\/product\/8432\/revisions\/14646"}],"wp:featuredmedia":[{"embeddable":true,"href":"https:\/\/lisamar-cosmetics.es\/ca\/wp-json\/wp\/v2\/media\/8434"}],"wp:attachment":[{"href":"https:\/\/lisamar-cosmetics.es\/ca\/wp-json\/wp\/v2\/media?parent=8432"}],"wp:term":[{"taxonomy":"product_brand","embeddable":true,"href":"https:\/\/lisamar-cosmetics.es\/ca\/wp-json\/wp\/v2\/product_brand?post=8432"},{"taxonomy":"product_cat","embeddable":true,"href":"https:\/\/lisamar-cosmetics.es\/ca\/wp-json\/wp\/v2\/product_cat?post=8432"},{"taxonomy":"product_tag","embeddable":true,"href":"https:\/\/lisamar-cosmetics.es\/ca\/wp-json\/wp\/v2\/product_tag?post=8432"}],"curies":[{"name":"wp","href":"https:\/\/api.w.org\/{rel}","templated":true}]}}