{"id":8420,"date":"2024-09-22T15:15:15","date_gmt":"2024-09-22T15:15:15","guid":{"rendered":"https:\/\/lisamar-cosmetics.es\/?post_type=product&#038;p=8420"},"modified":"2025-12-16T12:22:12","modified_gmt":"2025-12-16T12:22:12","slug":"set-de-regal-per-a-la-cura-facial","status":"publish","type":"product","link":"https:\/\/lisamar-cosmetics.es\/ca\/ficha-producto\/set-de-regalo-para-el-cuidado-facial\/","title":{"rendered":"Set de regal: cura facial mediterr\u00e0nia i necesser de regal"},"content":{"rendered":"<h3>Set de regal per a la cura facial i la neteja de la pell.<\/h3>\n<p>Experimenti el poder de la natura mediterr\u00e0nia: el set de regal per a una pell cuidada i radiant.<\/p>\n<p>Regala bellesa pura i natural amb LisaMar\u00ae \u2013 l\u00b4exclusiva marca de cosm\u00e8tica natural de Barcelona.\u00a0<strong>Cura natural:<\/strong>Els nostres productes, enriquits amb valuosos ingredients mediterranis, s&#039;inspiren en el poder i la bellesa del Mediterrani. Com a regal especial, rebr\u00e0s gratis el nostre necesser artes\u00e0 de cot\u00f3, cosit a m\u00e0.<\/p>\n<h3><\/h3>\n<h3><strong>El nostre set de regal cont\u00e9 aquests productes de cura:<\/strong><\/h3>\n<h4><strong><u>Escuma netejadora (100ml):<\/u><\/strong><\/h4>\n<p>El nostre\u00a0<strong>Escuma de neteja<\/strong>\u00a0elimina suaument la brut\u00edcia, el maquillatge i les impureses de la pell sense ressecar-la. Enriquit amb el poder de les plantes mediterr\u00e0nies, no nom\u00e9s en proporciona una\u00a0<strong>Netejar la teva cara<\/strong>profunda, sin\u00f3 que tamb\u00e9 aporta a la pell valuosos nutrients. Els ingredients naturals fan que la teva pell llueixi fresca, radiant i cuidada. Descobreix la nostra\u00a0<strong>Netejar la teva cara<\/strong>que \u00e9s suau amb la pell i la mima amb l&#039;energia pura de la naturalesa mediterr\u00e0nia.<\/p>\n<h4><strong><u>Crema facial (50ml):<\/u><\/strong><\/h4>\n<p>Enriquit amb \u00e0cid hialur\u00f2nic i valuosos ingredients actius mediterranis com c\u00e8l\u00b7lules mare de taronja, \u00e0loe vera, roman\u00ed, s\u00e0lvia i lavanda, la nostra\u00a0<strong>Crema facial<\/strong>\u00a0retarda l&#039;envelliment cutani i proporcionen una pell fresca i hidratada. Els olis d&#039;alta qualitat d&#039;oliva, ra\u00efm i ametlles mimen la pell amb nutrients importants i deixen una sensaci\u00f3 suau i sedosa. Gr\u00e0cies a les seves propietats antioxidants la nostra\u00a0<strong>Crema<\/strong>\u00a0cuida i hidrata la teva pell perqu\u00e8 llueixi jove i radiant.<\/p>\n<h4><strong><u>Crema per a ulls (20 ml):<\/u><\/strong><\/h4>\n<p>La nostra\u00a0<strong>Crema per als ulls<\/strong>\u00a0combina ingredients actius acuradament seleccionats, adaptats espec\u00edficament a les necessitats de la delicada zona del contorn d&#039;ulls. L&#039;\u00e0cid hialur\u00f2nic, les c\u00e8l\u00b7lules mare de taronja, la pe\u00f2nia i el gessam\u00ed garanteixen resultats visibles des de la primera aplicaci\u00f3. Els olis vegetals, rics en antioxidants, tenen un efecte regenerador i hidratant, mentre que l&#039;esqual\u00e8 pot reduir l&#039;aparici\u00f3 d&#039;arrugues de sequedat. A m\u00e9s, la nostra\u00a0<strong>Crema<\/strong>T&#039;ajudar\u00e0 a reafirmar el contorn dels ulls i reduir les ulleres, creant aix\u00ed una lluminositat natural.<\/p>\n<h4><strong><u>S\u00e8rum facial (30ml):<\/u><\/strong><\/h4>\n<p>El nostre\u00a0<strong>S\u00e8rum facial<\/strong>\u00a0a base d&#039;\u00e0cid hialur\u00f2nic, \u00e9s ric en ingredients actius mediterranis d&#039;alta qualitat, com ara c\u00e8l\u00b7lules mare de taronja, \u00e0loe vera, roman\u00ed, lavanda i s\u00e0lvia. Aquests valuosos ingredients hidraten la pell, aporten nutrients importants i garanteixen una pell hidratada, radiant i el\u00e0stica. A m\u00e9s, tenen un efecte calmant i ajuden la pell a mantenir el seu aspecte juvenil ia endarrerir els signes de l&#039;envelliment.<\/p>\n<p>El s\u00e8rum tamb\u00e9 cont\u00e9 mica, que proporciona una brillantor suau a trav\u00e9s de subtils reflexos de llum i fa que la teva pell llueixi naturalment radiant.<\/p>\n<h4><strong>Bossa de cosm\u00e8tics multifuncional\u00a0<\/strong><\/h4>\n<p>Necesser amb capacitat ideal de 30 x 7 x 20 cm. Gran capacitat per a articles de cura di\u00e0ria com brotxes, maquillatge i altres productes de bellesa, o com a organitzador per a la bossa. El material exterior \u00e9s 100 % cot\u00f3 i el folre interior \u00e9s 100 % poli\u00e8ster d\u02bbalta qualitat. El piqu\u00e9 modern gofrat \u00e9s d&#039;un delicat verd clar i agradablement suau. El necesser \u00e9s rentable. La cremallera garanteix un tancament segur perqu\u00e8 res caigui i tot es mantingui organitzat.<\/p>","protected":false},"excerpt":{"rendered":"<p>\u2714 Set de cura de 4 peces amb crema, s\u00e8rum, netejador i cura dels ulls<\/p>\n<p>\u2714 Gratis: Necesser cosit a m\u00e0 en teixit piqu\u00e9 gofre<\/p>\n<p>\u2714 \u00c0cid hialur\u00f2nic i ingredients actius mediterranis: per a una pell suau i cuidada<\/p>\n<p>\u2714 Neteja suau i cura antienvelliment: ideal per a tot tipus de pell.<\/p>\n<p>\u2714 Cosm\u00e8tica natural d&#039;Espanya: vegana, org\u00e0nica, sostenible i lliure de crueltat animal.<\/p>","protected":false},"featured_media":14190,"comment_status":"open","ping_status":"closed","template":"","meta":[],"product_brand":[],"product_cat":[71,73,85,80,82,258,83,78,77,79,72],"product_tag":[250,251,253,181,153,260,247,143,252,257,254,255,261,256,264,259,262,220],"class_list":{"0":"post-8420","1":"product","2":"type-product","3":"status-publish","4":"has-post-thumbnail","6":"product_cat-accesorios","7":"product_cat-bestsellers","8":"product_cat-conjuntos","9":"product_cat-cremas","10":"product_cat-cuidado-de-los-ojos","11":"product_cat-geschenke-sets","12":"product_cat-limpiador","13":"product_cat-novedades","14":"product_cat-rostro","15":"product_cat-sueros","16":"product_cat-todos-los-productos","17":"product_tag-accesorio","18":"product_tag-algodon","19":"product_tag-bolsa-de-cosmeticos","20":"product_tag-crema-facial","21":"product_tag-crema-para-los-ojos","22":"product_tag-cumpleanos","23":"product_tag-de-camino","24":"product_tag-espuma-limpiadora-2","25":"product_tag-fundacion-roure","26":"product_tag-gofre-picado","27":"product_tag-multifuncional","28":"product_tag-poliester","29":"product_tag-regalo","30":"product_tag-responsabilidad-social-3","31":"product_tag-set","32":"product_tag-set-de-belleza","33":"product_tag-set-de-regalo","34":"product_tag-suero","36":"first","37":"instock","38":"sale","39":"taxable","40":"shipping-taxable","41":"purchasable","42":"product-type-simple"},"_links":{"self":[{"href":"https:\/\/lisamar-cosmetics.es\/ca\/wp-json\/wp\/v2\/product\/8420","targetHints":{"allow":["GET"]}}],"collection":[{"href":"https:\/\/lisamar-cosmetics.es\/ca\/wp-json\/wp\/v2\/product"}],"about":[{"href":"https:\/\/lisamar-cosmetics.es\/ca\/wp-json\/wp\/v2\/types\/product"}],"replies":[{"embeddable":true,"href":"https:\/\/lisamar-cosmetics.es\/ca\/wp-json\/wp\/v2\/comments?post=8420"}],"version-history":[{"count":5,"href":"https:\/\/lisamar-cosmetics.es\/ca\/wp-json\/wp\/v2\/product\/8420\/revisions"}],"predecessor-version":[{"id":14539,"href":"https:\/\/lisamar-cosmetics.es\/ca\/wp-json\/wp\/v2\/product\/8420\/revisions\/14539"}],"wp:featuredmedia":[{"embeddable":true,"href":"https:\/\/lisamar-cosmetics.es\/ca\/wp-json\/wp\/v2\/media\/14190"}],"wp:attachment":[{"href":"https:\/\/lisamar-cosmetics.es\/ca\/wp-json\/wp\/v2\/media?parent=8420"}],"wp:term":[{"taxonomy":"product_brand","embeddable":true,"href":"https:\/\/lisamar-cosmetics.es\/ca\/wp-json\/wp\/v2\/product_brand?post=8420"},{"taxonomy":"product_cat","embeddable":true,"href":"https:\/\/lisamar-cosmetics.es\/ca\/wp-json\/wp\/v2\/product_cat?post=8420"},{"taxonomy":"product_tag","embeddable":true,"href":"https:\/\/lisamar-cosmetics.es\/ca\/wp-json\/wp\/v2\/product_tag?post=8420"}],"curies":[{"name":"wp","href":"https:\/\/api.w.org\/{rel}","templated":true}]}}