{"id":8414,"date":"2024-09-19T17:17:40","date_gmt":"2024-09-19T17:17:40","guid":{"rendered":"https:\/\/lisamar-cosmetics.es\/?post_type=product&#038;p=8414"},"modified":"2025-12-16T12:23:41","modified_gmt":"2025-12-16T12:23:41","slug":"bossa-de-cosmetics-de-coto","status":"publish","type":"product","link":"https:\/\/lisamar-cosmetics.es\/ca\/ficha-producto\/bolsa-de-cosmeticos-de-algodon\/","title":{"rendered":"Necesser de cot\u00f3. Fet a m\u00e0 a Barcelona: elegant, pr\u00e0ctic i per emportar."},"content":{"rendered":"<h3>Responsabilitat social a LisaMar\u00ae: suport a persones en situacions dif\u00edcils<\/h3>\n<p>LisaMar\u00ae no es tracta nom\u00e9s de cosm\u00e8tica natural, sin\u00f3 tamb\u00e9 de la interacci\u00f3 conscient amb el nostre entorn i la nostra societat. Un component central dels nostres valors \u00e9s el comprom\u00eds amb\u00a0<strong>Responsabilitat social<\/strong>, la qual cosa es reflecteix en molts aspectes de la nostra empresa. Un projecte del que estem especialment orgullosos \u00e9s la nostra col\u00b7laboraci\u00f3 amb la Fundaci\u00f3 Roure de Barcelona, que fabrica els nostres\u00a0<strong>Necessers<\/strong>\u00a0.<\/p>\n<p>La Fundaci\u00f3 Roure \u00e9s una organitzaci\u00f3 sense \u00e0nim de lucre que recolza persones en situacions dif\u00edcils. Ofereix oportunitats laborals a persones amb risc d&#039;exclusi\u00f3 social. Treballar al taller no nom\u00e9s els proporciona ingressos, sin\u00f3 tamb\u00e9 l&#039;oportunitat d&#039;integrar-se socialment i guanyar confian\u00e7a en ells mateixos.<\/p>\n<p>La nostra\u00a0<strong>Necessers<\/strong>\u00a0S&#039;elaboren a m\u00e0 al taller de la Fundaci\u00f3 Roure. Cada bossa creada \u00e9s un petit s\u00edmbol d&#039;esperan\u00e7a i l&#039;oportunitat de formar part de la societat. Per a LisaMar\u00ae, donar suport a aquestes persones i valorar-ne la tasca \u00e9s molt important.<\/p>\n<p>&nbsp;<\/p>\n<h3>Un petit projecte amb un gran impacte<\/h3>\n<p>Potser \u00e9s un petit pas, per\u00f2 amb cada compra d&#039;aquesta bossa doneu suport a la Fundaci\u00f3 Roure i als qui hi treballen. \u00c9s un projecte petit, per\u00f2 que marca una gran difer\u00e8ncia a la vida de moltes persones.<\/p>\n<p>Amb cada compra ajudes a compartir aquesta responsabilitat social i recolzes un projecte que va molt m\u00e9s enll\u00e0 de la producci\u00f3 de\u00a0<strong>Necessers<\/strong>\u00a0. Ajudes a donar una perspectiva a les persones que es troben en situacions de vida dif\u00edcils, brindant-los l&#039;oportunitat de treballar i integrar-se socialment.<\/p>\n<p>&nbsp;<\/p>\n<h3>Assumint la responsabilitat junts<\/h3>\n<p>A LisaMar\u00ae creiem que cada contribuci\u00f3 compta; fins i tot els passos m\u00e9s petits marquen la difer\u00e8ncia. En comprar un dels nostres\u00a0<strong>Necessers<\/strong>\u00a0est\u00e0s recolzant un projecte social que impacta positivament a la vida de moltes persones. Junts podem marcar la difer\u00e8ncia i demostrar que la bellesa i la responsabilitat social poden anar de la m\u00e0.<\/p>\n<p>La vostra decisi\u00f3 de triar els nostres productes LisaMar\u00ae no \u00e9s nom\u00e9s una decisi\u00f3 sobre cosm\u00e8tics naturals sostenibles i d&#039;alta qualitat: Tamb\u00e9 \u00e9s una declaraci\u00f3 de responsabilitat social.<\/p>","protected":false},"excerpt":{"rendered":"<p>\u2714 Fet a m\u00e0 a Barcelona \u2013 producci\u00f3 social i justa<\/p>\n<p>\u2714 Teixit de cot\u00f3 suau, modern i rentable.<\/p>\n<p>\u2714 Molt espai per a productes de cura, maquillatge, etc.<\/p>\n<p>\u2714 Amb cremallera: Segur i pr\u00e0ctic per emportar.<\/p>\n<p>\u2714 Sostenible, veg\u00e0 i elegant: Ideal tamb\u00e9 com a regal.<\/p>","protected":false},"featured_media":8415,"comment_status":"open","ping_status":"closed","template":"","meta":[],"product_brand":[],"product_cat":[71,73,78,72],"product_tag":[250,251,253,247,252,257,254,255,256],"class_list":{"0":"post-8414","1":"product","2":"type-product","3":"status-publish","4":"has-post-thumbnail","6":"product_cat-accesorios","7":"product_cat-bestsellers","8":"product_cat-novedades","9":"product_cat-todos-los-productos","10":"product_tag-accesorio","11":"product_tag-algodon","12":"product_tag-bolsa-de-cosmeticos","13":"product_tag-de-camino","14":"product_tag-fundacion-roure","15":"product_tag-gofre-picado","16":"product_tag-multifuncional","17":"product_tag-poliester","18":"product_tag-responsabilidad-social-3","20":"first","21":"instock","22":"taxable","23":"shipping-taxable","24":"purchasable","25":"product-type-simple"},"_links":{"self":[{"href":"https:\/\/lisamar-cosmetics.es\/ca\/wp-json\/wp\/v2\/product\/8414","targetHints":{"allow":["GET"]}}],"collection":[{"href":"https:\/\/lisamar-cosmetics.es\/ca\/wp-json\/wp\/v2\/product"}],"about":[{"href":"https:\/\/lisamar-cosmetics.es\/ca\/wp-json\/wp\/v2\/types\/product"}],"replies":[{"embeddable":true,"href":"https:\/\/lisamar-cosmetics.es\/ca\/wp-json\/wp\/v2\/comments?post=8414"}],"version-history":[{"count":5,"href":"https:\/\/lisamar-cosmetics.es\/ca\/wp-json\/wp\/v2\/product\/8414\/revisions"}],"predecessor-version":[{"id":14560,"href":"https:\/\/lisamar-cosmetics.es\/ca\/wp-json\/wp\/v2\/product\/8414\/revisions\/14560"}],"wp:featuredmedia":[{"embeddable":true,"href":"https:\/\/lisamar-cosmetics.es\/ca\/wp-json\/wp\/v2\/media\/8415"}],"wp:attachment":[{"href":"https:\/\/lisamar-cosmetics.es\/ca\/wp-json\/wp\/v2\/media?parent=8414"}],"wp:term":[{"taxonomy":"product_brand","embeddable":true,"href":"https:\/\/lisamar-cosmetics.es\/ca\/wp-json\/wp\/v2\/product_brand?post=8414"},{"taxonomy":"product_cat","embeddable":true,"href":"https:\/\/lisamar-cosmetics.es\/ca\/wp-json\/wp\/v2\/product_cat?post=8414"},{"taxonomy":"product_tag","embeddable":true,"href":"https:\/\/lisamar-cosmetics.es\/ca\/wp-json\/wp\/v2\/product_tag?post=8414"}],"curies":[{"name":"wp","href":"https:\/\/api.w.org\/{rel}","templated":true}]}}