{"id":8399,"date":"2024-09-01T10:43:11","date_gmt":"2024-09-01T10:43:11","guid":{"rendered":"https:\/\/lisamar-cosmetics.es\/?post_type=product&#038;p=8399"},"modified":"2026-02-27T21:23:00","modified_gmt":"2026-02-27T21:23:00","slug":"serum-facial-vega-2","status":"publish","type":"product","link":"https:\/\/lisamar-cosmetics.es\/ca\/ficha-producto\/suero-facial-vegano-2\/","title":{"rendered":"S\u00e8rum facial \u2013 cura intensiva amb \u00e0cid hialur\u00f2nic i poder vegetal \u2013 efecte antiedat"},"content":{"rendered":"<h3>S\u00e8rum facial veg\u00e0 per a una pell radiant<\/h3>\n<p>Experimenta la combinaci\u00f3 perfecta per al\u00a0<strong>Cura natural de la pell<\/strong>\u00a0i bellesa sostenible. El nostre s\u00e8rum per a la pell es basa en\u00a0<strong>\u00c0cid hialur\u00f2nic<\/strong>\u00a0i hidrata profundament la teva pell, perqu\u00e8 estigui llisa i hidratada. Gr\u00e0cies a les\u00a0<strong>C\u00e8l\u00b7lules mare de taronja<\/strong>\u00a0Millora l\u00b4elasticitat de la pell i suavitza les l\u00ednies d\u00b4expressi\u00f3. L&#039;\u00e0loe vera calma la pell sensible, mentre que la lavanda i el roman\u00ed aporten\u00a0<strong>Equilibri i relaxaci\u00f3<\/strong>\u00a0. Aquest s\u00e8rum per a la pell va ser desenvolupat amb\u00a0<strong>Ingredients actius mediterranis<\/strong>\u00a0i desenvolupat per incorporar l&#039;ess\u00e8ncia de la natura a la teva rutina de cura di\u00e0ria. La seva textura lleugera s&#039;absorbeix r\u00e0pidament sense sensaci\u00f3 enganxosa i \u00e9s ideal fins i tot per a pells sensibles.<\/p>\n<p>LisaMar\u00ae \u00e9s sin\u00f2nim de cosm\u00e8tica natural, vegana i conscient que mima cos i \u00e0nima. Elaborada a Espanya amb un 99 % d&#039;ingredients naturals i completament lliure d&#039;additius sint\u00e8tics, cada gota cuida la pell i el medi ambient.<\/p>\n<p>Transforma el teu ritual de cura de la pell en un moment d&#039;amor propi conscient amb el s\u00e8rum facial de LisaMar\u00ae, que t\u00e9 un efecte notable i inspira de manera natural.<\/p>\n<p>Com a caracter\u00edstica especial, el s\u00e8rum cont\u00e9 mica, que crea una brillantor natural a trav\u00e9s de fins reflexos de llum i deixa la pell radiant amb suavitat: una part indispensable de la s\u00e8rie de cures.<\/p>\n<h3><\/h3>\n<h3>El s\u00e8rum LisaMar\u00ae combina ingredients actius moderns amb el poder de les plantes mediterr\u00e0nies:<\/h3>\n<p><a href=\"https:\/\/lisamar-cosmetics.es\/es\/ingredientes-mediterraneos\/celulas-madre-de-color-naranja\/\"><strong><u>C\u00e8l\u00b7lules mare de taronja<\/u>:<\/strong><\/a>\u00a0S\u00f3n rics en antioxidants que ajuden a neutralitzar els radicals lliures que acceleren l&#039;envelliment cutani. Afavoreixen la regeneraci\u00f3 cel\u00b7lular i ajuden a reduir l&#039;aparici\u00f3 d&#039;arrugues i l\u00ednies d&#039;expressi\u00f3.<\/p>\n<p><a href=\"https:\/\/lisamar-cosmetics.es\/es\/ingredientes-mediterraneos\/aloe-vera\/\"><strong><u>Aloe vera:<\/u><\/strong><\/a>\u00a0Conegut per les seves propietats calmants i regeneradores, l&#039;\u00e0loe vera hidrata, alleuja la irritaci\u00f3 i afavoreix la curaci\u00f3 natural de la pell.<\/p>\n<p><a href=\"https:\/\/lisamar-cosmetics.es\/es\/ingredientes-mediterraneos\/romero\/\"><strong><u>Romero<\/u>:<\/strong><\/a>\u00a0T\u00e9 efecte seborregulador i antioxidant. Ajuda a aclarir i refinar la pell i combat les impureses gr\u00e0cies a les propietats antibacterianes.<\/p>\n<p><a href=\"https:\/\/lisamar-cosmetics.es\/es\/ingredientes-mediterraneos\/sabio\/\"><strong><u>S\u00e0lvia<\/u>:<\/strong><\/a>\u00a0Regula la producci\u00f3 de s\u00e8u i t\u00e9 efecte antibacteri\u00e0. Ajuda a reduir les imperfeccions i promou una pell fresca. Les seves propietats antiinflamat\u00f2ries calmen la pell sensible.<\/p>\n<p><a href=\"https:\/\/lisamar-cosmetics.es\/es\/ingredientes-mediterraneos\/lavanda\/\"><strong><u>Lavanda<\/u>:<\/strong><\/a>\u00a0T\u00e9 propietats calmants i antiinflamat\u00f2ries. La seva aroma promou la relaxaci\u00f3 i l&#039;alleujament de l&#039;estr\u00e8s, cosa que el fa especialment valu\u00f3s per a la cura hol\u00edstic de la pell.<\/p>\n<p><a href=\"https:\/\/lisamar-cosmetics.es\/es\/ingredientes-mediterraneos\/cereza\/\"><strong><u>Cirera<\/u>:<\/strong><\/a>\u00a0Cada cop m\u00e9s popular en la cura de la pell, l&#039;extracte de cirera \u00e9s ric en antioxidants, especialment vitamina C. Les seves propietats antioxidants ajuden a protegir la pell del dany causat pels raigs UV. A m\u00e9s, hidrata i suavitza la pell.<\/p>\n<p><a href=\"https:\/\/lisamar-cosmetics.es\/es\/ingredientes-mediterraneos\/calendula\/\"><strong><u>Cal\u00e8ndula<\/u>:<\/strong><\/a>\u00a0La cal\u00e8ndula \u00e9s apreciada per les seves propietats cicatritzants i calmants. T\u00e9 propietats antiinflamat\u00f2ries i \u00e9s ideal per a pells sensibles amb tend\u00e8ncia a la irritaci\u00f3.<\/p>\n<h3><\/h3>\n<h3>Aplicaci\u00f3<\/h3>\n<p>Experimenta la sensaci\u00f3 calmant de la cura mediterr\u00e0nia amb el s\u00e8rum de LisaMar, que preserva la joventut natural de la teva pell dia rere dia.<\/p>\n<p><strong>Ritual de cura efica\u00e7 amb s\u00e8rums<\/strong><\/p>\n<p>Els s\u00e8rums s\u00f3n una part essencial d&#039;una\u00a0<strong>Rutina de cura de la pell efica\u00e7<\/strong>ben feta. En comparaci\u00f3 amb les cremes i altres productes per a la cura de la pell, solen contenir una concentraci\u00f3 m\u00e9s gran d&#039;ingredients actius. Actuen com un tractament intensiu que prepara la pell \u00f2ptimament per a la cura posterior.<\/p>\n<p>Afegeix unes gotes de\u00a0<strong>S\u00e8rum<\/strong>\u00a0als rovells dels dits i escalfa&#039;l lleugerament fregant suaument les mans. Tanca els ulls un moment, respira profundament i absorbeix l&#039;aroma natural del\u00a0<strong>S\u00e8rum<\/strong>\u00a0conscientment. Aprofita aquest moment per fer una pausa i connectar amb el teu ritual de cura. Fes servir el\u00a0<strong>S\u00e8rum.<\/strong>\u00a0aplicant-ho a la cara amb moviments suaus. Comen\u00e7a al centre del rostre i v\u00e9s estenent-lo lentament cap a fora. Fes servir moviments ascendents i pren-te el teu temps. Aplica el\u00a0<strong>S\u00e8rum.<\/strong>\u00a0completament a la teva pell. Sent lleugeresa, frescor i nutrici\u00f3.<\/p>\n<p>En incorporar l&#039;atenci\u00f3 plena a la teva rutina de cura de la pell, no nom\u00e9s cuides la teva pell, sin\u00f3 que tamb\u00e9 crees un moment de pau interior i connexi\u00f3 amb tu mateix. Els certificats del nostre\u00a0<strong>S\u00e8rum facial<\/strong>\u00a0amb ingredients naturals mediterranis, \u00e9s una experi\u00e8ncia que enriqueix. No nom\u00e9s et proporciona una cura efica\u00e7, sin\u00f3 tamb\u00e9 l&#039;agradable sensaci\u00f3 de fer servir un producte ecol\u00f2gic i respectu\u00f3s amb la pell, perfecte per a tu i per a la natura.<\/p>\n<p>Per a \u00fas extern, evitar el contacte directe amb els ulls i les mucoses. No ingerir. No fer servir en nens menors de 3 anys.<\/p>","protected":false},"excerpt":{"rendered":"<p>\u2714 Hialur\u00f3: Amortigua des de l&#039;interior i proporciona hidrataci\u00f3.<\/p>\n<p>\u2714 Les c\u00e8l\u00b7lules mare de taronja estimulen la renovaci\u00f3 de la pell.<\/p>\n<p>\u2714 Textura lleugera i sedosa: Ideal per a la cura di\u00e0ria, s&#039;absorbeix r\u00e0pidament i no \u00e9s greixosa.<\/p>\n<p>\u2714 Ingredients naturals 99%: Vegans, lliures de crueltat animal, org\u00e0nics i purs<\/p>\n<p>\u2714 Extractes de plantes mediterr\u00e0nies: enforteixen i suavitzen la pell<\/p>","protected":false},"featured_media":13810,"comment_status":"open","ping_status":"closed","template":"","meta":[],"product_brand":[],"product_cat":[110,73,111,114,109,78,113,77,79,72],"product_tag":[192,137,125,127,176,177,205,179,129,213,203,163,204,214,217,157,191,133,168,160,131,218,193,146,158,147,225,206,209,223,216,195,226,165,220,221,222,198,178,124,202,150],"class_list":{"0":"post-8399","1":"product","2":"type-product","3":"status-publish","4":"has-post-thumbnail","6":"product_cat-antiedad-reafirmante","7":"product_cat-bestsellers","8":"product_cat-regeneracion-calmante","9":"product_cat-depuracion-limpieza","10":"product_cat-hidratacion-cuidado","11":"product_cat-novedades","12":"product_cat-antioxidantes-protectores-piel","13":"product_cat-rostro","14":"product_cat-sueros","15":"product_cat-todos-los-productos","16":"product_tag-aceite-de-lavanda","17":"product_tag-acido-hialuronico","18":"product_tag-aloe-vera","19":"product_tag-antioxidante","20":"product_tag-antioxidantes","21":"product_tag-antispetico","22":"product_tag-aspecto-mas-elastico","23":"product_tag-aspecto-suave","24":"product_tag-bio","25":"product_tag-brillo","26":"product_tag-calendula","27":"product_tag-celulas-madre-de-naranja","28":"product_tag-cuidado-eficaz","29":"product_tag-efecto-luminoso","30":"product_tag-extracto-de-cereza","31":"product_tag-flexible","32":"product_tag-hidratacion","33":"product_tag-hidratante","34":"product_tag-irradiar","35":"product_tag-lavanda-2","36":"product_tag-libre-de-crueldad","37":"product_tag-mas-elasticidad","38":"product_tag-nutrientes","39":"product_tag-romero-2","40":"product_tag-rostro","41":"product_tag-salvia-2","42":"product_tag-serum-facial-3","43":"product_tag-serum-facial-para-mujeres","44":"product_tag-serum-para-el-cuidado-facial","45":"product_tag-serum-para-el-rostro","46":"product_tag-serum-para-la-piel","47":"product_tag-sin-fragancias-artificiales","48":"product_tag-skin-serum","49":"product_tag-suavemente","50":"product_tag-suero","51":"product_tag-suero-facial","52":"product_tag-suero-hidratante","53":"product_tag-tacto-sedoso","54":"product_tag-tez-fresca","55":"product_tag-todos-los-tipos-de-piel","56":"product_tag-tranquilizador","57":"product_tag-vegano","59":"first","60":"instock","61":"taxable","62":"shipping-taxable","63":"purchasable","64":"product-type-simple"},"_links":{"self":[{"href":"https:\/\/lisamar-cosmetics.es\/ca\/wp-json\/wp\/v2\/product\/8399","targetHints":{"allow":["GET"]}}],"collection":[{"href":"https:\/\/lisamar-cosmetics.es\/ca\/wp-json\/wp\/v2\/product"}],"about":[{"href":"https:\/\/lisamar-cosmetics.es\/ca\/wp-json\/wp\/v2\/types\/product"}],"replies":[{"embeddable":true,"href":"https:\/\/lisamar-cosmetics.es\/ca\/wp-json\/wp\/v2\/comments?post=8399"}],"version-history":[{"count":5,"href":"https:\/\/lisamar-cosmetics.es\/ca\/wp-json\/wp\/v2\/product\/8399\/revisions"}],"predecessor-version":[{"id":14543,"href":"https:\/\/lisamar-cosmetics.es\/ca\/wp-json\/wp\/v2\/product\/8399\/revisions\/14543"}],"wp:featuredmedia":[{"embeddable":true,"href":"https:\/\/lisamar-cosmetics.es\/ca\/wp-json\/wp\/v2\/media\/13810"}],"wp:attachment":[{"href":"https:\/\/lisamar-cosmetics.es\/ca\/wp-json\/wp\/v2\/media?parent=8399"}],"wp:term":[{"taxonomy":"product_brand","embeddable":true,"href":"https:\/\/lisamar-cosmetics.es\/ca\/wp-json\/wp\/v2\/product_brand?post=8399"},{"taxonomy":"product_cat","embeddable":true,"href":"https:\/\/lisamar-cosmetics.es\/ca\/wp-json\/wp\/v2\/product_cat?post=8399"},{"taxonomy":"product_tag","embeddable":true,"href":"https:\/\/lisamar-cosmetics.es\/ca\/wp-json\/wp\/v2\/product_tag?post=8399"}],"curies":[{"name":"wp","href":"https:\/\/api.w.org\/{rel}","templated":true}]}}