{"id":8388,"date":"2024-08-31T13:27:42","date_gmt":"2024-08-31T13:27:42","guid":{"rendered":"https:\/\/lisamar-cosmetics.es\/?post_type=product&#038;p=8388"},"modified":"2025-12-16T12:42:33","modified_gmt":"2025-12-16T12:42:33","slug":"crema-facial-vegana","status":"publish","type":"product","link":"https:\/\/lisamar-cosmetics.es\/ca\/ficha-producto\/crema-facial-vegana\/","title":{"rendered":"Crema Facial Antiedat amb \u00c0cid Hialur\u00f2nic \u2013 Cura Hidratant per a Pell Seca i Sensible"},"content":{"rendered":"<h3>Crema facial vegana: cura nutritiva i protector<\/h3>\n<p>Experi\u00e8ncia amb la crema facial LisaMar\u00ae un\u00a0<strong>Ritual de cura conscient<\/strong>que no nom\u00e9s t&#039;ofereix una\u00a0<strong>Humitat<\/strong>intensa, sin\u00f3 que a m\u00e9s revitalitza la teva pell. Aquest cosm\u00e8tic natural certificat combina \u00e0cid hialur\u00f2nic, \u00e0loe vera, roman\u00ed, s\u00e0lvia i lavanda per crear una crema facial hidratant\u00a0<strong>Amb efecte antienvelliment<\/strong>per a una pell fresca i radiant.<\/p>\n<p>Gr\u00e0cies al\u00a0<strong>Poder antioxidant<\/strong>\u00a0i els ingredients actius mediterranis com ara c\u00e8l\u00b7lules mare de taronja, oli d&#039;oliva, oli de llavor de ra\u00efm i oli d&#039;ametlles nodreixen, suavitzen i protegeixen la pell de l&#039;estr\u00e8s ambiental. L&#039;\u00e0cid hialur\u00f2nic penetra profundament a la pell i l&#039;emplena\u00a0<strong>Emmagatzemant la humitat<\/strong>\u00a0i aconsegueix donar\u00a0<strong>Elasticitat a la pell<\/strong>\u00a0millorant-la. Les arrugues es reduiran i la teva cara lluir\u00e0 uniforme i saludable.<\/p>\n<p>LisaMar\u00ae se centra en la sostenibilitat, la naturalitat i la transpar\u00e8ncia. La nostra\u00a0<strong>F\u00f3rmula vegana<\/strong>\u00a0es produeix a Espanya, \u00e9s cruelty-free i no cont\u00e9 frag\u00e0ncies sint\u00e8tiques, micropl\u00e0stics ni parabens. Ideal per a pells seques, sensibles i amb imperfeccions, tant de dia com de nit. Aquesta crema hidratant dels ingredients naturals ha estat\u00a0<strong>Dermatol\u00f2gicament provada<\/strong>\u00a0i va ser desenvolupada especialment per a tots aquells que valoren la cura conscient i la qualitat de la pell.<\/p>\n<p>Mima la teva pell amb el millor de la natura mediterr\u00e0nia: Amb una crema antiarrugues rica, antiinflamat\u00f2ria i hidratant que millora tant l&#039;aspecte de la teva pell com la teva\u00a0<strong>Benestar<\/strong>\u00a0. LisaMar\u00ae \u2013 perqu\u00e8 la veritable bellesa neix de l\u00b4amor propi.<\/p>\n<p>&nbsp;<\/p>\n<h3>La crema facial LisaMar\u00ae combina els tresors naturals de la naturalesa mediterr\u00e0nia:<\/h3>\n<p><a href=\"https:\/\/lisamar-cosmetics.es\/es\/ingredientes-mediterraneos\/celulas-madre-de-color-naranja\/\"><strong><u>C\u00e8l\u00b7lules mare de taronja<\/u>:<\/strong><\/a>\u00a0S\u00f3n rics en antioxidants que ajuden a neutralitzar els radicals lliures que acceleren l&#039;envelliment cutani. Promouen la regeneraci\u00f3 cel\u00b7lular i ajuden a reduir l&#039;aparici\u00f3 d&#039;arrugues i l\u00ednies d&#039;expressi\u00f3.<\/p>\n<p><a href=\"https:\/\/lisamar-cosmetics.es\/es\/ingredientes-mediterraneos\/aloe-vera\/\"><strong><u>Aloe vera:<\/u>\u00a0<\/strong><\/a>Conegut per les seves propietats calmants i regeneradores, l&#039;\u00e0loe vera hidrata, alleuja la irritaci\u00f3 i afavoreix la curaci\u00f3 natural de la pell.<\/p>\n<p><a href=\"https:\/\/lisamar-cosmetics.es\/es\/ingredientes-mediterraneos\/aceite-de-oliva-2\/\"><strong><u>Oli d&#039;oliva<\/u>:<\/strong><\/a>\u00a0Proporciona una hidrataci\u00f3 intensa i, gr\u00e0cies a la capacitat per mantenir la pell el\u00e0stica i flexible, l&#039;oli d&#039;oliva contribueix a la reducci\u00f3 de l\u00ednies d&#039;expressi\u00f3 i arrugues. Cont\u00e9 antioxidants.<\/p>\n<p>Com la vitamina E, protegeix la pell dels radicals lliures.<\/p>\n<p><a href=\"https:\/\/lisamar-cosmetics.es\/es\/ingredientes-mediterraneos\/aceite-de-uva-2\/\"><strong><u>Oli de ra\u00efm<\/u>:<\/strong><\/a>\u00a0Tamb\u00e9 \u00e9s un hidratant intensiu, enforteix la barrera cut\u00e0nia i promou la regeneraci\u00f3 cut\u00e0nia. T\u00e9 propietats antiinflamat\u00f2ries i \u00e9s ric en antioxidants.<\/p>\n<p><a href=\"https:\/\/lisamar-cosmetics.es\/es\/ingredientes-mediterraneos\/aceite-de-almendras\/\"><strong><u>Oli d&#039;ametlla:\u00a0<\/u><\/strong><\/a>No nom\u00e9s \u00e9s hidratant, sin\u00f3 que tamb\u00e9 promou la regeneraci\u00f3 de la pell. L&#039;oli d&#039;ametlles tamb\u00e9 t\u00e9 propietats antiinflamat\u00f2ries.<\/p>\n<p><a href=\"https:\/\/lisamar-cosmetics.es\/es\/ingredientes-mediterraneos\/romero\/\"><strong><u>Romero<\/u>:<\/strong><\/a>\u00a0T\u00e9 propietats seborreguladores i antioxidants. Ajuda a aclarir i refinar la pell i combat les impureses gr\u00e0cies a les propietats antibacterianes.<\/p>\n<p><a href=\"https:\/\/lisamar-cosmetics.es\/es\/ingredientes-mediterraneos\/sabio\/\"><strong><u>S\u00e0lvia<\/u>:<\/strong><\/a>\u00a0Regula la producci\u00f3 de s\u00e8u i t\u00e9 efecte antibacteri\u00e0. Ajuda a reduir les imperfeccions i promou una pell fresca. El seu efecte antiinflamatori calma la pell sensible.<\/p>\n<p><a href=\"https:\/\/lisamar-cosmetics.es\/es\/ingredientes-mediterraneos\/lavanda\/\"><strong><u>Lavanda<\/u>:<\/strong><\/a>\u00a0T\u00e9 propietats calmants i antiinflamat\u00f2ries. La seva aroma promou la relaxaci\u00f3 i l&#039;alleujament de l&#039;estr\u00e8s, cosa que el fa especialment valu\u00f3s per a la cura hol\u00edstic de la pell.<\/p>\n<p>&nbsp;<\/p>\n<h3>Aplicaci\u00f3<\/h3>\n<p>Deixa&#039;t embolicar per la bellesa natural de la Mediterr\u00e0nia i d\u00f3na a la teva pell l&#039;afecte i el\u00a0<strong>Cura facial<\/strong>que es mereix.<\/p>\n<p>Aplicant la\u00a0<strong>Crema facial<\/strong>\u00a0aconseguir\u00e0s acabar de la millor manera la teva\u00a0<strong>Rutina de cura de la pell efica\u00e7<\/strong>\u00a0\u2013 un petit ritual diari amb resultats incre\u00efbles.<\/p>\n<p>Pren-te un moment de tranquil\u00b7litat i concentra&#039;t en tu mateixa\/o. Tanca els ulls, respira profundament i sent la textura de la\u00a0<strong>Crema<\/strong>\u00a0a les teves mans. Gaudeix de l&#039;aroma suau i natural que evoca records de la natura mediterr\u00e0nia.<\/p>\n<p>Mentre expandeixes la\u00a0<strong>Crema<\/strong>\u00a0i l&#039;apliques, converteix aquest moment en una petita meditaci\u00f3. Fa massatge la crema amb suaus moviments circulars i deixa que la teva atenci\u00f3 se centri completament en el present. Sent com l&#039;\u00e0loe vera, els olis nutritius i l&#039;aroma a lavanda envolten la teva pell, nodrint-la i protegint-la.<\/p>\n<p>Acaba el teu ritual amb un somriure. Simbolitza la satisfacci\u00f3 i alegria interior que ofereix aquesta cura de la pell conscient.<\/p>\n<p>Practicant aquest petit ritual diari aconseguir\u00e0s la millor\u00a0<strong>Protecci\u00f3 per a la pell.<\/strong>\u00a0A la teva rutina di\u00e0ria, no nom\u00e9s crear\u00e0s una sensaci\u00f3 de renovaci\u00f3 a la teva pell, sin\u00f3 tamb\u00e9 un moment tranquil de connexi\u00f3 amb la natura. En triar una\u00a0<strong>Crema facial certificada<\/strong>\u00a0amb ingredients mediterranis, no nom\u00e9s tries el millor per a la pell, sin\u00f3 tamb\u00e9 una soluci\u00f3 respectuosa amb el medi ambient i bona per a l&#039;\u00e0nima.<\/p>\n<p>Nom\u00e9s per a \u00fas extern. Evitar el contacte directe amb els ulls i les mucoses. No ingerir. No apte per a nens menors de 3 anys.<\/p>","protected":false},"excerpt":{"rendered":"<p>\u2714 L&#039;\u00e0cid hialur\u00f2nic i l&#039;\u00e0loe vera aporten hidrataci\u00f3 per a una pell llisa<\/p>\n<p>\u2714 C\u00e8l\u00b7lules mare de taronja i oli d&#039;oliva: Visiblement suau i regenerada<\/p>\n<p>\u2714 Ideal per a pells seques i sensibles, tamb\u00e9 com a crema de nit<\/p>\n<p>\u2714 Natural, org\u00e0nic i veg\u00e0: Sense parabens, silicones ni micropl\u00e0stics. Cruelty-free<\/p>\n<p>\u2714 Aroma a plantes mediterr\u00e0nies i lavanda: Cura amb atenci\u00f3 plena<\/p>","protected":false},"featured_media":8391,"comment_status":"open","ping_status":"closed","template":"","meta":[],"product_brand":[],"product_cat":[110,73,111,114,80,109,78,113,77,72],"product_tag":[192,162,169,137,125,173,127,176,177,179,129,163,194,174,175,199,181,180,197,196,184,183,186,185,189,200,188,157,187,182,191,133,167,168,160,131,193,146,158,147,190,195,165,164,198,178,124,150],"class_list":{"0":"post-8388","1":"product","2":"type-product","3":"status-publish","4":"has-post-thumbnail","6":"product_cat-antiedad-reafirmante","7":"product_cat-bestsellers","8":"product_cat-regeneracion-calmante","9":"product_cat-depuracion-limpieza","10":"product_cat-cremas","11":"product_cat-hidratacion-cuidado","12":"product_cat-novedades","13":"product_cat-antioxidantes-protectores-piel","14":"product_cat-rostro","15":"product_cat-todos-los-productos","16":"product_tag-aceite-de-lavanda","17":"product_tag-aceite-de-oliva-2","18":"product_tag-aceite-de-uva-2","19":"product_tag-acido-hialuronico","20":"product_tag-aloe-vera","21":"product_tag-antienvejecimiento-facial","22":"product_tag-antioxidante","23":"product_tag-antioxidantes","24":"product_tag-antispetico","25":"product_tag-aspecto-suave","26":"product_tag-bio","27":"product_tag-celulas-madre-de-naranja","28":"product_tag-cosmetica-natural-crema-de-dia","29":"product_tag-crema-antiarrugas-a-partir-de-los-25-anos","30":"product_tag-crema-antienvejecimiento-para-mujeres-2","31":"product_tag-crema-de-dia-con-factor-de-proteccion-solar-50","32":"product_tag-crema-facial","33":"product_tag-crema-facial-cosmetica-natural","34":"product_tag-crema-facial-nutritiva","35":"product_tag-crema-facial-paediprotect","36":"product_tag-crema-facial-para-mujeres","37":"product_tag-crema-facial-para-piel-sensible","38":"product_tag-crema-facial-sensible","39":"product_tag-crema-facial-sin-aditivos","40":"product_tag-crema-hialuronica-facial-para-mujeres","41":"product_tag-cuidado-diario-del-rostro","42":"product_tag-cuidado-facial-para-mujeres","43":"product_tag-flexible","44":"product_tag-ganador-de-la-prueba-de-cremas-faciales","45":"product_tag-gesichtscreme-ab-50","46":"product_tag-hidratacion","47":"product_tag-hidratante","48":"product_tag-ingredientes-reafirmantes","49":"product_tag-irradiar","50":"product_tag-lavanda-2","51":"product_tag-libre-de-crueldad","52":"product_tag-nutrientes","53":"product_tag-romero-2","54":"product_tag-rostro","55":"product_tag-salvia-2","56":"product_tag-serum-hialuronico-altamente-concentrado","57":"product_tag-sin-fragancias-artificiales","58":"product_tag-suavemente","59":"product_tag-sustancias-regeneradoras","60":"product_tag-tacto-sedoso","61":"product_tag-tez-fresca","62":"product_tag-todos-los-tipos-de-piel","63":"product_tag-vegano","65":"first","66":"instock","67":"taxable","68":"shipping-taxable","69":"purchasable","70":"product-type-simple"},"_links":{"self":[{"href":"https:\/\/lisamar-cosmetics.es\/ca\/wp-json\/wp\/v2\/product\/8388","targetHints":{"allow":["GET"]}}],"collection":[{"href":"https:\/\/lisamar-cosmetics.es\/ca\/wp-json\/wp\/v2\/product"}],"about":[{"href":"https:\/\/lisamar-cosmetics.es\/ca\/wp-json\/wp\/v2\/types\/product"}],"replies":[{"embeddable":true,"href":"https:\/\/lisamar-cosmetics.es\/ca\/wp-json\/wp\/v2\/comments?post=8388"}],"version-history":[{"count":5,"href":"https:\/\/lisamar-cosmetics.es\/ca\/wp-json\/wp\/v2\/product\/8388\/revisions"}],"predecessor-version":[{"id":14544,"href":"https:\/\/lisamar-cosmetics.es\/ca\/wp-json\/wp\/v2\/product\/8388\/revisions\/14544"}],"wp:featuredmedia":[{"embeddable":true,"href":"https:\/\/lisamar-cosmetics.es\/ca\/wp-json\/wp\/v2\/media\/8391"}],"wp:attachment":[{"href":"https:\/\/lisamar-cosmetics.es\/ca\/wp-json\/wp\/v2\/media?parent=8388"}],"wp:term":[{"taxonomy":"product_brand","embeddable":true,"href":"https:\/\/lisamar-cosmetics.es\/ca\/wp-json\/wp\/v2\/product_brand?post=8388"},{"taxonomy":"product_cat","embeddable":true,"href":"https:\/\/lisamar-cosmetics.es\/ca\/wp-json\/wp\/v2\/product_cat?post=8388"},{"taxonomy":"product_tag","embeddable":true,"href":"https:\/\/lisamar-cosmetics.es\/ca\/wp-json\/wp\/v2\/product_tag?post=8388"}],"curies":[{"name":"wp","href":"https:\/\/api.w.org\/{rel}","templated":true}]}}