{"id":8338,"date":"2024-08-31T12:08:46","date_gmt":"2024-08-31T12:08:46","guid":{"rendered":"https:\/\/lisamar-cosmetics.es\/?post_type=product&#038;p=8338"},"modified":"2026-01-18T12:10:28","modified_gmt":"2026-01-18T12:10:28","slug":"crema-vegana-per-a-ulls","status":"publish","type":"product","link":"https:\/\/lisamar-cosmetics.es\/ca\/ficha-producto\/crema-vegana-para-ojos\/","title":{"rendered":"Crema contorn d&#039;ulls antiarrugues i ulleres \u2013 Hidratant amb \u00e0cid hialur\u00f2nic \u2013 Antiedat"},"content":{"rendered":"<h3>Crema vegana per a ulls: Cura suau per a la zona de pell m\u00e9s sensible<\/h3>\n<p>Experimenta una cura hol\u00edstic amb la crema per a ulls LisaMar\u00ae, que ofereix molt m\u00e9s que una simple bellesa superficial. Aquesta crema per a ulls funciona\u00a0<strong>Contra arrugues i ulleres<\/strong>\u00a0aquesta crema \u00e9s rica en ingredients naturals i efectius com \u00e0cid hialur\u00f2nic, esqual\u00e8, c\u00e8l\u00b7lules mare de taronja, ar\u00e7 i gessam\u00ed, desenvolupat per reduir visiblement les ulleres,\u00a0<strong>Per proporcionar humitat<\/strong>\u00a0i tensar la delicada zona dels ulls.<\/p>\n<p>La crema antiarrugues per a ulls s&#039;absorbeix r\u00e0pidament, no \u00e9s greix i \u00e9s ideal per a un<strong>\u00a0\u00das diari<\/strong>, tant de mat\u00ed com de tarda. Especialment per a persones amb molta\u00a0<strong>Pell seca<\/strong>\u00a0El seu efecte es desenvolupa gr\u00e0cies a olis mediterranis nutritius com d&#039;oliva, llavor de ra\u00efm, ametlles i \u00e0loe vera. Aquesta combinaci\u00f3 garanteix una hidrataci\u00f3 intensa i una pell suau, ideal tant per a dones com per a homes.<\/p>\n<p>LisaMar\u00ae representa la cosm\u00e8tica natural conscient, inspirada en la immensitat del mar i la necessitat d&#039;una autocura conscient. Els productes s\u00f3n\u00a0<strong>Vegans, org\u00e0nics, i lliures de crueltat animal.<\/strong>\u00a0Fabricats localment a Espanya i estan lliures d&#039;ingredients nocius, el contorn d&#039;ulls no nom\u00e9s est\u00e0 cuidat, sin\u00f3 tamb\u00e9 protegit, amb el poder de la naturalesa mediterr\u00e0nia.<\/p>\n<p>Aquesta crema antiulleres combina efic\u00e0cia, naturalitat i durabilitat per a una sensaci\u00f3 de benestar general.<\/p>\n<p>&nbsp;<\/p>\n<p>&nbsp;<\/p>\n<h3>La crema per a ulls de LisaMar\u00ae combina els tresors naturals de la natura mediterr\u00e0nia i molt m\u00e9s<strong>:<\/strong><\/h3>\n<p><a href=\"https:\/\/lisamar-cosmetics.es\/es\/ingredientes-mediterraneos\/celulas-madre-de-color-naranja\/\"><strong>C\u00e8l\u00b7lules mares de taronges:<\/strong><\/a>\u00a0S\u00f3n rics en antioxidants que ajuden a neutralitzar els radicals lliures que acceleren l&#039;envelliment cutani. Promouen la regeneraci\u00f3 cel\u00b7lular i ajuden a reduir l&#039;aparici\u00f3 d&#039;arrugues i l\u00ednies d&#039;expressi\u00f3.<\/p>\n<p><a href=\"https:\/\/lisamar-cosmetics.es\/es\/ingredientes-mediterraneos\/aloe-vera\/\"><strong><u>Aloe vera:<\/u><\/strong>\u00a0<\/a>Conegut per les seves propietats calmants i regeneradores, l&#039;\u00e0loe vera hidrata, alleuja la irritaci\u00f3 i afavoreix la curaci\u00f3 natural de la pell.<\/p>\n<p><a href=\"https:\/\/lisamar-cosmetics.es\/es\/ingredientes-mediterraneos\/aceite-de-oliva-2\/\"><strong><u>Oli d&#039;oliva<\/u>:<\/strong><\/a>\u00a0Proporciona una hidrataci\u00f3 intensa i, gr\u00e0cies a la capacitat per mantenir la pell el\u00e0stica i llisa, l&#039;oli d&#039;oliva contribueix a reduir les l\u00ednies d&#039;expressi\u00f3 i les arrugues. Cont\u00e9 antioxidants com la vitamina E, que protegeix la pell dels radicals lliures.<\/p>\n<p><a href=\"https:\/\/lisamar-cosmetics.es\/es\/ingredientes-mediterraneos\/aceite-de-uva-2\/\"><strong><u>Oli de ra\u00efm<\/u>:<\/strong><\/a>\u00a0Tamb\u00e9 \u00e9s un hidratant intensiu, enforteix la barrera cut\u00e0nia i promou la regeneraci\u00f3 cut\u00e0nia. T\u00e9 propietats antiinflamat\u00f2ries i \u00e9s ric en antioxidants.<\/p>\n<p><a href=\"https:\/\/lisamar-cosmetics.es\/es\/ingredientes-mediterraneos\/aceite-de-almendras\/\"><u><strong>Oli d&#039;ametlla:<\/strong>\u00a0<\/u><\/a>L&#039;oli d&#039;ametlles no \u00e9s nom\u00e9s hidratant, sin\u00f3 que tamb\u00e9 promou la regeneraci\u00f3 de la pell. A m\u00e9s, t\u00e9 propietats antiinflamat\u00f2ries.<\/p>\n<p><strong><a href=\"https:\/\/lisamar-cosmetics.es\/es\/ingredientes-mediterraneos\/romero\/\"><u>Romero<\/u><\/a>:<\/strong>\u00a0T\u00e9 propietats seborreguladores i antioxidants. Ajuda a aclarir i refinar la pell i combat les impureses gr\u00e0cies a les propietats antibacterianes.<\/p>\n<p><strong><u>Esqual\u00e8<\/u>:<\/strong>\u00a0L&#039;oli d&#039;oliva verge cont\u00e9 una concentraci\u00f3 alta d&#039;esqual\u00e8. T\u00e9 gran afinitat amb el mantell hidrolip\u00eddic de la pell. No \u00e9s gras i penetra r\u00e0pidament a la pell. Posseeix propietats hidratants i antioxidants.<\/p>\n<p><strong><u>Esp\u00ed i gessam\u00ed<\/u>:<\/strong>\u00a0Aquesta combinaci\u00f3 combat les ulleres i afavoreix la circulaci\u00f3, reduint-les. El gessam\u00ed tamb\u00e9 \u00e9s apreciat per la seva capacitat per unificar i aclarir el to de la pell. Aix\u00f2 pot ajudar a reduir l&#039;aparen\u00e7a de les ulleres i il\u00b7luminar la pell del contorn dels ulls. Les seves propietats hidratants mantenen llisa la pell del contorn d&#039;ulls, que sol ser seca i sensible.<\/p>\n<p><a href=\"https:\/\/lisamar-cosmetics.es\/es\/ingredientes-mediterraneos\/sabio\/\"><strong><u>S\u00e0lvia<\/u>:<\/strong><\/a>\u00a0Regula la producci\u00f3 de s\u00e8u i t\u00e9 efecte antibacteri\u00e0. Ajuda a reduir les imperfeccions i promou una pell fresca. El seu efecte antiinflamatori calma la pell sensible.<\/p>\n<p><a href=\"https:\/\/lisamar-cosmetics.es\/es\/ingredientes-mediterraneos\/lavanda\/\"><strong><u>Lavanda<\/u>:<\/strong><\/a>\u00a0T\u00e9 propietats calmants i antiinflamat\u00f2ries. La seva aroma promou la relaxaci\u00f3 i l&#039;alleujament de l&#039;estr\u00e8s, cosa que el fa especialment valu\u00f3s per a la cura hol\u00edstic de la pell.<\/p>\n<p>&nbsp;<\/p>\n<h3>Aplicaci\u00f3 de la crema vegana per a ulls<\/h3>\n<p>Escalfar una petita quantitat de\u00a0<strong>Crema per als ulls<\/strong>\u00a0entre els rovells dels dits. Tanca els ulls i respira la seva delicada aroma, que et pot recordar a un passeig pel paisatge mediterrani. Fes servir el\u00a0<strong>Crema<\/strong>\u00a0Aplicar suaument al contorn d&#039;ulls, comen\u00e7ant pel llagrimal i estenent-se cap a l&#039;exterior. Donar lleugers tocs i sentir la\u00a0<strong>Crema<\/strong>\u00a0hidratar la teva pell i la calma alhora.<\/p>\n<p>Pren-te un moment per gaudir de la serenitat i la tranquil\u00b7litat de la vida mediterr\u00e0nia. Acaba el ritual respirant profundament i reconeixent que has fet alguna cosa bona per tu.<\/p>\n<p>El contorn d&#039;ulls sol ser la primera zona que mostra signes de fatiga i envelliment cutani. Amb un tractament espec\u00edfic de\u00a0<strong>Cura facial<\/strong>\u00a0pots ajudar a protegir la pell i mantenir una aparen\u00e7a fresca i desperta.<\/p>\n<p>Quan integres l&#039;atenci\u00f3 plena a la teva rutina de cura de la pell, no nom\u00e9s fas alguna cosa bona per a la teva pell, sin\u00f3 que tamb\u00e9 crees un moment de pau interior i connexi\u00f3 amb la natura. La nostra\u00a0<strong>crema per a ulls certificada<\/strong>\u00a0amb ingredients mediterranis potencia aquesta sensaci\u00f3, ja que combina ingredients efica\u00e7os per oferir una\u00a0<strong>Protecci\u00f3 de la pell<\/strong>\u00a0amb una filosofia respectuosa amb el medi ambient: Bona per a tu i bona per a la natura.<\/p>\n<p>Per a \u00fas extern, evitar el contacte directe amb els ulls i les mucoses. No ingerir. No fer servir en nens menors de 3 anys.<\/p>","protected":false},"excerpt":{"rendered":"<p>\u2714 L&#039;ar\u00e7 i el gessam\u00ed redueixen les ulleres: Un aspecte visiblement fresc<\/p>\n<p>\u2714 El hialur\u00f3 suavitza les arrugues: Hidrataci\u00f3 amb efecte immediat<\/p>\n<p>\u2714 L&#039;\u00e0loe vera i els olis calmen: Ideal per a la zona dels ulls secs<\/p>\n<p>\u2714 Natural i veg\u00e0: Sense frag\u00e0ncies artificials, parabens ni micropl\u00e0stics. Cruelty-free.<\/p>\n<p>\u2714 Cura mediterr\u00e0nia amb esp\u00edgol: Relaxant i regenerador<\/p>","protected":false},"featured_media":13800,"comment_status":"open","ping_status":"closed","template":"","meta":[],"product_brand":[],"product_cat":[110,73,111,114,82,109,78,113,77,72],"product_tag":[162,169,137,125,127,170,155,129,163,161,153,154,166,171,157,133,167,168,159,160,131,146,158,147,165,164,124,150],"class_list":{"0":"post-8338","1":"product","2":"type-product","3":"status-publish","4":"has-post-thumbnail","6":"product_cat-antiedad-reafirmante","7":"product_cat-bestsellers","8":"product_cat-regeneracion-calmante","9":"product_cat-depuracion-limpieza","10":"product_cat-cuidado-de-los-ojos","11":"product_cat-hidratacion-cuidado","12":"product_cat-novedades","13":"product_cat-antioxidantes-protectores-piel","14":"product_cat-rostro","15":"product_cat-todos-los-productos","16":"product_tag-aceite-de-oliva-2","17":"product_tag-aceite-de-uva-2","18":"product_tag-acido-hialuronico","19":"product_tag-aloe-vera","20":"product_tag-antioxidante","21":"product_tag-arrugas-de-sequedad","22":"product_tag-augenringe","23":"product_tag-bio","24":"product_tag-celulas-madre-de-naranja","25":"product_tag-crema-natural-para-los-ojos","26":"product_tag-crema-para-los-ojos","27":"product_tag-cuidado-de-los-ojos","28":"product_tag-escualeno","29":"product_tag-espino-blanco","30":"product_tag-flexible","31":"product_tag-hidratante","32":"product_tag-ingredientes-reafirmantes","33":"product_tag-irradiar","34":"product_tag-jasmin","35":"product_tag-lavanda-2","36":"product_tag-libre-de-crueldad","37":"product_tag-romero-2","38":"product_tag-rostro","39":"product_tag-salvia-2","40":"product_tag-suavemente","41":"product_tag-sustancias-regeneradoras","42":"product_tag-todos-los-tipos-de-piel","43":"product_tag-vegano","45":"first","46":"instock","47":"taxable","48":"shipping-taxable","49":"purchasable","50":"product-type-simple"},"_links":{"self":[{"href":"https:\/\/lisamar-cosmetics.es\/ca\/wp-json\/wp\/v2\/product\/8338","targetHints":{"allow":["GET"]}}],"collection":[{"href":"https:\/\/lisamar-cosmetics.es\/ca\/wp-json\/wp\/v2\/product"}],"about":[{"href":"https:\/\/lisamar-cosmetics.es\/ca\/wp-json\/wp\/v2\/types\/product"}],"replies":[{"embeddable":true,"href":"https:\/\/lisamar-cosmetics.es\/ca\/wp-json\/wp\/v2\/comments?post=8338"}],"version-history":[{"count":8,"href":"https:\/\/lisamar-cosmetics.es\/ca\/wp-json\/wp\/v2\/product\/8338\/revisions"}],"predecessor-version":[{"id":14563,"href":"https:\/\/lisamar-cosmetics.es\/ca\/wp-json\/wp\/v2\/product\/8338\/revisions\/14563"}],"wp:featuredmedia":[{"embeddable":true,"href":"https:\/\/lisamar-cosmetics.es\/ca\/wp-json\/wp\/v2\/media\/13800"}],"wp:attachment":[{"href":"https:\/\/lisamar-cosmetics.es\/ca\/wp-json\/wp\/v2\/media?parent=8338"}],"wp:term":[{"taxonomy":"product_brand","embeddable":true,"href":"https:\/\/lisamar-cosmetics.es\/ca\/wp-json\/wp\/v2\/product_brand?post=8338"},{"taxonomy":"product_cat","embeddable":true,"href":"https:\/\/lisamar-cosmetics.es\/ca\/wp-json\/wp\/v2\/product_cat?post=8338"},{"taxonomy":"product_tag","embeddable":true,"href":"https:\/\/lisamar-cosmetics.es\/ca\/wp-json\/wp\/v2\/product_tag?post=8338"}],"curies":[{"name":"wp","href":"https:\/\/api.w.org\/{rel}","templated":true}]}}