{"id":8191,"date":"2024-08-21T14:30:38","date_gmt":"2024-08-21T14:30:38","guid":{"rendered":"https:\/\/lisamar-cosmetics.es\/?post_type=product&#038;p=8191"},"modified":"2025-12-16T12:47:55","modified_gmt":"2025-12-16T12:47:55","slug":"escuma-netejadora-vegana","status":"publish","type":"product","link":"https:\/\/lisamar-cosmetics.es\/ca\/ficha-producto\/espuma-limpiadora-vegana\/","title":{"rendered":"Netejador facial per a impureses. Natural, org\u00e0nic i veg\u00e0. Amb \u00e0loe vera i camamilla: hidratant."},"content":{"rendered":"<h3>Escuma netejadora facial vegana<\/h3>\n<p>Experimenteu un nou nivell de neteja amb l&#039;escuma netejadora LisaMar\u00ae\u00a0<strong>M\u00e9s suau<\/strong>\u00a0i efica\u00e7. La seva textura es transforma en una delicada escuma netejadora que neteja a fons el rostre eliminant maquillatge, s\u00e8u i brut\u00edcia.\u00a0<strong>Sense ressecar la pell<\/strong>. Ideal com a netejador facial diari per a pells sensibles, seques i mixtes.<\/p>\n<p>La camamilla calmant i l&#039;\u00e0loe vera donen a la teva pell una\u00a0<strong>Sensaci\u00f3 agradablement relaxada.<\/strong>Mentres que l&#039;\u00e0cid hialur\u00f2nic proporciona una hidrataci\u00f3 intensa. Per a una pell fresca i cuidada, dia rere dia. El netejador facial cont\u00e9\u00a0<strong>Ingredients actius mediterranis<\/strong>\u00a0Com el roman\u00ed i la s\u00e0lvia, que tenen propietats antioxidants, antibacterianes i seborreguladores. Ideals per a la neteja facial de pells amb impureses.<\/p>\n<p>LisaMar\u00ae significa\u00a0<strong>Rituals de cura hol\u00edstic, atenci\u00f3 plena i amor propi<\/strong>Els nostres productes s\u00f3n\u00a0<strong>Cosm\u00e8tica natural certificada, vegana i lliure de crueltat animal.<\/strong>\u00a0i es produeixen localment a Espanya \u2013 amb ingredients naturals 99%, sense silicones, frag\u00e0ncies sint\u00e8tiques ni micropl\u00e0stics.<\/p>\n<p>Confia en una cura transparent i \u00e8tica que \u00e9s bo per a la teva pell i el medi ambient, ja sigui com a netejador facial diari, escuma netejadora o loci\u00f3 facial suau. Obtingues\u00a0<strong>Un toc de frescor mediterr\u00e0nia<\/strong>\u00a0al teu bany i un\u00a0<strong>Cura conscient de la pell<\/strong>que et far\u00e0 millorar laspecte de la teva pell.<\/p>\n<p>&nbsp;<\/p>\n<h3><strong>La f\u00f3rmula exclusiva per ingredients:<\/strong><\/h3>\n<p><a href=\"https:\/\/lisamar-cosmetics.es\/es\/ingredientes-mediterraneos\/romero\/\"><strong>Romero<\/strong><\/a>T\u00e9 un efecte seborregulador i antioxidant. Ajuda a aclarir i refinar la pell ia combatre les impureses gr\u00e0cies a les propietats antibacterianes. Tamb\u00e9 \u00e9s ideal per a pells greixoses. Ajuda a activar la circulaci\u00f3. El roman\u00ed tamb\u00e9 t\u00e9 propietats antioxidants que protegeixen la pell del mal dels radicals lliures.<\/p>\n<p><a href=\"https:\/\/lisamar-cosmetics.es\/es\/ingredientes-mediterraneos\/sabio\/\"><strong>S\u00e0lvia<\/strong><\/a>Regula la producci\u00f3 de s\u00e8u i t\u00e9 efecte antibacteri\u00e0. Ajuda a reduir les imperfeccions i promou una pell fresca. El seu efecte antiinflamatori calma la pell sensible.<\/p>\n<p><a href=\"https:\/\/lisamar-cosmetics.es\/es\/ingredientes-mediterraneos\/aloe-vera\/\"><strong>Aloe vera:<\/strong><\/a>\u00a0\u00c9s un ingredient extremadament vers\u00e0til i valu\u00f3s. Conegut per les seves propietats calmants i regeneradores, l&#039;\u00e0loe vera hidrata, alleuja la irritaci\u00f3 i afavoreix la cicatritzaci\u00f3 natural de la pell. Tamb\u00e9 \u00e9s apte per a pells sensibles.<\/p>\n<p><a href=\"https:\/\/lisamar-cosmetics.es\/es\/ingredientes-mediterraneos\/manzanilla\/\"><strong>Camamilla<\/strong><\/a>T\u00e9 un efecte calmant i antiinflamatori. Ajuda a relaxar i regenerar la pell, deixant-la suau i fresca.<\/p>\n<p>&nbsp;<\/p>\n<h3>Aplicaci\u00f3<\/h3>\n<h4>Comen\u00e7a el teu ritual de cura: un moment nom\u00e9s per a tu<\/h4>\n<p>Imagina&#039;t relaxant-te despr\u00e9s d&#039;un dia llarg. La\u00a0<strong>Escuma de neteja<\/strong>\u00a0de LisaMar et d\u00f3na la benvinguda amb un toc refrescant de naturalesa mediterr\u00e0nia: Una aroma que et recorda la suau brisa marina que acarona camps d&#039;herbes florides. \u00c9s aquest primer moment en qu\u00e8 connectes amb el teu ritual, et prens el teu temps i sents que tot al teu voltant es calma.<\/p>\n<p>Comen\u00e7a amb un ambient tranquil, un lloc on et sentis c\u00f2mode. Afegeix una petita quantitat\u00a0<strong>Escuma de neteja<\/strong>\u00a0a les teves mans i deixa&#039;t guiar per la seva textura cremosa i lleugera. Mentre escampes la\u00a0<strong>Escuma<\/strong>\u00a0amb moviments circulars suaus, sentir\u00e0s com elimina suaument la brut\u00edcia i l&#039;estr\u00e8s del dia de la teva pell. \u00c9s m\u00e9s que una simple rutina de\u00a0<strong>Netejar la teva cara<\/strong>\u00a0\u2013 \u00c9s un moment d&#039;atenci\u00f3 plena, un petit ritual que refresca no nom\u00e9s la pell sin\u00f3 tamb\u00e9 la ment.<\/p>\n<h4>El poder de la naturalesa mediterr\u00e0nia<\/h4>\n<p>Durant la\u00a0<strong>Netejar la teva cara<\/strong>\u00a0notar\u00e0s com si la teva pell respir\u00e9s alleujada. La\u00a0<strong>Escuma de neteja<\/strong>\u00a0combina els efectes netejadors i nutritius dels extractes de plantes mediterr\u00e0nies que netegen suaument la pell alhora que li aporten nutrients essencials. La seva aroma, textura i tacte evoquen la lleugeresa i la bellesa del Mediterrani.<\/p>\n<h4>Un moment de connexi\u00f3<\/h4>\n<p>Aquest ritual no \u00e9s nom\u00e9s una pell neta. Es tracta d&#039;aquell petit moment conscient en qu\u00e8 et concentres completament en tu mateix. Sents com els suaus moviments alliberen la tensi\u00f3, et relaxen i et reconnecten amb tu mateix. Amb cada respiraci\u00f3, et sents m\u00e9s fresc, m\u00e9s clar, m\u00e9s connectat amb tu mateix i amb la natura.<\/p>\n<hr \/>\n<p><strong>Av\u00eds:<\/strong>\u00a0La\u00a0<strong>Escuma de neteja<\/strong>\u00a0\u00e9s d\u00fas exclusivament extern. Eviteu el contacte amb els ulls i les mucoses. No ingerir. No apte per a nens menors de 3 anys.<\/p>","protected":false},"excerpt":{"rendered":"<p>\u2714 Neteja suau amb \u00e0loe vera i camamilla: Ideal per a pells sensibles<\/p>\n<p>\u2714 Hidrata gr\u00e0cies a l&#039;\u00e0cid hialur\u00f2nic, sense sensaci\u00f3 de tibantor<\/p>\n<p>\u2714 Aclareix la pell amb impureses amb roman\u00ed i s\u00e0lvia: Actua profundament als porus<\/p>\n<p>\u2714 Ingredients naturals 99% \u2013 vegans i lliures de crueltat animal \u2013 org\u00e0nics<\/p>\n<p>\u2714 Bellesa neta d&#039;Espanya: conscient, efica\u00e7 i sense crueltat animal<\/p>","protected":false},"featured_media":13072,"comment_status":"open","ping_status":"closed","template":"","meta":[],"product_brand":[],"product_cat":[110,73,111,114,109,83,78,113,77,72],"product_tag":[137,125,126,127,128,129,143,136,139,145,144,151,133,131,142,130,134,132,135,140,141,148,138,149,146,147,124,150],"class_list":{"0":"post-8191","1":"product","2":"type-product","3":"status-publish","4":"has-post-thumbnail","6":"product_cat-antiedad-reafirmante","7":"product_cat-bestsellers","8":"product_cat-regeneracion-calmante","9":"product_cat-depuracion-limpieza","10":"product_cat-hidratacion-cuidado","11":"product_cat-limpiador","12":"product_cat-novedades","13":"product_cat-antioxidantes-protectores-piel","14":"product_cat-rostro","15":"product_cat-todos-los-productos","16":"product_tag-acido-hialuronico","17":"product_tag-aloe-vera","18":"product_tag-antibacteriano","19":"product_tag-antioxidante","20":"product_tag-babor-cleansing-foam","21":"product_tag-bio","22":"product_tag-espuma-limpiadora-2","23":"product_tag-espuma-limpiadora-facial","24":"product_tag-espuma-limpiadora-lavera","25":"product_tag-espuma-limpiadora-para-el-acne","26":"product_tag-espumas-y-geles-limpiadores-para-el-rostro","27":"product_tag-gel-limpiador-facial","28":"product_tag-hidratante","29":"product_tag-libre-de-crueldad","30":"product_tag-limpiador","31":"product_tag-limpiador-facial","32":"product_tag-limpiador-facial-espumoso","33":"product_tag-limpiadora-facial-para-mujer","34":"product_tag-limpieza-facial-contra-las-espinillas","35":"product_tag-limpieza-natural","36":"product_tag-limpieza-profunda-de-los-poros","37":"product_tag-limpieza-suave-del-rostro","38":"product_tag-manzanilla-2","39":"product_tag-regulador-del-sebo","40":"product_tag-romero-2","41":"product_tag-salvia-2","42":"product_tag-todos-los-tipos-de-piel","43":"product_tag-vegano","45":"first","46":"instock","47":"taxable","48":"shipping-taxable","49":"purchasable","50":"product-type-simple"},"_links":{"self":[{"href":"https:\/\/lisamar-cosmetics.es\/ca\/wp-json\/wp\/v2\/product\/8191","targetHints":{"allow":["GET"]}}],"collection":[{"href":"https:\/\/lisamar-cosmetics.es\/ca\/wp-json\/wp\/v2\/product"}],"about":[{"href":"https:\/\/lisamar-cosmetics.es\/ca\/wp-json\/wp\/v2\/types\/product"}],"replies":[{"embeddable":true,"href":"https:\/\/lisamar-cosmetics.es\/ca\/wp-json\/wp\/v2\/comments?post=8191"}],"version-history":[{"count":5,"href":"https:\/\/lisamar-cosmetics.es\/ca\/wp-json\/wp\/v2\/product\/8191\/revisions"}],"predecessor-version":[{"id":14541,"href":"https:\/\/lisamar-cosmetics.es\/ca\/wp-json\/wp\/v2\/product\/8191\/revisions\/14541"}],"wp:featuredmedia":[{"embeddable":true,"href":"https:\/\/lisamar-cosmetics.es\/ca\/wp-json\/wp\/v2\/media\/13072"}],"wp:attachment":[{"href":"https:\/\/lisamar-cosmetics.es\/ca\/wp-json\/wp\/v2\/media?parent=8191"}],"wp:term":[{"taxonomy":"product_brand","embeddable":true,"href":"https:\/\/lisamar-cosmetics.es\/ca\/wp-json\/wp\/v2\/product_brand?post=8191"},{"taxonomy":"product_cat","embeddable":true,"href":"https:\/\/lisamar-cosmetics.es\/ca\/wp-json\/wp\/v2\/product_cat?post=8191"},{"taxonomy":"product_tag","embeddable":true,"href":"https:\/\/lisamar-cosmetics.es\/ca\/wp-json\/wp\/v2\/product_tag?post=8191"}],"curies":[{"name":"wp","href":"https:\/\/api.w.org\/{rel}","templated":true}]}}