{"id":14633,"date":"2025-12-30T09:32:58","date_gmt":"2025-12-30T09:32:58","guid":{"rendered":"https:\/\/lisamar-cosmetics.es\/?post_type=product&#038;p=14633"},"modified":"2025-12-30T10:58:01","modified_gmt":"2025-12-30T10:58:01","slug":"self-care-mediterranis","status":"publish","type":"product","link":"https:\/\/lisamar-cosmetics.es\/ca\/ficha-producto\/self-care-mediterraneos\/","title":{"rendered":"Set de regal \u2013 Skincare: Moments de Self-Care Mediterranis"},"content":{"rendered":"<h2 data-start=\"224\" data-end=\"303\"><strong data-start=\"227\" data-end=\"303\">Cuidado consciente y relajaci\u00f3n mediterr\u00e1nea para la piel y los sentidos<\/strong><\/h2>\n<p data-start=\"353\" data-end=\"744\">Vive el <em data-start=\"361\" data-end=\"372\">self-care<\/em> como si estuvieras junto al Mediterr\u00e1neo con el exclusivo set de regalo <strong data-start=\"445\" data-end=\"486\">\u201cMomentos de Self-Care Mediterr\u00e1neos\u201d<\/strong>. Este set re\u00fane <strong data-start=\"505\" data-end=\"554\">cuatro productos cuidadosamente seleccionados<\/strong> que, en conjunto, miman la piel, la mente y los sentidos. Ideal para quienes valoran la relajaci\u00f3n natural, el cuidado de alta calidad y los aut\u00e9nticos momentos de bienestar mediterr\u00e1neo.<\/p>\n<h2><strong>El set incluye:<\/strong><\/h2>\n<div class=\"flex flex-col text-sm pb-25\">\n<article class=\"text-token-text-primary w-full focus:outline-none [--shadow-height:45px] has-data-writing-block:pointer-events-none has-data-writing-block:-mt-(--shadow-height) has-data-writing-block:pt-(--shadow-height) [&amp;:has([data-writing-block])&gt;*]:pointer-events-auto scroll-mt-[calc(var(--header-height)+min(200px,max(70px,20svh)))]\" dir=\"auto\" tabindex=\"-1\" data-turn-id=\"request-694946d8-b4a0-8330-854c-3ae91698c378-1\" data-testid=\"conversation-turn-46\" data-scroll-anchor=\"true\" data-turn=\"assistant\">\n<div class=\"text-base my-auto mx-auto pb-10 [--thread-content-margin:--spacing(4)] @w-sm\/main:[--thread-content-margin:--spacing(6)] @w-lg\/main:[--thread-content-margin:--spacing(16)] px-(--thread-content-margin)\">\n<div class=\"[--thread-content-max-width:40rem] @w-lg\/main:[--thread-content-max-width:48rem] mx-auto max-w-(--thread-content-max-width) flex-1 group\/turn-messages focus-visible:outline-hidden relative flex w-full min-w-0 flex-col agent-turn\" tabindex=\"-1\">\n<div class=\"flex max-w-full flex-col grow\">\n<div class=\"min-h-8 text-message relative flex w-full flex-col items-end gap-2 text-start break-words whitespace-normal [.text-message+&amp;]:mt-1\" dir=\"auto\" data-message-author-role=\"assistant\" data-message-id=\"357960ca-897f-42dc-adb7-f6d0dcc42e08\" data-message-model-slug=\"gpt-5-2\">\n<div class=\"flex w-full flex-col gap-1 empty:hidden first:pt-[1px]\">\n<div class=\"markdown prose dark:prose-invert w-full break-words light markdown-new-styling\">\n<ol>\n<li><strong data-start=\"782\" data-end=\"823\">Crema facial \u2013 Nutrici\u00f3n mediterr\u00e1nea: <\/strong>Con aceite de oliva, aceite de almendra, aceite de semilla de uva y c\u00e9lulas madre de naranja.<br data-start=\"919\" data-end=\"922\" \/>Hidrataci\u00f3n y protecci\u00f3n<br data-start=\"948\" data-end=\"951\" \/>Refuerza la barrera cut\u00e1nea<br data-start=\"980\" data-end=\"983\" \/>Aporta una piel suave, luminosa y equilibrada<\/li>\n<li><strong data-start=\"1040\" data-end=\"1079\">S\u00e9rum \u2013 Glow e hidrataci\u00f3n profunda:<\/strong>Con aloe vera, \u00e1cido hialur\u00f3nico y c\u00e9lulas madre de naranja.<br data-start=\"919\" data-end=\"922\" \/>Hidrataci\u00f3n intensa<br data-start=\"948\" data-end=\"951\" \/>Efecto glow natural<br data-start=\"980\" data-end=\"983\" \/>Favorece la regeneraci\u00f3n de la piel<\/li>\n<li><strong data-start=\"1241\" data-end=\"1276\">Calm the Mind \u2013 T\u00e9 mediterr\u00e1neo: <\/strong>Mezcla arom\u00e1tica de lim\u00f3n y romero.<br data-start=\"919\" data-end=\"922\" \/>Calma<br data-start=\"948\" data-end=\"951\" \/>Aporta equilibrio<br data-start=\"980\" data-end=\"983\" \/>Acompa\u00f1a rituales conschient<\/li>\n<li><strong data-start=\"1241\" data-end=\"1276\">Vela &#8220;Candle of Balance&#8221; &#8211; lavanda y romero: <\/strong>vegana, elaborada a mana en Tarragona\u00a0<br data-start=\"919\" data-end=\"922\" \/>Relaja con lavanda<br data-start=\"948\" data-end=\"951\" \/>Aporta claridad y calidez con romero<br data-start=\"980\" data-end=\"983\" \/>Ideal para selfcare, meditaci\u00f3n y rituales<\/li>\n<\/ol>\n<p data-start=\"1612\" data-end=\"1736\">Todo presentado con amor y atenci\u00f3n al detalle: perfecto para regalar o para regalarte un momento consciente de <em data-start=\"1724\" data-end=\"1735\">self-care<\/em>.<\/p>\n<p data-start=\"1738\" data-end=\"1974\"><strong data-start=\"1740\" data-end=\"1760\">Edici\u00f3n limitada<\/strong> \u2013 disponible solo en peque\u00f1as cantidades. Todos los productos son <strong data-start=\"1829\" data-end=\"1877\">ecol\u00f3gicos, veganos, con certificaci\u00f3n ACENE<\/strong> y elaborados en <strong data-start=\"1894\" data-end=\"1922\">peque\u00f1os lotes en Espa\u00f1a<\/strong>: naturales, eficaces y profundamente mediterr\u00e1neos.<\/p>\n<h2 data-start=\"1981\" data-end=\"2011\"><strong data-start=\"1984\" data-end=\"2011\">Modo de uso recomendado<\/strong><\/h2>\n<ol>\n<li data-start=\"1981\" data-end=\"2011\">Enciende la <strong data-start=\"2029\" data-end=\"2052\">\u201cCandle of Balance\u201d<\/strong> y respira profundamente su aroma de lavanda y romero.<\/li>\n<li data-start=\"1981\" data-end=\"2011\">Prepara una taza de <strong data-start=\"2133\" data-end=\"2152\">\u201cCalm the Mind\u201d<\/strong> para iniciar tu momento de <em data-start=\"2180\" data-end=\"2191\">self-care<\/em> de forma consciente.<\/li>\n<li data-start=\"1981\" data-end=\"2011\"><strong data-start=\"2219\" data-end=\"2237\">Rutina facial:<\/strong> aplica el s\u00e9rum LisaMar\u00ae sobre el rostro limpio y, a continuaci\u00f3n, masajea suavemente la crema facial.<\/li>\n<li data-start=\"1981\" data-end=\"2011\"><strong data-start=\"2347\" data-end=\"2373\">Desconecta y disfruta:<\/strong> el aroma, el calor y el cuidado\u2026 un ritual que se siente como unas peque\u00f1as vacaciones en el Mediterr\u00e1neo<\/li>\n<\/ol>\n<\/div>\n<\/div>\n<\/div>\n<\/div>\n<\/div>\n<\/div>\n<\/article>\n<\/div>\n","protected":false},"excerpt":{"rendered":"<p data-start=\"0\" data-end=\"132\">\u2714 Set de cura de 4 peces per a la pell i els sentits: inclou s\u00e8rum, crema facial, vela vegana i barreja de te mediterrani<\/p>\n<p data-start=\"134\" data-end=\"226\">\u2714 Edici\u00f3 limitada \u2013 ideal per als teus moments de <em data-start=\"186\" data-end=\"197\">self-care<\/em> mediterrani o com a regal<\/p>\n<p data-start=\"228\" data-end=\"362\">\u2714 S\u00e8rum i crema amb actius mediterranis com oli d&#039;oliva, oli d&#039;ametlla, \u00e0loe vera, roman\u00ed i c\u00e8l\u00b7lules mare de taronja<\/p>\n<p data-start=\"364\" data-end=\"503\">\u2714 Desconnecta i gaudeix: l&#039;aroma, la calor i la cura\u2026 un ritual que se sent com unes petites vacances al costat del Mediterrani<\/p>\n<p data-start=\"505\" data-end=\"599\">\u2714 Cura natural, ecol\u00f2gica, veg\u00e0 i amb certificaci\u00f3 AC\u00c9NE, lliure de crueltat animal<\/p>\n<p data-start=\"601\" data-end=\"684\" data-is-last-node=\"\" data-is-only-node=\"\">\u2714 Perfecte per a rituals de self-care, nits de benestar i regals especials<\/p>","protected":false},"featured_media":14593,"comment_status":"open","ping_status":"closed","template":"","meta":[],"product_brand":[],"product_cat":[71,249,117,85,258,75,121,78,72],"product_tag":[250,137,251,125,126,176,343,344,349,179,253,203,345,340,240,333,362,372,231,181,266,336,268,348,365,358,359,371,204,347,353,341,260,346,360,357,369,136,366,364,363,356,191,133,160,134,351,355,339,370,193,233,261,342,146,158,354,361,147,367,225,350,335,223,368,216,264,259,293,262,334,244,195,352,220,338,178,124,150,337],"class_list":{"0":"post-14633","1":"product","2":"type-product","3":"status-publish","4":"has-post-thumbnail","6":"product_cat-accesorios","7":"product_cat-accessoire-produktkategorie","8":"product_cat-alle-produkte-produkte","9":"product_cat-conjuntos","10":"product_cat-geschenke-sets","11":"product_cat-new-products","12":"product_cat-novedades-productos","13":"product_cat-novedades","14":"product_cat-todos-los-productos","15":"product_tag-accesorio","16":"product_tag-acido-hialuronico","17":"product_tag-algodon","18":"product_tag-aloe-vera","19":"product_tag-antibacteriano","20":"product_tag-antioxidantes","21":"product_tag-antioxidativo","22":"product_tag-antiseptico","23":"product_tag-aspecto-elastico","24":"product_tag-aspecto-suave","25":"product_tag-bolsa-de-cosmeticos","26":"product_tag-calendula","27":"product_tag-calmante","28":"product_tag-certificado-acene","29":"product_tag-cosmetica-natural-2","30":"product_tag-cosmetica-natural-mediterranea","31":"product_tag-cosmetica-sostenible","32":"product_tag-cosmetica-vegana","33":"product_tag-crema-antiarrugas-con-efecto-lifting","34":"product_tag-crema-facial","35":"product_tag-crema-facial-antiarrugas","36":"product_tag-crema-facial-vegana","37":"product_tag-crema-hidratante-facial","38":"product_tag-cruelty-free","39":"product_tag-cuidado","40":"product_tag-cuidado-de-la-piel","41":"product_tag-cuidado-de-la-piel-para-mujer","42":"product_tag-cuidado-de-la-piel-vegano","43":"product_tag-cuidado-eficaz","44":"product_tag-cuidado-facial-ecologico","45":"product_tag-cuidado-facial-para-mujer","46":"product_tag-cuidado-holistico","47":"product_tag-cumpleanos","48":"product_tag-ecologico","49":"product_tag-edicion-limitada","50":"product_tag-efecto-glow","51":"product_tag-escualano","52":"product_tag-espuma-limpiadora-facial","53":"product_tag-espuma-limpiadora-para-acne","54":"product_tag-extracto-de-naranja","55":"product_tag-extracto-de-oliva","56":"product_tag-glow","57":"product_tag-hidratacion","58":"product_tag-hidratante","59":"product_tag-lavanda-2","60":"product_tag-limpiador-facial-espumoso","61":"product_tag-limpiador-facial-para-mujer","62":"product_tag-limpieza-facial-contra-granos","63":"product_tag-lisamar","64":"product_tag-luminosidad","65":"product_tag-nutrientes","66":"product_tag-para-viajes","67":"product_tag-regalo","68":"product_tag-regalo-de-cosmetica-natural","69":"product_tag-romero-2","70":"product_tag-rostro","71":"product_tag-rutina-de-cuidado-facial","72":"product_tag-rutina-matutina-mediterranea","73":"product_tag-salvia-2","74":"product_tag-serum","75":"product_tag-serum-facial-3","76":"product_tag-serum-facial-para-mujer","77":"product_tag-serum-glow","78":"product_tag-serum-para-el-rostro","79":"product_tag-serum-para-la-cara","80":"product_tag-serum-para-la-piel","81":"product_tag-set","82":"product_tag-set-de-belleza","83":"product_tag-set-de-cuidado-facial","84":"product_tag-set-de-regalo","85":"product_tag-set-de-self-care","86":"product_tag-set-de-viaje","87":"product_tag-sin-fragancias-artificiales","88":"product_tag-suave","89":"product_tag-suero","90":"product_tag-te-mediterraneo","91":"product_tag-tez-fresca","92":"product_tag-todos-los-tipos-de-piel","93":"product_tag-vegano","94":"product_tag-vela-de-lavanda-y-romero","96":"first","97":"instock","98":"sale","99":"taxable","100":"shipping-taxable","101":"purchasable","102":"product-type-simple"},"_links":{"self":[{"href":"https:\/\/lisamar-cosmetics.es\/ca\/wp-json\/wp\/v2\/product\/14633","targetHints":{"allow":["GET"]}}],"collection":[{"href":"https:\/\/lisamar-cosmetics.es\/ca\/wp-json\/wp\/v2\/product"}],"about":[{"href":"https:\/\/lisamar-cosmetics.es\/ca\/wp-json\/wp\/v2\/types\/product"}],"replies":[{"embeddable":true,"href":"https:\/\/lisamar-cosmetics.es\/ca\/wp-json\/wp\/v2\/comments?post=14633"}],"version-history":[{"count":2,"href":"https:\/\/lisamar-cosmetics.es\/ca\/wp-json\/wp\/v2\/product\/14633\/revisions"}],"predecessor-version":[{"id":14635,"href":"https:\/\/lisamar-cosmetics.es\/ca\/wp-json\/wp\/v2\/product\/14633\/revisions\/14635"}],"wp:featuredmedia":[{"embeddable":true,"href":"https:\/\/lisamar-cosmetics.es\/ca\/wp-json\/wp\/v2\/media\/14593"}],"wp:attachment":[{"href":"https:\/\/lisamar-cosmetics.es\/ca\/wp-json\/wp\/v2\/media?parent=14633"}],"wp:term":[{"taxonomy":"product_brand","embeddable":true,"href":"https:\/\/lisamar-cosmetics.es\/ca\/wp-json\/wp\/v2\/product_brand?post=14633"},{"taxonomy":"product_cat","embeddable":true,"href":"https:\/\/lisamar-cosmetics.es\/ca\/wp-json\/wp\/v2\/product_cat?post=14633"},{"taxonomy":"product_tag","embeddable":true,"href":"https:\/\/lisamar-cosmetics.es\/ca\/wp-json\/wp\/v2\/product_tag?post=14633"}],"curies":[{"name":"wp","href":"https:\/\/api.w.org\/{rel}","templated":true}]}}