{"id":13758,"date":"2025-09-18T10:20:57","date_gmt":"2025-09-18T10:20:57","guid":{"rendered":"https:\/\/lisamar-cosmetics.es\/?post_type=product&#038;p=13758"},"modified":"2025-12-30T11:36:52","modified_gmt":"2025-12-30T11:36:52","slug":"serum-i-netejador-vega","status":"publish","type":"product","link":"https:\/\/lisamar-cosmetics.es\/ca\/ficha-producto\/serum-y-limpiador-vegano\/","title":{"rendered":"Set de neteja suau i s\u00e8rum amb \u00e0cid hialur\u00f2nic: neteja profunda de porus i una pell radiant."},"content":{"rendered":"<h3>Neteja i hidrataci\u00f3 intensiva: el duet perfecte per a una pell radiant.<\/h3>\n<div dir=\"auto\">Comen\u00e7a la teva rutina di\u00e0ria de cura facial amb el set LisaMar\u00ae, que inclou un netejador suau i un s\u00e8rum hidratant amb \u00e0cid hialur\u00f2nic. L&#039;escuma netejadora elimina efica\u00e7ment la brut\u00edcia, el s\u00e8u i les restes de maquillatge sense ressecar la pell. Ingredients naturals com el roman\u00ed, l&#039;\u00e0loe vera i la s\u00e0lvia tenen propietats antibacterianes i calmants. La seva textura cremosa deixa la pell suau i la prepara perfectament per als passos seg\u00fcents de la teva rutina de cura facial.<\/div>\n<div dir=\"auto\"><\/div>\n<div dir=\"auto\">El nostre s\u00e8rum facial veg\u00e0 amb \u00e0cid hialur\u00f2nic,\u00a0<strong><a href=\"https:\/\/lisamar-cosmetics.es\/ca\/cel%c2%b7lules-mare-de-color-taronja\/\" target=\"_blank\" rel=\"noopener\">C\u00e8l\u00b7lules mare de taronja<\/a>\u00a0<\/strong>Els ingredients actius mediterranis hidraten profundament la pell, milloren l&#039;elasticitat i suavitzen les l\u00ednies d&#039;expressi\u00f3.\u00a0<strong><a href=\"https:\/\/lisamar-cosmetics.es\/ca\/aloe-vera\/\" target=\"_blank\" rel=\"noopener\">Aloe vera<\/a><\/strong> calma la pell sensible, mentre que la lavanda i el roman\u00ed aporten equilibri i relaxaci\u00f3. Un detall especial: les fines part\u00edcules de mica creen una brillantor natural per a una pell fresca i radiant.<\/div>\n<div dir=\"auto\"><\/div>\n<div dir=\"auto\">Tant per a pells seques, sensibles o amb impureses, aquest duet garanteix una pell hidratada, suau i vital.<\/div>\n<p>&nbsp;<\/p>\n<h3><strong>Aplicaci\u00f3 d&#039;escuma netejadora i s\u00e8rum<\/strong><\/h3>\n<p><strong>Amb nom\u00e9s dues passes pots donar a la teva pell el millor de la natura mediterr\u00e0nia<\/strong><\/p>\n<p>&nbsp;<\/p>\n<h4><strong><u>El ritual de cura de 2 passos comen\u00e7a amb la neteja.<\/u><\/strong><\/h4>\n<p>Comen\u00e7a el teu ritual creant un ambient tranquil. Trieu un lloc on us sentiu tranquil i relaxat. Deixa&#039;t captivar per la textura i l&#039;aroma de la\u00a0<a href=\"https:\/\/lisamar-cosmetics.es\/ca\/fitxa-producte\/escuma-netejadora-vegana\/\"><strong>Escuma de neteja<\/strong>\u00a0<\/a>comen\u00e7a fent massatges a la\u00a0<strong>Escuma<\/strong>\u00a0Aplica el producte a la pell amb moviments circulars suaus. Pren el teu temps per tractar conscientment cada zona de la cara. Aquests tocs conscients ajuden a alleujar la tensi\u00f3 ja\u00a0<strong>Netejar la teva cara<\/strong>\u00a0perqu\u00e8 sigui una experi\u00e8ncia completa i relaxant.<\/p>\n<h4><strong><u>A continuaci\u00f3, apliqui el s\u00e8rum.<\/u><\/strong><\/h4>\n<div dir=\"auto\">Afegeix unes gotes de LisaMar\u00ae <strong>s<\/strong><b>\u00e8rum <\/b>i aplica una petita quantitat als rovells dels dits i escalfa-la suaument fregant-les entre si. Tanca els ulls, respira fondo i gaudeix de la frag\u00e0ncia natural que et transporta al camp mediterrani.<\/div>\n<div dir=\"auto\"><\/div>\n<div dir=\"auto\">Aplica el s\u00e8rum a la cara amb suaus moviments ascendents. Comen\u00e7a al centre i esten-lo lentament cap a fora. Sent com la seva textura lleugera s&#039;absorbeix r\u00e0pidament, nodrint i refrescant intensament la pell. L&#039;\u00e0cid hialur\u00f2nic ret\u00e9 la hidrataci\u00f3, les c\u00e8l\u00b7lules mare de taronja afavoreixen la regeneraci\u00f3 i l&#039;\u00e0loe vera calma la pell. La subtil brillantor de la mica et brinda un acabat radiant.<\/div>\n<div dir=\"auto\"><\/div>\n<div dir=\"auto\">Finalitza el ritual amb un moment conscient d&#039;amor propi: regala&#039;t un somriure i sent la pau interior i la satisfacci\u00f3 que l&#039;acompanya.<\/div>","protected":false},"excerpt":{"rendered":"<p>\u2714 Neteja suau amb \u00e0loe vera i camamilla: Neteja profundament els porus sense irritaci\u00f3<\/p>\n<p>\u2714 S\u00e8rum amb \u00e0cid hialur\u00f2nic: emplena des de l&#039;interior i proporciona hidrataci\u00f3<\/p>\n<p>\u2714 Les c\u00e8l\u00b7lules mare de taronja estimulen la renovaci\u00f3 de la pell<\/p>\n<p>\u2714 Textura lleugera i sedosa: Ideal per a la cura di\u00e0ria, s&#039;absorbeix r\u00e0pidament i no \u00e9s greixosa.<\/p>\n<p>\u2714 Ideal per a pells seques, amb impureses o mixtes, fins i tot per a pells sensibles<\/p>\n<p>\u2714 99% natural, org\u00e0nic, veg\u00e0 i lliure de crueltat animal: Sense micropl\u00e0stics ni silicones<\/p>\n<p>\u2714 Ritual de cura en 2 passos: Per a una sensaci\u00f3 de pell fresca i cuidada<\/p>","protected":false},"featured_media":13816,"comment_status":"open","ping_status":"closed","template":"","meta":[],"product_brand":[],"product_cat":[73,85,83,78,77,79,72],"product_tag":[137,276,125,126,127,176,305,129,163,281,181,143,133,131,142,140,141,148,303,138,304,296,149,146,147,264,302,124,150],"class_list":{"0":"post-13758","1":"product","2":"type-product","3":"status-publish","4":"has-post-thumbnail","6":"product_cat-bestsellers","7":"product_cat-conjuntos","8":"product_cat-limpiador","9":"product_cat-novedades","10":"product_cat-rostro","11":"product_cat-sueros","12":"product_cat-todos-los-productos","13":"product_tag-acido-hialuronico","14":"product_tag-ahorrar","15":"product_tag-aloe-vera","16":"product_tag-antibacteriano","17":"product_tag-antioxidante","18":"product_tag-antioxidantes","19":"product_tag-aroma-natural","20":"product_tag-bio","21":"product_tag-celulas-madre-de-naranja","22":"product_tag-certificacion","23":"product_tag-crema-facial","24":"product_tag-espuma-limpiadora-2","25":"product_tag-hidratante","26":"product_tag-libre-de-crueldad","27":"product_tag-limpiador","28":"product_tag-limpieza-natural","29":"product_tag-limpieza-profunda-de-los-poros","30":"product_tag-limpieza-suave-del-rostro","31":"product_tag-made-in-spain","32":"product_tag-manzanilla-2","33":"product_tag-mediterrane-oele","34":"product_tag-mediterrane-wirkstoffe","35":"product_tag-regulador-del-sebo","36":"product_tag-romero-2","37":"product_tag-salvia-2","38":"product_tag-set","39":"product_tag-testado-dermatologicamente","40":"product_tag-todos-los-tipos-de-piel","41":"product_tag-vegano","43":"first","44":"instock","45":"sale","46":"taxable","47":"shipping-taxable","48":"purchasable","49":"product-type-simple"},"_links":{"self":[{"href":"https:\/\/lisamar-cosmetics.es\/ca\/wp-json\/wp\/v2\/product\/13758","targetHints":{"allow":["GET"]}}],"collection":[{"href":"https:\/\/lisamar-cosmetics.es\/ca\/wp-json\/wp\/v2\/product"}],"about":[{"href":"https:\/\/lisamar-cosmetics.es\/ca\/wp-json\/wp\/v2\/types\/product"}],"replies":[{"embeddable":true,"href":"https:\/\/lisamar-cosmetics.es\/ca\/wp-json\/wp\/v2\/comments?post=13758"}],"version-history":[{"count":8,"href":"https:\/\/lisamar-cosmetics.es\/ca\/wp-json\/wp\/v2\/product\/13758\/revisions"}],"predecessor-version":[{"id":14643,"href":"https:\/\/lisamar-cosmetics.es\/ca\/wp-json\/wp\/v2\/product\/13758\/revisions\/14643"}],"wp:featuredmedia":[{"embeddable":true,"href":"https:\/\/lisamar-cosmetics.es\/ca\/wp-json\/wp\/v2\/media\/13816"}],"wp:attachment":[{"href":"https:\/\/lisamar-cosmetics.es\/ca\/wp-json\/wp\/v2\/media?parent=13758"}],"wp:term":[{"taxonomy":"product_brand","embeddable":true,"href":"https:\/\/lisamar-cosmetics.es\/ca\/wp-json\/wp\/v2\/product_brand?post=13758"},{"taxonomy":"product_cat","embeddable":true,"href":"https:\/\/lisamar-cosmetics.es\/ca\/wp-json\/wp\/v2\/product_cat?post=13758"},{"taxonomy":"product_tag","embeddable":true,"href":"https:\/\/lisamar-cosmetics.es\/ca\/wp-json\/wp\/v2\/product_tag?post=13758"}],"curies":[{"name":"wp","href":"https:\/\/api.w.org\/{rel}","templated":true}]}}