{"id":2325,"date":"2025-05-22T04:12:10","date_gmt":"2025-05-22T04:12:10","guid":{"rendered":"https:\/\/lisamar-cosmetics.es\/?page_id=2325"},"modified":"2025-12-11T16:28:19","modified_gmt":"2025-12-11T16:28:19","slug":"la-nostra-historia","status":"publish","type":"page","link":"https:\/\/lisamar-cosmetics.es\/ca\/nuestra-historia\/","title":{"rendered":"La nostra hist\u00f2ria"},"content":{"rendered":"<div data-elementor-type=\"wp-page\" data-elementor-id=\"2325\" class=\"elementor elementor-2325\" data-elementor-post-type=\"page\">\n\t\t\t\t<div class=\"wd-negative-gap elementor-element elementor-element-1b166b9 e-flex e-con-boxed e-con e-parent\" data-id=\"1b166b9\" data-element_type=\"container\" data-e-type=\"container\" data-settings=\"{&quot;background_background&quot;:&quot;classic&quot;}\">\n\t\t\t\t\t<div class=\"e-con-inner\">\n\t\t\t\t<div class=\"elementor-element elementor-element-49798da elementor-widget elementor-widget-heading\" data-id=\"49798da\" data-element_type=\"widget\" data-e-type=\"widget\" data-widget_type=\"heading.default\">\n\t\t\t\t<div class=\"elementor-widget-container\">\n\t\t\t\t\t<h2 class=\"elementor-heading-title elementor-size-default\">Bellesa mediterr\u00e0nia des de Barcelona: com va comen\u00e7ar tot<\/h2>\t\t\t\t<\/div>\n\t\t\t\t<\/div>\n\t\t\t\t\t<\/div>\n\t\t\t\t<\/div>\n\t\t<div class=\"elementor-element elementor-element-e0d74b5 e-con-full e-flex e-con e-parent\" data-id=\"e0d74b5\" data-element_type=\"container\" data-e-type=\"container\" data-settings=\"{&quot;background_background&quot;:&quot;classic&quot;}\">\n\t\t<div class=\"wd-negative-gap elementor-element elementor-element-f8710f5 e-flex e-con-boxed e-con e-child\" data-id=\"f8710f5\" data-element_type=\"container\" data-e-type=\"container\">\n\t\t\t\t\t<div class=\"e-con-inner\">\n\t\t\t\t<div class=\"elementor-element elementor-element-dc000e5 color-scheme-inherit text-left elementor-widget elementor-widget-text-editor\" data-id=\"dc000e5\" data-element_type=\"widget\" data-e-type=\"widget\" data-widget_type=\"text-editor.default\">\n\t\t\t\t<div class=\"elementor-widget-container\">\n\t\t\t\t\t\t\t\t\t<p>Hola a tots! S\u00f3c Melissa, de Barcelona, fundadora de LisaMar\u00ae Naturkosmetik, i estic encantada de donar-vos la benvinguda.<\/p>\t\t\t\t\t\t\t\t<\/div>\n\t\t\t\t<\/div>\n\t\t\t\t<div class=\"elementor-element elementor-element-6de0017 color-scheme-inherit text-left elementor-widget elementor-widget-text-editor\" data-id=\"6de0017\" data-element_type=\"widget\" data-e-type=\"widget\" data-widget_type=\"text-editor.default\">\n\t\t\t\t<div class=\"elementor-widget-container\">\n\t\t\t\t\t\t\t\t\t<p>Nascut a Alemanya i criat a It\u00e0lia, des de molt aviat vaig entrar en contacte amb la bellesa i la diversitat de la natura. L&#039;estil de vida mediterrani, que vaig con\u00e8ixer des de ben petit, ha marcat el meu amor per la natura.<\/p>\t\t\t\t\t\t\t\t<\/div>\n\t\t\t\t<\/div>\n\t\t\t\t<div class=\"elementor-element elementor-element-dfe4223 color-scheme-inherit text-left elementor-widget elementor-widget-text-editor\" data-id=\"dfe4223\" data-element_type=\"widget\" data-e-type=\"widget\" data-widget_type=\"text-editor.default\">\n\t\t\t\t<div class=\"elementor-widget-container\">\n\t\t\t\t\t\t\t\t\t<p>Per\u00f2 va ser a Espanya on vaig trobar la meva veritable llar, submergint-me en la cultura viva i l&#039;encant \u00fanic del <a href=\"https:\/\/lisamar-cosmetics.es\/ca\/estil-de-vida-mediterrani\/\">estil de vida mediterrani<\/a>.<\/p>\t\t\t\t\t\t\t\t<\/div>\n\t\t\t\t<\/div>\n\t\t\t\t<div class=\"elementor-element elementor-element-2cf6bb5 color-scheme-inherit text-left elementor-widget elementor-widget-text-editor\" data-id=\"2cf6bb5\" data-element_type=\"widget\" data-e-type=\"widget\" data-widget_type=\"text-editor.default\">\n\t\t\t\t<div class=\"elementor-widget-container\">\n\t\t\t\t\t\t\t\t\t<p>La fascinaci\u00f3 i els nombrosos avantatges d&#039;aquest estil de vida tan especial m&#039;han commogut i inspirat.<\/p>\t\t\t\t\t\t\t\t<\/div>\n\t\t\t\t<\/div>\n\t\t\t\t<div class=\"elementor-element elementor-element-6a2d9e0 color-scheme-inherit text-left elementor-widget elementor-widget-text-editor\" data-id=\"6a2d9e0\" data-element_type=\"widget\" data-e-type=\"widget\" data-widget_type=\"text-editor.default\">\n\t\t\t\t<div class=\"elementor-widget-container\">\n\t\t\t\t\t\t\t\t\t<p>La fascinaci\u00f3 i els nombrosos avantatges d&#039;aquest estil de vida tan especial m&#039;han commogut i inspirat.<\/p>\t\t\t\t\t\t\t\t<\/div>\n\t\t\t\t<\/div>\n\t\t\t\t<div class=\"elementor-element elementor-element-883e870 color-scheme-inherit text-left elementor-widget elementor-widget-text-editor\" data-id=\"883e870\" data-element_type=\"widget\" data-e-type=\"widget\" data-widget_type=\"text-editor.default\">\n\t\t\t\t<div class=\"elementor-widget-container\">\n\t\t\t\t\t\t\t\t\t<p>L&#039;estret vincle amb la natura, el gaudi de fruites i verdures fresques, els plaers culinaris, l&#039;estil de vida saludable i la consci\u00e8ncia cada vegada m\u00e9s gran sobre la sostenibilitat van marcar cada cop m\u00e9s el nostre cam\u00ed a la vida.<\/p>\t\t\t\t\t\t\t\t<\/div>\n\t\t\t\t<\/div>\n\t\t\t\t<div class=\"elementor-element elementor-element-166fa06 color-scheme-inherit text-left elementor-widget elementor-widget-text-editor\" data-id=\"166fa06\" data-element_type=\"widget\" data-e-type=\"widget\" data-widget_type=\"text-editor.default\">\n\t\t\t\t<div class=\"elementor-widget-container\">\n\t\t\t\t\t\t\t\t\t<p>La idea de LisaMar\u00ae va sorgir de la meva passi\u00f3 pels productes de cura natural i els ingredients mediterranis. Quan vaig comen\u00e7ar a interessar-me pels aliments mediterranis i els seus efectes positius sobre la pell i els cabells, va sorgir en mi la idea de LisaMar\u00ae.<\/p>\t\t\t\t\t\t\t\t<\/div>\n\t\t\t\t<\/div>\n\t\t\t\t<div class=\"elementor-element elementor-element-d0ad954 color-scheme-inherit text-left elementor-widget elementor-widget-text-editor\" data-id=\"d0ad954\" data-element_type=\"widget\" data-e-type=\"widget\" data-widget_type=\"text-editor.default\">\n\t\t\t\t<div class=\"elementor-widget-container\">\n\t\t\t\t\t\t\t\t\t<p>La meva idea \u00e9s reflectir la salut i la sostenibilitat d&#039;aquest estil de vida tamb\u00e9 als cosm\u00e8tics.<\/p>\t\t\t\t\t\t\t\t<\/div>\n\t\t\t\t<\/div>\n\t\t\t\t<div class=\"elementor-element elementor-element-9933415 color-scheme-inherit text-left elementor-widget elementor-widget-text-editor\" data-id=\"9933415\" data-element_type=\"widget\" data-e-type=\"widget\" data-widget_type=\"text-editor.default\">\n\t\t\t\t<div class=\"elementor-widget-container\">\n\t\t\t\t\t\t\t\t\t<p>La meva idea \u00e9s reflectir la salut i la sostenibilitat d&#039;aquest estil de vida tamb\u00e9 als cosm\u00e8tics.<\/p>\t\t\t\t\t\t\t\t<\/div>\n\t\t\t\t<\/div>\n\t\t\t\t<div class=\"elementor-element elementor-element-9689b70 color-scheme-inherit text-left elementor-widget elementor-widget-text-editor\" data-id=\"9689b70\" data-element_type=\"widget\" data-e-type=\"widget\" data-widget_type=\"text-editor.default\">\n\t\t\t\t<div class=\"elementor-widget-container\">\n\t\t\t\t\t\t\t\t\t<div class=\"elementor-element elementor-element-c349598 e-con-full e-flex e-con e-child\" data-id=\"c349598\" data-element_type=\"container\"><div class=\"elementor-element elementor-element-d4a111b elementor-widget elementor-widget-text-editor\" data-id=\"d4a111b\" data-element_type=\"widget\" data-widget_type=\"text-editor.default\"><div class=\"elementor-element elementor-element-c349598 e-con-full e-flex e-con e-child\" data-element_type=\"container\" data-id=\"c349598\"><div class=\"elementor-element elementor-element-d4a111b elementor-widget elementor-widget-text-editor\" data-widget_type=\"text-editor.default\" data-element_type=\"widget\" data-id=\"d4a111b\"><p>Aix\u00ed, va madurar la idea de desenvolupar i comercialitzar la nostra pr\u00f2pia l\u00ednia de productes per a la cura de la pell, inspirada en l&#039;estil de vida mediterrani.<\/p><\/div><\/div><div class=\"elementor-element elementor-element-657d5e8b e-con-full e-flex e-con e-child\" data-element_type=\"container\" data-id=\"657d5e8b\">\u00a0<\/div><\/div><\/div>\t\t\t\t\t\t\t\t<\/div>\n\t\t\t\t<\/div>\n\t\t\t\t\t<\/div>\n\t\t\t\t<\/div>\n\t\t<div class=\"wd-negative-gap elementor-element elementor-element-b4ea17a e-flex e-con-boxed e-con e-child\" data-id=\"b4ea17a\" data-element_type=\"container\" data-e-type=\"container\">\n\t\t\t\t\t<div class=\"e-con-inner\">\n\t\t\t\t<div class=\"elementor-element elementor-element-c7b23e6 elementor-widget elementor-widget-image\" data-id=\"c7b23e6\" data-element_type=\"widget\" data-e-type=\"widget\" data-widget_type=\"image.default\">\n\t\t\t\t<div class=\"elementor-widget-container\">\n\t\t\t\t\t\t\t\t\t\t\t\t\t\t\t<img decoding=\"async\" width=\"1080\" height=\"1080\" src=\"https:\/\/lisamar-cosmetics.es\/wp-content\/uploads\/2025\/06\/Design-ohne-Titel.png\" class=\"attachment-full size-full wp-image-4802\" alt=\"\" srcset=\"https:\/\/lisamar-cosmetics.es\/wp-content\/uploads\/2025\/06\/Design-ohne-Titel.png 1080w, https:\/\/lisamar-cosmetics.es\/wp-content\/uploads\/2025\/06\/Design-ohne-Titel-300x300.png 300w, https:\/\/lisamar-cosmetics.es\/wp-content\/uploads\/2025\/06\/Design-ohne-Titel-1024x1024.png 1024w, https:\/\/lisamar-cosmetics.es\/wp-content\/uploads\/2025\/06\/Design-ohne-Titel-150x150.png 150w, https:\/\/lisamar-cosmetics.es\/wp-content\/uploads\/2025\/06\/Design-ohne-Titel-768x768.png 768w, https:\/\/lisamar-cosmetics.es\/wp-content\/uploads\/2025\/06\/Design-ohne-Titel-600x600.png 600w\" sizes=\"(max-width: 1080px) 100vw, 1080px\" title=\"\">\t\t\t\t\t\t\t\t\t\t\t\t\t\t\t<\/div>\n\t\t\t\t<\/div>\n\t\t\t\t\t<\/div>\n\t\t\t\t<\/div>\n\t\t\t\t<\/div>\n\t\t<div class=\"elementor-element elementor-element-cb177d8 e-con-full e-flex e-con e-parent\" data-id=\"cb177d8\" data-element_type=\"container\" data-e-type=\"container\" data-settings=\"{&quot;background_background&quot;:&quot;classic&quot;}\">\n\t\t<div class=\"wd-negative-gap elementor-element elementor-element-6ed25eb e-flex e-con-boxed e-con e-child\" data-id=\"6ed25eb\" data-element_type=\"container\" data-e-type=\"container\">\n\t\t\t\t\t<div class=\"e-con-inner\">\n\t\t\t\t<div class=\"elementor-element elementor-element-dfe0ca1 elementor-widget elementor-widget-heading\" data-id=\"dfe0ca1\" data-element_type=\"widget\" data-e-type=\"widget\" data-widget_type=\"heading.default\">\n\t\t\t\t<div class=\"elementor-widget-container\">\n\t\t\t\t\t<h2 class=\"elementor-heading-title elementor-size-default\">LisaMar\u00ae: una marca dedicada a la bellesa conscient ial\u00b4amor propi.<\/h2>\t\t\t\t<\/div>\n\t\t\t\t<\/div>\n\t\t\t\t<div class=\"elementor-element elementor-element-5c20320 color-scheme-inherit text-left elementor-widget elementor-widget-text-editor\" data-id=\"5c20320\" data-element_type=\"widget\" data-e-type=\"widget\" data-widget_type=\"text-editor.default\">\n\t\t\t\t<div class=\"elementor-widget-container\">\n\t\t\t\t\t\t\t\t\t<p>Qu\u00e8 significa LisaMar\u00ae? El nom LisaMar\u00ae combina \u00abLisa\u00bb, una refer\u00e8ncia personal, i \u00abMar\u00bb, la paraula espanyola que significa \u00abmar\u00bb i que representa la infinita amplitud i bellesa de la natura. Alhora, estimar en espanyol significa estimar i reflecteix la missi\u00f3 de promoure l&#039;amor propi i un tracte conscient amb la natura.<\/p>\t\t\t\t\t\t\t\t<\/div>\n\t\t\t\t<\/div>\n\t\t\t\t\t<\/div>\n\t\t\t\t<\/div>\n\t\t<div class=\"wd-negative-gap elementor-element elementor-element-0da1c65 e-flex e-con-boxed e-con e-child\" data-id=\"0da1c65\" data-element_type=\"container\" data-e-type=\"container\" data-settings=\"{&quot;background_background&quot;:&quot;classic&quot;}\">\n\t\t\t\t\t<div class=\"e-con-inner\">\n\t\t\t\t<div class=\"elementor-element elementor-element-2b36bc0 elementor-widget elementor-widget-testimonial\" data-id=\"2b36bc0\" data-element_type=\"widget\" data-e-type=\"widget\" data-widget_type=\"testimonial.default\">\n\t\t\t\t<div class=\"elementor-widget-container\">\n\t\t\t\t\t\t\t<div class=\"elementor-testimonial-wrapper\">\n\t\t\t\t\t\t\t<div class=\"elementor-testimonial-content\">\u00abCada dia ens enamorem de la bellesa de les coses fetes amb amor i cura, dels productes que estan en harmonia amb la natura i amb un estil de vida saludable i amor\u00f3s. Aquestes qualitats s&#039;han de preservar i compartir: aquesta \u00e9s la missi\u00f3 de LisaMar\u00ae\u00bb.\n\n<\/div>\n\t\t\t\n\t\t\t\t\t\t<div class=\"elementor-testimonial-meta\">\n\t\t\t\t<div class=\"elementor-testimonial-meta-inner\">\n\t\t\t\t\t\n\t\t\t\t\t\t\t\t\t\t<div class=\"elementor-testimonial-details\">\n\t\t\t\t\t\t\t\t\t\t\t\t\t\t<div class=\"elementor-testimonial-name\">\u2013 Melissa, fundadora de LisaMar\u00ae<\/div>\n\t\t\t\t\t\t\t\t\t\t\t\t\t\t\t\t\t\t\t<\/div>\n\t\t\t\t\t\t\t\t\t<\/div>\n\t\t\t<\/div>\n\t\t\t\t\t<\/div>\n\t\t\t\t\t\t<\/div>\n\t\t\t\t<\/div>\n\t\t\t\t\t<\/div>\n\t\t\t\t<\/div>\n\t\t\t\t<\/div>\n\t\t<div class=\"elementor-element elementor-element-8181626 e-con-full e-flex e-con e-parent\" data-id=\"8181626\" data-element_type=\"container\" data-e-type=\"container\" data-settings=\"{&quot;background_background&quot;:&quot;classic&quot;}\">\n\t\t<div class=\"wd-negative-gap elementor-element elementor-element-e005ea8 e-flex e-con-boxed e-con e-child\" data-id=\"e005ea8\" data-element_type=\"container\" data-e-type=\"container\">\n\t\t\t\t\t<div class=\"e-con-inner\">\n\t\t\t\t<div class=\"elementor-element elementor-element-27f88fb elementor-widget elementor-widget-image\" data-id=\"27f88fb\" data-element_type=\"widget\" data-e-type=\"widget\" data-widget_type=\"image.default\">\n\t\t\t\t<div class=\"elementor-widget-container\">\n\t\t\t\t\t\t\t\t\t\t\t\t\t\t\t<img decoding=\"async\" width=\"1024\" height=\"1536\" src=\"https:\/\/lisamar-cosmetics.es\/wp-content\/uploads\/2025\/06\/LisaMar_@HannaDavies_Photography-44.jpg\" class=\"attachment-full size-full wp-image-4655\" alt=\"\" srcset=\"https:\/\/lisamar-cosmetics.es\/wp-content\/uploads\/2025\/06\/LisaMar_@HannaDavies_Photography-44.jpg 1024w, https:\/\/lisamar-cosmetics.es\/wp-content\/uploads\/2025\/06\/LisaMar_@HannaDavies_Photography-44-200x300.jpg 200w, https:\/\/lisamar-cosmetics.es\/wp-content\/uploads\/2025\/06\/LisaMar_@HannaDavies_Photography-44-683x1024.jpg 683w, https:\/\/lisamar-cosmetics.es\/wp-content\/uploads\/2025\/06\/LisaMar_@HannaDavies_Photography-44-768x1152.jpg 768w, https:\/\/lisamar-cosmetics.es\/wp-content\/uploads\/2025\/06\/LisaMar_@HannaDavies_Photography-44-150x225.jpg 150w\" sizes=\"(max-width: 1024px) 100vw, 1024px\" title=\"\">\t\t\t\t\t\t\t\t\t\t\t\t\t\t\t<\/div>\n\t\t\t\t<\/div>\n\t\t\t\t\t<\/div>\n\t\t\t\t<\/div>\n\t\t<div class=\"elementor-element elementor-element-41d0d73 e-flex e-con-boxed e-con e-child\" data-id=\"41d0d73\" data-element_type=\"container\" data-e-type=\"container\">\n\t\t\t\t\t<div class=\"e-con-inner\">\n\t\t\t\t<div class=\"elementor-element elementor-element-4ecc0c2 elementor-widget elementor-widget-heading\" data-id=\"4ecc0c2\" data-element_type=\"widget\" data-e-type=\"widget\" data-widget_type=\"heading.default\">\n\t\t\t\t<div class=\"elementor-widget-container\">\n\t\t\t\t\t<h2 class=\"elementor-heading-title elementor-size-default\">El viatge\n<\/h2>\t\t\t\t<\/div>\n\t\t\t\t<\/div>\n\t\t\t\t<div class=\"elementor-element elementor-element-3afe76c color-scheme-inherit text-left elementor-widget elementor-widget-text-editor\" data-id=\"3afe76c\" data-element_type=\"widget\" data-e-type=\"widget\" data-widget_type=\"text-editor.default\">\n\t\t\t\t<div class=\"elementor-widget-container\">\n\t\t\t\t\t\t\t\t\t<p>Trobar un laboratori adequat que compart\u00eds la meva visi\u00f3 i pogu\u00e9s perfeccionar les f\u00f3rmules va resultar ser un repte apassionant. Escollir el soci adequat \u00e9s crucial per a l\u00e8xit i la qualitat dels nostres productes.<br \/><br \/>Despr\u00e9s d&#039;una extensa investigaci\u00f3, finalment vaig trobar el que cercava aqu\u00ed a Espanya: mediterrani, sostenible, local, veg\u00e0, org\u00e0nic, lliure de crueltat animal i certificat.<br \/><br \/>Durant m\u00e9s d&#039;un any, ens hem dedicat amb passi\u00f3 a perfeccionar les f\u00f3rmules dels nostres primers quatre productes facials, provant-los incansablement i millorant-los constantment.<br \/><br \/>El cam\u00ed no sempre va ser f\u00e0cil i, sovint, rendir-se semblava l&#039;opci\u00f3 m\u00e9s temptadora. Per\u00f2 la fe de la meva fam\u00edlia i amics em va mantenir al bon cam\u00ed.<\/p>\t\t\t\t\t\t\t\t<\/div>\n\t\t\t\t<\/div>\n\t\t\t\t<div class=\"elementor-element elementor-element-249f36f elementor-widget elementor-widget-heading\" data-id=\"249f36f\" data-element_type=\"widget\" data-e-type=\"widget\" data-widget_type=\"heading.default\">\n\t\t\t\t<div class=\"elementor-widget-container\">\n\t\t\t\t\t<h2 class=\"elementor-heading-title elementor-size-default\">Perqu\u00e8 el meu objectiu era clar: bellesa mediterr\u00e0nia a la teva pell.\n\n<\/h2>\t\t\t\t<\/div>\n\t\t\t\t<\/div>\n\t\t\t\t\t<\/div>\n\t\t\t\t<\/div>\n\t\t\t\t<\/div>\n\t\t\t\t<\/div>","protected":false},"excerpt":{"rendered":"<p>Belleza mediterr\u00e1nea desde Barcelona: c\u00f3mo empez\u00f3 todo \u00a1Hola a todos! Soy Melissa, de Barcelona, fundadora de LisaMar\u00ae Naturkosmetik, y estoy<\/p>","protected":false},"author":1,"featured_media":0,"parent":0,"menu_order":0,"comment_status":"closed","ping_status":"closed","template":"elementor_header_footer","meta":{"footnotes":""},"class_list":["post-2325","page","type-page","status-publish","hentry"],"_links":{"self":[{"href":"https:\/\/lisamar-cosmetics.es\/ca\/wp-json\/wp\/v2\/pages\/2325","targetHints":{"allow":["GET"]}}],"collection":[{"href":"https:\/\/lisamar-cosmetics.es\/ca\/wp-json\/wp\/v2\/pages"}],"about":[{"href":"https:\/\/lisamar-cosmetics.es\/ca\/wp-json\/wp\/v2\/types\/page"}],"author":[{"embeddable":true,"href":"https:\/\/lisamar-cosmetics.es\/ca\/wp-json\/wp\/v2\/users\/1"}],"replies":[{"embeddable":true,"href":"https:\/\/lisamar-cosmetics.es\/ca\/wp-json\/wp\/v2\/comments?post=2325"}],"version-history":[{"count":91,"href":"https:\/\/lisamar-cosmetics.es\/ca\/wp-json\/wp\/v2\/pages\/2325\/revisions"}],"predecessor-version":[{"id":14458,"href":"https:\/\/lisamar-cosmetics.es\/ca\/wp-json\/wp\/v2\/pages\/2325\/revisions\/14458"}],"wp:attachment":[{"href":"https:\/\/lisamar-cosmetics.es\/ca\/wp-json\/wp\/v2\/media?parent=2325"}],"curies":[{"name":"wp","href":"https:\/\/api.w.org\/{rel}","templated":true}]}}