{"id":2322,"date":"2025-05-22T04:10:05","date_gmt":"2025-05-22T04:10:05","guid":{"rendered":"https:\/\/lisamar-cosmetics.es\/?page_id=2322"},"modified":"2025-12-11T16:21:47","modified_gmt":"2025-12-11T16:21:47","slug":"els-nostres-valors-2","status":"publish","type":"page","link":"https:\/\/lisamar-cosmetics.es\/ca\/nuestros-valores\/","title":{"rendered":"Els nostres valors"},"content":{"rendered":"<div data-elementor-type=\"wp-page\" data-elementor-id=\"2322\" class=\"elementor elementor-2322\" data-elementor-post-type=\"page\">\n\t\t\t\t<div class=\"wd-negative-gap elementor-element elementor-element-fbe8fbf e-flex e-con-boxed e-con e-parent\" data-id=\"fbe8fbf\" data-element_type=\"container\" data-e-type=\"container\" data-settings=\"{&quot;background_background&quot;:&quot;classic&quot;}\">\n\t\t\t\t\t<div class=\"e-con-inner\">\n\t\t\t\t<div class=\"elementor-element elementor-element-8b2f8d7 elementor-widget elementor-widget-heading\" data-id=\"8b2f8d7\" data-element_type=\"widget\" data-e-type=\"widget\" data-widget_type=\"heading.default\">\n\t\t\t\t<div class=\"elementor-widget-container\">\n\t\t\t\t\t<h2 class=\"elementor-heading-title elementor-size-default\">Un ritual de cura conscient\n<\/h2>\t\t\t\t<\/div>\n\t\t\t\t<\/div>\n\t\t\t\t\t<\/div>\n\t\t\t\t<\/div>\n\t\t<div class=\"wd-negative-gap elementor-element elementor-element-a137b57 e-flex e-con-boxed e-con e-parent\" data-id=\"a137b57\" data-element_type=\"container\" data-e-type=\"container\" data-settings=\"{&quot;background_background&quot;:&quot;classic&quot;}\">\n\t\t\t\t\t<div class=\"e-con-inner\">\n\t\t\t\t<div class=\"elementor-element elementor-element-3408164 color-scheme-inherit text-left elementor-widget elementor-widget-text-editor\" data-id=\"3408164\" data-element_type=\"widget\" data-e-type=\"widget\" data-widget_type=\"text-editor.default\">\n\t\t\t\t<div class=\"elementor-widget-container\">\n\t\t\t\t\t\t\t\t\t<p>LisaMar\u00ae representa un ritual de cura conscient que permet sentir la connexi\u00f3 amb la natura i transmet una sensaci\u00f3 de puresa i renovaci\u00f3.<\/p><p>El nom LisaMar\u00ae combina \u201cLisa\u201d, una refer\u00e8ncia personal a la fundadora, i \u201cMar\u201d, que representa la immensitat i la bellesa de la natura. Alhora, \u201cAmar\u201d reflecteix la missi\u00f3 de promoure l&#039;amor propi i una relaci\u00f3 conscient amb la natura.<\/p><p>Cada cop m\u00e9s persones opten per productes cosm\u00e8tics naturals, sostenibles i de producci\u00f3 \u00e8tica. La demanda creixent de productes beneficiosos tant per a la pell com per al medi ambient confirma l&#039;enfocament de LisaMar\u00ae. L&#039;atenci\u00f3 plena, en particular a les rutines de cura de la pell, cobra cada cop m\u00e9s import\u00e0ncia per a moltes persones. LisaMar\u00ae aplica aquest enfocament hol\u00edstic i ofereix productes que promouen no nom\u00e9s la bellesa externa, sin\u00f3 tamb\u00e9 el benestar interior. S&#039;anima els consumidors a dedicar temps a la rutina de cura de la pell ia gaudir conscientment d&#039;aquests moments d&#039;autocura.<\/p><p>Gr\u00e0cies a la transpar\u00e8ncia i l&#039;autenticitat, LisaMar\u00ae pot comunicar obertament els seus principis i oferir productes en qu\u00e8 els clients poden confiar. La missi\u00f3 de la fundadora amb LisaMar\u00ae \u00e9s oferir productes cosm\u00e8tics naturals que siguin beneficiosos tant per a la pell com pel medi ambient.<\/p><p>La sostenibilitat i la producci\u00f3 \u00e8tica s\u00f3n valors fonamentals a LisaMar\u00ae. Els productes s\u00f3n vegans, cruelty-free i de fabricaci\u00f3 local a Espanya. La fundadora col\u00b7labora amb un laboratori que comparteix la seva visi\u00f3 i ha treballat cont\u00ednuament per perfeccionar les f\u00f3rmules i aprofitar el millor dels ingredients mediterranis. A m\u00e9s, promou la responsabilitat social col\u00b7laborant amb un taller per a persones amb discapacitat a Barcelona, on es fabriquen els necessers.<\/p>\t\t\t\t\t\t\t\t<\/div>\n\t\t\t\t<\/div>\n\t\t\t\t<div class=\"elementor-element elementor-element-66e1799 elementor-widget elementor-widget-testimonial\" data-id=\"66e1799\" data-element_type=\"widget\" data-e-type=\"widget\" data-widget_type=\"testimonial.default\">\n\t\t\t\t<div class=\"elementor-widget-container\">\n\t\t\t\t\t\t\t<div class=\"elementor-testimonial-wrapper\">\n\t\t\t\t\t\t\t<div class=\"elementor-testimonial-content\">\u00abGaudeix del moment d&#039;autocura i deixa que la teva pell absorbeixi les propietats beneficioses de la nostra l\u00ednia de cura mediterr\u00e0nia \u00abLinea Mediterranea\u00bb. Submergeix-te en la bellesa natural de la vida mediterr\u00e0nia i d\u00f3na a la teva pell l&#039;amor i l&#039;atenci\u00f3 que es mereix\u00bb.<\/div>\n\t\t\t\n\t\t\t\t\t\t<div class=\"elementor-testimonial-meta\">\n\t\t\t\t<div class=\"elementor-testimonial-meta-inner\">\n\t\t\t\t\t\n\t\t\t\t\t\t\t\t\t\t<div class=\"elementor-testimonial-details\">\n\t\t\t\t\t\t\t\t\t\t\t\t\t\t<div class=\"elementor-testimonial-name\">\u2013 Fundadora Melissa Zicchino<\/div>\n\t\t\t\t\t\t\t\t\t\t\t\t\t\t\t\t\t\t\t<\/div>\n\t\t\t\t\t\t\t\t\t<\/div>\n\t\t\t<\/div>\n\t\t\t\t\t<\/div>\n\t\t\t\t\t\t<\/div>\n\t\t\t\t<\/div>\n\t\t\t\t\t<\/div>\n\t\t\t\t<\/div>\n\t\t<div class=\"wd-negative-gap elementor-element elementor-element-aaa3029 elementor-hidden-desktop elementor-hidden-tablet elementor-hidden-mobile e-flex e-con-boxed e-con e-parent\" data-id=\"aaa3029\" data-element_type=\"container\" data-e-type=\"container\" data-settings=\"{&quot;background_background&quot;:&quot;classic&quot;}\">\n\t\t\t\t\t<div class=\"e-con-inner\">\n\t\t\t\t<div class=\"elementor-element elementor-element-7e032a1 elementor-widget elementor-widget-heading\" data-id=\"7e032a1\" data-element_type=\"widget\" data-e-type=\"widget\" data-widget_type=\"heading.default\">\n\t\t\t\t<div class=\"elementor-widget-container\">\n\t\t\t\t\t<h2 class=\"elementor-heading-title elementor-size-default\">Mediterrane Sch\u00f6nheit aus Barcelona: wie alles begann<\/h2>\t\t\t\t<\/div>\n\t\t\t\t<\/div>\n\t\t\t\t<div class=\"elementor-element elementor-element-d7472fd color-scheme-inherit text-left elementor-widget elementor-widget-text-editor\" data-id=\"d7472fd\" data-element_type=\"widget\" data-e-type=\"widget\" data-widget_type=\"text-editor.default\">\n\t\t\t\t<div class=\"elementor-widget-container\">\n\t\t\t\t\t\t\t\t\t<p>Trobo zusammen! Ich bin Melissa a Barcelona, die Gr\u00fcnderin von LisaMar\u00ae Naturkosmetik und ich freue el meu risc, euch begr\u00fc\u00dfen zu d\u00fcrfen.<br \/>A Deutschland geboren und in Italien aufgewachsen, bin ich schon fr\u00fch mit der Sch\u00f6nheit und Vielfalt der Natur in Ber\u00fchrung gekommen. Die mediterrane Lebensweise, die ich von klein auf kennengelernt habe, hat meine Liebe zur Natur gepr\u00e4gt.<br \/>Dot erst in Spanien fand eine wahre Heimat, eintauchend in die lebendige Kultur und donin einzigartigen Charme des mediterranen Lebensstils.<br \/>Die Faszination und die unz\u00e4hligen Vorz\u00fcge dieser besonderen Lebensart haben el meu ber\u00fchrt und inspiriert.<br \/>Diu enge Verbundenheit zur Natur, der Genuss von frischem Obst und Gem\u00fcse, die kulinarischen Freuden, die gesunde Lebensweise und das stetig wachsende Bewusstsein f\u00fcr Nachhaltigkeit pr\u00e4gten unseren Lebenswe.<br \/>Die Idee f\u00fcr LisaMar\u00ae entstand als meiner Leidenschaft f\u00fcr nat\u00fcrliche Pflegeprodukte und mediterrane Zutaten. Als seus anfings, els meus mediterranis Lebensmitteln und deren positiven Auswirkungen auf Haut und Haare zu besch\u00e4ftigen, wuchs in mir die Idee f\u00fcr LisaMar\u00ae.<br \/>Meine Vorstellung ist, die Gesundheit und Nachhaltigkeit di\u00e8ser Lebensweise auch in der Kosmetik widerzuspiegeln.<br \/>Un so reifte die Idee heran unsere eigenen, von der mediterranen Lebensart inspirierten Pflegelinie zu entwickeln und zu vermarkten.<\/p>\t\t\t\t\t\t\t\t<\/div>\n\t\t\t\t<\/div>\n\t\t\t\t<div class=\"elementor-element elementor-element-22e2ff8 elementor-widget elementor-widget-heading\" data-id=\"22e2ff8\" data-element_type=\"widget\" data-e-type=\"widget\" data-widget_type=\"heading.default\">\n\t\t\t\t<div class=\"elementor-widget-container\">\n\t\t\t\t\t<h2 class=\"elementor-heading-title elementor-size-default\">LisaMar\u00ae: Eine Marke f\u00fcr achtsame Sch\u00f6nheit und Selbstliebe<\/h2>\t\t\t\t<\/div>\n\t\t\t\t<\/div>\n\t\t\t\t<div class=\"elementor-element elementor-element-b7de630 color-scheme-inherit text-left elementor-widget elementor-widget-text-editor\" data-id=\"b7de630\" data-element_type=\"widget\" data-e-type=\"widget\" data-widget_type=\"text-editor.default\">\n\t\t\t\t<div class=\"elementor-widget-container\">\n\t\t\t\t\t\t\t\t\t<p>Was bedeudet LisaMar\u00ae? Der Name LisaMar\u00ae vereint \u201cLisa\u201d \u2013 einen pers\u00f6nlichen Bezug \u2013 und \u201cMar\u201d \u2013 d\u00f3nes spanische Wort f\u00fcr Meer, d\u00f3nes f\u00fcr die unendliche Weite und Sch\u00f6nheit der Natur steht. Gleichzeitig bedeutet \u201cAmar\u201d im Spanischen \u201clleben\u201d und spiegelt die Mission wider, Selbstliebe und einen bewussten Umgang mit der Natur zu f\u00f6rdern. werden, in Produkte, die im Einklang mit der Natur und einen gesunden und liebevollen Lebensstil stehen.\u201e<br \/>Melissa, Gr\u00fcnderin von LisaMar\u00ae<\/p>\t\t\t\t\t\t\t\t<\/div>\n\t\t\t\t<\/div>\n\t\t\t\t<div class=\"elementor-element elementor-element-09a15d6 elementor-widget elementor-widget-heading\" data-id=\"09a15d6\" data-element_type=\"widget\" data-e-type=\"widget\" data-widget_type=\"heading.default\">\n\t\t\t\t<div class=\"elementor-widget-container\">\n\t\t\t\t\t<h2 class=\"elementor-heading-title elementor-size-default\">Die Reise\n<\/h2>\t\t\t\t<\/div>\n\t\t\t\t<\/div>\n\t\t\t\t<div class=\"elementor-element elementor-element-d15c6f5 color-scheme-inherit text-left elementor-widget elementor-widget-text-editor\" data-id=\"d15c6f5\" data-element_type=\"widget\" data-e-type=\"widget\" data-widget_type=\"text-editor.default\">\n\t\t\t\t<div class=\"elementor-widget-container\">\n\t\t\t\t\t\t\t\t\t<p>Die Suche nach einem passenden Labor, d\u00f3nes meine Vision teilte und die Formeln verfeinern konnte, gestaltet sich als eine aufregende Herausforderung. Diu Wahl des richtigen Partners ist entscheidend f\u00fcr don Erfolg und die Qualit\u00e4t unserer Produkte.<br \/>\u00dcber ein Jahr lang havien wir mit Leidenschaft und Hingabe an donin Formeln unserer ersten veure Gesichtsprodukte gefeilt, unerm\u00fcdlich getestet und st\u00e4ndig verbessert. sein. Doch der Glaube meiner Fam\u00edlia und meiner Freunde hielt meu auf Kurs. Denn mein Ziel War Klar: Mediterrane Sch\u00f6nheit auf Deiner HautEnde.<\/p><p>2024 war \u00e9s endlich soweit!<\/p>\t\t\t\t\t\t\t\t<\/div>\n\t\t\t\t<\/div>\n\t\t\t\t\t<\/div>\n\t\t\t\t<\/div>\n\t\t\t\t<\/div>","protected":false},"excerpt":{"rendered":"<p>Un ritual de cuidado consciente LisaMar\u00ae representa un ritual de cuidado consciente que permite sentir la conexi\u00f3n con la naturaleza<\/p>","protected":false},"author":1,"featured_media":0,"parent":0,"menu_order":0,"comment_status":"closed","ping_status":"closed","template":"elementor_header_footer","meta":{"footnotes":""},"class_list":["post-2322","page","type-page","status-publish","hentry"],"_links":{"self":[{"href":"https:\/\/lisamar-cosmetics.es\/ca\/wp-json\/wp\/v2\/pages\/2322","targetHints":{"allow":["GET"]}}],"collection":[{"href":"https:\/\/lisamar-cosmetics.es\/ca\/wp-json\/wp\/v2\/pages"}],"about":[{"href":"https:\/\/lisamar-cosmetics.es\/ca\/wp-json\/wp\/v2\/types\/page"}],"author":[{"embeddable":true,"href":"https:\/\/lisamar-cosmetics.es\/ca\/wp-json\/wp\/v2\/users\/1"}],"replies":[{"embeddable":true,"href":"https:\/\/lisamar-cosmetics.es\/ca\/wp-json\/wp\/v2\/comments?post=2322"}],"version-history":[{"count":79,"href":"https:\/\/lisamar-cosmetics.es\/ca\/wp-json\/wp\/v2\/pages\/2322\/revisions"}],"predecessor-version":[{"id":14455,"href":"https:\/\/lisamar-cosmetics.es\/ca\/wp-json\/wp\/v2\/pages\/2322\/revisions\/14455"}],"wp:attachment":[{"href":"https:\/\/lisamar-cosmetics.es\/ca\/wp-json\/wp\/v2\/media?parent=2322"}],"curies":[{"name":"wp","href":"https:\/\/api.w.org\/{rel}","templated":true}]}}