{"id":2315,"date":"2025-05-22T04:06:43","date_gmt":"2025-05-22T04:06:43","guid":{"rendered":"https:\/\/lisamar-cosmetics.es\/?page_id=2315"},"modified":"2025-12-11T16:16:02","modified_gmt":"2025-12-11T16:16:02","slug":"premsa-2","status":"publish","type":"page","link":"https:\/\/lisamar-cosmetics.es\/ca\/prensa\/","title":{"rendered":"Premsa"},"content":{"rendered":"<div data-elementor-type=\"wp-page\" data-elementor-id=\"2315\" class=\"elementor elementor-2315\" data-elementor-post-type=\"page\">\n\t\t\t\t<div class=\"wd-negative-gap elementor-element elementor-element-e517535 e-flex e-con-boxed e-con e-parent\" data-id=\"e517535\" data-element_type=\"container\" data-e-type=\"container\" data-settings=\"{&quot;background_background&quot;:&quot;classic&quot;}\">\n\t\t\t\t\t<div class=\"e-con-inner\">\n\t\t\t\t<div class=\"elementor-element elementor-element-866f470 elementor-widget elementor-widget-heading\" data-id=\"866f470\" data-element_type=\"widget\" data-e-type=\"widget\" data-widget_type=\"heading.default\">\n\t\t\t\t<div class=\"elementor-widget-container\">\n\t\t\t\t\t<h2 class=\"elementor-heading-title elementor-size-default\">Premsa\n<\/h2>\t\t\t\t<\/div>\n\t\t\t\t<\/div>\n\t\t\t\t\t<\/div>\n\t\t\t\t<\/div>\n\t\t<div class=\"elementor-element elementor-element-a5c8618 e-con-full e-flex e-con e-parent\" data-id=\"a5c8618\" data-element_type=\"container\" data-e-type=\"container\" data-settings=\"{&quot;background_background&quot;:&quot;classic&quot;}\">\n\t\t<div class=\"wd-negative-gap elementor-element elementor-element-f1eacbb e-flex e-con-boxed e-con e-child\" data-id=\"f1eacbb\" data-element_type=\"container\" data-e-type=\"container\">\n\t\t\t\t\t<div class=\"e-con-inner\">\n\t\t\t\t<div class=\"elementor-element elementor-element-53aab30 elementor-widget elementor-widget-heading\" data-id=\"53aab30\" data-element_type=\"widget\" data-e-type=\"widget\" data-widget_type=\"heading.default\">\n\t\t\t\t<div class=\"elementor-widget-container\">\n\t\t\t\t\t<h2 class=\"elementor-heading-title elementor-size-default\">Bellesa mediterr\u00e0nia des de Barcelona: LisaMar\u00ae llan\u00e7a la seva gamma de cura de la pell a Alemanya\n<\/h2>\t\t\t\t<\/div>\n\t\t\t\t<\/div>\n\t\t\t\t<div class=\"elementor-element elementor-element-a8bfc53 color-scheme-inherit text-left elementor-widget elementor-widget-text-editor\" data-id=\"a8bfc53\" data-element_type=\"widget\" data-e-type=\"widget\" data-widget_type=\"text-editor.default\">\n\t\t\t\t<div class=\"elementor-widget-container\">\n\t\t\t\t\t\t\t\t\t<p>Barcelona, 15 de gener de 2025. L&#039;empresa L&#039;\u00c0nima Cosmetica Naturale Mediterranea SL, amb seu a prop de Barcelona, es complau a enriquir el mercat alemany amb la nova marca LisaMar\u00ae. La s\u00e8rie de productes cosm\u00e8tics naturals mediterranis certificats est\u00e0 disponible des del 2025 a Amazon, eBay, Etsy ia la seva pr\u00f2pia botiga en l\u00ednia a www.lisamarcosmetics.com. LisaMar\u00ae combina els rics ingredients actius de la naturalesa mediterr\u00e0nia i reflecteix la passi\u00f3 i dedicaci\u00f3 de la seva fundadora i directora general, Melissa Zicchino.<\/p>\t\t\t\t\t\t\t\t<\/div>\n\t\t\t\t<\/div>\n\t\t\t\t<div class=\"elementor-element elementor-element-596f5f9 elementor-widget elementor-widget-heading\" data-id=\"596f5f9\" data-element_type=\"widget\" data-e-type=\"widget\" data-widget_type=\"heading.default\">\n\t\t\t\t<div class=\"elementor-widget-container\">\n\t\t\t\t\t<h2 class=\"elementor-heading-title elementor-size-default\">LisaMar\u00ae: una marca dedicada a la bellesa conscient ial\u00b4amor propi.\n<\/h2>\t\t\t\t<\/div>\n\t\t\t\t<\/div>\n\t\t\t\t<div class=\"elementor-element elementor-element-5c0f79b color-scheme-inherit text-left elementor-widget elementor-widget-text-editor\" data-id=\"5c0f79b\" data-element_type=\"widget\" data-e-type=\"widget\" data-widget_type=\"text-editor.default\">\n\t\t\t\t<div class=\"elementor-widget-container\">\n\t\t\t\t\t\t\t\t\t<p>El nom LisaMar\u00ae combina \u00abLisa\u00bb, una refer\u00e8ncia personal a la fundadora, i \u00abMar\u00bb, la paraula espanyola que significa \u00abmar\u00bb i que representa la infinita amplitud i bellesa de la natura. Alhora, estimar significa estimar en espanyol i reflecteix la missi\u00f3 de promoure l&#039;amor propi i un tracte conscient amb la natura.<\/p>\t\t\t\t\t\t\t\t<\/div>\n\t\t\t\t<\/div>\n\t\t\t\t\t<\/div>\n\t\t\t\t<\/div>\n\t\t\t\t<\/div>\n\t\t<div class=\"elementor-element elementor-element-d84222d e-con-full e-flex e-con e-parent\" data-id=\"d84222d\" data-element_type=\"container\" data-e-type=\"container\" data-settings=\"{&quot;background_background&quot;:&quot;classic&quot;}\">\n\t\t<div class=\"elementor-element elementor-element-9e31868 e-con-full e-flex e-con e-child\" data-id=\"9e31868\" data-element_type=\"container\" data-e-type=\"container\">\n\t\t\t\t<div class=\"elementor-element elementor-element-e2a1134 elementor-widget elementor-widget-image\" data-id=\"e2a1134\" data-element_type=\"widget\" data-e-type=\"widget\" data-widget_type=\"image.default\">\n\t\t\t\t<div class=\"elementor-widget-container\">\n\t\t\t\t\t\t\t\t\t\t\t\t\t\t\t<img decoding=\"async\" width=\"1500\" height=\"1500\" src=\"https:\/\/lisamar-cosmetics.es\/wp-content\/uploads\/2025\/05\/Produktserie-LisaMar-Naturkosmetik_Copyright.jpg\" class=\"attachment-full size-full wp-image-3717\" alt=\"\" srcset=\"https:\/\/lisamar-cosmetics.es\/wp-content\/uploads\/2025\/05\/Produktserie-LisaMar-Naturkosmetik_Copyright.jpg 1500w, https:\/\/lisamar-cosmetics.es\/wp-content\/uploads\/2025\/05\/Produktserie-LisaMar-Naturkosmetik_Copyright-300x300.jpg 300w, https:\/\/lisamar-cosmetics.es\/wp-content\/uploads\/2025\/05\/Produktserie-LisaMar-Naturkosmetik_Copyright-1024x1024.jpg 1024w, https:\/\/lisamar-cosmetics.es\/wp-content\/uploads\/2025\/05\/Produktserie-LisaMar-Naturkosmetik_Copyright-150x150.jpg 150w, https:\/\/lisamar-cosmetics.es\/wp-content\/uploads\/2025\/05\/Produktserie-LisaMar-Naturkosmetik_Copyright-768x768.jpg 768w, https:\/\/lisamar-cosmetics.es\/wp-content\/uploads\/2025\/05\/Produktserie-LisaMar-Naturkosmetik_Copyright-600x600.jpg 600w, https:\/\/lisamar-cosmetics.es\/wp-content\/uploads\/2025\/05\/Produktserie-LisaMar-Naturkosmetik_Copyright-1200x1200.jpg 1200w\" sizes=\"(max-width: 1500px) 100vw, 1500px\" title=\"\">\t\t\t\t\t\t\t\t\t\t\t\t\t\t\t<\/div>\n\t\t\t\t<\/div>\n\t\t\t\t<\/div>\n\t\t<div class=\"wd-negative-gap elementor-element elementor-element-820d33f e-flex e-con-boxed e-con e-child\" data-id=\"820d33f\" data-element_type=\"container\" data-e-type=\"container\">\n\t\t\t\t\t<div class=\"e-con-inner\">\n\t\t\t\t<div class=\"elementor-element elementor-element-58448a7 elementor-widget elementor-widget-heading\" data-id=\"58448a7\" data-element_type=\"widget\" data-e-type=\"widget\" data-widget_type=\"heading.default\">\n\t\t\t\t<div class=\"elementor-widget-container\">\n\t\t\t\t\t<h2 class=\"elementor-heading-title elementor-size-default\">Un ritual de cura conscient\n<\/h2>\t\t\t\t<\/div>\n\t\t\t\t<\/div>\n\t\t\t\t<div class=\"elementor-element elementor-element-9c30a88 color-scheme-inherit text-left elementor-widget elementor-widget-text-editor\" data-id=\"9c30a88\" data-element_type=\"widget\" data-e-type=\"widget\" data-widget_type=\"text-editor.default\">\n\t\t\t\t<div class=\"elementor-widget-container\">\n\t\t\t\t\t\t\t\t\t<p>LisaMar\u00ae \u00e9s sin\u00f2nim d\u00b4un ritual de cura conscient que permet sentir la connexi\u00f3 amb la natura i transmet una sensaci\u00f3 de puresa i renovaci\u00f3. La primera l\u00ednia de cura \u00abLinea Mediterranea\u00bb consta de quatre productes principals: una escuma netejadora refrescant, una crema suau per als ulls, un s\u00e8rum regenerador i una crema facial nutritiva. Aquests productes enriqueixen la rutina di\u00e0ria de cura i promouen un benestar integral. Els quatre productes de cura s\u00f3n aptes per a tota mena de pells, rics en antioxidants i poden endarrerir l&#039;envelliment de la pell i donar al cutis un aspecte fresc, hidratat i suau.<\/p>\t\t\t\t\t\t\t\t<\/div>\n\t\t\t\t<\/div>\n\t\t\t\t\t<\/div>\n\t\t\t\t<\/div>\n\t\t\t\t<\/div>\n\t\t<div class=\"elementor-element elementor-element-9165f19 e-con-full e-flex e-con e-parent\" data-id=\"9165f19\" data-element_type=\"container\" data-e-type=\"container\" data-settings=\"{&quot;background_background&quot;:&quot;classic&quot;}\">\n\t\t<div class=\"wd-negative-gap elementor-element elementor-element-f5e0037 e-flex e-con-boxed e-con e-child\" data-id=\"f5e0037\" data-element_type=\"container\" data-e-type=\"container\">\n\t\t\t\t\t<div class=\"e-con-inner\">\n\t\t\t\t<div class=\"elementor-element elementor-element-d67a496 elementor-widget elementor-widget-heading\" data-id=\"d67a496\" data-element_type=\"widget\" data-e-type=\"widget\" data-widget_type=\"heading.default\">\n\t\t\t\t<div class=\"elementor-widget-container\">\n\t\t\t\t\t<h2 class=\"elementor-heading-title elementor-size-default\">Sostenibilitat i producci\u00f3 \u00e8tica\n<\/h2>\t\t\t\t<\/div>\n\t\t\t\t<\/div>\n\t\t\t\t<div class=\"elementor-element elementor-element-3205f62 color-scheme-inherit text-left elementor-widget elementor-widget-text-editor\" data-id=\"3205f62\" data-element_type=\"widget\" data-e-type=\"widget\" data-widget_type=\"text-editor.default\">\n\t\t\t\t<div class=\"elementor-widget-container\">\n\t\t\t\t\t\t\t\t\t<p>La sostenibilitat i els principis \u00e8tics de producci\u00f3 s\u00f3n fonamentals per a LisaMar\u00ae. Tots els productes s\u00f3n vegans, no es proven en animals i es fabriquen localment a Espanya. Les f\u00f3rmules es basen en ingredients mediterranis d&#039;alta qualitat, com \u00e0loe vera, c\u00e8l\u00b7lules mare de taronja, roman\u00ed, esp\u00edgol, s\u00e0lvia, camamilla i \u00e0cid hialur\u00f2nic, per promoure la bellesa natural. <br \/>La fundadora, Melissa Zicchino, col\u00b7labora amb un laboratori que comparteix la seva visi\u00f3 i treballa cont\u00ednuament per perfeccionar les f\u00f3rmules i treure el m\u00e0xim profit dels ingredients mediterranis. A m\u00e9s, LisaMar\u00ae recolza la responsabilitat social col\u00b7laborant amb un taller per a persones amb discapacitat a Barcelona, on es fabriquen els necessers de cosm\u00e8tics.<\/p>\t\t\t\t\t\t\t\t<\/div>\n\t\t\t\t<\/div>\n\t\t\t\t<div class=\"elementor-element elementor-element-94d34ae elementor-widget elementor-widget-heading\" data-id=\"94d34ae\" data-element_type=\"widget\" data-e-type=\"widget\" data-widget_type=\"heading.default\">\n\t\t\t\t<div class=\"elementor-widget-container\">\n\t\t\t\t\t<h2 class=\"elementor-heading-title elementor-size-default\">Transpar\u00e8ncia i autenticitat\n<\/h2>\t\t\t\t<\/div>\n\t\t\t\t<\/div>\n\t\t\t\t<div class=\"elementor-element elementor-element-62060f8 color-scheme-inherit text-left elementor-widget elementor-widget-text-editor\" data-id=\"62060f8\" data-element_type=\"widget\" data-e-type=\"widget\" data-widget_type=\"text-editor.default\">\n\t\t\t\t<div class=\"elementor-widget-container\">\n\t\t\t\t\t\t\t\t\t<p>LisaMar\u00ae \u00e9s sin\u00f2nim de transpar\u00e8ncia i autenticitat. La missi\u00f3 de la marca \u00e9s oferir productes cosm\u00e8tics naturals que siguin beneficiosos tant per a la pell com pel medi ambient. Melissa Zicchino d\u00f3na gran import\u00e0ncia a la comunicaci\u00f3 oberta dels seus principis ia la creaci\u00f3 de productes en qu\u00e8 els clients puguin confiar.<\/p>\t\t\t\t\t\t\t\t<\/div>\n\t\t\t\t<\/div>\n\t\t\t\t<div class=\"elementor-element elementor-element-00f462e elementor-widget elementor-widget-heading\" data-id=\"00f462e\" data-element_type=\"widget\" data-e-type=\"widget\" data-widget_type=\"heading.default\">\n\t\t\t\t<div class=\"elementor-widget-container\">\n\t\t\t\t\t<h2 class=\"elementor-heading-title elementor-size-default\">Introducci\u00f3 i campanya de m\u00e0rqueting\n<\/h2>\t\t\t\t<\/div>\n\t\t\t\t<\/div>\n\t\t\t\t<div class=\"elementor-element elementor-element-e736f03 color-scheme-inherit text-left elementor-widget elementor-widget-text-editor\" data-id=\"e736f03\" data-element_type=\"widget\" data-e-type=\"widget\" data-widget_type=\"text-editor.default\">\n\t\t\t\t<div class=\"elementor-widget-container\">\n\t\t\t\t\t\t\t\t\t<p>Per al llan\u00e7ament al mercat alemany, LisaMar\u00ae posar\u00e0 en marxa una campanya a les xarxes socials, amb el suport d&#039;influencers seleccionats que comparteixen la visi\u00f3 de la marca. A m\u00e9s, s&#039;oferiran sorteigs i paquets de prova perqu\u00e8 els clients potencials puguin con\u00e8ixer els productes.<\/p>\t\t\t\t\t\t\t\t<\/div>\n\t\t\t\t<\/div>\n\t\t\t\t<div class=\"elementor-element elementor-element-37bf442 color-scheme-inherit text-left elementor-widget elementor-widget-text-editor\" data-id=\"37bf442\" data-element_type=\"widget\" data-e-type=\"widget\" data-widget_type=\"text-editor.default\">\n\t\t\t\t<div class=\"elementor-widget-container\">\n\t\t\t\t\t\t\t\t\t<p>A la p\u00e0gina web www.lisamarcosmetics.com, els clients no nom\u00e9s trobaran els productes, sin\u00f3 tamb\u00e9 un bloc amb interessants articles sobre cosm\u00e8tica natural, consells per a la cura de la pell i els diversos ingredients mediterranis que s&#039;utilitzen als productes.<\/p>\t\t\t\t\t\t\t\t<\/div>\n\t\t\t\t<\/div>\n\t\t\t\t<div class=\"elementor-element elementor-element-8227481 elementor-widget elementor-widget-heading\" data-id=\"8227481\" data-element_type=\"widget\" data-e-type=\"widget\" data-widget_type=\"heading.default\">\n\t\t\t\t<div class=\"elementor-widget-container\">\n\t\t\t\t\t<h2 class=\"elementor-heading-title elementor-size-default\">LisaMar\u00ae: una marca dedicada a la bellesa conscient ial\u00b4amor propi.\n<\/h2>\t\t\t\t<\/div>\n\t\t\t\t<\/div>\n\t\t\t\t<div class=\"elementor-element elementor-element-0326f90 color-scheme-inherit text-left elementor-widget elementor-widget-text-editor\" data-id=\"0326f90\" data-element_type=\"widget\" data-e-type=\"widget\" data-widget_type=\"text-editor.default\">\n\t\t\t\t<div class=\"elementor-widget-container\">\n\t\t\t\t\t\t\t\t\t<p>El nom LisaMar\u00ae combina \u00abLisa\u00bb, una refer\u00e8ncia personal a la fundadora, i \u00abMar\u00bb, la paraula espanyola que significa \u00abmar\u00bb i que representa la infinita amplitud i bellesa de la natura. Alhora, estimar significa estimar en espanyol i reflecteix la missi\u00f3 de promoure l&#039;amor propi i un enfocament conscient de la naturalesa.<\/p>\t\t\t\t\t\t\t\t<\/div>\n\t\t\t\t<\/div>\n\t\t\t\t\t<\/div>\n\t\t\t\t<\/div>\n\t\t\t\t<\/div>\n\t\t<div class=\"elementor-element elementor-element-2f15e26 e-con-full e-flex e-con e-parent\" data-id=\"2f15e26\" data-element_type=\"container\" data-e-type=\"container\" data-settings=\"{&quot;background_background&quot;:&quot;classic&quot;}\">\n\t\t<div class=\"elementor-element elementor-element-cec7c13 e-con-full e-flex e-con e-child\" data-id=\"cec7c13\" data-element_type=\"container\" data-e-type=\"container\">\n\t\t\t\t<div class=\"elementor-element elementor-element-0a2713d elementor-widget elementor-widget-image\" data-id=\"0a2713d\" data-element_type=\"widget\" data-e-type=\"widget\" data-widget_type=\"image.default\">\n\t\t\t\t<div class=\"elementor-widget-container\">\n\t\t\t\t\t\t\t\t\t\t\t\t\t\t\t<img decoding=\"async\" width=\"1080\" height=\"1080\" src=\"https:\/\/lisamar-cosmetics.es\/wp-content\/uploads\/2025\/05\/Zertifizierung-LisaMar-Naturkosmetik_Copyright.png\" class=\"attachment-full size-full wp-image-3730\" alt=\"\" srcset=\"https:\/\/lisamar-cosmetics.es\/wp-content\/uploads\/2025\/05\/Zertifizierung-LisaMar-Naturkosmetik_Copyright.png 1080w, https:\/\/lisamar-cosmetics.es\/wp-content\/uploads\/2025\/05\/Zertifizierung-LisaMar-Naturkosmetik_Copyright-300x300.png 300w, https:\/\/lisamar-cosmetics.es\/wp-content\/uploads\/2025\/05\/Zertifizierung-LisaMar-Naturkosmetik_Copyright-1024x1024.png 1024w, https:\/\/lisamar-cosmetics.es\/wp-content\/uploads\/2025\/05\/Zertifizierung-LisaMar-Naturkosmetik_Copyright-150x150.png 150w, https:\/\/lisamar-cosmetics.es\/wp-content\/uploads\/2025\/05\/Zertifizierung-LisaMar-Naturkosmetik_Copyright-768x768.png 768w, https:\/\/lisamar-cosmetics.es\/wp-content\/uploads\/2025\/05\/Zertifizierung-LisaMar-Naturkosmetik_Copyright-600x600.png 600w\" sizes=\"(max-width: 1080px) 100vw, 1080px\" title=\"\">\t\t\t\t\t\t\t\t\t\t\t\t\t\t\t<\/div>\n\t\t\t\t<\/div>\n\t\t\t\t<\/div>\n\t\t<div class=\"wd-negative-gap elementor-element elementor-element-1b4a53b e-flex e-con-boxed e-con e-child\" data-id=\"1b4a53b\" data-element_type=\"container\" data-e-type=\"container\">\n\t\t\t\t\t<div class=\"e-con-inner\">\n\t\t\t\t<div class=\"elementor-element elementor-element-026d0ff color-scheme-inherit text-left elementor-widget elementor-widget-text-editor\" data-id=\"026d0ff\" data-element_type=\"widget\" data-e-type=\"widget\" data-widget_type=\"text-editor.default\">\n\t\t\t\t<div class=\"elementor-widget-container\">\n\t\t\t\t\t\t\t\t\t<p>La marca LisaMar\u00ae est\u00e0 molt de moda, ja que cada cop m\u00e9s persones aposten per productes cosm\u00e8tics naturals, sostenibles i fabricats de forma \u00e8tica. La demanda creixent de productes que siguin bons tant per a la pell com per al medi ambient confirma l&#039;enfocament de LisaMar\u00ae. En particular, latenci\u00f3 prestada a la rutina de cura personal \u00e9s cada vegada m\u00e9s important per a moltes persones. LisaMar\u00ae segueix aquest enfocament hol\u00edstic i ofereix productes que no nom\u00e9s promouen la bellesa exterior, sin\u00f3 tamb\u00e9 el benestar interior. S&#039;anima els consumidors a dedicar temps a la rutina de cura ia gaudir conscientment d&#039;aquests moments d&#039;autocura.<\/p>\t\t\t\t\t\t\t\t<\/div>\n\t\t\t\t<\/div>\n\t\t\t\t<div class=\"elementor-element elementor-element-31bcd93 color-scheme-inherit text-left elementor-widget elementor-widget-text-editor\" data-id=\"31bcd93\" data-element_type=\"widget\" data-e-type=\"widget\" data-widget_type=\"text-editor.default\">\n\t\t\t\t<div class=\"elementor-widget-container\">\n\t\t\t\t\t\t\t\t\t<p>Melissa Zicchino explica: \u00abGaudeix del moment d&#039;autocura i deixa que la teva pell absorbeixi les propietats beneficioses de la nostra l\u00ednia de cura mediterr\u00e0nia \u00abLinea Mediterranea\u00bb. Submergeix-te en la bellesa natural de la vida mediterr\u00e0nia i d\u00f3na a la teva pell l&#039;amor i l&#039;atenci\u00f3 que es mereix\u00bb.<\/p>\t\t\t\t\t\t\t\t<\/div>\n\t\t\t\t<\/div>\n\t\t\t\t\t<\/div>\n\t\t\t\t<\/div>\n\t\t\t\t<\/div>\n\t\t<div class=\"elementor-element elementor-element-5e9125d e-con-full e-flex e-con e-parent\" data-id=\"5e9125d\" data-element_type=\"container\" data-e-type=\"container\" data-settings=\"{&quot;background_background&quot;:&quot;classic&quot;}\">\n\t\t<div class=\"wd-negative-gap elementor-element elementor-element-c84d793 e-flex e-con-boxed e-con e-child\" data-id=\"c84d793\" data-element_type=\"container\" data-e-type=\"container\">\n\t\t\t\t\t<div class=\"e-con-inner\">\n\t\t\t\t<div class=\"elementor-element elementor-element-ac03bc7 elementor-widget elementor-widget-heading\" data-id=\"ac03bc7\" data-element_type=\"widget\" data-e-type=\"widget\" data-widget_type=\"heading.default\">\n\t\t\t\t<div class=\"elementor-widget-container\">\n\t\t\t\t\t<h2 class=\"elementor-heading-title elementor-size-default\">\u00dcber L&#039;\u00c0nima Cosm\u00e8tica Naturale Mediterranea SL\n<\/h2>\t\t\t\t<\/div>\n\t\t\t\t<\/div>\n\t\t\t\t<div class=\"elementor-element elementor-element-c6f2e14 color-scheme-inherit text-left elementor-widget elementor-widget-text-editor\" data-id=\"c6f2e14\" data-element_type=\"widget\" data-e-type=\"widget\" data-widget_type=\"text-editor.default\">\n\t\t\t\t<div class=\"elementor-widget-container\">\n\t\t\t\t\t\t\t\t\t<p>L&#039;\u00c0nima Cosm\u00e8tica Naturale Mediterranea SL \u00e9s una start-up amb seu a prop de Barcelona dedicada a la fabricaci\u00f3 de cosm\u00e8tics naturals certificats del m\u00e9s alt nivell. Fundada el 2024 per Melissa Zicchino, LisaMar\u00ae \u00e9s sin\u00f2nim de passi\u00f3, sostenibilitat i principis actius mediterranis d&#039;alta qualitat. LisaMar\u00ae representa el vincle profund amb la natura i l&#039;estil de vida mediterrani, que es basa en l&#039;atenci\u00f3 plena, la puresa i la renovaci\u00f3.<\/p>\t\t\t\t\t\t\t\t<\/div>\n\t\t\t\t<\/div>\n\t\t\t\t<div class=\"elementor-element elementor-element-25e84cf color-scheme-inherit text-left elementor-widget elementor-widget-text-editor\" data-id=\"25e84cf\" data-element_type=\"widget\" data-e-type=\"widget\" data-widget_type=\"text-editor.default\">\n\t\t\t\t<div class=\"elementor-widget-container\">\n\t\t\t\t\t\t\t\t\t<p>L&#039;\u00c0nima Cosm\u00e8tica Naturale Mediterranea SL<br \/>Melissa Zicchino<br \/>Avinguda Montseny 20<br \/>08812 Sant Pere de Ribes (Barcelona)<br \/>Espanya<br \/>0034-634355139<br \/><a href=\"mailto:info@lisamarcosmetics.com\">info@lisamarcosmetics.com<\/a><br \/><a href=\"https:\/\/lisamar-cosmetics.es\/es\/\">www.lisamarcosmetics.com<\/a><\/p><p>Drets d&#039;imatge:<br \/>Les imatges proporcionades es poden utilitzar gratu\u00eftament per informar sobre aquest comunicat de premsa. Qualsevol edici\u00f3 o distribuci\u00f3 a tercers nom\u00e9s \u00e9s permesa amb el consentiment previ per escrit. Si us plau, citeu la seg\u00fcent font de la imatge en publicar-la: LisaMar\u00ae \u2013 Cosm\u00e8tica natural mediterr\u00e0nia \u00a9<\/p>\t\t\t\t\t\t\t\t<\/div>\n\t\t\t\t<\/div>\n\t\t\t\t\t<\/div>\n\t\t\t\t<\/div>\n\t\t\t\t<\/div>\n\t\t\t\t<\/div>","protected":false},"excerpt":{"rendered":"<p>Prensa Belleza mediterr\u00e1nea desde Barcelona: LisaMar\u00ae lanza su gama de cuidado de la piel en Alemania Barcelona, 15 de enero<\/p>","protected":false},"author":1,"featured_media":0,"parent":0,"menu_order":0,"comment_status":"closed","ping_status":"closed","template":"elementor_header_footer","meta":{"footnotes":""},"class_list":["post-2315","page","type-page","status-publish","hentry"],"_links":{"self":[{"href":"https:\/\/lisamar-cosmetics.es\/ca\/wp-json\/wp\/v2\/pages\/2315","targetHints":{"allow":["GET"]}}],"collection":[{"href":"https:\/\/lisamar-cosmetics.es\/ca\/wp-json\/wp\/v2\/pages"}],"about":[{"href":"https:\/\/lisamar-cosmetics.es\/ca\/wp-json\/wp\/v2\/types\/page"}],"author":[{"embeddable":true,"href":"https:\/\/lisamar-cosmetics.es\/ca\/wp-json\/wp\/v2\/users\/1"}],"replies":[{"embeddable":true,"href":"https:\/\/lisamar-cosmetics.es\/ca\/wp-json\/wp\/v2\/comments?post=2315"}],"version-history":[{"count":43,"href":"https:\/\/lisamar-cosmetics.es\/ca\/wp-json\/wp\/v2\/pages\/2315\/revisions"}],"predecessor-version":[{"id":14446,"href":"https:\/\/lisamar-cosmetics.es\/ca\/wp-json\/wp\/v2\/pages\/2315\/revisions\/14446"}],"wp:attachment":[{"href":"https:\/\/lisamar-cosmetics.es\/ca\/wp-json\/wp\/v2\/media?parent=2315"}],"curies":[{"name":"wp","href":"https:\/\/api.w.org\/{rel}","templated":true}]}}