{"id":2312,"date":"2025-05-22T04:05:24","date_gmt":"2025-05-22T04:05:24","guid":{"rendered":"https:\/\/lisamar-cosmetics.es\/?page_id=2312"},"modified":"2025-12-11T16:11:26","modified_gmt":"2025-12-11T16:11:26","slug":"responsabilitat-social-2","status":"publish","type":"page","link":"https:\/\/lisamar-cosmetics.es\/ca\/responsabilidad-social\/","title":{"rendered":"Responsabilitat social"},"content":{"rendered":"<div data-elementor-type=\"wp-page\" data-elementor-id=\"2312\" class=\"elementor elementor-2312\" data-elementor-post-type=\"page\">\n\t\t\t\t<div class=\"wd-negative-gap elementor-element elementor-element-351a611 e-flex e-con-boxed e-con e-parent\" data-id=\"351a611\" data-element_type=\"container\" data-e-type=\"container\" data-settings=\"{&quot;background_background&quot;:&quot;classic&quot;}\">\n\t\t\t\t\t<div class=\"e-con-inner\">\n\t\t\t\t<div class=\"elementor-element elementor-element-5b59bd2 elementor-widget elementor-widget-heading\" data-id=\"5b59bd2\" data-element_type=\"widget\" data-e-type=\"widget\" data-widget_type=\"heading.default\">\n\t\t\t\t<div class=\"elementor-widget-container\">\n\t\t\t\t\t<h2 class=\"elementor-heading-title elementor-size-default\">Soziale Verantwortung bei LisaMar\u00ae \u2013 Unterst\u00fctzung f\u00fcr Menschen <br> in schwierigen Lebenslagen\n\n<\/h2>\t\t\t\t<\/div>\n\t\t\t\t<\/div>\n\t\t\t\t\t<\/div>\n\t\t\t\t<\/div>\n\t\t<div class=\"elementor-element elementor-element-570d5f5 e-con-full e-flex e-con e-parent\" data-id=\"570d5f5\" data-element_type=\"container\" data-e-type=\"container\" data-settings=\"{&quot;background_background&quot;:&quot;classic&quot;}\">\n\t\t<div class=\"wd-negative-gap elementor-element elementor-element-1f8bd3d e-flex e-con-boxed e-con e-child\" data-id=\"1f8bd3d\" data-element_type=\"container\" data-e-type=\"container\">\n\t\t\t\t\t<div class=\"e-con-inner\">\n\t\t\t\t<div class=\"elementor-element elementor-element-0f4ff4d color-scheme-inherit text-left elementor-widget elementor-widget-text-editor\" data-id=\"0f4ff4d\" data-element_type=\"widget\" data-e-type=\"widget\" data-widget_type=\"text-editor.default\">\n\t\t\t\t<div class=\"elementor-widget-container\">\n\t\t\t\t\t\t\t\t\t<p>LisaMar\u00ae no nom\u00e9s es dedica a la cosm\u00e8tica natural, sin\u00f3 tamb\u00e9 al cos <a href=\"https:\/\/lisamar-cosmetics.es\/ca\/connexio-amb-la-natura\/\">tracte conscient del nostre medi ambient<\/a> i la nostra societat. Una part fonamental dels nostres valors \u00e9s el comprom\u00eds amb la responsabilitat social, que es reflecteix en molts aspectes de la nostra empresa. Un projecte especial del qual ens en sentim orgullosos \u00e9s la col\u00b7laboraci\u00f3 amb la Fundaci\u00f3 Roure de Barcelona, que fabrica els nostres necessers de cosm\u00e8tics.<\/p>\t\t\t\t\t\t\t\t<\/div>\n\t\t\t\t<\/div>\n\t\t\t\t<div class=\"elementor-element elementor-element-232484a color-scheme-inherit text-left elementor-widget elementor-widget-text-editor\" data-id=\"232484a\" data-element_type=\"widget\" data-e-type=\"widget\" data-widget_type=\"text-editor.default\">\n\t\t\t\t<div class=\"elementor-widget-container\">\n\t\t\t\t\t\t\t\t\t<p>La Fundaci\u00f3 Roure \u00e9s una organitzaci\u00f3 sense \u00e0nim de lucre que ajuda persones en situacions dif\u00edcils. Ofereix oportunitats laborals a persones amb discapacitat ia aquelles amb risc d&#039;exclusi\u00f3 social. Gr\u00e0cies al treball al taller, aquestes persones no nom\u00e9s obtenen ingressos, sin\u00f3 tamb\u00e9 l&#039;oportunitat d&#039;integrar-se socialment i refor\u00e7ar-ne l&#039;autoestima.<\/p>\t\t\t\t\t\t\t\t<\/div>\n\t\t\t\t<\/div>\n\t\t\t\t<div class=\"elementor-element elementor-element-a1f8e2d color-scheme-inherit text-left elementor-widget elementor-widget-text-editor\" data-id=\"a1f8e2d\" data-element_type=\"widget\" data-e-type=\"widget\" data-widget_type=\"text-editor.default\">\n\t\t\t\t<div class=\"elementor-widget-container\">\n\t\t\t\t\t\t\t\t\t<p>Els nostres necessers de cosm\u00e8tics es fabriquen a m\u00e0 al taller de la Fundaci\u00f3 Roure. Cada necesser que s&#039;hi fabrica \u00e9s un petit s\u00edmbol d&#039;esperan\u00e7a i de la possibilitat de formar part de la societat. Per a nosaltres, a LisaMar\u00ae, \u00e9s una q\u00fcesti\u00f3 de cor donar suport a aquestes persones i valorar la seva feina.<\/p>\t\t\t\t\t\t\t\t<\/div>\n\t\t\t\t<\/div>\n\t\t\t\t\t<\/div>\n\t\t\t\t<\/div>\n\t\t<div class=\"wd-negative-gap elementor-element elementor-element-4543b8d e-flex e-con-boxed e-con e-child\" data-id=\"4543b8d\" data-element_type=\"container\" data-e-type=\"container\">\n\t\t\t\t\t<div class=\"e-con-inner\">\n\t\t\t\t<div class=\"elementor-element elementor-element-d86ee77 elementor-widget elementor-widget-image\" data-id=\"d86ee77\" data-element_type=\"widget\" data-e-type=\"widget\" data-widget_type=\"image.default\">\n\t\t\t\t<div class=\"elementor-widget-container\">\n\t\t\t\t\t\t\t\t\t\t\t\t\t\t\t<img decoding=\"async\" width=\"1280\" height=\"960\" src=\"https:\/\/lisamar-cosmetics.es\/wp-content\/uploads\/2025\/05\/oil-4262850_1280.jpg\" class=\"attachment-full size-full wp-image-3691\" alt=\"\" srcset=\"https:\/\/lisamar-cosmetics.es\/wp-content\/uploads\/2025\/05\/oil-4262850_1280.jpg 1280w, https:\/\/lisamar-cosmetics.es\/wp-content\/uploads\/2025\/05\/oil-4262850_1280-300x225.jpg 300w, https:\/\/lisamar-cosmetics.es\/wp-content\/uploads\/2025\/05\/oil-4262850_1280-1024x768.jpg 1024w, https:\/\/lisamar-cosmetics.es\/wp-content\/uploads\/2025\/05\/oil-4262850_1280-768x576.jpg 768w, https:\/\/lisamar-cosmetics.es\/wp-content\/uploads\/2025\/05\/oil-4262850_1280-1200x900.jpg 1200w, https:\/\/lisamar-cosmetics.es\/wp-content\/uploads\/2025\/05\/oil-4262850_1280-150x113.jpg 150w\" sizes=\"(max-width: 1280px) 100vw, 1280px\" title=\"\">\t\t\t\t\t\t\t\t\t\t\t\t\t\t\t<\/div>\n\t\t\t\t<\/div>\n\t\t\t\t\t<\/div>\n\t\t\t\t<\/div>\n\t\t\t\t<\/div>\n\t\t<div class=\"elementor-element elementor-element-49e0d01 e-con-full e-flex e-con e-parent\" data-id=\"49e0d01\" data-element_type=\"container\" data-e-type=\"container\" data-settings=\"{&quot;background_background&quot;:&quot;classic&quot;}\">\n\t\t<div class=\"wd-negative-gap elementor-element elementor-element-2549c40 e-flex e-con-boxed e-con e-child\" data-id=\"2549c40\" data-element_type=\"container\" data-e-type=\"container\">\n\t\t\t\t\t<div class=\"e-con-inner\">\n\t\t\t\t<div class=\"elementor-element elementor-element-95614ee elementor-widget elementor-widget-heading\" data-id=\"95614ee\" data-element_type=\"widget\" data-e-type=\"widget\" data-widget_type=\"heading.default\">\n\t\t\t\t<div class=\"elementor-widget-container\">\n\t\t\t\t\t<h2 class=\"elementor-heading-title elementor-size-default\">Un petit projecte amb gran impacte\n<\/h2>\t\t\t\t<\/div>\n\t\t\t\t<\/div>\n\t\t\t\t<div class=\"elementor-element elementor-element-a7658e0 color-scheme-inherit text-left elementor-widget elementor-widget-text-editor\" data-id=\"a7658e0\" data-element_type=\"widget\" data-e-type=\"widget\" data-widget_type=\"text-editor.default\">\n\t\t\t\t<div class=\"elementor-widget-container\">\n\t\t\t\t\t\t\t\t\t<p>Potser \u00e9s un petit pas, per\u00f2 cada compra d&#039;aquesta bossa d\u00f3na suport a la Fundaci\u00f3 Roure ia les persones que hi treballen. \u00c9s un petit projecte, per\u00f2 que marca una gran difer\u00e8ncia a la vida de moltes persones.<\/p>\t\t\t\t\t\t\t\t<\/div>\n\t\t\t\t<\/div>\n\t\t\t\t<div class=\"elementor-element elementor-element-e70b38a color-scheme-inherit text-left elementor-widget elementor-widget-text-editor\" data-id=\"e70b38a\" data-element_type=\"widget\" data-e-type=\"widget\" data-widget_type=\"text-editor.default\">\n\t\t\t\t<div class=\"elementor-widget-container\">\n\t\t\t\t\t\t\t\t\t<p>Amb cada compra, contribueixes a compartir aquesta responsabilitat social ia donar suport a un projecte que va molt m\u00e9s enll\u00e0 de la fabricaci\u00f3 de necessers de cosm\u00e8tics. Ajuts a donar una perspectiva a persones en situacions dif\u00edcils, oferint-los l&#039;oportunitat de treballar i integrar-se socialment.<\/p>\t\t\t\t\t\t\t\t<\/div>\n\t\t\t\t<\/div>\n\t\t\t\t\t<\/div>\n\t\t\t\t<\/div>\n\t\t\t\t<\/div>\n\t\t<div class=\"elementor-element elementor-element-29614c5 e-con-full e-flex e-con e-parent\" data-id=\"29614c5\" data-element_type=\"container\" data-e-type=\"container\" data-settings=\"{&quot;background_background&quot;:&quot;classic&quot;}\">\n\t\t<div class=\"wd-negative-gap elementor-element elementor-element-79fc620 e-flex e-con-boxed e-con e-child\" data-id=\"79fc620\" data-element_type=\"container\" data-e-type=\"container\">\n\t\t\t\t\t<div class=\"e-con-inner\">\n\t\t\t\t<div class=\"elementor-element elementor-element-f47eb14 elementor-widget elementor-widget-heading\" data-id=\"f47eb14\" data-element_type=\"widget\" data-e-type=\"widget\" data-widget_type=\"heading.default\">\n\t\t\t\t<div class=\"elementor-widget-container\">\n\t\t\t\t\t<h2 class=\"elementor-heading-title elementor-size-default\">Assumir responsabilitats junts<\/h2>\t\t\t\t<\/div>\n\t\t\t\t<\/div>\n\t\t\t\t<div class=\"elementor-element elementor-element-4b81738 color-scheme-inherit text-left elementor-widget elementor-widget-text-editor\" data-id=\"4b81738\" data-element_type=\"widget\" data-e-type=\"widget\" data-widget_type=\"text-editor.default\">\n\t\t\t\t<div class=\"elementor-widget-container\">\n\t\t\t\t\t\t\t\t\t<div class=\"elementor-element elementor-element-4b81738 color-scheme-inherit text-left elementor-widget elementor-widget-text-editor\" data-id=\"4b81738\" data-element_type=\"widget\" data-widget_type=\"text-editor.default\"><div class=\"elementor-widget-container\"><p>A LisaMar\u00ae, creiem que cada contribuci\u00f3 compta; fins i tot els passos m\u00e9s petits marquen la difer\u00e8ncia. En comprar un dels nostres necessers, est\u00e0s recolzant un projecte social que t\u00e9 un impacte positiu a la vida de moltes persones. Junts, podem marcar la difer\u00e8ncia i demostrar que la bellesa i\u00a0<strong>Responsabilitat social<\/strong>\u00a0Poden anar de la m\u00e0.<\/p><\/div><\/div><div class=\"elementor-element elementor-element-b1a1a81 color-scheme-inherit text-left elementor-widget elementor-widget-text-editor\" data-id=\"b1a1a81\" data-element_type=\"widget\" data-widget_type=\"text-editor.default\"><div class=\"elementor-widget-container\"><div class=\"elementor-element elementor-element-5bb461a e-flex e-con-boxed e-con e-parent e-lazyloaded\" data-id=\"5bb461a\" data-element_type=\"container\"><div class=\"e-con-inner\"><div class=\"elementor-element elementor-element-e5c558b e-con-full e-flex e-con e-child\" data-id=\"e5c558b\" data-element_type=\"container\"><div class=\"elementor-element elementor-element-e207250 elementor-widget elementor-widget-text-editor\" data-id=\"e207250\" data-element_type=\"widget\" data-widget_type=\"text-editor.default\">La vostra decisi\u00f3 d&#039;escollir LisaMar\u00ae no \u00e9s nom\u00e9s una decisi\u00f3 a favor d&#039;una cosm\u00e8tica natural sostenible i d&#039;alta qualitat, sin\u00f3 tamb\u00e9 una declaraci\u00f3 d&#039;intencions a favor de la humanitat.\u00a0<strong>Responsabilitat social<\/strong>.<\/div><\/div><\/div><\/div><\/div><\/div>\t\t\t\t\t\t\t\t<\/div>\n\t\t\t\t<\/div>\n\t\t\t\t<div class=\"elementor-element elementor-element-e454cd2 elementor-widget elementor-widget-heading\" data-id=\"e454cd2\" data-element_type=\"widget\" data-e-type=\"widget\" data-widget_type=\"heading.default\">\n\t\t\t\t<div class=\"elementor-widget-container\">\n\t\t\t\t\t<h2 class=\"elementor-heading-title elementor-size-default\">Tu tamb\u00e9 en pots marcar la difer\u00e8ncia.\n<\/h2>\t\t\t\t<\/div>\n\t\t\t\t<\/div>\n\t\t\t\t<div class=\"elementor-element elementor-element-f6932b1 color-scheme-inherit text-left elementor-widget elementor-widget-text-editor\" data-id=\"f6932b1\" data-element_type=\"widget\" data-e-type=\"widget\" data-widget_type=\"text-editor.default\">\n\t\t\t\t<div class=\"elementor-widget-container\">\n\t\t\t\t\t\t\t\t\t<p>En comprar un producte LisaMar\u00ae, contribueixes activament a un futur m\u00e9s sostenible. Com a petita empresa, creiem fermament que cada pas, per petit que sigui, compte. Junts podem assolir grans coses prenent decisions conscients. Recolza&#039;ns en aquest cam\u00ed, perqu\u00e8 cada contribuci\u00f3 fa del m\u00f3n un lloc una mica millor.<\/p>\t\t\t\t\t\t\t\t<\/div>\n\t\t\t\t<\/div>\n\t\t\t\t\t<\/div>\n\t\t\t\t<\/div>\n\t\t<div class=\"wd-negative-gap elementor-element elementor-element-3d09eb8 e-flex e-con-boxed e-con e-child\" data-id=\"3d09eb8\" data-element_type=\"container\" data-e-type=\"container\">\n\t\t\t\t\t<div class=\"e-con-inner\">\n\t\t\t\t<div class=\"elementor-element elementor-element-ee17f2c elementor-widget elementor-widget-image\" data-id=\"ee17f2c\" data-element_type=\"widget\" data-e-type=\"widget\" data-widget_type=\"image.default\">\n\t\t\t\t<div class=\"elementor-widget-container\">\n\t\t\t\t\t\t\t\t\t\t\t\t\t\t\t<img decoding=\"async\" width=\"2560\" height=\"1707\" src=\"https:\/\/lisamar-cosmetics.es\/wp-content\/uploads\/2025\/06\/Melissa-Garten-1.png\" class=\"attachment-full size-full wp-image-4672\" alt=\"\" srcset=\"https:\/\/lisamar-cosmetics.es\/wp-content\/uploads\/2025\/06\/Melissa-Garten-1.png 2560w, https:\/\/lisamar-cosmetics.es\/wp-content\/uploads\/2025\/06\/Melissa-Garten-1-300x200.png 300w, https:\/\/lisamar-cosmetics.es\/wp-content\/uploads\/2025\/06\/Melissa-Garten-1-1024x683.png 1024w, https:\/\/lisamar-cosmetics.es\/wp-content\/uploads\/2025\/06\/Melissa-Garten-1-768x512.png 768w, https:\/\/lisamar-cosmetics.es\/wp-content\/uploads\/2025\/06\/Melissa-Garten-1-1536x1024.png 1536w, https:\/\/lisamar-cosmetics.es\/wp-content\/uploads\/2025\/06\/Melissa-Garten-1-2048x1366.png 2048w, https:\/\/lisamar-cosmetics.es\/wp-content\/uploads\/2025\/06\/Melissa-Garten-1-1200x800.png 1200w, https:\/\/lisamar-cosmetics.es\/wp-content\/uploads\/2025\/06\/Melissa-Garten-1-150x100.png 150w\" sizes=\"(max-width: 2560px) 100vw, 2560px\" title=\"\">\t\t\t\t\t\t\t\t\t\t\t\t\t\t\t<\/div>\n\t\t\t\t<\/div>\n\t\t\t\t\t<\/div>\n\t\t\t\t<\/div>\n\t\t\t\t<\/div>\n\t\t\t\t<\/div>","protected":false},"excerpt":{"rendered":"<p>Soziale Verantwortung bei LisaMar\u00ae \u2013 Unterst\u00fctzung f\u00fcr Menschen in schwierigen Lebenslagen LisaMar\u00ae no solo se dedica a la cosm\u00e9tica natural,<\/p>","protected":false},"author":1,"featured_media":0,"parent":0,"menu_order":0,"comment_status":"closed","ping_status":"closed","template":"elementor_header_footer","meta":{"footnotes":""},"class_list":["post-2312","page","type-page","status-publish","hentry"],"_links":{"self":[{"href":"https:\/\/lisamar-cosmetics.es\/ca\/wp-json\/wp\/v2\/pages\/2312","targetHints":{"allow":["GET"]}}],"collection":[{"href":"https:\/\/lisamar-cosmetics.es\/ca\/wp-json\/wp\/v2\/pages"}],"about":[{"href":"https:\/\/lisamar-cosmetics.es\/ca\/wp-json\/wp\/v2\/types\/page"}],"author":[{"embeddable":true,"href":"https:\/\/lisamar-cosmetics.es\/ca\/wp-json\/wp\/v2\/users\/1"}],"replies":[{"embeddable":true,"href":"https:\/\/lisamar-cosmetics.es\/ca\/wp-json\/wp\/v2\/comments?post=2312"}],"version-history":[{"count":43,"href":"https:\/\/lisamar-cosmetics.es\/ca\/wp-json\/wp\/v2\/pages\/2312\/revisions"}],"predecessor-version":[{"id":14443,"href":"https:\/\/lisamar-cosmetics.es\/ca\/wp-json\/wp\/v2\/pages\/2312\/revisions\/14443"}],"wp:attachment":[{"href":"https:\/\/lisamar-cosmetics.es\/ca\/wp-json\/wp\/v2\/media?parent=2312"}],"curies":[{"name":"wp","href":"https:\/\/api.w.org\/{rel}","templated":true}]}}