{"id":2308,"date":"2025-05-22T04:03:21","date_gmt":"2025-05-22T04:03:21","guid":{"rendered":"https:\/\/lisamar-cosmetics.es\/?page_id=2308"},"modified":"2025-12-11T16:00:27","modified_gmt":"2025-12-11T16:00:27","slug":"les-nostres-certificacions-2","status":"publish","type":"page","link":"https:\/\/lisamar-cosmetics.es\/ca\/nuestras-certificaciones\/","title":{"rendered":"Les nostres certificacions"},"content":{"rendered":"<div data-elementor-type=\"wp-page\" data-elementor-id=\"2308\" class=\"elementor elementor-2308\" data-elementor-post-type=\"page\">\n\t\t\t\t<div class=\"wd-negative-gap elementor-element elementor-element-b55d5ae e-flex e-con-boxed e-con e-parent\" data-id=\"b55d5ae\" data-element_type=\"container\" data-e-type=\"container\" data-settings=\"{&quot;background_background&quot;:&quot;classic&quot;}\">\n\t\t\t\t\t<div class=\"e-con-inner\">\n\t\t\t\t<div class=\"elementor-element elementor-element-fb11246 elementor-widget elementor-widget-heading\" data-id=\"fb11246\" data-element_type=\"widget\" data-e-type=\"widget\" data-widget_type=\"heading.default\">\n\t\t\t\t<div class=\"elementor-widget-container\">\n\t\t\t\t\t<h2 class=\"elementor-heading-title elementor-size-default\">Amb la certificaci\u00f3 ACENE, LisaMar\u00ae garanteix la m\u00e0xima qualitat i sostenibilitat a cada producte.\n<\/h2>\t\t\t\t<\/div>\n\t\t\t\t<\/div>\n\t\t\t\t\t<\/div>\n\t\t\t\t<\/div>\n\t\t<div class=\"elementor-element elementor-element-789863f e-con-full e-flex e-con e-parent\" data-id=\"789863f\" data-element_type=\"container\" data-e-type=\"container\" data-settings=\"{&quot;background_background&quot;:&quot;classic&quot;}\">\n\t\t<div class=\"wd-negative-gap elementor-element elementor-element-c251ccb e-flex e-con-boxed e-con e-child\" data-id=\"c251ccb\" data-element_type=\"container\" data-e-type=\"container\">\n\t\t\t\t\t<div class=\"e-con-inner\">\n\t\t\t\t<div class=\"elementor-element elementor-element-9a21303 color-scheme-inherit text-left elementor-widget elementor-widget-text-editor\" data-id=\"9a21303\" data-element_type=\"widget\" data-e-type=\"widget\" data-widget_type=\"text-editor.default\">\n\t\t\t\t<div class=\"elementor-widget-container\">\n\t\t\t\t\t\t\t\t\t<p>ACENE (Associaci\u00f3 Espanyola de Certificaci\u00f3 de Productes Ecol\u00f2gics) \u00e9s una entitat de certificaci\u00f3 espanyola especialitzada en la certificaci\u00f3 de productes org\u00e0nics, naturals i vegans. Aquest segell ofereix als consumidors una prova fefaent que els productes s&#039;han elaborat segons est\u00e0ndards org\u00e0nics estrictes, estan lliures d&#039;additius qu\u00edmics i no contenen ingredients d&#039;origen animal.<br \/>La import\u00e0ncia daquests certificats va molt m\u00e9s enll\u00e0 dun simple segell de qualitat. S\u00f3n un s\u00edmbol de sostenibilitat, processos de producci\u00f3 \u00e8tics i respecte per la natura i el medi ambient.<br \/>El segell org\u00e0nic en particular garanteix que els productes es produeixen sense l\u00fas de pesticides sint\u00e8tics o enginyeria gen\u00e8tica.<\/p><p>La certificaci\u00f3 vegana demostra que a tota la cadena de producci\u00f3 no es produeixen ingredients d&#039;origen animal ni es fan proves en animals i el segell natural garanteix la puresa i naturalitat dels ingredients.<br \/>Per mi, com a fundadora, rebre els certificats ACENE no nom\u00e9s confirma que els meus productes compleixen amb alts est\u00e0ndards. Tamb\u00e9 proporciona una base de confian\u00e7a per als meus clients, que poden confiar que els productes LisaMar\u00ae no nom\u00e9s compleixen les seves expectatives de qualitat i efic\u00e0cia, sin\u00f3 que tamb\u00e9 reflecteixen els seus valors \u00e8tics i ecol\u00f2gics. Aquestes certificacions enforteixen la credibilitat de la marca i reafirmen el meu comprom\u00eds amb un proc\u00e9s de producci\u00f3 responsable, transparent i sostenible.<\/p>\t\t\t\t\t\t\t\t<\/div>\n\t\t\t\t<\/div>\n\t\t<div class=\"elementor-element elementor-element-725678f e-con-full e-flex e-con e-child\" data-id=\"725678f\" data-element_type=\"container\" data-e-type=\"container\">\n\t\t<div class=\"elementor-element elementor-element-679860a e-con-full e-flex e-con e-child\" data-id=\"679860a\" data-element_type=\"container\" data-e-type=\"container\">\n\t\t\t\t<div class=\"elementor-element elementor-element-3464a1a elementor-widget-mobile__width-initial elementor-widget elementor-widget-image\" data-id=\"3464a1a\" data-element_type=\"widget\" data-e-type=\"widget\" data-widget_type=\"image.default\">\n\t\t\t\t<div class=\"elementor-widget-container\">\n\t\t\t\t\t\t\t\t\t\t\t\t\t\t\t<img decoding=\"async\" width=\"1181\" height=\"1181\" src=\"https:\/\/lisamar-cosmetics.es\/wp-content\/uploads\/2025\/05\/sello-VEGAN.jpg\" class=\"attachment-full size-full wp-image-2240\" alt=\"\" srcset=\"https:\/\/lisamar-cosmetics.es\/wp-content\/uploads\/2025\/05\/sello-VEGAN.jpg 1181w, https:\/\/lisamar-cosmetics.es\/wp-content\/uploads\/2025\/05\/sello-VEGAN-600x600.jpg 600w, https:\/\/lisamar-cosmetics.es\/wp-content\/uploads\/2025\/05\/sello-VEGAN-150x150.jpg 150w, https:\/\/lisamar-cosmetics.es\/wp-content\/uploads\/2025\/05\/sello-VEGAN-300x300.jpg 300w, https:\/\/lisamar-cosmetics.es\/wp-content\/uploads\/2025\/05\/sello-VEGAN-1024x1024.jpg 1024w, https:\/\/lisamar-cosmetics.es\/wp-content\/uploads\/2025\/05\/sello-VEGAN-768x768.jpg 768w\" sizes=\"(max-width: 1181px) 100vw, 1181px\" title=\"\">\t\t\t\t\t\t\t\t\t\t\t\t\t\t\t<\/div>\n\t\t\t\t<\/div>\n\t\t\t\t<div class=\"elementor-element elementor-element-53cfec0 elementor-widget-mobile__width-initial elementor-widget elementor-widget-image\" data-id=\"53cfec0\" data-element_type=\"widget\" data-e-type=\"widget\" data-widget_type=\"image.default\">\n\t\t\t\t<div class=\"elementor-widget-container\">\n\t\t\t\t\t\t\t\t\t\t\t\t\t\t\t<img decoding=\"async\" width=\"1181\" height=\"1181\" src=\"https:\/\/lisamar-cosmetics.es\/wp-content\/uploads\/2025\/05\/sello-NAT.jpg\" class=\"attachment-full size-full wp-image-2239\" alt=\"\" srcset=\"https:\/\/lisamar-cosmetics.es\/wp-content\/uploads\/2025\/05\/sello-NAT.jpg 1181w, https:\/\/lisamar-cosmetics.es\/wp-content\/uploads\/2025\/05\/sello-NAT-600x600.jpg 600w, https:\/\/lisamar-cosmetics.es\/wp-content\/uploads\/2025\/05\/sello-NAT-150x150.jpg 150w, https:\/\/lisamar-cosmetics.es\/wp-content\/uploads\/2025\/05\/sello-NAT-300x300.jpg 300w, https:\/\/lisamar-cosmetics.es\/wp-content\/uploads\/2025\/05\/sello-NAT-1024x1024.jpg 1024w, https:\/\/lisamar-cosmetics.es\/wp-content\/uploads\/2025\/05\/sello-NAT-768x768.jpg 768w\" sizes=\"(max-width: 1181px) 100vw, 1181px\" title=\"\">\t\t\t\t\t\t\t\t\t\t\t\t\t\t\t<\/div>\n\t\t\t\t<\/div>\n\t\t\t\t<div class=\"elementor-element elementor-element-e0c9570 elementor-widget-mobile__width-initial elementor-widget elementor-widget-image\" data-id=\"e0c9570\" data-element_type=\"widget\" data-e-type=\"widget\" data-widget_type=\"image.default\">\n\t\t\t\t<div class=\"elementor-widget-container\">\n\t\t\t\t\t\t\t\t\t\t\t\t\t\t\t<img decoding=\"async\" width=\"1181\" height=\"1181\" src=\"https:\/\/lisamar-cosmetics.es\/wp-content\/uploads\/2025\/05\/sello-BIO.jpg\" class=\"attachment-full size-full wp-image-2238\" alt=\"\" srcset=\"https:\/\/lisamar-cosmetics.es\/wp-content\/uploads\/2025\/05\/sello-BIO.jpg 1181w, https:\/\/lisamar-cosmetics.es\/wp-content\/uploads\/2025\/05\/sello-BIO-600x600.jpg 600w, https:\/\/lisamar-cosmetics.es\/wp-content\/uploads\/2025\/05\/sello-BIO-150x150.jpg 150w, https:\/\/lisamar-cosmetics.es\/wp-content\/uploads\/2025\/05\/sello-BIO-300x300.jpg 300w, https:\/\/lisamar-cosmetics.es\/wp-content\/uploads\/2025\/05\/sello-BIO-1024x1024.jpg 1024w, https:\/\/lisamar-cosmetics.es\/wp-content\/uploads\/2025\/05\/sello-BIO-768x768.jpg 768w\" sizes=\"(max-width: 1181px) 100vw, 1181px\" title=\"\">\t\t\t\t\t\t\t\t\t\t\t\t\t\t\t<\/div>\n\t\t\t\t<\/div>\n\t\t\t\t<\/div>\n\t\t\t\t<\/div>\n\t\t\t\t\t<\/div>\n\t\t\t\t<\/div>\n\t\t\t\t<\/div>\n\t\t\t\t<\/div>","protected":false},"excerpt":{"rendered":"<p>Con la certificaci\u00f3n ACENE, LisaMar\u00ae garantiza la m\u00e1xima calidad y sostenibilidad en cada producto. ACENE (Asociaci\u00f3n Espa\u00f1ola de Certificaci\u00f3n de<\/p>","protected":false},"author":1,"featured_media":0,"parent":0,"menu_order":0,"comment_status":"closed","ping_status":"closed","template":"elementor_header_footer","meta":{"footnotes":""},"class_list":["post-2308","page","type-page","status-publish","hentry"],"_links":{"self":[{"href":"https:\/\/lisamar-cosmetics.es\/ca\/wp-json\/wp\/v2\/pages\/2308","targetHints":{"allow":["GET"]}}],"collection":[{"href":"https:\/\/lisamar-cosmetics.es\/ca\/wp-json\/wp\/v2\/pages"}],"about":[{"href":"https:\/\/lisamar-cosmetics.es\/ca\/wp-json\/wp\/v2\/types\/page"}],"author":[{"embeddable":true,"href":"https:\/\/lisamar-cosmetics.es\/ca\/wp-json\/wp\/v2\/users\/1"}],"replies":[{"embeddable":true,"href":"https:\/\/lisamar-cosmetics.es\/ca\/wp-json\/wp\/v2\/comments?post=2308"}],"version-history":[{"count":43,"href":"https:\/\/lisamar-cosmetics.es\/ca\/wp-json\/wp\/v2\/pages\/2308\/revisions"}],"predecessor-version":[{"id":14432,"href":"https:\/\/lisamar-cosmetics.es\/ca\/wp-json\/wp\/v2\/pages\/2308\/revisions\/14432"}],"wp:attachment":[{"href":"https:\/\/lisamar-cosmetics.es\/ca\/wp-json\/wp\/v2\/media?parent=2308"}],"curies":[{"name":"wp","href":"https:\/\/api.w.org\/{rel}","templated":true}]}}