{"id":2018,"date":"2025-05-21T06:47:33","date_gmt":"2025-05-21T06:47:33","guid":{"rendered":"https:\/\/lisamar-cosmetics.es\/?page_id=2018"},"modified":"2025-12-11T15:23:53","modified_gmt":"2025-12-11T15:23:53","slug":"proximitat-a-la-natura","status":"publish","type":"page","link":"https:\/\/lisamar-cosmetics.es\/ca\/cercania-a-la-naturaleza\/","title":{"rendered":"Proximitat a la natura"},"content":{"rendered":"\t\t<div data-elementor-type=\"wp-page\" data-elementor-id=\"2018\" class=\"elementor elementor-2018\" data-elementor-post-type=\"page\">\n\t\t\t\t<div class=\"wd-negative-gap elementor-element elementor-element-703e867 e-flex e-con-boxed e-con e-parent\" data-id=\"703e867\" data-element_type=\"container\" data-e-type=\"container\" data-settings=\"{&quot;background_background&quot;:&quot;classic&quot;}\">\n\t\t\t\t\t<div class=\"e-con-inner\">\n\t\t\t\t<div class=\"elementor-element elementor-element-b44d660 elementor-widget elementor-widget-heading\" data-id=\"b44d660\" data-element_type=\"widget\" data-e-type=\"widget\" data-widget_type=\"heading.default\">\n\t\t\t\t<div class=\"elementor-widget-container\">\n\t\t\t\t\t<h2 class=\"elementor-heading-title elementor-size-default\">El poder de la naturaleza: El estilo de vida mediterr\u00e1neo como clave\na la salud f\u00edsica y mental\n\n<\/h2>\t\t\t\t<\/div>\n\t\t\t\t<\/div>\n\t\t\t\t\t<\/div>\n\t\t\t\t<\/div>\n\t\t<div class=\"wd-negative-gap elementor-element elementor-element-e4c393d e-flex e-con-boxed e-con e-parent\" data-id=\"e4c393d\" data-element_type=\"container\" data-e-type=\"container\">\n\t\t\t\t\t<div class=\"e-con-inner\">\n\t\t\t\t<div class=\"elementor-element elementor-element-c530d02 elementor-widget elementor-widget-breadcrumbs\" data-id=\"c530d02\" data-element_type=\"widget\" data-e-type=\"widget\" data-widget_type=\"breadcrumbs.default\">\n\t\t\t\t<div class=\"elementor-widget-container\">\n\t\t\t\t\t<nav aria-label=\"breadcrumbs\" class=\"rank-math-breadcrumb\"><p><span class=\"last\">Inicio<\/span><\/p><\/nav>\t\t\t\t<\/div>\n\t\t\t\t<\/div>\n\t\t\t\t\t<\/div>\n\t\t\t\t<\/div>\n\t\t<div class=\"wd-negative-gap elementor-element elementor-element-0918911 e-flex e-con-boxed e-con e-parent\" data-id=\"0918911\" data-element_type=\"container\" data-e-type=\"container\" data-settings=\"{&quot;background_background&quot;:&quot;classic&quot;}\">\n\t\t\t\t\t<div class=\"e-con-inner\">\n\t\t<div class=\"elementor-element elementor-element-7f4416b e-con-full e-flex e-con e-child\" data-id=\"7f4416b\" data-element_type=\"container\" data-e-type=\"container\">\n\t\t\t\t<div class=\"elementor-element elementor-element-18ad74d elementor-widget__width-initial color-scheme-inherit text-left elementor-widget elementor-widget-text-editor\" data-id=\"18ad74d\" data-element_type=\"widget\" data-e-type=\"widget\" data-widget_type=\"text-editor.default\">\n\t\t\t\t<div class=\"elementor-widget-container\">\n\t\t\t\t\t\t\t\t\t<p>Como fundadora de LisaMar\u00ae y apasionada del estilo de vida mediterr\u00e1neo, quiero compartir mi entusiasmo por la dieta mediterr\u00e1nea. No solo es un placer para el paladar, sino que tambi\u00e9n ofrece numerosos beneficios para la salud que me inspiran cada d\u00eda. Me fascina especialmente el efecto positivo que tiene esta dieta sobre la piel.<\/p>\t\t\t\t\t\t\t\t<\/div>\n\t\t\t\t<\/div>\n\t\t\t\t<\/div>\n\t\t\t\t\t<\/div>\n\t\t\t\t<\/div>\n\t\t<div class=\"elementor-element elementor-element-61be230 e-con-full e-flex e-con e-parent\" data-id=\"61be230\" data-element_type=\"container\" data-e-type=\"container\" data-settings=\"{&quot;background_background&quot;:&quot;classic&quot;}\">\n\t\t<div class=\"elementor-element elementor-element-1b5c9c0 e-con-full e-flex e-con e-child\" data-id=\"1b5c9c0\" data-element_type=\"container\" data-e-type=\"container\">\n\t\t\t\t<div class=\"elementor-element elementor-element-8a2cebe elementor-widget elementor-widget-image\" data-id=\"8a2cebe\" data-element_type=\"widget\" data-e-type=\"widget\" data-settings=\"{&quot;sticky&quot;:&quot;top&quot;,&quot;sticky_offset&quot;:100,&quot;sticky_parent&quot;:&quot;yes&quot;,&quot;sticky_on&quot;:[&quot;desktop&quot;,&quot;tablet&quot;,&quot;mobile&quot;],&quot;sticky_effects_offset&quot;:0,&quot;sticky_anchor_link_offset&quot;:0}\" data-widget_type=\"image.default\">\n\t\t\t\t<div class=\"elementor-widget-container\">\n\t\t\t\t\t\t\t\t\t\t\t\t\t\t\t<img decoding=\"async\" width=\"2560\" height=\"1707\" src=\"https:\/\/lisamar-cosmetics.es\/wp-content\/uploads\/2025\/06\/Melissa-Garten.png\" class=\"attachment-full size-full wp-image-4668\" alt=\"\" srcset=\"https:\/\/lisamar-cosmetics.es\/wp-content\/uploads\/2025\/06\/Melissa-Garten.png 2560w, https:\/\/lisamar-cosmetics.es\/wp-content\/uploads\/2025\/06\/Melissa-Garten-300x200.png 300w, https:\/\/lisamar-cosmetics.es\/wp-content\/uploads\/2025\/06\/Melissa-Garten-1024x683.png 1024w, https:\/\/lisamar-cosmetics.es\/wp-content\/uploads\/2025\/06\/Melissa-Garten-768x512.png 768w, https:\/\/lisamar-cosmetics.es\/wp-content\/uploads\/2025\/06\/Melissa-Garten-1536x1024.png 1536w, https:\/\/lisamar-cosmetics.es\/wp-content\/uploads\/2025\/06\/Melissa-Garten-2048x1366.png 2048w, https:\/\/lisamar-cosmetics.es\/wp-content\/uploads\/2025\/06\/Melissa-Garten-1200x800.png 1200w, https:\/\/lisamar-cosmetics.es\/wp-content\/uploads\/2025\/06\/Melissa-Garten-150x100.png 150w\" sizes=\"(max-width: 2560px) 100vw, 2560px\" title=\"\">\t\t\t\t\t\t\t\t\t\t\t\t\t\t\t<\/div>\n\t\t\t\t<\/div>\n\t\t\t\t<\/div>\n\t\t<div class=\"wd-negative-gap elementor-element elementor-element-9db2361 e-flex e-con-boxed e-con e-child\" data-id=\"9db2361\" data-element_type=\"container\" data-e-type=\"container\">\n\t\t\t\t\t<div class=\"e-con-inner\">\n\t\t\t\t<div class=\"elementor-element elementor-element-0713a93 color-scheme-inherit text-left elementor-widget elementor-widget-text-editor\" data-id=\"0713a93\" data-element_type=\"widget\" data-e-type=\"widget\" data-widget_type=\"text-editor.default\">\n\t\t\t\t<div class=\"elementor-widget-container\">\n\t\t\t\t\t\t\t\t\t<p>Para m\u00ed, el estilo de vida mediterr\u00e1neo es m\u00e1s que una colecci\u00f3n de rituales o una forma particular de vivir. Es una filosof\u00eda que se centra en la armon\u00eda con la naturaleza, en disfrutar del momento y en cuidar el cuerpo y la mente. Aqu\u00ed en el Garraf, rodeado de exuberante vegetaci\u00f3n, olivos nudosos y el aroma del tomillo silvestre, recuerdo cada d\u00eda la importancia de estos elementos.<\/p><p>Pasar tiempo al aire libre ofrece importantes beneficios para el bienestar. Por ejemplo, un paseo por la naturaleza puede reducir la presi\u00f3n arterial, el estr\u00e9s y estimular la producci\u00f3n de endorfinas, las llamadas &#8220;hormonas de la felicidad&#8221;. Quienes pasan tiempo al aire libre con regularidad suelen reportar mejor humor, una mente m\u00e1s despejada y una sensaci\u00f3n general de calma.<\/p><p>El diverso paisaje natural ofrece numerosas oportunidades para experimentar los efectos curativos del entorno en cuerpo y mente. El clima mediterr\u00e1neo, con inviernos suaves y veranos c\u00e1lidos, tambi\u00e9n fomenta un estilo de vida activo al aire libre durante todo el a\u00f1o.<\/p><p>La proximidad al mar tambi\u00e9n juega un papel crucial. El sonido de las olas, la brisa marina y la amplitud del horizonte han demostrado tener efectos calmantes. La talasoterapia, que aprovecha las propiedades curativas del agua de mar, se practica desde la antig\u00fcedad y sigue siendo parte integral del concepto de salud mediterr\u00e1neo en la actualidad.<\/p><p>Adem\u00e1s de los beneficios psicol\u00f3gicos, la exposici\u00f3n regular a la naturaleza tambi\u00e9n ofrece beneficios f\u00edsicos tangibles. Estudios demuestran que las personas que pasan tiempo al aire libre con frecuencia tienen un menor riesgo de padecer enfermedades cardiovasculares, diabetes y otras enfermedades cr\u00f3nicas. El ejercicio al aire libre fortalece el sistema inmunitario, promueve la producci\u00f3n de vitamina D y ayuda a mantener un peso corporal saludable.<\/p><p>Adem\u00e1s, la cercan\u00eda del estilo de vida mediterr\u00e1neo a la naturaleza fomenta una mayor conciencia de la sostenibilidad y la protecci\u00f3n del medio ambiente. Quienes experimentan regularmente la belleza y el valor de la naturaleza suelen desarrollar una comprensi\u00f3n m\u00e1s profunda de la necesidad de preservarla. Esto tambi\u00e9n se refleja en el estilo de vida tradicional mediterr\u00e1neo, que se basa en productos locales y de temporada y utiliza los recursos con cuidado.<\/p><p>En un mundo cada vez m\u00e1s dominado por la tecnolog\u00eda y el ritmo fren\u00e9tico, el estilo de vida mediterr\u00e1neo ofrece un bienvenido regreso a lo esencial. La naturaleza no solo sirve como tel\u00f3n de fondo, sino como parte esencial de la vida cotidiana, promoviendo de forma natural la salud y el bienestar.<\/p><p>As\u00ed, quienes se embarcan en un viaje hacia el estilo de vida mediterr\u00e1neo no solo descubrir\u00e1n los placeres de la buena comida y un ritmo relajado, sino tambi\u00e9n el poder transformador de la naturaleza: una fuerza que fortalece el cuerpo, calma la mente y nos reconecta con lo que realmente importa.<\/p><p>Este estilo de vida mediterr\u00e1neo, que vivo tan intensamente aqu\u00ed en el Garraf, no solo es una fuente de inspiraci\u00f3n, sino tambi\u00e9n un regalo para mi bienestar. Me recuerda a diario lo importante que es detenerse, percibir la naturaleza que nos rodea y conectar con ella, no solo para el bienestar de nuestro cuerpo, sino tambi\u00e9n para el de nuestra alma. Y es precisamente esta filosof\u00eda la que quiero transmitir con LisaMar\u00ae a todos aquellos que buscan la belleza en la simplicidad y el valor de la naturaleza.<\/p>\t\t\t\t\t\t\t\t<\/div>\n\t\t\t\t<\/div>\n\t\t\t\t\t<\/div>\n\t\t\t\t<\/div>\n\t\t\t\t<\/div>\n\t\t\t\t<\/div>\n\t\t","protected":false},"excerpt":{"rendered":"<p>El poder de la naturaleza: El estilo de vida mediterr\u00e1neo como clave a la salud f\u00edsica y mental Inicio Como<\/p>","protected":false},"author":1,"featured_media":0,"parent":0,"menu_order":0,"comment_status":"closed","ping_status":"closed","template":"elementor_header_footer","meta":{"footnotes":""},"class_list":["post-2018","page","type-page","status-publish","hentry"],"_links":{"self":[{"href":"https:\/\/lisamar-cosmetics.es\/ca\/wp-json\/wp\/v2\/pages\/2018","targetHints":{"allow":["GET"]}}],"collection":[{"href":"https:\/\/lisamar-cosmetics.es\/ca\/wp-json\/wp\/v2\/pages"}],"about":[{"href":"https:\/\/lisamar-cosmetics.es\/ca\/wp-json\/wp\/v2\/types\/page"}],"author":[{"embeddable":true,"href":"https:\/\/lisamar-cosmetics.es\/ca\/wp-json\/wp\/v2\/users\/1"}],"replies":[{"embeddable":true,"href":"https:\/\/lisamar-cosmetics.es\/ca\/wp-json\/wp\/v2\/comments?post=2018"}],"version-history":[{"count":40,"href":"https:\/\/lisamar-cosmetics.es\/ca\/wp-json\/wp\/v2\/pages\/2018\/revisions"}],"predecessor-version":[{"id":14410,"href":"https:\/\/lisamar-cosmetics.es\/ca\/wp-json\/wp\/v2\/pages\/2018\/revisions\/14410"}],"wp:attachment":[{"href":"https:\/\/lisamar-cosmetics.es\/ca\/wp-json\/wp\/v2\/media?parent=2018"}],"curies":[{"name":"wp","href":"https:\/\/api.w.org\/{rel}","templated":true}]}}