{"id":2008,"date":"2025-05-21T06:45:54","date_gmt":"2025-05-21T06:45:54","guid":{"rendered":"https:\/\/lisamar-cosmetics.es\/?page_id=2008"},"modified":"2025-12-11T15:15:01","modified_gmt":"2025-12-11T15:15:01","slug":"vida-lenta","status":"publish","type":"page","link":"https:\/\/lisamar-cosmetics.es\/ca\/slowliving\/","title":{"rendered":"Slowliving"},"content":{"rendered":"<div data-elementor-type=\"wp-page\" data-elementor-id=\"2008\" class=\"elementor elementor-2008\" data-elementor-post-type=\"page\">\n\t\t\t\t<div class=\"wd-negative-gap elementor-element elementor-element-0761d11 e-flex e-con-boxed e-con e-parent\" data-id=\"0761d11\" data-element_type=\"container\" data-e-type=\"container\" data-settings=\"{&quot;background_background&quot;:&quot;classic&quot;}\">\n\t\t\t\t\t<div class=\"e-con-inner\">\n\t\t\t\t<div class=\"elementor-element elementor-element-fcfd0f1 elementor-widget elementor-widget-heading\" data-id=\"fcfd0f1\" data-element_type=\"widget\" data-e-type=\"widget\" data-widget_type=\"heading.default\">\n\t\t\t\t<div class=\"elementor-widget-container\">\n\t\t\t\t\t<h2 class=\"elementor-heading-title elementor-size-default\">Slowliving: L&#039;art de desaccelerar la vida a l&#039;era moderna\n<\/h2>\t\t\t\t<\/div>\n\t\t\t\t<\/div>\n\t\t\t\t\t<\/div>\n\t\t\t\t<\/div>\n\t\t<div class=\"wd-negative-gap elementor-element elementor-element-19c3931 e-flex e-con-boxed e-con e-parent\" data-id=\"19c3931\" data-element_type=\"container\" data-e-type=\"container\">\n\t\t\t\t\t<div class=\"e-con-inner\">\n\t\t\t\t<div class=\"elementor-element elementor-element-87d59e1 elementor-widget elementor-widget-breadcrumbs\" data-id=\"87d59e1\" data-element_type=\"widget\" data-e-type=\"widget\" data-widget_type=\"breadcrumbs.default\">\n\t\t\t\t<div class=\"elementor-widget-container\">\n\t\t\t\t\t<nav aria-label=\"breadcrumbs\" class=\"rank-math-breadcrumb\"><p><span class=\"last\">Inici<\/span><\/p><\/nav>\t\t\t\t<\/div>\n\t\t\t\t<\/div>\n\t\t\t\t\t<\/div>\n\t\t\t\t<\/div>\n\t\t<div class=\"wd-negative-gap elementor-element elementor-element-4902a4b e-flex e-con-boxed e-con e-parent\" data-id=\"4902a4b\" data-element_type=\"container\" data-e-type=\"container\" data-settings=\"{&quot;background_background&quot;:&quot;classic&quot;}\">\n\t\t\t\t\t<div class=\"e-con-inner\">\n\t\t<div class=\"elementor-element elementor-element-cf1b013 e-con-full e-flex e-con e-child\" data-id=\"cf1b013\" data-element_type=\"container\" data-e-type=\"container\">\n\t\t\t\t<div class=\"elementor-element elementor-element-8be6ea1 elementor-widget__width-initial color-scheme-inherit text-left elementor-widget elementor-widget-text-editor\" data-id=\"8be6ea1\" data-element_type=\"widget\" data-e-type=\"widget\" data-widget_type=\"text-editor.default\">\n\t\t\t\t<div class=\"elementor-widget-container\">\n\t\t\t\t\t\t\t\t\t<p>Slowliving \u00e9s un moviment que se centra en una vida conscient i desaccelerada i t\u00e9 el seu origen en els moviments Slow Food i Slow Movement, que van sorgir a la d\u00e8cada de 1980. El terme \u00abslow living\u00bb es va popularitzar a la d\u00e8cada de 2000 i descriu un estil de vida en qu\u00e8 es prima la qualitat i la sostenibilitat per sobre.<\/p><p>La vida mediterr\u00e0nia acostuma a ser un bon exemple de slow living. En moltes cultures mediterr\u00e0nies es valora molt els menjars llargs i relaxats, les relacions socials estretes i una profunda consci\u00e8ncia de la natura.<\/p>\t\t\t\t\t\t\t\t<\/div>\n\t\t\t\t<\/div>\n\t\t\t\t<\/div>\n\t\t\t\t\t<\/div>\n\t\t\t\t<\/div>\n\t\t<div class=\"elementor-element elementor-element-7520295 e-con-full e-flex e-con e-parent\" data-id=\"7520295\" data-element_type=\"container\" data-e-type=\"container\" data-settings=\"{&quot;background_background&quot;:&quot;classic&quot;}\">\n\t\t<div class=\"wd-negative-gap elementor-element elementor-element-5ff7b05 e-flex e-con-boxed e-con e-child\" data-id=\"5ff7b05\" data-element_type=\"container\" data-e-type=\"container\">\n\t\t\t\t\t<div class=\"e-con-inner\">\n\t\t\t\t<div class=\"elementor-element elementor-element-c79b5bd elementor-widget elementor-widget-heading\" data-id=\"c79b5bd\" data-element_type=\"widget\" data-e-type=\"widget\" data-widget_type=\"heading.default\">\n\t\t\t\t<div class=\"elementor-widget-container\">\n\t\t\t\t\t<h2 class=\"elementor-heading-title elementor-size-default\">Slow Food i Slow Movement: Com la recerca de la qualitat i l&#039;atenci\u00f3 plena configuren els estils de vida moderns<\/h2>\t\t\t\t<\/div>\n\t\t\t\t<\/div>\n\t\t\t\t<div class=\"elementor-element elementor-element-8be1142 color-scheme-inherit text-left elementor-widget elementor-widget-text-editor\" data-id=\"8be1142\" data-element_type=\"widget\" data-e-type=\"widget\" data-widget_type=\"text-editor.default\">\n\t\t\t\t<div class=\"elementor-widget-container\">\n\t\t\t\t\t\t\t\t\t<p>El moviment Slow Food, originat a It\u00e0lia, busca el gaudiment i la sostenibilitat de la nutrici\u00f3 i va ser una reacci\u00f3 a la producci\u00f3 massiva d&#039;aliments, r\u00e0pida i sovint poc saludable. Aquesta filosofia va influir posteriorment en altres \u00e0mbits de la vida, incl\u00f2s el moviment Slow Living.<\/p><p>Viure amb calma significa viure la vida a un ritme moderat, centrant-se en all\u00f2 important i dedicant temps conscientment a les coses que et porten alegria. Aix\u00f2 sol incloure:<br \/>Atenci\u00f3 plena: Consci\u00e8ncia i apreciaci\u00f3 del moment.<br \/>Sostenibilitat: Preneu decisions \u00e8tiques i respectuoses amb el medi ambient.<\/p><p>Qualitat sobre quantitat: Invertir en productes duradors i d&#039;alta qualitat \u00e9s important avui dia.<\/p><p>En un m\u00f3n caracteritzat per la velocitat, l&#039;estr\u00e8s i el consumisme, la vida lenta ofereix una alternativa que promou la salut, la felicitat i la consci\u00e8ncia ambiental. La creixent acceleraci\u00f3 de la vida, combinada amb la sobrec\u00e0rrega digital, ha creat una necessitat creixent de desacceleraci\u00f3 i significat.<\/p>\t\t\t\t\t\t\t\t<\/div>\n\t\t\t\t<\/div>\n\t\t\t\t\t<\/div>\n\t\t\t\t<\/div>\n\t\t<div class=\"wd-negative-gap elementor-element elementor-element-09ea006 e-flex e-con-boxed e-con e-child\" data-id=\"09ea006\" data-element_type=\"container\" data-e-type=\"container\">\n\t\t\t\t\t<div class=\"e-con-inner\">\n\t\t\t\t<div class=\"elementor-element elementor-element-9703885 elementor-widget elementor-widget-image\" data-id=\"9703885\" data-element_type=\"widget\" data-e-type=\"widget\" data-widget_type=\"image.default\">\n\t\t\t\t<div class=\"elementor-widget-container\">\n\t\t\t\t\t\t\t\t\t\t\t\t\t\t\t<img decoding=\"async\" width=\"2560\" height=\"1707\" src=\"https:\/\/lisamar-cosmetics.es\/wp-content\/uploads\/2025\/05\/amy-treasure-4aSCchQ1hzk-unsplash-scaled-1.jpg\" class=\"attachment-full size-full wp-image-3537\" alt=\"\" srcset=\"https:\/\/lisamar-cosmetics.es\/wp-content\/uploads\/2025\/05\/amy-treasure-4aSCchQ1hzk-unsplash-scaled-1.jpg 2560w, https:\/\/lisamar-cosmetics.es\/wp-content\/uploads\/2025\/05\/amy-treasure-4aSCchQ1hzk-unsplash-scaled-1-300x200.jpg 300w, https:\/\/lisamar-cosmetics.es\/wp-content\/uploads\/2025\/05\/amy-treasure-4aSCchQ1hzk-unsplash-scaled-1-1024x683.jpg 1024w, https:\/\/lisamar-cosmetics.es\/wp-content\/uploads\/2025\/05\/amy-treasure-4aSCchQ1hzk-unsplash-scaled-1-768x512.jpg 768w, https:\/\/lisamar-cosmetics.es\/wp-content\/uploads\/2025\/05\/amy-treasure-4aSCchQ1hzk-unsplash-scaled-1-1536x1024.jpg 1536w, https:\/\/lisamar-cosmetics.es\/wp-content\/uploads\/2025\/05\/amy-treasure-4aSCchQ1hzk-unsplash-scaled-1-2048x1366.jpg 2048w, https:\/\/lisamar-cosmetics.es\/wp-content\/uploads\/2025\/05\/amy-treasure-4aSCchQ1hzk-unsplash-scaled-1-1200x800.jpg 1200w, https:\/\/lisamar-cosmetics.es\/wp-content\/uploads\/2025\/05\/amy-treasure-4aSCchQ1hzk-unsplash-scaled-1-150x100.jpg 150w\" sizes=\"(max-width: 2560px) 100vw, 2560px\" title=\"\">\t\t\t\t\t\t\t\t\t\t\t\t\t\t\t<\/div>\n\t\t\t\t<\/div>\n\t\t\t\t\t<\/div>\n\t\t\t\t<\/div>\n\t\t\t\t<\/div>\n\t\t<div class=\"wd-negative-gap elementor-element elementor-element-e5622cd e-flex e-con-boxed e-con e-parent\" data-id=\"e5622cd\" data-element_type=\"container\" data-e-type=\"container\" data-settings=\"{&quot;background_background&quot;:&quot;classic&quot;}\">\n\t\t\t\t\t<div class=\"e-con-inner\">\n\t\t<div class=\"elementor-element elementor-element-e1ed792 e-con-full e-flex e-con e-child\" data-id=\"e1ed792\" data-element_type=\"container\" data-e-type=\"container\">\n\t\t\t\t<div class=\"elementor-element elementor-element-7167bb7 elementor-widget elementor-widget-heading\" data-id=\"7167bb7\" data-element_type=\"widget\" data-e-type=\"widget\" data-widget_type=\"heading.default\">\n\t\t\t\t<div class=\"elementor-widget-container\">\n\t\t\t\t\t<h2 class=\"elementor-heading-title elementor-size-default\">Cura suau al ritme de la vida: slow living a la rutina de cura de la pell\n<\/h2>\t\t\t\t<\/div>\n\t\t\t\t<\/div>\n\t\t\t\t<div class=\"elementor-element elementor-element-7aae62f color-scheme-inherit text-left elementor-widget elementor-widget-text-editor\" data-id=\"7aae62f\" data-element_type=\"widget\" data-e-type=\"widget\" data-widget_type=\"text-editor.default\">\n\t\t\t\t<div class=\"elementor-widget-container\">\n\t\t\t\t\t\t\t\t\t<p>En la nostra atrafegada vida di\u00e0ria, solem reduir la cura de la pell a rutines r\u00e0pides i superficials. Per\u00f2 la filosofia de la vida lenta ens desafia a replantejar-nos aquest enfocament ia cultivar una actitud m\u00e9s relaxada i conscient cap a la nostra pell.<br \/><br \/>Viure amb calma en la cura de la pell vol dir dedicar temps a seleccionar productes naturals d&#039;alta qualitat i tractar-lo com un ritual d&#039;autocura. En lloc de dependre de molts productes i resultats r\u00e0pids, aquesta filosofia t&#039;anima a concentrar-te en uns pocs productes de llarga durada i gaudir-los usant.<\/p>\t\t\t\t\t\t\t\t<\/div>\n\t\t\t\t<\/div>\n\t\t\t\t<\/div>\n\t\t\t\t\t<\/div>\n\t\t\t\t<\/div>\n\t\t<div class=\"elementor-element elementor-element-4629105 e-con-full e-flex e-con e-parent\" data-id=\"4629105\" data-element_type=\"container\" data-e-type=\"container\" data-settings=\"{&quot;background_background&quot;:&quot;classic&quot;}\">\n\t\t<div class=\"elementor-element elementor-element-e1b4f63 e-con-full e-flex e-con e-child\" data-id=\"e1b4f63\" data-element_type=\"container\" data-e-type=\"container\">\n\t\t\t\t<div class=\"elementor-element elementor-element-46d89f3 elementor-widget__width-initial elementor-widget elementor-widget-icon-box\" data-id=\"46d89f3\" data-element_type=\"widget\" data-e-type=\"widget\" data-widget_type=\"icon-box.default\">\n\t\t\t\t<div class=\"elementor-widget-container\">\n\t\t\t\t\t\t\t<div class=\"elementor-icon-box-wrapper\">\n\n\t\t\t\n\t\t\t\t\t\t<div class=\"elementor-icon-box-content\">\n\n\t\t\t\t\t\t\t\t\t<h3 class=\"elementor-icon-box-title\">\n\t\t\t\t\t\t<span  >\n\t\t\t\t\t\t\tQualitat en lloc de quantitat\t\t\t\t\t\t<\/span>\n\t\t\t\t\t<\/h3>\n\t\t\t\t\n\t\t\t\t\t\t\t\t\t<p class=\"elementor-icon-box-description\">\n\t\t\t\t\t\tEn lloc de fer servir una varietat de productes, es recomana centrar-se en menys productes, d&#039;alta qualitat i ben tolerats. Aquests solen oferir millors resultats i s\u00f3n m\u00e9s respectuosos amb la pell i el medi ambient.\t\t\t\t\t<\/p>\n\t\t\t\t\n\t\t\t<\/div>\n\t\t\t\n\t\t<\/div>\n\t\t\t\t\t\t<\/div>\n\t\t\t\t<\/div>\n\t\t\t\t<div class=\"elementor-element elementor-element-cf35544 elementor-widget__width-initial elementor-widget elementor-widget-icon-box\" data-id=\"cf35544\" data-element_type=\"widget\" data-e-type=\"widget\" data-widget_type=\"icon-box.default\">\n\t\t\t\t<div class=\"elementor-widget-container\">\n\t\t\t\t\t\t\t<div class=\"elementor-icon-box-wrapper\">\n\n\t\t\t\n\t\t\t\t\t\t<div class=\"elementor-icon-box-content\">\n\n\t\t\t\t\t\t\t\t\t<h3 class=\"elementor-icon-box-title\">\n\t\t\t\t\t\t<span  >\n\t\t\t\t\t\t\tAtenci\u00f3 plena i ritual\t\t\t\t\t\t<\/span>\n\t\t\t\t\t<\/h3>\n\t\t\t\t\n\t\t\t\t\t\t\t\t\t<p class=\"elementor-icon-box-description\">\n\t\t\t\t\t\tLa rutina de cura de la pell es converteix en un ritual meditatiu. Cada pas, des de la neteja fins a la hidrataci\u00f3, es fa conscientment per gaudir del moment de cura i brindar-li a la pell l&#039;atenci\u00f3 que mereix.\t\t\t\t\t<\/p>\n\t\t\t\t\n\t\t\t<\/div>\n\t\t\t\n\t\t<\/div>\n\t\t\t\t\t\t<\/div>\n\t\t\t\t<\/div>\n\t\t\t\t<div class=\"elementor-element elementor-element-763806f elementor-widget__width-initial elementor-widget elementor-widget-icon-box\" data-id=\"763806f\" data-element_type=\"widget\" data-e-type=\"widget\" data-widget_type=\"icon-box.default\">\n\t\t\t\t<div class=\"elementor-widget-container\">\n\t\t\t\t\t\t\t<div class=\"elementor-icon-box-wrapper\">\n\n\t\t\t\n\t\t\t\t\t\t<div class=\"elementor-icon-box-content\">\n\n\t\t\t\t\t\t\t\t\t<h3 class=\"elementor-icon-box-title\">\n\t\t\t\t\t\t<span  >\n\t\t\t\t\t\t\tSostenibilitat i conscienciaci\u00f3 mediambiental\t\t\t\t\t\t<\/span>\n\t\t\t\t\t<\/h3>\n\t\t\t\t\n\t\t\t\t\t\t\t\t\t<p class=\"elementor-icon-box-description\">\n\t\t\t\t\t\tLa vida lenta d\u00f3na una gran import\u00e0ncia als productes sostenibles i respectuosos amb el medi ambient. Aix\u00f2 significa triar productes que no nom\u00e9s siguin bons per a la pell, sin\u00f3 que tamb\u00e9 es produeixin de manera \u00e8tica i ecol\u00f2gicament responsable.\n\t\t\t\t\t<\/p>\n\t\t\t\t\n\t\t\t<\/div>\n\t\t\t\n\t\t<\/div>\n\t\t\t\t\t\t<\/div>\n\t\t\t\t<\/div>\n\t\t\t\t<\/div>\n\t\t<div class=\"elementor-element elementor-element-b5af203 e-con-full e-flex e-con e-child\" data-id=\"b5af203\" data-element_type=\"container\" data-e-type=\"container\">\n\t\t\t\t<div class=\"elementor-element elementor-element-3bae85e elementor-widget__width-initial color-scheme-inherit text-left elementor-widget elementor-widget-text-editor\" data-id=\"3bae85e\" data-element_type=\"widget\" data-e-type=\"widget\" data-widget_type=\"text-editor.default\">\n\t\t\t\t<div class=\"elementor-widget-container\">\n\t\t\t\t\t\t\t\t\t<p>Amb aquest enfocament, la cura de la pell no nom\u00e9s es converteix en un m\u00e8tode efica\u00e7 per mantenir-la sana i bonica, sin\u00f3 tamb\u00e9 en un acte d&#039;amor propi i atenci\u00f3 plena que s&#039;integra en la vida atrafegada quotidiana.<\/p>\t\t\t\t\t\t\t\t<\/div>\n\t\t\t\t<\/div>\n\t\t\t\t<\/div>\n\t\t\t\t<\/div>\n\t\t\t\t<\/div>","protected":false},"excerpt":{"rendered":"<p>Slowliving: El arte de desacelerar la vida en la era moderna Inicio Slowliving es un movimiento que se centra en<\/p>","protected":false},"author":1,"featured_media":0,"parent":0,"menu_order":0,"comment_status":"closed","ping_status":"closed","template":"elementor_header_footer","meta":{"footnotes":""},"class_list":["post-2008","page","type-page","status-publish","hentry"],"_links":{"self":[{"href":"https:\/\/lisamar-cosmetics.es\/ca\/wp-json\/wp\/v2\/pages\/2008","targetHints":{"allow":["GET"]}}],"collection":[{"href":"https:\/\/lisamar-cosmetics.es\/ca\/wp-json\/wp\/v2\/pages"}],"about":[{"href":"https:\/\/lisamar-cosmetics.es\/ca\/wp-json\/wp\/v2\/types\/page"}],"author":[{"embeddable":true,"href":"https:\/\/lisamar-cosmetics.es\/ca\/wp-json\/wp\/v2\/users\/1"}],"replies":[{"embeddable":true,"href":"https:\/\/lisamar-cosmetics.es\/ca\/wp-json\/wp\/v2\/comments?post=2008"}],"version-history":[{"count":76,"href":"https:\/\/lisamar-cosmetics.es\/ca\/wp-json\/wp\/v2\/pages\/2008\/revisions"}],"predecessor-version":[{"id":14401,"href":"https:\/\/lisamar-cosmetics.es\/ca\/wp-json\/wp\/v2\/pages\/2008\/revisions\/14401"}],"wp:attachment":[{"href":"https:\/\/lisamar-cosmetics.es\/ca\/wp-json\/wp\/v2\/media?parent=2008"}],"curies":[{"name":"wp","href":"https:\/\/api.w.org\/{rel}","templated":true}]}}