{"id":171,"date":"2024-10-25T11:14:50","date_gmt":"2024-10-25T11:14:50","guid":{"rendered":"https:\/\/dummy.xtemos.com\/woodmart2\/makeup-elementor\/?page_id=171"},"modified":"2025-12-11T16:38:06","modified_gmt":"2025-12-11T16:38:06","slug":"sobre-nosaltres-2","status":"publish","type":"page","link":"https:\/\/lisamar-cosmetics.es\/ca\/sobre-nosotros\/","title":{"rendered":"Sobre nosaltres"},"content":{"rendered":"<div data-elementor-type=\"wp-page\" data-elementor-id=\"171\" class=\"elementor elementor-171\" data-elementor-post-type=\"page\">\n\t\t\t\t<div class=\"wd-negative-gap elementor-element elementor-element-e0982c1 wd-section-stretch color-scheme-light e-flex e-con-boxed e-con e-parent\" data-id=\"e0982c1\" data-element_type=\"container\" data-e-type=\"container\" data-settings=\"{&quot;background_background&quot;:&quot;classic&quot;}\">\n\t\t\t\t\t<div class=\"e-con-inner\">\n\t\t\t\t<div class=\"elementor-element elementor-element-ddf64ce wd-width-100 elementor-widget elementor-widget-wd_title\" data-id=\"ddf64ce\" data-element_type=\"widget\" data-e-type=\"widget\" data-widget_type=\"wd_title.default\">\n\t\t\t\t<div class=\"elementor-widget-container\">\n\t\t\t\t\t\t\t<div class=\"title-wrapper wd-set-mb reset-last-child wd-title-color-default wd-title-style-default wd-title-size-default text-left\">\n\n\t\t\t\n\t\t\t<div class=\"liner-continer\">\n\t\t\t\t<h4 class=\"woodmart-title-container title wd-fontsize-l\">Som LisaMar\u00ae<br \/>\n<\/h4> \n\t\t\t\t\t\t\t<\/div>\n\n\t\t\t\t\t<\/div>\n\t\t\t\t\t\t<\/div>\n\t\t\t\t<\/div>\n\t\t\t\t<div class=\"elementor-element elementor-element-68ef9e7 wd-width-100 elementor-widget elementor-widget-wd_title\" data-id=\"68ef9e7\" data-element_type=\"widget\" data-e-type=\"widget\" data-widget_type=\"wd_title.default\">\n\t\t\t\t<div class=\"elementor-widget-container\">\n\t\t\t\t\t\t\t<div class=\"title-wrapper wd-set-mb reset-last-child wd-title-color-default wd-title-style-default wd-title-size-default text-left\">\n\n\t\t\t\n\t\t\t<div class=\"liner-continer\">\n\t\t\t\t<h4 class=\"woodmart-title-container title wd-fontsize-l\">La nostra hist\u00f2ria<br \/>\n<\/h4> \n\t\t\t\t\t\t\t<\/div>\n\n\t\t\t\t\t<\/div>\n\t\t\t\t\t\t<\/div>\n\t\t\t\t<\/div>\n\t\t\t\t<div class=\"elementor-element elementor-element-31f1d95 elementor-widget elementor-widget-wd_text_block\" data-id=\"31f1d95\" data-element_type=\"widget\" data-e-type=\"widget\" data-widget_type=\"wd_text_block.default\">\n\t\t\t\t<div class=\"elementor-widget-container\">\n\t\t\t\t\t\t\t<div class=\"wd-text-block reset-last-child text-left\">\n\t\t\t\n\t\t\t<p>LisaMar\u00ae va ser fundada per Melissa a Barcelona inspirada per l&#039;estil de vida mediterrani. La idea va sorgir del seu amor pels productes de cura natural i els ingredients mediterranis. LisaMar\u00ae \u00e9s sin\u00f2nim de bellesa i amor propi, basant-se en principis naturals i sostenibles que combinen el millor de la naturalesa mediterr\u00e0nia.<\/p>\n\t\t\t\t\t<\/div>\n\t\t\t\t\t\t<\/div>\n\t\t\t\t<\/div>\n\t\t\t\t<div class=\"elementor-element elementor-element-9b4f92f elementor-widget elementor-widget-button\" data-id=\"9b4f92f\" data-element_type=\"widget\" data-e-type=\"widget\" data-widget_type=\"button.default\">\n\t\t\t\t<div class=\"elementor-widget-container\">\n\t\t\t\t\t\t\t\t\t<div class=\"elementor-button-wrapper\">\n\t\t\t\t\t<a class=\"elementor-button elementor-button-link elementor-size-sm\" href=\"https:\/\/lisamar-cosmetics.es\/ca\/descripcio-de-la-nostra-historia-2\/\">\n\t\t\t\t\t\t<span class=\"elementor-button-content-wrapper\">\n\t\t\t\t\t\t\t\t\t<span class=\"elementor-button-text\">Llegir m\u00e9s \u00bb<\/span>\n\t\t\t\t\t<\/span>\n\t\t\t\t\t<\/a>\n\t\t\t\t<\/div>\n\t\t\t\t\t\t\t\t<\/div>\n\t\t\t\t<\/div>\n\t\t\t\t\t<\/div>\n\t\t\t\t<\/div>\n\t\t<div class=\"wd-negative-gap elementor-element elementor-element-2e6cdb2 e-flex e-con-boxed e-con e-parent\" data-id=\"2e6cdb2\" data-element_type=\"container\" data-e-type=\"container\" data-settings=\"{&quot;background_background&quot;:&quot;classic&quot;}\">\n\t\t\t\t\t<div class=\"e-con-inner\">\n\t\t<div class=\"elementor-element elementor-element-5ab04c2 e-con-full color-scheme-light e-flex e-con e-child\" data-id=\"5ab04c2\" data-element_type=\"container\" data-e-type=\"container\">\n\t\t\t\t<div class=\"elementor-element elementor-element-4919d87 wd-width-100 elementor-widget elementor-widget-wd_title\" data-id=\"4919d87\" data-element_type=\"widget\" data-e-type=\"widget\" data-widget_type=\"wd_title.default\">\n\t\t\t\t<div class=\"elementor-widget-container\">\n\t\t\t\t\t\t\t<div class=\"title-wrapper wd-set-mb reset-last-child wd-title-color-default wd-title-style-default wd-title-size-default text-left\">\n\n\t\t\t\n\t\t\t<div class=\"liner-continer\">\n\t\t\t\t<h4 class=\"woodmart-title-container title wd-fontsize-l\">Els nostres valors<br \/>\n<\/h4> \n\t\t\t\t\t\t\t<\/div>\n\n\t\t\t\t\t<\/div>\n\t\t\t\t\t\t<\/div>\n\t\t\t\t<\/div>\n\t\t\t\t<div class=\"elementor-element elementor-element-5cb714c elementor-widget elementor-widget-wd_text_block\" data-id=\"5cb714c\" data-element_type=\"widget\" data-e-type=\"widget\" data-widget_type=\"wd_text_block.default\">\n\t\t\t\t<div class=\"elementor-widget-container\">\n\t\t\t\t\t\t\t<div class=\"wd-text-block reset-last-child text-left\">\n\t\t\t\n\t\t\t<p>LisaMar\u00ae promou la bellesa conscient i la cura personal. Els nostres productes s\u00f3n vegans, no es proven en animals i es fabriquen localment a Espanya. Defensem la transpar\u00e8ncia i la producci\u00f3 \u00e8tica, i col\u00b7laborem estretament amb socis que comparteixen els nostres valors. Els nostres necessers de cosm\u00e8tics es fabriquen a m\u00e0 a Barcelona per una instituci\u00f3 social.<\/p>\n\t\t\t\t\t<\/div>\n\t\t\t\t\t\t<\/div>\n\t\t\t\t<\/div>\n\t\t\t\t<div class=\"elementor-element elementor-element-228de8a elementor-widget elementor-widget-button\" data-id=\"228de8a\" data-element_type=\"widget\" data-e-type=\"widget\" data-widget_type=\"button.default\">\n\t\t\t\t<div class=\"elementor-widget-container\">\n\t\t\t\t\t\t\t\t\t<div class=\"elementor-button-wrapper\">\n\t\t\t\t\t<a class=\"elementor-button elementor-button-link elementor-size-sm\" href=\"https:\/\/lisamar-cosmetics.es\/ca\/els-nostres-valors-descripcio\/\">\n\t\t\t\t\t\t<span class=\"elementor-button-content-wrapper\">\n\t\t\t\t\t\t\t\t\t<span class=\"elementor-button-text\">Llegir m\u00e9s \u00bb<\/span>\n\t\t\t\t\t<\/span>\n\t\t\t\t\t<\/a>\n\t\t\t\t<\/div>\n\t\t\t\t\t\t\t\t<\/div>\n\t\t\t\t<\/div>\n\t\t\t\t<\/div>\n\t\t<div class=\"elementor-element elementor-element-ad81719 e-con-full e-flex e-con e-child\" data-id=\"ad81719\" data-element_type=\"container\" data-e-type=\"container\">\n\t\t\t\t<div class=\"elementor-element elementor-element-2fa0b77 elementor-widget elementor-widget-image\" data-id=\"2fa0b77\" data-element_type=\"widget\" data-e-type=\"widget\" data-widget_type=\"image.default\">\n\t\t\t\t<div class=\"elementor-widget-container\">\n\t\t\t\t\t\t\t\t\t\t\t\t\t\t\t<img decoding=\"async\" width=\"2560\" height=\"1707\" src=\"https:\/\/lisamar-cosmetics.es\/wp-content\/uploads\/2025\/06\/Melissa-Garten-1.png\" class=\"attachment-full size-full wp-image-4672\" alt=\"\" srcset=\"https:\/\/lisamar-cosmetics.es\/wp-content\/uploads\/2025\/06\/Melissa-Garten-1.png 2560w, https:\/\/lisamar-cosmetics.es\/wp-content\/uploads\/2025\/06\/Melissa-Garten-1-300x200.png 300w, https:\/\/lisamar-cosmetics.es\/wp-content\/uploads\/2025\/06\/Melissa-Garten-1-1024x683.png 1024w, https:\/\/lisamar-cosmetics.es\/wp-content\/uploads\/2025\/06\/Melissa-Garten-1-768x512.png 768w, https:\/\/lisamar-cosmetics.es\/wp-content\/uploads\/2025\/06\/Melissa-Garten-1-1536x1024.png 1536w, https:\/\/lisamar-cosmetics.es\/wp-content\/uploads\/2025\/06\/Melissa-Garten-1-2048x1366.png 2048w, https:\/\/lisamar-cosmetics.es\/wp-content\/uploads\/2025\/06\/Melissa-Garten-1-1200x800.png 1200w, https:\/\/lisamar-cosmetics.es\/wp-content\/uploads\/2025\/06\/Melissa-Garten-1-150x100.png 150w\" sizes=\"(max-width: 2560px) 100vw, 2560px\" title=\"\">\t\t\t\t\t\t\t\t\t\t\t\t\t\t\t<\/div>\n\t\t\t\t<\/div>\n\t\t\t\t<\/div>\n\t\t\t\t\t<\/div>\n\t\t\t\t<\/div>\n\t\t<div class=\"wd-negative-gap elementor-element elementor-element-402eab0 e-flex e-con-boxed e-con e-parent\" data-id=\"402eab0\" data-element_type=\"container\" data-e-type=\"container\" data-settings=\"{&quot;background_background&quot;:&quot;classic&quot;}\">\n\t\t\t\t\t<div class=\"e-con-inner\">\n\t\t\t\t<div class=\"elementor-element elementor-element-0f6a179 elementor-widget elementor-widget-heading\" data-id=\"0f6a179\" data-element_type=\"widget\" data-e-type=\"widget\" data-widget_type=\"heading.default\">\n\t\t\t\t<div class=\"elementor-widget-container\">\n\t\t\t\t\t<h2 class=\"elementor-heading-title elementor-size-default\">sostenibilitat\n<\/h2>\t\t\t\t<\/div>\n\t\t\t\t<\/div>\n\t\t\t\t<div class=\"elementor-element elementor-element-82d9a85 color-scheme-inherit text-left elementor-widget elementor-widget-text-editor\" data-id=\"82d9a85\" data-element_type=\"widget\" data-e-type=\"widget\" data-widget_type=\"text-editor.default\">\n\t\t\t\t<div class=\"elementor-widget-container\">\n\t\t\t\t\t\t\t\t\t<p>LisaMar\u00ae est\u00e0 compromesa amb la sostenibilitat: Els nostres productes estan elaborats amb ingredients org\u00e0nics, vegans i naturals certificats. El nostre embalatge \u00e9s ecol\u00f2gic i reciclable, i els nostres enviaments s\u00f3n neutres a CO\u2082 gr\u00e0cies a DHL GoGreen. La sostenibilitat \u00e9s un valor fonamental per a nosaltres; treballem cont\u00ednuament per reduir encara m\u00e9s la nostra petjada ecol\u00f2gica.<\/p>\t\t\t\t\t\t\t\t<\/div>\n\t\t\t\t<\/div>\n\t\t\t\t<div class=\"elementor-element elementor-element-6f9e976 elementor-align-center elementor-widget elementor-widget-button\" data-id=\"6f9e976\" data-element_type=\"widget\" data-e-type=\"widget\" data-widget_type=\"button.default\">\n\t\t\t\t<div class=\"elementor-widget-container\">\n\t\t\t\t\t\t\t\t\t<div class=\"elementor-button-wrapper\">\n\t\t\t\t\t<a class=\"elementor-button elementor-button-link elementor-size-sm\" href=\"https:\/\/lisamar-cosmetics.es\/ca\/sostenibilitat-2\/\">\n\t\t\t\t\t\t<span class=\"elementor-button-content-wrapper\">\n\t\t\t\t\t\t\t\t\t<span class=\"elementor-button-text\">Llegir m\u00e9s \u00bb<\/span>\n\t\t\t\t\t<\/span>\n\t\t\t\t\t<\/a>\n\t\t\t\t<\/div>\n\t\t\t\t\t\t\t\t<\/div>\n\t\t\t\t<\/div>\n\t\t\t\t\t<\/div>\n\t\t\t\t<\/div>\n\t\t<div class=\"wd-negative-gap elementor-element elementor-element-ad7f56e e-flex e-con-boxed e-con e-parent\" data-id=\"ad7f56e\" data-element_type=\"container\" data-e-type=\"container\" data-settings=\"{&quot;background_background&quot;:&quot;classic&quot;}\">\n\t\t\t\t\t<div class=\"e-con-inner\">\n\t\t<div class=\"elementor-element elementor-element-4acf237 e-con-full e-flex e-con e-child\" data-id=\"4acf237\" data-element_type=\"container\" data-e-type=\"container\">\n\t\t\t\t<div class=\"elementor-element elementor-element-7492db1 elementor-widget elementor-widget-image\" data-id=\"7492db1\" data-element_type=\"widget\" data-e-type=\"widget\" data-widget_type=\"image.default\">\n\t\t\t\t<div class=\"elementor-widget-container\">\n\t\t\t\t\t\t\t\t\t\t\t\t\t\t\t<img decoding=\"async\" width=\"2560\" height=\"1707\" src=\"https:\/\/lisamar-cosmetics.es\/wp-content\/uploads\/2025\/06\/Melissa-Garten.png\" class=\"attachment-full size-full wp-image-4668\" alt=\"\" srcset=\"https:\/\/lisamar-cosmetics.es\/wp-content\/uploads\/2025\/06\/Melissa-Garten.png 2560w, https:\/\/lisamar-cosmetics.es\/wp-content\/uploads\/2025\/06\/Melissa-Garten-300x200.png 300w, https:\/\/lisamar-cosmetics.es\/wp-content\/uploads\/2025\/06\/Melissa-Garten-1024x683.png 1024w, https:\/\/lisamar-cosmetics.es\/wp-content\/uploads\/2025\/06\/Melissa-Garten-768x512.png 768w, https:\/\/lisamar-cosmetics.es\/wp-content\/uploads\/2025\/06\/Melissa-Garten-1536x1024.png 1536w, https:\/\/lisamar-cosmetics.es\/wp-content\/uploads\/2025\/06\/Melissa-Garten-2048x1366.png 2048w, https:\/\/lisamar-cosmetics.es\/wp-content\/uploads\/2025\/06\/Melissa-Garten-1200x800.png 1200w, https:\/\/lisamar-cosmetics.es\/wp-content\/uploads\/2025\/06\/Melissa-Garten-150x100.png 150w\" sizes=\"(max-width: 2560px) 100vw, 2560px\" title=\"\">\t\t\t\t\t\t\t\t\t\t\t\t\t\t\t<\/div>\n\t\t\t\t<\/div>\n\t\t\t\t<\/div>\n\t\t<div class=\"elementor-element elementor-element-73c67f6 e-con-full color-scheme-light e-flex e-con e-child\" data-id=\"73c67f6\" data-element_type=\"container\" data-e-type=\"container\">\n\t\t\t\t<div class=\"elementor-element elementor-element-2b013de wd-width-100 elementor-widget elementor-widget-wd_title\" data-id=\"2b013de\" data-element_type=\"widget\" data-e-type=\"widget\" data-widget_type=\"wd_title.default\">\n\t\t\t\t<div class=\"elementor-widget-container\">\n\t\t\t\t\t\t\t<div class=\"title-wrapper wd-set-mb reset-last-child wd-title-color-default wd-title-style-default wd-title-size-default text-left\">\n\n\t\t\t\n\t\t\t<div class=\"liner-continer\">\n\t\t\t\t<h4 class=\"woodmart-title-container title wd-fontsize-l\">Responsabilitat social<br \/>\n<\/h4> \n\t\t\t\t\t\t\t<\/div>\n\n\t\t\t\t\t<\/div>\n\t\t\t\t\t\t<\/div>\n\t\t\t\t<\/div>\n\t\t\t\t<div class=\"elementor-element elementor-element-433f6a3 elementor-widget elementor-widget-wd_text_block\" data-id=\"433f6a3\" data-element_type=\"widget\" data-e-type=\"widget\" data-widget_type=\"wd_text_block.default\">\n\t\t\t\t<div class=\"elementor-widget-container\">\n\t\t\t\t\t\t\t<div class=\"wd-text-block reset-last-child text-left\">\n\t\t\t\n\t\t\t<p>A LisaMar\u00ae, la responsabilitat social \u00e9s fonamental per a nosaltres. Donem suport a la Fundaci\u00f3 Roure de Barcelona, que produeix bosses de cosm\u00e8tics i ofereix feina i oportunitats a persones en situacions dif\u00edcils. Amb cada compra de les nostres borses, recolzes projectes socials i brindes noves oportunitats a persones.<\/p>\n\t\t\t\t\t<\/div>\n\t\t\t\t\t\t<\/div>\n\t\t\t\t<\/div>\n\t\t\t\t<div class=\"elementor-element elementor-element-2039b9d elementor-widget elementor-widget-button\" data-id=\"2039b9d\" data-element_type=\"widget\" data-e-type=\"widget\" data-widget_type=\"button.default\">\n\t\t\t\t<div class=\"elementor-widget-container\">\n\t\t\t\t\t\t\t\t\t<div class=\"elementor-button-wrapper\">\n\t\t\t\t\t<a class=\"elementor-button elementor-button-link elementor-size-sm\" href=\"https:\/\/lisamar-cosmetics.es\/ca\/responsabilitat-social-2\/\">\n\t\t\t\t\t\t<span class=\"elementor-button-content-wrapper\">\n\t\t\t\t\t\t\t\t\t<span class=\"elementor-button-text\">Llegir m\u00e9s \u00bb<\/span>\n\t\t\t\t\t<\/span>\n\t\t\t\t\t<\/a>\n\t\t\t\t<\/div>\n\t\t\t\t\t\t\t\t<\/div>\n\t\t\t\t<\/div>\n\t\t\t\t<\/div>\n\t\t\t\t\t<\/div>\n\t\t\t\t<\/div>\n\t\t<div class=\"wd-negative-gap elementor-element elementor-element-af9e375 e-flex e-con-boxed e-con e-parent\" data-id=\"af9e375\" data-element_type=\"container\" data-e-type=\"container\" data-settings=\"{&quot;background_background&quot;:&quot;classic&quot;}\">\n\t\t\t\t\t<div class=\"e-con-inner\">\n\t\t\t\t<div class=\"elementor-element elementor-element-660a58a wd-width-100 elementor-widget elementor-widget-wd_title\" data-id=\"660a58a\" data-element_type=\"widget\" data-e-type=\"widget\" data-widget_type=\"wd_title.default\">\n\t\t\t\t<div class=\"elementor-widget-container\">\n\t\t\t\t\t\t\t<div class=\"title-wrapper wd-set-mb reset-last-child wd-title-color-default wd-title-style-default wd-title-size-default text-center\">\n\n\t\t\t\n\t\t\t<div class=\"liner-continer\">\n\t\t\t\t<h4 class=\"woodmart-title-container title wd-fontsize-l\">Les nostres certificacions<\/h4> \n\t\t\t\t\t\t\t<\/div>\n\n\t\t\t\t\t<\/div>\n\t\t\t\t\t\t<\/div>\n\t\t\t\t<\/div>\n\t\t\t\t<div class=\"elementor-element elementor-element-964bb50 text-center color-scheme-inherit elementor-widget elementor-widget-text-editor\" data-id=\"964bb50\" data-element_type=\"widget\" data-e-type=\"widget\" data-widget_type=\"text-editor.default\">\n\t\t\t\t<div class=\"elementor-widget-container\">\n\t\t\t\t\t\t\t\t\t<p>LisaMar\u00ae compta amb la certificaci\u00f3 ACENE, que garanteix la m\u00e0xima qualitat i sostenibilitat. Aquesta certificaci\u00f3 es basa en estrictes est\u00e0ndards ecol\u00f2gics, ingredients naturals i producci\u00f3 sense animals. Els segells org\u00e0nic i veg\u00e0 subratllen el nostre comprom\u00eds amb els processos de producci\u00f3 \u00e8tics i el respecte per la natura.<\/p>\t\t\t\t\t\t\t\t<\/div>\n\t\t\t\t<\/div>\n\t\t\t\t<div class=\"elementor-element elementor-element-4047799 elementor-widget elementor-widget-button\" data-id=\"4047799\" data-element_type=\"widget\" data-e-type=\"widget\" data-widget_type=\"button.default\">\n\t\t\t\t<div class=\"elementor-widget-container\">\n\t\t\t\t\t\t\t\t\t<div class=\"elementor-button-wrapper\">\n\t\t\t\t\t<a class=\"elementor-button elementor-button-link elementor-size-sm\" href=\"https:\/\/lisamar-cosmetics.es\/ca\/les-nostres-certificacions-2\/\">\n\t\t\t\t\t\t<span class=\"elementor-button-content-wrapper\">\n\t\t\t\t\t\t\t\t\t<span class=\"elementor-button-text\">Llegir m\u00e9s \u00bb<\/span>\n\t\t\t\t\t<\/span>\n\t\t\t\t\t<\/a>\n\t\t\t\t<\/div>\n\t\t\t\t\t\t\t\t<\/div>\n\t\t\t\t<\/div>\n\t\t<div class=\"elementor-element elementor-element-28743c1 e-con-full e-flex e-con e-child\" data-id=\"28743c1\" data-element_type=\"container\" data-e-type=\"container\">\n\t\t\t\t<div class=\"elementor-element elementor-element-257555d elementor-widget-mobile__width-initial elementor-widget elementor-widget-image\" data-id=\"257555d\" data-element_type=\"widget\" data-e-type=\"widget\" data-widget_type=\"image.default\">\n\t\t\t\t<div class=\"elementor-widget-container\">\n\t\t\t\t\t\t\t\t\t\t\t\t\t\t\t<img decoding=\"async\" width=\"1181\" height=\"1181\" src=\"https:\/\/lisamar-cosmetics.es\/wp-content\/uploads\/2025\/05\/sello-VEGAN.jpg\" class=\"attachment-full size-full wp-image-2240\" alt=\"\" srcset=\"https:\/\/lisamar-cosmetics.es\/wp-content\/uploads\/2025\/05\/sello-VEGAN.jpg 1181w, https:\/\/lisamar-cosmetics.es\/wp-content\/uploads\/2025\/05\/sello-VEGAN-600x600.jpg 600w, https:\/\/lisamar-cosmetics.es\/wp-content\/uploads\/2025\/05\/sello-VEGAN-150x150.jpg 150w, https:\/\/lisamar-cosmetics.es\/wp-content\/uploads\/2025\/05\/sello-VEGAN-300x300.jpg 300w, https:\/\/lisamar-cosmetics.es\/wp-content\/uploads\/2025\/05\/sello-VEGAN-1024x1024.jpg 1024w, https:\/\/lisamar-cosmetics.es\/wp-content\/uploads\/2025\/05\/sello-VEGAN-768x768.jpg 768w\" sizes=\"(max-width: 1181px) 100vw, 1181px\" title=\"\">\t\t\t\t\t\t\t\t\t\t\t\t\t\t\t<\/div>\n\t\t\t\t<\/div>\n\t\t\t\t<div class=\"elementor-element elementor-element-5f291fb elementor-widget-mobile__width-initial elementor-widget elementor-widget-image\" data-id=\"5f291fb\" data-element_type=\"widget\" data-e-type=\"widget\" data-widget_type=\"image.default\">\n\t\t\t\t<div class=\"elementor-widget-container\">\n\t\t\t\t\t\t\t\t\t\t\t\t\t\t\t<img decoding=\"async\" width=\"1181\" height=\"1181\" src=\"https:\/\/lisamar-cosmetics.es\/wp-content\/uploads\/2025\/05\/sello-NAT.jpg\" class=\"attachment-full size-full wp-image-2239\" alt=\"\" srcset=\"https:\/\/lisamar-cosmetics.es\/wp-content\/uploads\/2025\/05\/sello-NAT.jpg 1181w, https:\/\/lisamar-cosmetics.es\/wp-content\/uploads\/2025\/05\/sello-NAT-600x600.jpg 600w, https:\/\/lisamar-cosmetics.es\/wp-content\/uploads\/2025\/05\/sello-NAT-150x150.jpg 150w, https:\/\/lisamar-cosmetics.es\/wp-content\/uploads\/2025\/05\/sello-NAT-300x300.jpg 300w, https:\/\/lisamar-cosmetics.es\/wp-content\/uploads\/2025\/05\/sello-NAT-1024x1024.jpg 1024w, https:\/\/lisamar-cosmetics.es\/wp-content\/uploads\/2025\/05\/sello-NAT-768x768.jpg 768w\" sizes=\"(max-width: 1181px) 100vw, 1181px\" title=\"\">\t\t\t\t\t\t\t\t\t\t\t\t\t\t\t<\/div>\n\t\t\t\t<\/div>\n\t\t\t\t<div class=\"elementor-element elementor-element-bf005ea elementor-widget-mobile__width-initial elementor-widget elementor-widget-image\" data-id=\"bf005ea\" data-element_type=\"widget\" data-e-type=\"widget\" data-widget_type=\"image.default\">\n\t\t\t\t<div class=\"elementor-widget-container\">\n\t\t\t\t\t\t\t\t\t\t\t\t\t\t\t<img decoding=\"async\" width=\"1181\" height=\"1181\" src=\"https:\/\/lisamar-cosmetics.es\/wp-content\/uploads\/2025\/05\/sello-BIO.jpg\" class=\"attachment-full size-full wp-image-2238\" alt=\"\" srcset=\"https:\/\/lisamar-cosmetics.es\/wp-content\/uploads\/2025\/05\/sello-BIO.jpg 1181w, https:\/\/lisamar-cosmetics.es\/wp-content\/uploads\/2025\/05\/sello-BIO-600x600.jpg 600w, https:\/\/lisamar-cosmetics.es\/wp-content\/uploads\/2025\/05\/sello-BIO-150x150.jpg 150w, https:\/\/lisamar-cosmetics.es\/wp-content\/uploads\/2025\/05\/sello-BIO-300x300.jpg 300w, https:\/\/lisamar-cosmetics.es\/wp-content\/uploads\/2025\/05\/sello-BIO-1024x1024.jpg 1024w, https:\/\/lisamar-cosmetics.es\/wp-content\/uploads\/2025\/05\/sello-BIO-768x768.jpg 768w\" sizes=\"(max-width: 1181px) 100vw, 1181px\" title=\"\">\t\t\t\t\t\t\t\t\t\t\t\t\t\t\t<\/div>\n\t\t\t\t<\/div>\n\t\t\t\t<\/div>\n\t\t\t\t\t<\/div>\n\t\t\t\t<\/div>\n\t\t\t\t<\/div>","protected":false},"excerpt":{"rendered":"<p>Somos LisaMar\u00ae Nuestra historia LisaMar\u00ae fue fundada por Melissa en Barcelona, inspirada por el estilo de vida mediterr\u00e1neo. La idea<\/p>","protected":false},"author":1,"featured_media":0,"parent":0,"menu_order":0,"comment_status":"closed","ping_status":"closed","template":"","meta":{"footnotes":""},"class_list":["post-171","page","type-page","status-publish","hentry"],"_links":{"self":[{"href":"https:\/\/lisamar-cosmetics.es\/ca\/wp-json\/wp\/v2\/pages\/171","targetHints":{"allow":["GET"]}}],"collection":[{"href":"https:\/\/lisamar-cosmetics.es\/ca\/wp-json\/wp\/v2\/pages"}],"about":[{"href":"https:\/\/lisamar-cosmetics.es\/ca\/wp-json\/wp\/v2\/types\/page"}],"author":[{"embeddable":true,"href":"https:\/\/lisamar-cosmetics.es\/ca\/wp-json\/wp\/v2\/users\/1"}],"replies":[{"embeddable":true,"href":"https:\/\/lisamar-cosmetics.es\/ca\/wp-json\/wp\/v2\/comments?post=171"}],"version-history":[{"count":174,"href":"https:\/\/lisamar-cosmetics.es\/ca\/wp-json\/wp\/v2\/pages\/171\/revisions"}],"predecessor-version":[{"id":14471,"href":"https:\/\/lisamar-cosmetics.es\/ca\/wp-json\/wp\/v2\/pages\/171\/revisions\/14471"}],"wp:attachment":[{"href":"https:\/\/lisamar-cosmetics.es\/ca\/wp-json\/wp\/v2\/media?parent=171"}],"curies":[{"name":"wp","href":"https:\/\/api.w.org\/{rel}","templated":true}]}}