{"id":13717,"date":"2025-09-16T14:33:57","date_gmt":"2025-09-16T14:33:57","guid":{"rendered":"https:\/\/lisamar-cosmetics.es\/?page_id=13717"},"modified":"2025-12-11T15:57:51","modified_gmt":"2025-12-11T15:57:51","slug":"programa-dafiliats","status":"publish","type":"page","link":"https:\/\/lisamar-cosmetics.es\/ca\/programa-de-afiliados\/","title":{"rendered":"Programa d&#039;afiliats"},"content":{"rendered":"<div data-elementor-type=\"wp-page\" data-elementor-id=\"13717\" class=\"elementor elementor-13717\" data-elementor-post-type=\"page\">\n\t\t\t\t<div class=\"wd-negative-gap elementor-element elementor-element-8aaa018 e-flex e-con-boxed e-con e-parent\" data-id=\"8aaa018\" data-element_type=\"container\" data-e-type=\"container\" data-settings=\"{&quot;background_background&quot;:&quot;classic&quot;}\">\n\t\t\t\t\t<div class=\"e-con-inner\">\n\t\t\t\t<div class=\"elementor-element elementor-element-c217dd1 elementor-widget elementor-widget-heading\" data-id=\"c217dd1\" data-element_type=\"widget\" data-e-type=\"widget\" data-widget_type=\"heading.default\">\n\t\t\t\t<div class=\"elementor-widget-container\">\n\t\t\t\t\t<h2 class=\"elementor-heading-title elementor-size-default\">Programa d&#039;afiliats<\/h2>\t\t\t\t<\/div>\n\t\t\t\t<\/div>\n\t\t\t\t\t<\/div>\n\t\t\t\t<\/div>\n\t\t<div class=\"wd-negative-gap elementor-element elementor-element-5f16823 e-flex e-con-boxed e-con e-parent\" data-id=\"5f16823\" data-element_type=\"container\" data-e-type=\"container\">\n\t\t\t\t\t<div class=\"e-con-inner\">\n\t\t\t\t<div class=\"elementor-element elementor-element-4d707e6 elementor-widget elementor-widget-breadcrumbs\" data-id=\"4d707e6\" data-element_type=\"widget\" data-e-type=\"widget\" data-widget_type=\"breadcrumbs.default\">\n\t\t\t\t<div class=\"elementor-widget-container\">\n\t\t\t\t\t<nav aria-label=\"breadcrumbs\" class=\"rank-math-breadcrumb\"><p><span class=\"last\">Inici<\/span><\/p><\/nav>\t\t\t\t<\/div>\n\t\t\t\t<\/div>\n\t\t\t\t\t<\/div>\n\t\t\t\t<\/div>\n\t\t<div class=\"elementor-element elementor-element-4d9a5e8 e-con-full e-flex e-con e-parent\" data-id=\"4d9a5e8\" data-element_type=\"container\" data-e-type=\"container\" data-settings=\"{&quot;background_background&quot;:&quot;classic&quot;}\">\n\t\t<div class=\"elementor-element elementor-element-19c5dfc e-con-full e-flex e-con e-child\" data-id=\"19c5dfc\" data-element_type=\"container\" data-e-type=\"container\">\n\t\t\t\t<div class=\"elementor-element elementor-element-df96bd1 elementor-widget elementor-widget-image\" data-id=\"df96bd1\" data-element_type=\"widget\" data-e-type=\"widget\" data-widget_type=\"image.default\">\n\t\t\t\t<div class=\"elementor-widget-container\">\n\t\t\t\t\t\t\t\t\t\t\t\t\t\t\t<img decoding=\"async\" width=\"2000\" height=\"2001\" src=\"https:\/\/lisamar-cosmetics.es\/wp-content\/uploads\/2025\/09\/A_SET-Reinigungsschaum_Gesichtscreme_Setting.jpg\" class=\"attachment-full size-full wp-image-13721\" alt=\"\" srcset=\"https:\/\/lisamar-cosmetics.es\/wp-content\/uploads\/2025\/09\/A_SET-Reinigungsschaum_Gesichtscreme_Setting.jpg 2000w, https:\/\/lisamar-cosmetics.es\/wp-content\/uploads\/2025\/09\/A_SET-Reinigungsschaum_Gesichtscreme_Setting-300x300.jpg 300w, https:\/\/lisamar-cosmetics.es\/wp-content\/uploads\/2025\/09\/A_SET-Reinigungsschaum_Gesichtscreme_Setting-1024x1024.jpg 1024w, https:\/\/lisamar-cosmetics.es\/wp-content\/uploads\/2025\/09\/A_SET-Reinigungsschaum_Gesichtscreme_Setting-150x150.jpg 150w, https:\/\/lisamar-cosmetics.es\/wp-content\/uploads\/2025\/09\/A_SET-Reinigungsschaum_Gesichtscreme_Setting-768x768.jpg 768w, https:\/\/lisamar-cosmetics.es\/wp-content\/uploads\/2025\/09\/A_SET-Reinigungsschaum_Gesichtscreme_Setting-1536x1536.jpg 1536w, https:\/\/lisamar-cosmetics.es\/wp-content\/uploads\/2025\/09\/A_SET-Reinigungsschaum_Gesichtscreme_Setting-12x12.jpg 12w, https:\/\/lisamar-cosmetics.es\/wp-content\/uploads\/2025\/09\/A_SET-Reinigungsschaum_Gesichtscreme_Setting-600x600.jpg 600w, https:\/\/lisamar-cosmetics.es\/wp-content\/uploads\/2025\/09\/A_SET-Reinigungsschaum_Gesichtscreme_Setting-1200x1201.jpg 1200w\" sizes=\"(max-width: 2000px) 100vw, 2000px\" title=\"\">\t\t\t\t\t\t\t\t\t\t\t\t\t\t\t<\/div>\n\t\t\t\t<\/div>\n\t\t\t\t<\/div>\n\t\t<div class=\"wd-negative-gap elementor-element elementor-element-2e2efbd e-flex e-con-boxed e-con e-child\" data-id=\"2e2efbd\" data-element_type=\"container\" data-e-type=\"container\">\n\t\t\t\t\t<div class=\"e-con-inner\">\n\t\t\t\t<div class=\"elementor-element elementor-element-69c2093 elementor-widget elementor-widget-heading\" data-id=\"69c2093\" data-element_type=\"widget\" data-e-type=\"widget\" data-widget_type=\"heading.default\">\n\t\t\t\t<div class=\"elementor-widget-container\">\n\t\t\t\t\t<h2 class=\"elementor-heading-title elementor-size-default\">Converteix-te ara en soci afiliat\n<\/h2>\t\t\t\t<\/div>\n\t\t\t\t<\/div>\n\t\t\t\t<div class=\"elementor-element elementor-element-48d01e1 color-scheme-inherit text-left elementor-widget elementor-widget-text-editor\" data-id=\"48d01e1\" data-element_type=\"widget\" data-e-type=\"widget\" data-widget_type=\"text-editor.default\">\n\t\t\t\t<div class=\"elementor-widget-container\">\n\t\t\t\t\t\t\t\t\t<h2>Cr\u00e9ixer junts: \u00e8xit natural<\/h2>\t\t\t\t\t\t\t\t<\/div>\n\t\t\t\t<\/div>\n\t\t\t\t<div class=\"elementor-element elementor-element-b45e912 color-scheme-inherit text-left elementor-widget elementor-widget-text-editor\" data-id=\"b45e912\" data-element_type=\"widget\" data-e-type=\"widget\" data-widget_type=\"text-editor.default\">\n\t\t\t\t<div class=\"elementor-widget-container\">\n\t\t\t\t\t\t\t\t\t<p>Tens un bloc, una p\u00e0gina web o un canal a xarxes socials centrat en <strong>cosm\u00e8tica natural, estil de vida sostenible o cura saludable de la pell?<\/strong> Aleshores ets al lloc adequat! Com a soci afiliat de LisaMar Naturkosmetik, recomanes productes cosm\u00e8tics vegans i ecol\u00f2gics d&#039;alta qualitat, i et beneficies de cada recomanaci\u00f3 amb \u00e8xit.<\/p>\t\t\t\t\t\t\t\t<\/div>\n\t\t\t\t<\/div>\n\t\t\t\t\t<\/div>\n\t\t\t\t<\/div>\n\t\t\t\t<\/div>\n\t\t<div class=\"elementor-element elementor-element-ac15c84 e-con-full e-flex e-con e-parent\" data-id=\"ac15c84\" data-element_type=\"container\" data-e-type=\"container\" data-settings=\"{&quot;background_background&quot;:&quot;classic&quot;}\">\n\t\t<div class=\"wd-negative-gap elementor-element elementor-element-8a0c83e e-flex e-con-boxed e-con e-child\" data-id=\"8a0c83e\" data-element_type=\"container\" data-e-type=\"container\">\n\t\t\t\t\t<div class=\"e-con-inner\">\n\t\t\t\t<div class=\"elementor-element elementor-element-40cd9cc elementor-widget elementor-widget-heading\" data-id=\"40cd9cc\" data-element_type=\"widget\" data-e-type=\"widget\" data-widget_type=\"heading.default\">\n\t\t\t\t<div class=\"elementor-widget-container\">\n\t\t\t\t\t<h2 class=\"elementor-heading-title elementor-size-default\">Converteix-te ara en soci afiliat\n<\/h2>\t\t\t\t<\/div>\n\t\t\t\t<\/div>\n\t\t\t\t<div class=\"elementor-element elementor-element-05b31d9 color-scheme-inherit text-left elementor-widget elementor-widget-text-editor\" data-id=\"05b31d9\" data-element_type=\"widget\" data-e-type=\"widget\" data-widget_type=\"text-editor.default\">\n\t\t\t\t<div class=\"elementor-widget-container\">\n\t\t\t\t\t\t\t\t\t<h2>Els teus avantatges d&#039;un cop d&#039;ull:<\/h2>\t\t\t\t\t\t\t\t<\/div>\n\t\t\t\t<\/div>\n\t\t\t\t<div class=\"elementor-element elementor-element-016f588 color-scheme-inherit text-left elementor-widget elementor-widget-text-editor\" data-id=\"016f588\" data-element_type=\"widget\" data-e-type=\"widget\" data-widget_type=\"text-editor.default\">\n\t\t\t\t<div class=\"elementor-widget-container\">\n\t\t\t\t\t\t\t\t\t<p><strong>Atractiva comissi\u00f3:<\/strong> 15 % de remuneraci\u00f3 per cada venda intermediada.<\/p>\t\t\t\t\t\t\t\t<\/div>\n\t\t\t\t<\/div>\n\t\t\t\t<div class=\"elementor-element elementor-element-70446ee color-scheme-inherit text-left elementor-widget elementor-widget-text-editor\" data-id=\"70446ee\" data-element_type=\"widget\" data-e-type=\"widget\" data-widget_type=\"text-editor.default\">\n\t\t\t\t<div class=\"elementor-widget-container\">\n\t\t\t\t\t\t\t\t\t<p><strong>Productes premium hipoalerg\u00e8nics:<\/strong> ecol\u00f2gics, vegans, 100 % naturals i certificats per ACENE.<\/p>\t\t\t\t\t\t\t\t<\/div>\n\t\t\t\t<\/div>\n\t\t\t\t<div class=\"elementor-element elementor-element-812debe color-scheme-inherit text-left elementor-widget elementor-widget-text-editor\" data-id=\"812debe\" data-element_type=\"widget\" data-e-type=\"widget\" data-widget_type=\"text-editor.default\">\n\t\t\t\t<div class=\"elementor-widget-container\">\n\t\t\t\t\t\t\t\t\t<p><strong>Col\u00b7laboraci\u00f3 justa:<\/strong> seguiment transparent i pagaments mensuals<\/p>\t\t\t\t\t\t\t\t<\/div>\n\t\t\t\t<\/div>\n\t\t\t\t<div class=\"elementor-element elementor-element-7c2b2b1 color-scheme-inherit text-left elementor-widget elementor-widget-text-editor\" data-id=\"7c2b2b1\" data-element_type=\"widget\" data-e-type=\"widget\" data-widget_type=\"text-editor.default\">\n\t\t\t\t<div class=\"elementor-widget-container\">\n\t\t\t\t\t\t\t\t\t<p><strong>Comunitat en creixement:<\/strong> Uneix-te a la nostra xarxa per a la salut natural de la pell.<\/p>\t\t\t\t\t\t\t\t<\/div>\n\t\t\t\t<\/div>\n\t\t\t\t\t<\/div>\n\t\t\t\t<\/div>\n\t\t<div class=\"wd-negative-gap elementor-element elementor-element-63b1313 e-flex e-con-boxed e-con e-child\" data-id=\"63b1313\" data-element_type=\"container\" data-e-type=\"container\">\n\t\t\t\t\t<div class=\"e-con-inner\">\n\t\t\t\t<div class=\"elementor-element elementor-element-5a95968 elementor-widget elementor-widget-image\" data-id=\"5a95968\" data-element_type=\"widget\" data-e-type=\"widget\" data-widget_type=\"image.default\">\n\t\t\t\t<div class=\"elementor-widget-container\">\n\t\t\t\t\t\t\t\t\t\t\t\t\t\t\t<img decoding=\"async\" width=\"1500\" height=\"1000\" src=\"https:\/\/lisamar-cosmetics.es\/wp-content\/uploads\/2025\/09\/23092.jpg\" class=\"attachment-full size-full wp-image-13722\" alt=\"\" srcset=\"https:\/\/lisamar-cosmetics.es\/wp-content\/uploads\/2025\/09\/23092.jpg 1500w, https:\/\/lisamar-cosmetics.es\/wp-content\/uploads\/2025\/09\/23092-300x200.jpg 300w, https:\/\/lisamar-cosmetics.es\/wp-content\/uploads\/2025\/09\/23092-1024x683.jpg 1024w, https:\/\/lisamar-cosmetics.es\/wp-content\/uploads\/2025\/09\/23092-768x512.jpg 768w, https:\/\/lisamar-cosmetics.es\/wp-content\/uploads\/2025\/09\/23092-18x12.jpg 18w, https:\/\/lisamar-cosmetics.es\/wp-content\/uploads\/2025\/09\/23092-1200x800.jpg 1200w, https:\/\/lisamar-cosmetics.es\/wp-content\/uploads\/2025\/09\/23092-150x100.jpg 150w\" sizes=\"(max-width: 1500px) 100vw, 1500px\" title=\"\">\t\t\t\t\t\t\t\t\t\t\t\t\t\t\t<\/div>\n\t\t\t\t<\/div>\n\t\t\t\t\t<\/div>\n\t\t\t\t<\/div>\n\t\t\t\t<\/div>\n\t\t<div class=\"elementor-element elementor-element-19e24f5 e-con-full e-flex e-con e-parent\" data-id=\"19e24f5\" data-element_type=\"container\" data-e-type=\"container\" data-settings=\"{&quot;background_background&quot;:&quot;classic&quot;}\">\n\t\t<div class=\"elementor-element elementor-element-135fccd e-con-full e-flex e-con e-child\" data-id=\"135fccd\" data-element_type=\"container\" data-e-type=\"container\">\n\t\t\t\t<div class=\"elementor-element elementor-element-b01df97 elementor-widget elementor-widget-image\" data-id=\"b01df97\" data-element_type=\"widget\" data-e-type=\"widget\" data-widget_type=\"image.default\">\n\t\t\t\t<div class=\"elementor-widget-container\">\n\t\t\t\t\t\t\t\t\t\t\t\t\t\t\t<img decoding=\"async\" width=\"1000\" height=\"1000\" src=\"https:\/\/lisamar-cosmetics.es\/wp-content\/uploads\/2025\/09\/5.png\" class=\"attachment-full size-full wp-image-13723\" alt=\"\" srcset=\"https:\/\/lisamar-cosmetics.es\/wp-content\/uploads\/2025\/09\/5.png 1000w, https:\/\/lisamar-cosmetics.es\/wp-content\/uploads\/2025\/09\/5-300x300.png 300w, https:\/\/lisamar-cosmetics.es\/wp-content\/uploads\/2025\/09\/5-150x150.png 150w, https:\/\/lisamar-cosmetics.es\/wp-content\/uploads\/2025\/09\/5-768x768.png 768w, https:\/\/lisamar-cosmetics.es\/wp-content\/uploads\/2025\/09\/5-12x12.png 12w, https:\/\/lisamar-cosmetics.es\/wp-content\/uploads\/2025\/09\/5-600x600.png 600w\" sizes=\"(max-width: 1000px) 100vw, 1000px\" title=\"\">\t\t\t\t\t\t\t\t\t\t\t\t\t\t\t<\/div>\n\t\t\t\t<\/div>\n\t\t\t\t<\/div>\n\t\t<div class=\"wd-negative-gap elementor-element elementor-element-bda81a3 e-flex e-con-boxed e-con e-child\" data-id=\"bda81a3\" data-element_type=\"container\" data-e-type=\"container\">\n\t\t\t\t\t<div class=\"e-con-inner\">\n\t\t\t\t<div class=\"elementor-element elementor-element-0b09480 elementor-widget elementor-widget-heading\" data-id=\"0b09480\" data-element_type=\"widget\" data-e-type=\"widget\" data-widget_type=\"heading.default\">\n\t\t\t\t<div class=\"elementor-widget-container\">\n\t\t\t\t\t<h2 class=\"elementor-heading-title elementor-size-default\">Converteix-te ara en soci afiliat\n<\/h2>\t\t\t\t<\/div>\n\t\t\t\t<\/div>\n\t\t\t\t<div class=\"elementor-element elementor-element-0acdab7 color-scheme-inherit text-left elementor-widget elementor-widget-text-editor\" data-id=\"0acdab7\" data-element_type=\"widget\" data-e-type=\"widget\" data-widget_type=\"text-editor.default\">\n\t\t\t\t<div class=\"elementor-widget-container\">\n\t\t\t\t\t\t\t\t\t<h2>Aix\u00ed de f\u00e0cil funciona:<\/h2>\t\t\t\t\t\t\t\t<\/div>\n\t\t\t\t<\/div>\n\t\t\t\t<div class=\"elementor-element elementor-element-058c3c0 color-scheme-inherit text-left elementor-widget elementor-widget-text-editor\" data-id=\"058c3c0\" data-element_type=\"widget\" data-e-type=\"widget\" data-widget_type=\"text-editor.default\">\n\t\t\t\t<div class=\"elementor-widget-container\">\n\t\t\t\t\t\t\t\t\t<p><strong>Registrar-se:<\/strong> Registri&#039;s gratis a trav\u00e9s del nostre programa d&#039;afiliats.<\/p>\t\t\t\t\t\t\t\t<\/div>\n\t\t\t\t<\/div>\n\t\t\t\t<div class=\"elementor-element elementor-element-58aa5ea color-scheme-inherit text-left elementor-widget elementor-widget-text-editor\" data-id=\"58aa5ea\" data-element_type=\"widget\" data-e-type=\"widget\" data-widget_type=\"text-editor.default\">\n\t\t\t\t<div class=\"elementor-widget-container\">\n\t\t\t\t\t\t\t\t\t<p><strong>Recomanar:<\/strong> presentar productes als teus canals, per exemple, mitjan\u00e7ant una entrada al bloc, Instagram o un butllet\u00ed informatiu.<\/p>\t\t\t\t\t\t\t\t<\/div>\n\t\t\t\t<\/div>\n\t\t\t\t<div class=\"elementor-element elementor-element-1e495e8 color-scheme-inherit text-left elementor-widget elementor-widget-text-editor\" data-id=\"1e495e8\" data-element_type=\"widget\" data-e-type=\"widget\" data-widget_type=\"text-editor.default\">\n\t\t\t\t<div class=\"elementor-widget-container\">\n\t\t\t\t\t\t\t\t\t<p><strong>Guanya:<\/strong> Per cada compra feta a trav\u00e9s del teu enlla\u00e7, rebr\u00e0s una comissi\u00f3 del 15 %.<\/p>\t\t\t\t\t\t\t\t<\/div>\n\t\t\t\t<\/div>\n\t\t\t\t<div class=\"elementor-element elementor-element-8d13839 color-scheme-inherit text-left elementor-widget elementor-widget-text-editor\" data-id=\"8d13839\" data-element_type=\"widget\" data-e-type=\"widget\" data-widget_type=\"text-editor.default\">\n\t\t\t\t<div class=\"elementor-widget-container\">\n\t\t\t\t\t\t\t\t\t<p><strong>Comen\u00e7a ara:<\/strong> Aprofiteu l&#039;oportunitat d&#039;obtenir ingressos addicionals amb cosm\u00e8tics naturals honestos i d&#039;alta qualitat: de forma senzilla, justa i amb una bona sensaci\u00f3.<\/p>\t\t\t\t\t\t\t\t<\/div>\n\t\t\t\t<\/div>\n\t\t<div class=\"elementor-element elementor-element-35baf14 e-con-full e-flex e-con e-child\" data-id=\"35baf14\" data-element_type=\"container\" data-e-type=\"container\">\n\t\t\t\t<div class=\"elementor-element elementor-element-544df0f elementor-widget elementor-widget-button\" data-id=\"544df0f\" data-element_type=\"widget\" data-e-type=\"widget\" data-widget_type=\"button.default\">\n\t\t\t\t<div class=\"elementor-widget-container\">\n\t\t\t\t\t\t\t\t\t<div class=\"elementor-button-wrapper\">\n\t\t\t\t\t<a class=\"elementor-button elementor-button-link elementor-size-sm\" href=\"\/es\/registro-de-afiliados\/\">\n\t\t\t\t\t\t<span class=\"elementor-button-content-wrapper\">\n\t\t\t\t\t\t\t\t\t<span class=\"elementor-button-text\">Registra&#039;t<\/span>\n\t\t\t\t\t<\/span>\n\t\t\t\t\t<\/a>\n\t\t\t\t<\/div>\n\t\t\t\t\t\t\t\t<\/div>\n\t\t\t\t<\/div>\n\t\t\t\t<div class=\"elementor-element elementor-element-1b9ad54 elementor-widget elementor-widget-button\" data-id=\"1b9ad54\" data-element_type=\"widget\" data-e-type=\"widget\" data-widget_type=\"button.default\">\n\t\t\t\t<div class=\"elementor-widget-container\">\n\t\t\t\t\t\t\t\t\t<div class=\"elementor-button-wrapper\">\n\t\t\t\t\t<a class=\"elementor-button elementor-button-link elementor-size-sm\" href=\"\/es\/cuenta-de-afiliado\/\">\n\t\t\t\t\t\t<span class=\"elementor-button-content-wrapper\">\n\t\t\t\t\t\t\t\t\t<span class=\"elementor-button-text\">El meu compte d&#039;afiliats<\/span>\n\t\t\t\t\t<\/span>\n\t\t\t\t\t<\/a>\n\t\t\t\t<\/div>\n\t\t\t\t\t\t\t\t<\/div>\n\t\t\t\t<\/div>\n\t\t\t\t<\/div>\n\t\t\t\t\t<\/div>\n\t\t\t\t<\/div>\n\t\t\t\t<\/div>\n\t\t\t\t<\/div>","protected":false},"excerpt":{"rendered":"<p>Programa de afiliados Inicio Convi\u00e9rtete ahora en socio afiliado Crecer juntos: \u00e9xito natural \u00bfTienes un blog, una p\u00e1gina web o<\/p>","protected":false},"author":21,"featured_media":0,"parent":0,"menu_order":0,"comment_status":"closed","ping_status":"closed","template":"elementor_header_footer","meta":{"footnotes":""},"class_list":["post-13717","page","type-page","status-publish","hentry"],"_links":{"self":[{"href":"https:\/\/lisamar-cosmetics.es\/ca\/wp-json\/wp\/v2\/pages\/13717","targetHints":{"allow":["GET"]}}],"collection":[{"href":"https:\/\/lisamar-cosmetics.es\/ca\/wp-json\/wp\/v2\/pages"}],"about":[{"href":"https:\/\/lisamar-cosmetics.es\/ca\/wp-json\/wp\/v2\/types\/page"}],"author":[{"embeddable":true,"href":"https:\/\/lisamar-cosmetics.es\/ca\/wp-json\/wp\/v2\/users\/21"}],"replies":[{"embeddable":true,"href":"https:\/\/lisamar-cosmetics.es\/ca\/wp-json\/wp\/v2\/comments?post=13717"}],"version-history":[{"count":19,"href":"https:\/\/lisamar-cosmetics.es\/ca\/wp-json\/wp\/v2\/pages\/13717\/revisions"}],"predecessor-version":[{"id":14423,"href":"https:\/\/lisamar-cosmetics.es\/ca\/wp-json\/wp\/v2\/pages\/13717\/revisions\/14423"}],"wp:attachment":[{"href":"https:\/\/lisamar-cosmetics.es\/ca\/wp-json\/wp\/v2\/media?parent=13717"}],"curies":[{"name":"wp","href":"https:\/\/api.w.org\/{rel}","templated":true}]}}