{"id":13283,"date":"2025-06-27T05:12:43","date_gmt":"2025-06-27T05:12:43","guid":{"rendered":"https:\/\/lisamar-cosmetics.es\/?page_id=13283"},"modified":"2025-12-11T16:34:10","modified_gmt":"2025-12-11T16:34:10","slug":"els-nostres-valors-descripcio","status":"publish","type":"page","link":"https:\/\/lisamar-cosmetics.es\/ca\/nuestros-valores-descripcion\/","title":{"rendered":"Descripci\u00f3 dels nostres valors"},"content":{"rendered":"<div data-elementor-type=\"wp-page\" data-elementor-id=\"13283\" class=\"elementor elementor-13283\" data-elementor-post-type=\"page\">\n\t\t\t\t<div class=\"wd-negative-gap elementor-element elementor-element-3a731d3 e-flex e-con-boxed e-con e-parent\" data-id=\"3a731d3\" data-element_type=\"container\" data-e-type=\"container\" data-settings=\"{&quot;background_background&quot;:&quot;classic&quot;}\">\n\t\t\t\t\t<div class=\"e-con-inner\">\n\t\t\t\t<div class=\"elementor-element elementor-element-3c2301e elementor-widget elementor-widget-heading\" data-id=\"3c2301e\" data-element_type=\"widget\" data-e-type=\"widget\" data-widget_type=\"heading.default\">\n\t\t\t\t<div class=\"elementor-widget-container\">\n\t\t\t\t\t<h2 class=\"elementor-heading-title elementor-size-default\">Els nostres valors<\/h2>\t\t\t\t<\/div>\n\t\t\t\t<\/div>\n\t\t\t\t\t<\/div>\n\t\t\t\t<\/div>\n\t\t<div class=\"wd-negative-gap elementor-element elementor-element-47826ad e-flex e-con-boxed e-con e-parent\" data-id=\"47826ad\" data-element_type=\"container\" data-e-type=\"container\" data-settings=\"{&quot;background_background&quot;:&quot;classic&quot;}\">\n\t\t\t\t\t<div class=\"e-con-inner\">\n\t\t\t\t<div class=\"elementor-element elementor-element-9d17234 color-scheme-inherit text-left elementor-widget elementor-widget-text-editor\" data-id=\"9d17234\" data-element_type=\"widget\" data-e-type=\"widget\" data-widget_type=\"text-editor.default\">\n\t\t\t\t<div class=\"elementor-widget-container\">\n\t\t\t\t\t\t\t\t\t<p>LisaMar\u00ae representa un ritual de cura conscient que permet sentir la connexi\u00f3 amb la natura i transmet una sensaci\u00f3 de puresa i renovaci\u00f3.<\/p><p>El nom LisaMar\u00ae combina \u00abLisa\u00bb, una refer\u00e8ncia personal a la fundadora, i \u00abMar\u00bb, la paraula espanyola que significa \u00abmar\u00bb i que representa la infinita amplitud i bellesa de la natura. Alhora, estimar significa estimar en espanyol i reflecteix la missi\u00f3 de promoure l&#039;amor propi i un tracte conscient amb la natura.<\/p><p>Cada cop m\u00e9s persones aposten per productes cosm\u00e8tics naturals, sostenibles i fabricats de forma \u00e8tica. La demanda creixent de productes que siguin bons tant per a la pell com per al medi ambient confirma l&#039;enfocament de LisaMar\u00ae. En particular, latenci\u00f3 plena en la rutina de cura personal \u00e9s cada vegada m\u00e9s important per a moltes persones. LisaMar\u00ae segueix aquest enfocament hol\u00edstic i ofereix productes que no nom\u00e9s promouen la bellesa exterior, sin\u00f3 tamb\u00e9 el benestar interior. S&#039;anima els consumidors a dedicar temps a la rutina de cura ia gaudir conscientment d&#039;aquests moments d&#039;autocura.<\/p><p>Amb transpar\u00e8ncia i autenticitat, LisaMar\u00ae \u00e9s capa\u00e7 de comunicar obertament els seus principis i oferir productes en qu\u00e8 els clients poden confiar. La missi\u00f3 de la fundadora amb LisaMar\u00ae \u00e9s oferir productes cosm\u00e8tics naturals que siguin bons tant per a la pell com pel medi ambient.<\/p><p>La sostenibilitat i la producci\u00f3 \u00e8tica s\u00f3n valors fonamentals a LisaMar\u00ae. Els productes s\u00f3n vegans, no es proven en animals i es fabriquen localment a Espanya. La fundadora col\u00b7labora amb un laboratori que comparteix la seva visi\u00f3 i ha treballat cont\u00ednuament per perfeccionar les f\u00f3rmules i treure el m\u00e0xim profit dels ingredients mediterranis. A m\u00e9s, la fundadora promou la responsabilitat social col\u00b7laborant amb un taller per a persones amb discapacitat a Barcelona, on es fabriquen els necessers de cosm\u00e8tics.<\/p><p>\u00abGaudeix del moment d&#039;autocura i deixa que la teva pell absorbeixi les propietats beneficioses de la nostra l\u00ednia de cura mediterr\u00e0nia, Linea Mediterranea. Submergeix-te en la bellesa natural de la vida mediterr\u00e0nia i d\u00f3na a la teva pell l&#039;amor i l&#039;atenci\u00f3 que es mereix\u00bb.<\/p><p>\u2013 Fundadora Melissa Zicchino<\/p>\t\t\t\t\t\t\t\t<\/div>\n\t\t\t\t<\/div>\n\t\t\t\t\t<\/div>\n\t\t\t\t<\/div>\n\t\t\t\t<\/div>","protected":false},"excerpt":{"rendered":"<p>Nuestros valores LisaMar\u00ae representa un ritual de cuidado consciente que permite sentir la conexi\u00f3n con la naturaleza y transmite una<\/p>","protected":false},"author":1,"featured_media":0,"parent":0,"menu_order":0,"comment_status":"closed","ping_status":"closed","template":"elementor_header_footer","meta":{"footnotes":""},"class_list":["post-13283","page","type-page","status-publish","hentry"],"_links":{"self":[{"href":"https:\/\/lisamar-cosmetics.es\/ca\/wp-json\/wp\/v2\/pages\/13283","targetHints":{"allow":["GET"]}}],"collection":[{"href":"https:\/\/lisamar-cosmetics.es\/ca\/wp-json\/wp\/v2\/pages"}],"about":[{"href":"https:\/\/lisamar-cosmetics.es\/ca\/wp-json\/wp\/v2\/types\/page"}],"author":[{"embeddable":true,"href":"https:\/\/lisamar-cosmetics.es\/ca\/wp-json\/wp\/v2\/users\/1"}],"replies":[{"embeddable":true,"href":"https:\/\/lisamar-cosmetics.es\/ca\/wp-json\/wp\/v2\/comments?post=13283"}],"version-history":[{"count":28,"href":"https:\/\/lisamar-cosmetics.es\/ca\/wp-json\/wp\/v2\/pages\/13283\/revisions"}],"predecessor-version":[{"id":14468,"href":"https:\/\/lisamar-cosmetics.es\/ca\/wp-json\/wp\/v2\/pages\/13283\/revisions\/14468"}],"wp:attachment":[{"href":"https:\/\/lisamar-cosmetics.es\/ca\/wp-json\/wp\/v2\/media?parent=13283"}],"curies":[{"name":"wp","href":"https:\/\/api.w.org\/{rel}","templated":true}]}}