{"id":13271,"date":"2025-06-27T05:03:48","date_gmt":"2025-06-27T05:03:48","guid":{"rendered":"https:\/\/lisamar-cosmetics.es\/?page_id=13271"},"modified":"2025-12-11T16:33:03","modified_gmt":"2025-12-11T16:33:03","slug":"descripcio-de-la-nostra-historia-2","status":"publish","type":"page","link":"https:\/\/lisamar-cosmetics.es\/ca\/descripcion-de-nuestra-historia\/","title":{"rendered":"La nostra hist\u00f2ria"},"content":{"rendered":"<div data-elementor-type=\"wp-page\" data-elementor-id=\"13271\" class=\"elementor elementor-13271\" data-elementor-post-type=\"page\">\n\t\t\t\t<div class=\"wd-negative-gap elementor-element elementor-element-21be9a6 e-flex e-con-boxed e-con e-parent\" data-id=\"21be9a6\" data-element_type=\"container\" data-e-type=\"container\" data-settings=\"{&quot;background_background&quot;:&quot;classic&quot;}\">\n\t\t\t\t\t<div class=\"e-con-inner\">\n\t\t\t\t<div class=\"elementor-element elementor-element-a5dd0e7 elementor-widget elementor-widget-heading\" data-id=\"a5dd0e7\" data-element_type=\"widget\" data-e-type=\"widget\" data-widget_type=\"heading.default\">\n\t\t\t\t<div class=\"elementor-widget-container\">\n\t\t\t\t\t<h2 class=\"elementor-heading-title elementor-size-default\">La nostra hist\u00f2ria<\/h2>\t\t\t\t<\/div>\n\t\t\t\t<\/div>\n\t\t\t\t\t<\/div>\n\t\t\t\t<\/div>\n\t\t<div class=\"wd-negative-gap elementor-element elementor-element-1f3ac00 e-flex e-con-boxed e-con e-parent\" data-id=\"1f3ac00\" data-element_type=\"container\" data-e-type=\"container\" data-settings=\"{&quot;background_background&quot;:&quot;classic&quot;}\">\n\t\t\t\t\t<div class=\"e-con-inner\">\n\t\t\t\t<div class=\"elementor-element elementor-element-c08c99f color-scheme-inherit text-left elementor-widget elementor-widget-text-editor\" data-id=\"c08c99f\" data-element_type=\"widget\" data-e-type=\"widget\" data-widget_type=\"text-editor.default\">\n\t\t\t\t<div class=\"elementor-widget-container\">\n\t\t\t\t\t\t\t\t\t<p>Bellesa mediterr\u00e0nia des de Barcelona: com va comen\u00e7ar tot Hola a tots! S\u00f3c Melissa, de Barcelona, fundadora de LisaMar\u00ae Naturkosmetik, i estic encantada de donar-vos la benvinguda.<\/p><p>Nascuda a Alemanya i criada a It\u00e0lia, des de molt aviat vaig entrar en contacte amb la bellesa i la diversitat de la natura. L&#039;estil de vida mediterrani, que vaig con\u00e8ixer des de petita, ha marcat el meu amor per la natura. Per\u00f2 va ser a Espanya on vaig trobar la meva veritable llar, submergint-me en la cultura viva i l&#039;encant \u00fanic de l&#039;estil de vida mediterrani. La fascinaci\u00f3 i els nombrosos avantatges d&#039;aquest estil de vida tan especial m&#039;han commogut i inspirat. L&#039;estret vincle amb la natura, el gaudi de fruites i verdures fresques, els plaers culinaris, l&#039;estil de vida saludable i la consci\u00e8ncia cada vegada m\u00e9s gran sobre la sostenibilitat han marcat cada cop m\u00e9s el nostre cam\u00ed a la vida.<\/p><p>La idea de LisaMar\u00ae va sorgir de la meva passi\u00f3 pels productes de cura natural i els ingredients mediterranis. Quan vaig comen\u00e7ar a interessar-me pels aliments mediterranis i els seus efectes positius sobre la pell i els cabells, va sorgir en mi la idea de LisaMar\u00ae. La meva idea \u00e9s reflectir la salut i la sostenibilitat d&#039;aquest estil de vida tamb\u00e9 als cosm\u00e8tics.<\/p><p>Aix\u00ed, va madurar la idea de desenvolupar i comercialitzar la nostra pr\u00f2pia l\u00ednia de productes per a la cura de la pell, inspirada en l&#039;estil de vida mediterrani.<\/p><p>LisaMar\u00ae: una marca per a la bellesa conscient i l&#039;amor propi Qu\u00e8 vol dir LisaMar\u00ae? El nom LisaMar\u00ae combina \u00abLisa\u00bb, una refer\u00e8ncia personal, i \u00abMar\u00bb, la paraula espanyola que significa \u00abmar\u00bb i que representa la infinita amplitud i bellesa de la natura. Alhora, estimar en espanyol significa estimar i reflecteix la missi\u00f3 de promoure l&#039;amor propi i un tracte conscient amb la natura. \u00abCada dia ens enamorem de la bellesa de les coses fetes amb amor i cura, dels productes que estan en harmonia amb la natura i amb un estil de vida saludable i amor\u00f3s. Aquestes qualitats s&#039;han de preservar i compartir: aquesta \u00e9s la missi\u00f3 de LisaMar\u00ae\u00bb. Melissa, fundadora de LisaMar\u00ae.<\/p><p>El viatge<\/p><p>La recerca d&#039;un laboratori adequat que compart\u00eds la meva visi\u00f3 i pogu\u00e9s perfeccionar les f\u00f3rmules va ser un repte apassionant. Lelecci\u00f3 del soci adequat \u00e9s fonamental per a l\u00e8xit i la qualitat dels nostres productes.<\/p><p>Despr\u00e9s d&#039;una llarga cerca, finalment ho vaig trobar aqu\u00ed, a Espanya: mediterrani, sostenible, local, veg\u00e0, ecol\u00f2gic, sense experimentaci\u00f3 amb animals i certificat.<\/p><p>Durant m\u00e9s d&#039;un any, hem perfeccionat amb passi\u00f3 i dedicaci\u00f3 les f\u00f3rmules dels nostres quatre primers productes facials, provant-los incansablement i millorant-los constantment.<\/p><p>El viatge no sempre va ser f\u00e0cil i sovint rendir-se semblava l&#039;opci\u00f3 m\u00e9s temptadora. Per\u00f2 la fe de la meva fam\u00edlia i els meus amics em va mantenir pel cam\u00ed.<\/p><p>Perqu\u00e8 el meu objectiu era clar: bellesa mediterr\u00e0nia a la teva pell.<\/p><p>A finals del 2024 per fi va arribar el moment!<\/p>\t\t\t\t\t\t\t\t<\/div>\n\t\t\t\t<\/div>\n\t\t\t\t\t<\/div>\n\t\t\t\t<\/div>\n\t\t\t\t<\/div>","protected":false},"excerpt":{"rendered":"<p>Nuestra historia Belleza mediterr\u00e1nea desde Barcelona: c\u00f3mo empez\u00f3 todo \u00a1Hola a todos! Soy Melissa, de Barcelona, fundadora de LisaMar\u00ae Naturkosmetik,<\/p>","protected":false},"author":1,"featured_media":0,"parent":0,"menu_order":0,"comment_status":"closed","ping_status":"closed","template":"elementor_header_footer","meta":{"footnotes":""},"class_list":["post-13271","page","type-page","status-publish","hentry"],"_links":{"self":[{"href":"https:\/\/lisamar-cosmetics.es\/ca\/wp-json\/wp\/v2\/pages\/13271","targetHints":{"allow":["GET"]}}],"collection":[{"href":"https:\/\/lisamar-cosmetics.es\/ca\/wp-json\/wp\/v2\/pages"}],"about":[{"href":"https:\/\/lisamar-cosmetics.es\/ca\/wp-json\/wp\/v2\/types\/page"}],"author":[{"embeddable":true,"href":"https:\/\/lisamar-cosmetics.es\/ca\/wp-json\/wp\/v2\/users\/1"}],"replies":[{"embeddable":true,"href":"https:\/\/lisamar-cosmetics.es\/ca\/wp-json\/wp\/v2\/comments?post=13271"}],"version-history":[{"count":13,"href":"https:\/\/lisamar-cosmetics.es\/ca\/wp-json\/wp\/v2\/pages\/13271\/revisions"}],"predecessor-version":[{"id":14465,"href":"https:\/\/lisamar-cosmetics.es\/ca\/wp-json\/wp\/v2\/pages\/13271\/revisions\/14465"}],"wp:attachment":[{"href":"https:\/\/lisamar-cosmetics.es\/ca\/wp-json\/wp\/v2\/media?parent=13271"}],"curies":[{"name":"wp","href":"https:\/\/api.w.org\/{rel}","templated":true}]}}