{"id":1231,"date":"2025-05-16T11:21:58","date_gmt":"2025-05-16T11:21:58","guid":{"rendered":"https:\/\/lisamar-cosmetics.es\/?page_id=1231"},"modified":"2025-12-11T12:27:08","modified_gmt":"2025-12-11T12:27:08","slug":"prova-cutania-2","status":"publish","type":"page","link":"https:\/\/lisamar-cosmetics.es\/ca\/prueba-cutanea\/","title":{"rendered":"Prova cut\u00e0nia"},"content":{"rendered":"\t\t<div data-elementor-type=\"wp-page\" data-elementor-id=\"1231\" class=\"elementor elementor-1231\" data-elementor-post-type=\"page\">\n\t\t\t\t<div class=\"wd-negative-gap elementor-element elementor-element-994e651 e-flex e-con-boxed e-con e-parent\" data-id=\"994e651\" data-element_type=\"container\" data-e-type=\"container\" data-settings=\"{&quot;background_background&quot;:&quot;classic&quot;}\">\n\t\t\t\t\t<div class=\"e-con-inner\">\n\t\t\t\t<div class=\"elementor-element elementor-element-1747a90 elementor-widget elementor-widget-heading\" data-id=\"1747a90\" data-element_type=\"widget\" data-e-type=\"widget\" data-widget_type=\"heading.default\">\n\t\t\t\t<div class=\"elementor-widget-container\">\n\t\t\t\t\t<h2 class=\"elementor-heading-title elementor-size-default\">Prueba cut\u00e1nea\n\n<\/h2>\t\t\t\t<\/div>\n\t\t\t\t<\/div>\n\t\t\t\t\t<\/div>\n\t\t\t\t<\/div>\n\t\t<div class=\"wd-negative-gap elementor-element elementor-element-aa517b8 e-flex e-con-boxed e-con e-parent\" data-id=\"aa517b8\" data-element_type=\"container\" data-e-type=\"container\">\n\t\t\t\t\t<div class=\"e-con-inner\">\n\t\t\t\t<div class=\"elementor-element elementor-element-2563682 elementor-widget elementor-widget-breadcrumbs\" data-id=\"2563682\" data-element_type=\"widget\" data-e-type=\"widget\" data-widget_type=\"breadcrumbs.default\">\n\t\t\t\t<div class=\"elementor-widget-container\">\n\t\t\t\t\t<nav aria-label=\"breadcrumbs\" class=\"rank-math-breadcrumb\"><p><span class=\"last\">Inicio<\/span><\/p><\/nav>\t\t\t\t<\/div>\n\t\t\t\t<\/div>\n\t\t\t\t\t<\/div>\n\t\t\t\t<\/div>\n\t\t<div class=\"elementor-element elementor-element-ee87c25 e-con-full e-flex e-con e-parent\" data-id=\"ee87c25\" data-element_type=\"container\" data-e-type=\"container\" data-settings=\"{&quot;background_background&quot;:&quot;classic&quot;}\">\n\t\t\t\t<div class=\"elementor-element elementor-element-b6d29ba elementor-widget elementor-widget-heading\" data-id=\"b6d29ba\" data-element_type=\"widget\" data-e-type=\"widget\" data-widget_type=\"heading.default\">\n\t\t\t\t<div class=\"elementor-widget-container\">\n\t\t\t\t\t<h2 class=\"elementor-heading-title elementor-size-default\">Descubre tu tipo de piel: el camino hacia el cuidado perfecto\n<\/h2>\t\t\t\t<\/div>\n\t\t\t\t<\/div>\n\t\t\t\t<div class=\"elementor-element elementor-element-d5a0d89 color-scheme-inherit text-left elementor-widget elementor-widget-text-editor\" data-id=\"d5a0d89\" data-element_type=\"widget\" data-e-type=\"widget\" data-widget_type=\"text-editor.default\">\n\t\t\t\t<div class=\"elementor-widget-container\">\n\t\t\t\t\t\t\t\t\t<div class=\"elementor-element elementor-element-d5a0d89 color-scheme-inherit text-left elementor-widget elementor-widget-text-editor\" data-id=\"d5a0d89\" data-element_type=\"widget\" data-widget_type=\"text-editor.default\"><div class=\"elementor-widget-container\"><p>\u00bfQuieres saber qu\u00e9 tipo de piel tienes y qu\u00e9 productos son los m\u00e1s adecuados? Nuestro test de piel te ayudar\u00e1 a determinarlo. Recibir\u00e1s consejos espec\u00edficos y adaptados a tu tipo de piel. Evita errores de compra y encuentra productos de cuidado facial que realmente funcionen.<\/p><\/div><\/div><div class=\"elementor-element elementor-element-62c2d00 color-scheme-inherit text-left elementor-widget elementor-widget-text-editor\" data-id=\"62c2d00\" data-element_type=\"widget\" data-widget_type=\"text-editor.default\"><div class=\"elementor-widget-container\"><p>La prueba consta de s\u00f3lo 10 preguntas y dura s\u00f3lo unos minutos.<\/p><\/div><\/div><div class=\"elementor-element elementor-element-0b405a7 color-scheme-inherit text-left elementor-widget elementor-widget-text-editor\" data-id=\"0b405a7\" data-element_type=\"widget\" data-widget_type=\"text-editor.default\"><div class=\"elementor-widget-container\"><p>Haga clic en el bot\u00f3n a continuaci\u00f3n para comenzar.<\/p><\/div><\/div>\t\t\t\t\t\t\t\t<\/div>\n\t\t\t\t<\/div>\n\t\t\t\t<\/div>\n\t\t<div class=\"elementor-element elementor-element-8040563 e-con-full e-flex e-con e-parent\" data-id=\"8040563\" data-element_type=\"container\" data-e-type=\"container\" data-settings=\"{&quot;background_background&quot;:&quot;classic&quot;}\">\n\t\t<div class=\"wd-negative-gap elementor-element elementor-element-5be30ea e-flex e-con-boxed e-con e-child\" data-id=\"5be30ea\" data-element_type=\"container\" data-e-type=\"container\">\n\t\t\t\t\t<div class=\"e-con-inner\">\n\t\t\t\t<div class=\"elementor-element elementor-element-38cc4fc elementor-widget elementor-widget-html\" data-id=\"38cc4fc\" data-element_type=\"widget\" data-e-type=\"widget\" data-widget_type=\"html.default\">\n\t\t\t\t<div class=\"elementor-widget-container\">\n\t\t\t\t\t<!DOCTYPE html>\n<html lang=\"de\">\n<head>\n    <meta charset=\"UTF-8\">\n    <meta name=\"viewport\" content=\"width=device-width, initial-scale=1.0\">\n    <title>Hauttest<\/title>\n    <style>\n        \/* Stile nur f\u00fcr das Hauttest-Formular *\/\n        \n        #skin-test-form {\n            font-family: Arial, sans-serif;\n            margin: 20px auto;\n            background-color: #f9f9f9;\n            padding: 20px;\n            border: 1px solid #ddd;\n            border-radius: 5px;\n        }\n\n        #skin-test-form h3 {\n            color: #333;\n        }\n\n        #skin-test-form .question-group {\n            margin-bottom: 20px;\n        }\n\n        #skin-test-form .question-group label {\n            display: block;\n            margin: 5px 0;\n        }\n\n        #skin-test-form input[type=\"submit\"] {\n            background-color: #CE9999;\n            color: #000;\n            border: none;\n            padding: 10px 20px;\n            font-size: 16px;\n            cursor: pointer;\n            border-radius: 3px;\n        }\n\n        #skin-test-form input[type=\"submit\"]:hover {\n            background-color: #CE9999;\n        }\n\n        #skin-test-result {\n            margin-top: 20px;\n            padding: 15px;\n            background-color: rgba(206, 153, 153, 0.3);\n            border: 1px solid rgba(206, 153, 153, 0.3);\n            border-radius: 5px;\n        }\n    <\/style>\n<\/head>\n<body>\n    <h2>Test cut\u00e1neo: descubre tu tipo de piel<\/h2>\n<p>\u00a1Responde a las siguientes 10 preguntas y descubre tu tipo de piel, as\u00ed como recomendaciones espec\u00edficas para su cuidado!<\/p>\n\n    <form action=\"\" method=\"post\" id=\"skin-test-form\" data-trp-original-action=\"\"><h3>1. \u00bfC\u00f3mo se siente tu piel cuando te despiertas por la ma\u00f1ana?<\/h3><div class=\"question-group\">\n<label><input type=\"radio\" name=\"question-1\" value=\"a\"> Emocionante y seco<\/label>\n<label><input type=\"radio\" name=\"question-1\" value=\"b\"> Equilibrado y suave<\/label>\n<label><input type=\"radio\" name=\"question-1\" value=\"c\"> Graso en la zona T, pero seco en las mejillas.<\/label>\n<label><input type=\"radio\" name=\"question-1\" value=\"d\"> Grasiento por todas partes<\/label>\n<label><input type=\"radio\" name=\"question-1\" value=\"e\"> Enrojecimiento y ligera irritaci\u00f3n.<\/label><\/div><h3>2. \u00bfC\u00f3mo reacciona tu piel a un nuevo producto de cuidado de la piel?<\/h3><div class=\"question-group\">\n<label><input type=\"radio\" name=\"question-2\" value=\"a\"> Ning\u00fan cambio, pero quiz\u00e1s un poco m\u00e1s de sequedad.<\/label>\n<label><input type=\"radio\" name=\"question-2\" value=\"b\"> Sin cambios<\/label>\n<label><input type=\"radio\" name=\"question-2\" value=\"c\"> Reacciona de forma diferente seg\u00fan el producto y la zona del rostro.<\/label>\n<label><input type=\"radio\" name=\"question-2\" value=\"d\"> Reacciona con aumento de brillo o imperfecciones.<\/label>\n<label><input type=\"radio\" name=\"question-2\" value=\"e\"> Reacciona r\u00e1pidamente con enrojecimiento o irritaci\u00f3n.<\/label><\/div><h3>3. \u00bfC\u00f3mo se comporta tu piel a lo largo del d\u00eda?<\/h3><div class=\"question-group\">\n<label><input type=\"radio\" name=\"question-3\" value=\"a\"> Se vuelve cada vez m\u00e1s seca y comienza a tensarse.<\/label>\n<label><input type=\"radio\" name=\"question-3\" value=\"b\"> Se mantiene equilibrada durante todo el d\u00eda.<\/label>\n<label><input type=\"radio\" name=\"question-3\" value=\"c\"> Se vuelve brillante en la zona T, pero permanece normal en las mejillas.<\/label>\n<label><input type=\"radio\" name=\"question-3\" value=\"d\"> Brilla por todas partes y tiende a verse grasoso.<\/label>\n<label><input type=\"radio\" name=\"question-3\" value=\"e\"> Reacciona a los cambios clim\u00e1ticos con irritaci\u00f3n.<\/label><\/div><h3>4. \u00bfC\u00f3mo se ve tu piel despu\u00e9s de la limpieza?<\/h3><div class=\"question-group\">\n<label><input type=\"radio\" name=\"question-4\" value=\"a\"> Seca, posiblemente un poco tensa.<\/label>\n<label><input type=\"radio\" name=\"question-4\" value=\"b\"> Fresca y equilibrada.<\/label>\n<label><input type=\"radio\" name=\"question-4\" value=\"c\"> Seca en las mejillas, pero grasa en la zona T.<\/label>\n<label><input type=\"radio\" name=\"question-4\" value=\"d\"> Fresca, pero r\u00e1pidamente se vuelve grasosa.<\/label>\n<label><input type=\"radio\" name=\"question-4\" value=\"e\"> Irritada, a veces con enrojecimiento.<\/label><\/div><h3>5. \u00bfCon qu\u00e9 frecuencia necesitas crema hidratante?<\/h3><div class=\"question-group\">\n<label><input type=\"radio\" name=\"question-5\" value=\"a\"> Varias veces al d\u00eda<\/label>\n<label><input type=\"radio\" name=\"question-5\" value=\"b\"> Una vez al d\u00eda es suficiente<\/label>\n<label><input type=\"radio\" name=\"question-5\" value=\"c\"> S\u00f3lo en ciertos lugares<\/label>\n<label><input type=\"radio\" name=\"question-5\" value=\"d\"> Rara vez, ya que la piel ya es grasa por naturaleza.<\/label>\n<label><input type=\"radio\" name=\"question-5\" value=\"e\"> A menudo, pero s\u00f3lo con productos especiales y suaves.<\/label><\/div><h3>6. \u00bfQu\u00e9 tan grandes son tus poros?<\/h3><div class=\"question-group\">\n<label><input type=\"radio\" name=\"question-6\" value=\"a\"> Muy peque\u00f1o o apenas visible<\/label>\n<label><input type=\"radio\" name=\"question-6\" value=\"b\"> De tama\u00f1o mediano y poco llamativo.<\/label>\n<label><input type=\"radio\" name=\"question-6\" value=\"c\"> Extendido en la zona T, peque\u00f1o en las mejillas.<\/label>\n<label><input type=\"radio\" name=\"question-6\" value=\"d\"> Grandes y visibles, especialmente en la zona T<\/label>\n<label><input type=\"radio\" name=\"question-6\" value=\"e\"> Var\u00eda, pero tiende a ser discreto.<\/label><\/div><h3>7. \u00bfCon qu\u00e9 frecuencia tu piel tiende a tener imperfecciones o granitos?<\/h3><div class=\"question-group\">\n<label><input type=\"radio\" name=\"question-7\" value=\"a\"> Muy raro, generalmente solo en condiciones clim\u00e1ticas extremas.<\/label>\n<label><input type=\"radio\" name=\"question-7\" value=\"b\"> Casi nunca<\/label>\n<label><input type=\"radio\" name=\"question-7\" value=\"c\"> Ocasionalmente en la zona T<\/label>\n<label><input type=\"radio\" name=\"question-7\" value=\"d\"> Com\u00fan, especialmente en la zona T y el ment\u00f3n.<\/label>\n<label><input type=\"radio\" name=\"question-7\" value=\"e\"> S\u00f3lo en caso de irritaci\u00f3n severa o productos incorrectos.<\/label><\/div><h3>8. \u00bfC\u00f3mo se siente tu piel cuando hace fr\u00edo?<\/h3><div class=\"question-group\">\n<label><input type=\"radio\" name=\"question-8\" value=\"a\"> Muy seca, escamosa o agrietada.<\/label>\n<label><input type=\"radio\" name=\"question-8\" value=\"b\"> Ligeramente seca, pero en general estable.<\/label>\n<label><input type=\"radio\" name=\"question-8\" value=\"c\"> Seca en las mejillas, pero grasa en la zona T.<\/label>\n<label><input type=\"radio\" name=\"question-8\" value=\"d\"> Pr\u00e1cticamente sin cambios, posiblemente un poco grasosa.<\/label>\n<label><input type=\"radio\" name=\"question-8\" value=\"e\"> El enrojecimiento y la irritaci\u00f3n aparecen r\u00e1pidamente.<\/label><\/div><h3>9. \u00bfQu\u00e9 tan brillante suele estar tu piel?<\/h3><div class=\"question-group\">\n<label><input type=\"radio\" name=\"question-9\" value=\"a\"> Apenas, m\u00e1s bien est\u00e1 aburrida y seca.<\/label>\n<label><input type=\"radio\" name=\"question-9\" value=\"b\"> Sutilmente brillante y saludable.<\/label>\n<label><input type=\"radio\" name=\"question-9\" value=\"c\"> Brillante en la zona T, mate en las mejillas.<\/label>\n<label><input type=\"radio\" name=\"question-9\" value=\"d\"> Muy brillante, especialmente en la cara.<\/label>\n<label><input type=\"radio\" name=\"question-9\" value=\"e\"> Rara vez brillante, m\u00e1s bien p\u00e1lida o irritada.<\/label><\/div><h3>10. \u00bfC\u00f3mo se siente tu piel despu\u00e9s de un largo d\u00eda?<\/h3><div class=\"question-group\">\n<label><input type=\"radio\" name=\"question-10\" value=\"a\"> Muy seca y tensa.<\/label>\n<label><input type=\"radio\" name=\"question-10\" value=\"b\"> Fresca y equilibrada.<\/label>\n<label><input type=\"radio\" name=\"question-10\" value=\"c\"> Seca en las mejillas, grasa en la zona T.<\/label>\n<label><input type=\"radio\" name=\"question-10\" value=\"d\"> Grasienta y brillante<\/label>\n<label><input type=\"radio\" name=\"question-10\" value=\"e\"> Cansada, a veces irritada o enrojecida.<\/label><\/div><input type=\"submit\" value=\"Mostrar resultado\">\n<input type=\"hidden\" name=\"trp-form-language\" value=\"es\"><\/form>\n\n    <div id=\"skin-test-result\"><\/div>\n\n    <script>\n        document.getElementById(\"skin-test-form\").addEventListener(\"submit\", function(event) {\n            event.preventDefault();\n\n            \/\/ Antworten sammeln\n            const answers = Array.from(document.querySelectorAll('input[type=\"radio\"]:checked')).map(input => input.value);\n            const skinTypes = { a: 0, b: 0, c: 0, d: 0, e: 0 };\n\n            \/\/ Antworten z\u00e4hlen\n            answers.forEach(answer => {\n                skinTypes[answer]++;\n            });\n\n            \/\/ Dominanten Hauttyp bestimmen\n            const dominantType = Object.keys(skinTypes).reduce((a, b) => skinTypes[a] > skinTypes[b] ? a : b);\n            let resultText = \"\";\n\n            switch (dominantType) {\n                case 'a':\n                    resultText = `<h3>Piel seca<\/h3>\n<p>\nTu piel tiende a sentirse a menudo seca, \u00e1spera y tirante.\nLas l\u00edneas finas pueden ser m\u00e1s visibles y la piel puede verse ocasionalmente escamosa.\nTus poros son peque\u00f1os y apenas visibles. Utiliza cremas y aceites ricos e hidratantes para cuidar tu piel en profundidad.\nEvita limpiadores agresivos que puedan resecarla a\u00fan m\u00e1s. Complementa tu rutina con s\u00e9rums que fortalezcan la barrera cut\u00e1nea.\n<\/p>`;\n                    break;\n                case 'b':\n                    resultText = `<h3>Piel normal<\/h3>\n<p>\nTu piel est\u00e1 bien equilibrada, ni demasiado seca ni demasiado grasa. \nSe siente suave y flexible, con un aspecto saludable. Tus poros son poco visibles \ny las imperfecciones aparecen rara vez. Apuesta por una rutina sencilla con una crema \nhidratante ligera y un limpiador suave.\nAseg\u00farate de proteger tu piel de factores ambientales como los rayos UV. \nUtiliza ocasionalmente un exfoliante suave para mantener tu piel fresca y radiante.\n<\/p>`;\n                    break;\n                case 'c':\n                    resultText = `<h3>Piel mixta<\/h3>\n<p>\nTu piel muestra zonas tanto grasas como secas. \nLa zona T (frente, nariz y ment\u00f3n) puede verse grasa y brillante, \nmientras que las mejillas pueden ser secas o normales. \nBusca productos que hidraten pero que al mismo tiempo maten la zona T, \nayudando as\u00ed a equilibrar el aspecto general de tu piel.\nUtiliza limpiadores que aporten hidrataci\u00f3n pero tambi\u00e9n regulen el exceso de sebo.\n<\/p>`;\n                    break;\n                case 'd':\n                    resultText = `<h3>Piel grasa<\/h3>\n<p>\nTu piel produce mucho sebo, lo que genera un aspecto brillante, \nespecialmente en la zona T. Puede presentar poros m\u00e1s visibles \ny tendencia a imperfecciones frecuentes. \nElige productos que regulen el exceso de grasa sin resecar la piel. \nUtiliza limpiadores que limpien en profundidad y absorban el exceso de aceite.\n<\/p>`;\n                    break;\n                case 'e':\n                    resultText = `<h3>Piel sensible<\/h3>\n<p>\nTu piel reacciona con facilidad a est\u00edmulos, productos nuevos o factores ambientales, \nlo que puede causar enrojecimiento, irritaci\u00f3n o sensaci\u00f3n de ardor. \nUsa productos con ingredientes calmantes y antiinflamatorios, como aloe vera, \nmanzanilla o lavanda.\nOpta por limpiadores suaves que limpien la piel sin irritarla ni da\u00f1ar \nsus barreras protectoras naturales.\n<\/p>`;\n                    break;\n                default:\n                    resultText = `<h3>Respuestas incompletas<\/h3>\n<p>Por favor, responde a todas las preguntas para ver tu resultado.<\/p>`;\n}\n            \/\/ Ergebnis anzeigen\n            document.getElementById(\"skin-test-result\").innerHTML = resultText;\n        });\n    <\/script>\n<\/body>\n<\/html>\t\t\t\t<\/div>\n\t\t\t\t<\/div>\n\t\t\t\t\t<\/div>\n\t\t\t\t<\/div>\n\t\t\t\t<\/div>\n\t\t\t\t<\/div>\n\t\t","protected":false},"excerpt":{"rendered":"<p>Prueba cut\u00e1nea Inicio Descubre tu tipo de piel: el camino hacia el cuidado perfecto \u00bfQuieres saber qu\u00e9 tipo de piel<\/p>","protected":false},"author":1,"featured_media":0,"parent":0,"menu_order":0,"comment_status":"closed","ping_status":"closed","template":"elementor_header_footer","meta":{"footnotes":""},"class_list":["post-1231","page","type-page","status-publish","hentry"],"_links":{"self":[{"href":"https:\/\/lisamar-cosmetics.es\/ca\/wp-json\/wp\/v2\/pages\/1231","targetHints":{"allow":["GET"]}}],"collection":[{"href":"https:\/\/lisamar-cosmetics.es\/ca\/wp-json\/wp\/v2\/pages"}],"about":[{"href":"https:\/\/lisamar-cosmetics.es\/ca\/wp-json\/wp\/v2\/types\/page"}],"author":[{"embeddable":true,"href":"https:\/\/lisamar-cosmetics.es\/ca\/wp-json\/wp\/v2\/users\/1"}],"replies":[{"embeddable":true,"href":"https:\/\/lisamar-cosmetics.es\/ca\/wp-json\/wp\/v2\/comments?post=1231"}],"version-history":[{"count":55,"href":"https:\/\/lisamar-cosmetics.es\/ca\/wp-json\/wp\/v2\/pages\/1231\/revisions"}],"predecessor-version":[{"id":14339,"href":"https:\/\/lisamar-cosmetics.es\/ca\/wp-json\/wp\/v2\/pages\/1231\/revisions\/14339"}],"wp:attachment":[{"href":"https:\/\/lisamar-cosmetics.es\/ca\/wp-json\/wp\/v2\/media?parent=1231"}],"curies":[{"name":"wp","href":"https:\/\/api.w.org\/{rel}","templated":true}]}}