{"id":1224,"date":"2025-05-16T11:20:35","date_gmt":"2025-05-16T11:20:35","guid":{"rendered":"https:\/\/lisamar-cosmetics.es\/?page_id=1224"},"modified":"2025-12-11T12:12:09","modified_gmt":"2025-12-11T12:12:09","slug":"afeccions-de-la-pell-2","status":"publish","type":"page","link":"https:\/\/lisamar-cosmetics.es\/ca\/afecciones-de-la-piel\/","title":{"rendered":"Afeccions de la pell"},"content":{"rendered":"<div data-elementor-type=\"wp-page\" data-elementor-id=\"1224\" class=\"elementor elementor-1224\" data-elementor-post-type=\"page\">\n\t\t\t\t<div class=\"wd-negative-gap elementor-element elementor-element-b40ed79 e-flex e-con-boxed e-con e-parent\" data-id=\"b40ed79\" data-element_type=\"container\" data-e-type=\"container\" data-settings=\"{&quot;background_background&quot;:&quot;classic&quot;}\">\n\t\t\t\t\t<div class=\"e-con-inner\">\n\t\t\t\t<div class=\"elementor-element elementor-element-64a38c4 elementor-widget elementor-widget-heading\" data-id=\"64a38c4\" data-element_type=\"widget\" data-e-type=\"widget\" data-widget_type=\"heading.default\">\n\t\t\t\t<div class=\"elementor-widget-container\">\n\t\t\t\t\t<h2 class=\"elementor-heading-title elementor-size-default\">Afeccions cut\u00e0nies\n<\/h2>\t\t\t\t<\/div>\n\t\t\t\t<\/div>\n\t\t\t\t\t<\/div>\n\t\t\t\t<\/div>\n\t\t<div class=\"wd-negative-gap elementor-element elementor-element-140d29b e-flex e-con-boxed e-con e-parent\" data-id=\"140d29b\" data-element_type=\"container\" data-e-type=\"container\">\n\t\t\t\t\t<div class=\"e-con-inner\">\n\t\t\t\t<div class=\"elementor-element elementor-element-73c9501 elementor-widget elementor-widget-breadcrumbs\" data-id=\"73c9501\" data-element_type=\"widget\" data-e-type=\"widget\" data-widget_type=\"breadcrumbs.default\">\n\t\t\t\t<div class=\"elementor-widget-container\">\n\t\t\t\t\t<nav aria-label=\"breadcrumbs\" class=\"rank-math-breadcrumb\"><p><span class=\"last\">Inici<\/span><\/p><\/nav>\t\t\t\t<\/div>\n\t\t\t\t<\/div>\n\t\t\t\t\t<\/div>\n\t\t\t\t<\/div>\n\t\t<div class=\"elementor-element elementor-element-9d1dceb e-con-full e-flex e-con e-parent\" data-id=\"9d1dceb\" data-element_type=\"container\" data-e-type=\"container\" data-settings=\"{&quot;background_background&quot;:&quot;classic&quot;}\">\n\t\t\t\t<div class=\"elementor-element elementor-element-b268451 color-scheme-inherit text-left elementor-widget elementor-widget-text-editor\" data-id=\"b268451\" data-element_type=\"widget\" data-e-type=\"widget\" data-widget_type=\"text-editor.default\">\n\t\t\t\t<div class=\"elementor-widget-container\">\n\t\t\t\t\t\t\t\t\t<p>La pell \u00e9s el nostre orgue m\u00e9s gran. Canvia i es renova amb regularitat. L&#039;estat de la pell es refereix a les caracter\u00edstiques de la seva superf\u00edcie, derivades dels processos que s&#039;hi produeixen i sobre ella. Aquests es veuen influenciats per causes internes, influ\u00e8ncies externes i factors gen\u00e8tics. Per tant, una cura adequada de la pell t\u00e9 un gran impacte al seu estat.<\/p><p>Per donar-li a la teva pell la cura adequada i\u00a0<a href=\"https:\/\/lisamar-cosmetics.es\/es\/estilo-de-vida-mediterraneo\/atencion-plena\/?v=f256d134faad\">Conscienciar-te<\/a>\u00a0sempre \u00e9s bo per a tu i \u00e9s important no trobar nom\u00e9s el teu\u00a0<a href=\"https:\/\/lisamar-cosmetics.es\/es\/conocimiento-de-la-piel\/hauttypen\/?v=f256d134faad\">Tipus de pell<\/a>, sin\u00f3 tamb\u00e9 con\u00e8ixer l&#039;estat de la teva pell.<\/p><p>Hi ha quatre tipus de pell: deshidratada, sensible, amb imperfeccions i madura.<\/p>\t\t\t\t\t\t\t\t<\/div>\n\t\t\t\t<\/div>\n\t\t\t\t<\/div>\n\t\t<div class=\"elementor-element elementor-element-1bb006e e-con-full e-flex e-con e-parent\" data-id=\"1bb006e\" data-element_type=\"container\" data-e-type=\"container\" data-settings=\"{&quot;background_background&quot;:&quot;classic&quot;}\">\n\t\t<div class=\"wd-negative-gap elementor-element elementor-element-f877ca7 e-flex e-con-boxed e-con e-child\" data-id=\"f877ca7\" data-element_type=\"container\" data-e-type=\"container\">\n\t\t\t\t\t<div class=\"e-con-inner\">\n\t\t\t\t<div class=\"elementor-element elementor-element-007f9c6 e-n-tabs-mobile elementor-widget elementor-widget-n-tabs\" data-id=\"007f9c6\" data-element_type=\"widget\" data-e-type=\"widget\" data-settings=\"{&quot;horizontal_scroll&quot;:&quot;disable&quot;}\" data-widget_type=\"nested-tabs.default\">\n\t\t\t\t<div class=\"elementor-widget-container\">\n\t\t\t\t\t\t\t<div class=\"e-n-tabs\" data-widget-number=\"522694\" aria-label=\"Pestanyes. Obriu elements amb la tecla Intro o Espai, tanqueu-los amb la tecla Esc i navegueu amb les tecles de fletxa.\" data-no-translation-aria-label=\"\">\n\t\t\t<div class=\"e-n-tabs-heading\" role=\"tablist\">\n\t\t\t\t\t<button id=\"e-n-tab-title-5226941\" data-tab-title-id=\"e-n-tab-title-5226941\" class=\"e-n-tab-title\" aria-selected=\"true\" data-tab-index=\"1\" role=\"tab\" tabindex=\"0\" aria-controls=\"e-n-tab-content-5226941\" style=\"--n-tabs-title-order: 1;\">\n\t\t\t\t\t\t<span class=\"e-n-tab-title-text\">\n\t\t\t\tPell deshidratada\t\t\t<\/span>\n\t\t<\/button>\n\t\t\t\t<button id=\"e-n-tab-title-5226942\" data-tab-title-id=\"e-n-tab-title-5226942\" class=\"e-n-tab-title\" aria-selected=\"false\" data-tab-index=\"2\" role=\"tab\" tabindex=\"-1\" aria-controls=\"e-n-tab-content-5226942\" style=\"--n-tabs-title-order: 2;\">\n\t\t\t\t\t\t<span class=\"e-n-tab-title-text\">\n\t\t\t\tPell sensible\t\t\t<\/span>\n\t\t<\/button>\n\t\t\t\t<button id=\"e-n-tab-title-5226943\" data-tab-title-id=\"e-n-tab-title-5226943\" class=\"e-n-tab-title\" aria-selected=\"false\" data-tab-index=\"3\" role=\"tab\" tabindex=\"-1\" aria-controls=\"e-n-tab-content-5226943\" style=\"--n-tabs-title-order: 3;\">\n\t\t\t\t\t\t<span class=\"e-n-tab-title-text\">\n\t\t\t\tPell impura\t\t\t<\/span>\n\t\t<\/button>\n\t\t\t\t<button id=\"e-n-tab-title-5226944\" data-tab-title-id=\"e-n-tab-title-5226944\" class=\"e-n-tab-title\" aria-selected=\"false\" data-tab-index=\"4\" role=\"tab\" tabindex=\"-1\" aria-controls=\"e-n-tab-content-5226944\" style=\"--n-tabs-title-order: 4;\">\n\t\t\t\t\t\t<span class=\"e-n-tab-title-text\">\n\t\t\t\tPell madura\t\t\t<\/span>\n\t\t<\/button>\n\t\t\t\t\t<\/div>\n\t\t\t<div class=\"e-n-tabs-content\">\n\t\t\t\t<div id=\"e-n-tab-content-5226941\" role=\"tabpanel\" aria-labelledby=\"e-n-tab-title-5226941\" data-tab-index=\"1\" style=\"--n-tabs-title-order: 1;\" class=\"e-active elementor-element elementor-element-0aff779 e-con-full e-flex e-con e-child\" data-id=\"0aff779\" data-element_type=\"container\" data-e-type=\"container\">\n\t\t<div class=\"elementor-element elementor-element-8743320 e-flex e-con-boxed e-con e-child\" data-id=\"8743320\" data-element_type=\"container\" data-e-type=\"container\">\n\t\t\t\t\t<div class=\"e-con-inner\">\n\t\t\t\t<div class=\"elementor-element elementor-element-78a9077 color-scheme-inherit text-left elementor-widget elementor-widget-text-editor\" data-id=\"78a9077\" data-element_type=\"widget\" data-e-type=\"widget\" data-widget_type=\"text-editor.default\">\n\t\t\t\t<div class=\"elementor-widget-container\">\n\t\t\t\t\t\t\t\t\t<p>La pell deshidratada \u00e9s un estat temporal causat per alteracions a les barreres cut\u00e0nies. La pell deshidratada sol tenir porus fins, \u00e9s fina i es nota escamosa i tirant. Altres signes s\u00f3n una pell apagada i tend\u00e8ncia a les impureses. Les causes poden ser factors ambientals com els raigs UV, el fred, lalimentaci\u00f3 i una cura de la pell massa agressiu.<\/p>\t\t\t\t\t\t\t\t<\/div>\n\t\t\t\t<\/div>\n\t\t\t\t\t<\/div>\n\t\t\t\t<\/div>\n\t\t\t\t<\/div>\n\t\t<div id=\"e-n-tab-content-5226942\" role=\"tabpanel\" aria-labelledby=\"e-n-tab-title-5226942\" data-tab-index=\"2\" style=\"--n-tabs-title-order: 2;\" class=\"elementor-element elementor-element-5aec7aa e-con-full e-flex e-con e-child\" data-id=\"5aec7aa\" data-element_type=\"container\" data-e-type=\"container\">\n\t\t<div class=\"elementor-element elementor-element-f5112e0 e-flex e-con-boxed e-con e-child\" data-id=\"f5112e0\" data-element_type=\"container\" data-e-type=\"container\">\n\t\t\t\t\t<div class=\"e-con-inner\">\n\t\t\t\t<div class=\"elementor-element elementor-element-9b76d32 color-scheme-inherit text-left elementor-widget elementor-widget-text-editor\" data-id=\"9b76d32\" data-element_type=\"widget\" data-e-type=\"widget\" data-widget_type=\"text-editor.default\">\n\t\t\t\t<div class=\"elementor-widget-container\">\n\t\t\t\t\t\t\t\t\t<p>La pell sensible es manifesta mitjan\u00e7ant formigueig, tibantor, picor i reaccions a est\u00edmuls externs amb envermelliment, granits i ardor. Aix\u00f2 \u00e9s degut a una barrera cut\u00e0nia debilitada, el mantell \u00e0cid protector. \u00c9s important considerar la pell i la cura de forma integral i tenir en compte possibles causes com l&#039;estr\u00e8s, les hormones i l&#039;alimentaci\u00f3. En el cas de la pell sensible, lelecci\u00f3 dels productes de cura \u00e9s fonamental. Els productes qu\u00edmics amb alcohols, conservants i frag\u00e0ncies poden atacar la barrera cut\u00e0nia i fer-la encara m\u00e9s sensible. Aix\u00f2 pot provocar impureses i zones seques. Enforteix i protegeix la teva pell escollint amb cura els productes.<\/p>\t\t\t\t\t\t\t\t<\/div>\n\t\t\t\t<\/div>\n\t\t\t\t\t<\/div>\n\t\t\t\t<\/div>\n\t\t\t\t<\/div>\n\t\t<div id=\"e-n-tab-content-5226943\" role=\"tabpanel\" aria-labelledby=\"e-n-tab-title-5226943\" data-tab-index=\"3\" style=\"--n-tabs-title-order: 3;\" class=\"elementor-element elementor-element-544dc40 e-con-full e-flex e-con e-child\" data-id=\"544dc40\" data-element_type=\"container\" data-e-type=\"container\">\n\t\t<div class=\"elementor-element elementor-element-51ff7a2 e-flex e-con-boxed e-con e-child\" data-id=\"51ff7a2\" data-element_type=\"container\" data-e-type=\"container\">\n\t\t\t\t\t<div class=\"e-con-inner\">\n\t\t\t\t<div class=\"elementor-element elementor-element-cd501b1 color-scheme-inherit text-left elementor-widget elementor-widget-text-editor\" data-id=\"cd501b1\" data-element_type=\"widget\" data-e-type=\"widget\" data-widget_type=\"text-editor.default\">\n\t\t\t\t<div class=\"elementor-widget-container\">\n\t\t\t\t\t\t\t\t\t<p>La pell impura sol anar acompanyada de pell greixosa, que produeix m\u00e9s s\u00e8u (seborrea) i suor, un brou de cultiu perfecte per als bacteris externs. Aquestes poden causar m\u00e9s inflamacions a la pell en forma de grans i punts negres. El m\u00e9s important \u00e9s con\u00e8ixer la teva pell i tractar-la amb compte. La pell impura no sol combatre&#039;s de la nit al dia, per\u00f2 una cura natural i integral sense additius nocius ni alcohols pot protegir millor la teva pell de les impureses i les inflamacions, ja que refor\u00e7a la barrera cut\u00e0nia i torna a la teva pell el seu equilibri saludable.<\/p>\t\t\t\t\t\t\t\t<\/div>\n\t\t\t\t<\/div>\n\t\t\t\t\t<\/div>\n\t\t\t\t<\/div>\n\t\t\t\t<\/div>\n\t\t<div id=\"e-n-tab-content-5226944\" role=\"tabpanel\" aria-labelledby=\"e-n-tab-title-5226944\" data-tab-index=\"4\" style=\"--n-tabs-title-order: 4;\" class=\"elementor-element elementor-element-c9c36c9 e-con-full e-flex e-con e-child\" data-id=\"c9c36c9\" data-element_type=\"container\" data-e-type=\"container\">\n\t\t<div class=\"elementor-element elementor-element-e97af06 e-flex e-con-boxed e-con e-child\" data-id=\"e97af06\" data-element_type=\"container\" data-e-type=\"container\">\n\t\t\t\t\t<div class=\"e-con-inner\">\n\t\t\t\t<div class=\"elementor-element elementor-element-a57f6c2 color-scheme-inherit text-left elementor-widget elementor-widget-text-editor\" data-id=\"a57f6c2\" data-element_type=\"widget\" data-e-type=\"widget\" data-widget_type=\"text-editor.default\">\n\t\t\t\t<div class=\"elementor-widget-container\">\n\t\t\t\t\t\t\t\t\t<p>La pell madura es manifesta a una edat avan\u00e7ada. En general, es parla de pell madura a partir dels 50 anys, per\u00f2 els primers signes d&#039;envelliment en forma de l\u00ednies fines i arrugues ja poden apar\u00e8ixer als 27 anys. La pell madura t\u00e9 menys capacitat per retenir la humitat i, per tant, perd estructura, fermesa i elasticitat. A causa dels canvis hormonals al cos, produeix menys s\u00e8u, per la qual cosa es torna m\u00e9s seca i sensible, i les arrugues poden formar-se m\u00e9s r\u00e0pidament. A m\u00e9s, la producci\u00f3 de col\u00b7lagen i la regeneraci\u00f3 cel\u00b7lular de la pell disminueixen, cosa que es nota m\u00e9s a la cara, el coll i l&#039;escot a causa de la menor quantitat de teixit gras.<\/p>\t\t\t\t\t\t\t\t<\/div>\n\t\t\t\t<\/div>\n\t\t\t\t\t<\/div>\n\t\t\t\t<\/div>\n\t\t\t\t<\/div>\n\t\t\t\t\t<\/div>\n\t\t<\/div>\n\t\t\t\t\t\t<\/div>\n\t\t\t\t<\/div>\n\t\t\t\t\t<\/div>\n\t\t\t\t<\/div>\n\t\t\t\t<\/div>\n\t\t\t\t<\/div>","protected":false},"excerpt":{"rendered":"<p>Afecciones cut\u00e1neas Inicio La piel es nuestro \u00f3rgano m\u00e1s grande. Cambia y se renueva con regularidad. El estado de la<\/p>","protected":false},"author":1,"featured_media":0,"parent":0,"menu_order":0,"comment_status":"closed","ping_status":"closed","template":"elementor_header_footer","meta":{"footnotes":""},"class_list":["post-1224","page","type-page","status-publish","hentry"],"_links":{"self":[{"href":"https:\/\/lisamar-cosmetics.es\/ca\/wp-json\/wp\/v2\/pages\/1224","targetHints":{"allow":["GET"]}}],"collection":[{"href":"https:\/\/lisamar-cosmetics.es\/ca\/wp-json\/wp\/v2\/pages"}],"about":[{"href":"https:\/\/lisamar-cosmetics.es\/ca\/wp-json\/wp\/v2\/types\/page"}],"author":[{"embeddable":true,"href":"https:\/\/lisamar-cosmetics.es\/ca\/wp-json\/wp\/v2\/users\/1"}],"replies":[{"embeddable":true,"href":"https:\/\/lisamar-cosmetics.es\/ca\/wp-json\/wp\/v2\/comments?post=1224"}],"version-history":[{"count":70,"href":"https:\/\/lisamar-cosmetics.es\/ca\/wp-json\/wp\/v2\/pages\/1224\/revisions"}],"predecessor-version":[{"id":14331,"href":"https:\/\/lisamar-cosmetics.es\/ca\/wp-json\/wp\/v2\/pages\/1224\/revisions\/14331"}],"wp:attachment":[{"href":"https:\/\/lisamar-cosmetics.es\/ca\/wp-json\/wp\/v2\/media?parent=1224"}],"curies":[{"name":"wp","href":"https:\/\/api.w.org\/{rel}","templated":true}]}}