{"id":1219,"date":"2025-05-16T11:19:32","date_gmt":"2025-05-16T11:19:32","guid":{"rendered":"https:\/\/lisamar-cosmetics.es\/?page_id=1219"},"modified":"2025-12-11T12:05:34","modified_gmt":"2025-12-11T12:05:34","slug":"tipus-de-pell-cutania","status":"publish","type":"page","link":"https:\/\/lisamar-cosmetics.es\/ca\/tipo-de-piel-cutanea\/","title":{"rendered":"Tipus de pell"},"content":{"rendered":"<div data-elementor-type=\"wp-page\" data-elementor-id=\"1219\" class=\"elementor elementor-1219\" data-elementor-post-type=\"page\">\n\t\t\t\t<div class=\"wd-negative-gap elementor-element elementor-element-ea48767 e-flex e-con-boxed e-con e-parent\" data-id=\"ea48767\" data-element_type=\"container\" data-e-type=\"container\" data-settings=\"{&quot;background_background&quot;:&quot;classic&quot;}\">\n\t\t\t\t\t<div class=\"e-con-inner\">\n\t\t\t\t<div class=\"elementor-element elementor-element-1fdea8a elementor-widget elementor-widget-heading\" data-id=\"1fdea8a\" data-element_type=\"widget\" data-e-type=\"widget\" data-widget_type=\"heading.default\">\n\t\t\t\t<div class=\"elementor-widget-container\">\n\t\t\t\t\t<h2 class=\"elementor-heading-title elementor-size-default\">Troba el teu tipus de pell: El cam\u00ed cap a la cura perfecta\n<\/h2>\t\t\t\t<\/div>\n\t\t\t\t<\/div>\n\t\t\t\t\t<\/div>\n\t\t\t\t<\/div>\n\t\t<div class=\"wd-negative-gap elementor-element elementor-element-f84e60e e-flex e-con-boxed e-con e-parent\" data-id=\"f84e60e\" data-element_type=\"container\" data-e-type=\"container\">\n\t\t\t\t\t<div class=\"e-con-inner\">\n\t\t\t\t<div class=\"elementor-element elementor-element-4f1332a elementor-widget elementor-widget-breadcrumbs\" data-id=\"4f1332a\" data-element_type=\"widget\" data-e-type=\"widget\" data-widget_type=\"breadcrumbs.default\">\n\t\t\t\t<div class=\"elementor-widget-container\">\n\t\t\t\t\t<nav aria-label=\"breadcrumbs\" class=\"rank-math-breadcrumb\"><p><span class=\"last\">Inici<\/span><\/p><\/nav>\t\t\t\t<\/div>\n\t\t\t\t<\/div>\n\t\t\t\t\t<\/div>\n\t\t\t\t<\/div>\n\t\t<div class=\"elementor-element elementor-element-6bd0733 e-con-full e-flex e-con e-parent\" data-id=\"6bd0733\" data-element_type=\"container\" data-e-type=\"container\" data-settings=\"{&quot;background_background&quot;:&quot;classic&quot;}\">\n\t\t\t\t<div class=\"elementor-element elementor-element-fdefcdc color-scheme-inherit text-left elementor-widget elementor-widget-text-editor\" data-id=\"fdefcdc\" data-element_type=\"widget\" data-e-type=\"widget\" data-widget_type=\"text-editor.default\">\n\t\t\t\t<div class=\"elementor-widget-container\">\n\t\t\t\t\t\t\t\t\t<p>La pell \u00e9s un dels \u00f2rgans m\u00e9s importants del cos hum\u00e0. I hi ha diferents tipus de pell. Exerceix funcions protectores essencials i, alhora, influeix en el nostre aspecte. A m\u00e9s, ens permet sentir el tacte, regula la temperatura corporal i ens protegeix de les infeccions.<\/p><p>Si comprens com est\u00e0 estructurada la teva pell, podr\u00e0s recon\u00e8ixer millor qu\u00e8 necessita.<\/p><p>En primer lloc, \u00e9s important comprendre com est\u00e0 estructurada la pell.<\/p><p>La pell est\u00e0 formada per tres capes: la capa externa, l&#039;epidermis, protegeix contra influ\u00e8ncies externes com a subst\u00e0ncies nocives, bacteris i la p\u00e8rdua d&#039;humitat. Just a sota hi ha la dermis, que est\u00e0 formada per teixit conjuntiu ric en col\u00b7lagen i s&#039;encarrega de l&#039;elasticitat de la pell. Aquesta capa \u00e9s especialment susceptible al proc\u00e9s d&#039;envelliment. La capa m\u00e9s profunda, la hipodermis, est\u00e0 formada per teixit conjuntiu i adip\u00f3s lax. Actua com a protecci\u00f3 contra el fred, magatzem denergia i capa de despla\u00e7ament entre la pell i els m\u00fasculs.<\/p>\t\t\t\t\t\t\t\t<\/div>\n\t\t\t\t<\/div>\n\t\t\t\t<\/div>\n\t\t<div class=\"elementor-element elementor-element-c46ec5a e-con-full e-flex e-con e-parent\" data-id=\"c46ec5a\" data-element_type=\"container\" data-e-type=\"container\" data-settings=\"{&quot;background_background&quot;:&quot;classic&quot;}\">\n\t\t<div class=\"wd-negative-gap elementor-element elementor-element-a50e16f e-flex e-con-boxed e-con e-child\" data-id=\"a50e16f\" data-element_type=\"container\" data-e-type=\"container\">\n\t\t\t\t\t<div class=\"e-con-inner\">\n\t\t\t\t<div class=\"elementor-element elementor-element-4f20ce8 elementor-widget elementor-widget-heading\" data-id=\"4f20ce8\" data-element_type=\"widget\" data-e-type=\"widget\" data-widget_type=\"heading.default\">\n\t\t\t\t<div class=\"elementor-widget-container\">\n\t\t\t\t\t<h2 class=\"elementor-heading-title elementor-size-default\">M\u00e9s informaci\u00f3 sobre el teu tipus de pell\n<\/h2>\t\t\t\t<\/div>\n\t\t\t\t<\/div>\n\t\t\t\t<div class=\"elementor-element elementor-element-f1faeac color-scheme-inherit text-left elementor-widget elementor-widget-text-editor\" data-id=\"f1faeac\" data-element_type=\"widget\" data-e-type=\"widget\" data-widget_type=\"text-editor.default\">\n\t\t\t\t<div class=\"elementor-widget-container\">\n\t\t\t\t\t\t\t\t\t<p>El tipus de pell \u00e9s determinat principalment pels gens i nom\u00e9s canvia lleugerament al llarg de la vida. Tot i aix\u00f2, moltes persones desconeixen el seu tipus de pell o l&#039;avaluen incorrectament. \u00c9s important con\u00e8ixer el propi tipus de pell per trobar la cura adequada. La pell es divideix en cinc tipus principals: pell normal, seca, greixosa, mixta i sensible. Cada tipus de pell t\u00e9 necessitats especials que cal tenir en compte.<\/p>\t\t\t\t\t\t\t\t<\/div>\n\t\t\t\t<\/div>\n\t\t\t\t<div class=\"elementor-element elementor-element-999c205 elementor-widget elementor-widget-n-accordion\" data-id=\"999c205\" data-element_type=\"widget\" data-e-type=\"widget\" data-settings=\"{&quot;default_state&quot;:&quot;all_collapsed&quot;,&quot;max_items_expended&quot;:&quot;one&quot;,&quot;n_accordion_animation_duration&quot;:{&quot;unit&quot;:&quot;ms&quot;,&quot;size&quot;:400,&quot;sizes&quot;:[]}}\" data-widget_type=\"nested-accordion.default\">\n\t\t\t\t<div class=\"elementor-widget-container\">\n\t\t\t\t\t\t\t<div class=\"e-n-accordion\" aria-label=\"Accordion. Open links with Enter or Space, close with Escape, and navigate with Arrow Keys\">\n\t\t\t\t\t\t<details id=\"e-n-accordion-item-1610\" class=\"e-n-accordion-item\" >\n\t\t\t\t<summary class=\"e-n-accordion-item-title\" data-accordion-index=\"1\" tabindex=\"0\" aria-expanded=\"false\" aria-controls=\"e-n-accordion-item-1610\" >\n\t\t\t\t\t<span class='e-n-accordion-item-title-header'><div class=\"e-n-accordion-item-title-text\"> Pell normal <\/div><\/span>\n\t\t\t\t\t\t\t<span class='e-n-accordion-item-title-icon'>\n\t\t\t<span class='e-opened' ><svg aria-hidden=\"true\" class=\"e-font-icon-svg e-fas-long-arrow-alt-up\" viewbox=\"0 0 256 512\" xmlns=\"http:\/\/www.w3.org\/2000\/svg\"><path d=\"M88 166.059V468c0 6.627 5.373 12 12 12h56c6.627 0 12-5.373 12-12V166.059h46.059c21.382 0 32.09-25.851 16.971-40.971l-86.059-86.059c-9.373-9.373-24.569-9.373-33.941 0l-86.059 86.059c-15.119 15.119-4.411 40.971 16.971 40.971H88z\"><\/path><\/svg><\/span>\n\t\t\t<span class='e-closed'><svg aria-hidden=\"true\" class=\"e-font-icon-svg e-fas-long-arrow-alt-right\" viewbox=\"0 0 448 512\" xmlns=\"http:\/\/www.w3.org\/2000\/svg\"><path d=\"M313.941 216H12c-6.627 0-12 5.373-12 12v56c0 6.627 5.373 12 12 12h301.941v46.059c0 21.382 25.851 32.09 40.971 16.971l86.059-86.059c9.373-9.373 9.373-24.569 0-33.941l-86.059-86.059c-15.119-15.119-40.971-4.411-40.971 16.971V216z\"><\/path><\/svg><\/span>\n\t\t<\/span>\n\n\t\t\t\t\t\t<\/summary>\n\t\t\t\t<div role=\"region\" aria-labelledby=\"e-n-accordion-item-1610\" class=\"elementor-element elementor-element-4ca6314 e-con-full e-flex e-con e-child\" data-id=\"4ca6314\" data-element_type=\"container\" data-e-type=\"container\">\n\t\t<div class=\"wd-negative-gap elementor-element elementor-element-eb05f31 e-flex e-con-boxed e-con e-child\" role=\"region\" aria-labelledby=\"e-n-accordion-item-1610\" data-id=\"eb05f31\" data-element_type=\"container\" data-e-type=\"container\">\n\t\t\t\t\t<div class=\"e-con-inner\">\n\t\t\t\t<div class=\"elementor-element elementor-element-c1ceac9 color-scheme-inherit text-left elementor-widget elementor-widget-text-editor\" data-id=\"c1ceac9\" data-element_type=\"widget\" data-e-type=\"widget\" data-widget_type=\"text-editor.default\">\n\t\t\t\t<div class=\"elementor-widget-container\">\n\t\t\t\t\t\t\t\t\t<p>El tipus de pell \u00e9s determinat principalment pels gens i nom\u00e9s canvia lleugerament al llarg de la vida. Tot i aix\u00f2, moltes persones desconeixen el seu tipus de pell o l&#039;avaluen incorrectament. \u00c9s important con\u00e8ixer el propi tipus de pell per trobar la cura adequada. La pell es divideix en cinc tipus principals: pell normal, seca, greixosa, mixta i sensible. Cada tipus de pell t\u00e9 necessitats especials que cal tenir en compte.<\/p>\t\t\t\t\t\t\t\t<\/div>\n\t\t\t\t<\/div>\n\t\t\t\t\t<\/div>\n\t\t\t\t<\/div>\n\t\t\t\t<\/div>\n\t\t\t\t\t<\/details>\n\t\t\t\t\t\t<details id=\"e-n-accordion-item-1611\" class=\"e-n-accordion-item\" >\n\t\t\t\t<summary class=\"e-n-accordion-item-title\" data-accordion-index=\"2\" tabindex=\"-1\" aria-expanded=\"false\" aria-controls=\"e-n-accordion-item-1611\" >\n\t\t\t\t\t<span class='e-n-accordion-item-title-header'><div class=\"e-n-accordion-item-title-text\"> Pell sensible <\/div><\/span>\n\t\t\t\t\t\t\t<span class='e-n-accordion-item-title-icon'>\n\t\t\t<span class='e-opened' ><svg aria-hidden=\"true\" class=\"e-font-icon-svg e-fas-long-arrow-alt-up\" viewbox=\"0 0 256 512\" xmlns=\"http:\/\/www.w3.org\/2000\/svg\"><path d=\"M88 166.059V468c0 6.627 5.373 12 12 12h56c6.627 0 12-5.373 12-12V166.059h46.059c21.382 0 32.09-25.851 16.971-40.971l-86.059-86.059c-9.373-9.373-24.569-9.373-33.941 0l-86.059 86.059c-15.119 15.119-4.411 40.971 16.971 40.971H88z\"><\/path><\/svg><\/span>\n\t\t\t<span class='e-closed'><svg aria-hidden=\"true\" class=\"e-font-icon-svg e-fas-long-arrow-alt-right\" viewbox=\"0 0 448 512\" xmlns=\"http:\/\/www.w3.org\/2000\/svg\"><path d=\"M313.941 216H12c-6.627 0-12 5.373-12 12v56c0 6.627 5.373 12 12 12h301.941v46.059c0 21.382 25.851 32.09 40.971 16.971l86.059-86.059c9.373-9.373 9.373-24.569 0-33.941l-86.059-86.059c-15.119-15.119-40.971-4.411-40.971 16.971V216z\"><\/path><\/svg><\/span>\n\t\t<\/span>\n\n\t\t\t\t\t\t<\/summary>\n\t\t\t\t<div role=\"region\" aria-labelledby=\"e-n-accordion-item-1611\" class=\"elementor-element elementor-element-5aa54a1 e-con-full e-flex e-con e-child\" data-id=\"5aa54a1\" data-element_type=\"container\" data-e-type=\"container\">\n\t\t<div class=\"wd-negative-gap elementor-element elementor-element-e342af3 e-flex e-con-boxed e-con e-child\" role=\"region\" aria-labelledby=\"e-n-accordion-item-1611\" data-id=\"e342af3\" data-element_type=\"container\" data-e-type=\"container\">\n\t\t\t\t\t<div class=\"e-con-inner\">\n\t\t\t\t<div class=\"elementor-element elementor-element-122b9b5 color-scheme-inherit text-left elementor-widget elementor-widget-text-editor\" data-id=\"122b9b5\" data-element_type=\"widget\" data-e-type=\"widget\" data-widget_type=\"text-editor.default\">\n\t\t\t\t<div class=\"elementor-widget-container\">\n\t\t\t\t\t\t\t\t\t<p>De vegades tamb\u00e9 s&#039;anomena \u00abpell sensible\u00bb, per\u00f2 tots dos termes s\u00f3n sin\u00f2nims i no hi ha difer\u00e8ncies dermatol\u00f2giques entre ells.<\/p><p>La pell sensible reacciona amb m\u00e9s intensitat a est\u00edmuls que no causarien cap problema en una pell normal. Els s\u00edmptomes solen ser envermelliment, sensaci\u00f3 de tibantor o picor. La barrera protectora natural de la pell sensible sol estar debilitada, cosa que la fa m\u00e9s propensa a les infeccions i les reaccions al\u00b7l\u00e8rgiques. Les causes de la pell sensible s\u00f3n diverses, per\u00f2 poden ser gen\u00e8tiques o veure&#039;s agreujades per factors externs com l&#039;estr\u00e8s o la cura excessiva.<\/p><p>La pell sensible necessita productes de cura especialment suaus i no irritants que la calmin i en reforcin la barrera protectora. Ingredients com l&#039;\u00e0loe vera, el pantenol o la camamilla s\u00f3n especialment adequats per fer-ho.<\/p>\t\t\t\t\t\t\t\t<\/div>\n\t\t\t\t<\/div>\n\t\t\t\t\t<\/div>\n\t\t\t\t<\/div>\n\t\t\t\t<\/div>\n\t\t\t\t\t<\/details>\n\t\t\t\t\t\t<details id=\"e-n-accordion-item-1612\" class=\"e-n-accordion-item\" >\n\t\t\t\t<summary class=\"e-n-accordion-item-title\" data-accordion-index=\"3\" tabindex=\"-1\" aria-expanded=\"false\" aria-controls=\"e-n-accordion-item-1612\" >\n\t\t\t\t\t<span class='e-n-accordion-item-title-header'><div class=\"e-n-accordion-item-title-text\"> Pell seca <\/div><\/span>\n\t\t\t\t\t\t\t<span class='e-n-accordion-item-title-icon'>\n\t\t\t<span class='e-opened' ><svg aria-hidden=\"true\" class=\"e-font-icon-svg e-fas-long-arrow-alt-up\" viewbox=\"0 0 256 512\" xmlns=\"http:\/\/www.w3.org\/2000\/svg\"><path d=\"M88 166.059V468c0 6.627 5.373 12 12 12h56c6.627 0 12-5.373 12-12V166.059h46.059c21.382 0 32.09-25.851 16.971-40.971l-86.059-86.059c-9.373-9.373-24.569-9.373-33.941 0l-86.059 86.059c-15.119 15.119-4.411 40.971 16.971 40.971H88z\"><\/path><\/svg><\/span>\n\t\t\t<span class='e-closed'><svg aria-hidden=\"true\" class=\"e-font-icon-svg e-fas-long-arrow-alt-right\" viewbox=\"0 0 448 512\" xmlns=\"http:\/\/www.w3.org\/2000\/svg\"><path d=\"M313.941 216H12c-6.627 0-12 5.373-12 12v56c0 6.627 5.373 12 12 12h301.941v46.059c0 21.382 25.851 32.09 40.971 16.971l86.059-86.059c9.373-9.373 9.373-24.569 0-33.941l-86.059-86.059c-15.119-15.119-40.971-4.411-40.971 16.971V216z\"><\/path><\/svg><\/span>\n\t\t<\/span>\n\n\t\t\t\t\t\t<\/summary>\n\t\t\t\t<div role=\"region\" aria-labelledby=\"e-n-accordion-item-1612\" class=\"elementor-element elementor-element-b856f7a e-con-full e-flex e-con e-child\" data-id=\"b856f7a\" data-element_type=\"container\" data-e-type=\"container\">\n\t\t<div class=\"wd-negative-gap elementor-element elementor-element-de04f25 e-flex e-con-boxed e-con e-child\" role=\"region\" aria-labelledby=\"e-n-accordion-item-1612\" data-id=\"de04f25\" data-element_type=\"container\" data-e-type=\"container\">\n\t\t\t\t\t<div class=\"e-con-inner\">\n\t\t\t\t<div class=\"elementor-element elementor-element-f056952 color-scheme-inherit text-left elementor-widget elementor-widget-text-editor\" data-id=\"f056952\" data-element_type=\"widget\" data-e-type=\"widget\" data-widget_type=\"text-editor.default\">\n\t\t\t\t<div class=\"elementor-widget-container\">\n\t\t\t\t\t\t\t\t\t<div><p>Sovint, la pell seca est\u00e0 causada per factors externs com ara el clima, la baixa humitat o l&#039;aigua calenta, i no sol ser una afecci\u00f3 permanent. No obstant aix\u00f2, en algunes persones aquesta afecci\u00f3 cut\u00e0nia pot ser m\u00e9s freq\u00fcent i fins i tot esdevenir una afecci\u00f3 permanent.<\/p><\/div><div><p>At\u00e8s que la pell seca pot esquerdar-se i, per tant, estar m\u00e9s exposada als bacteris, aix\u00f2 pot provocar altres malalties cut\u00e0nies, com \u00e8czemes, o, si no es cuida adequadament, fer-la m\u00e9s propensa a les infeccions.<\/p><\/div><div><p>La pell seca es manifesta generalment mitjan\u00e7ant una sensaci\u00f3 de tibantor i aspror. Pot apar\u00e8ixer descamaci\u00f3, picor, envermelliment i petites esquerdes. La pell esquerdada s&#039;observa normalment en pells molt seques.<\/p><\/div><div><p>La pell seca \u00e9s un dels problemes m\u00e9s comuns a qu\u00e8 s&#039;enfronten els dermat\u00f2legs. Aproximadament el 40 % dels pacients de dermatologia acudeixen a la consulta a causa de les mol\u00e8sties que causa la pell seca. Encara que la pell seca pot apar\u00e8ixer a tot el cos, es nota especialment en determinades zones. Els m\u00e9s afectats s\u00f3n els colzes, les mans, els peus, els genolls i la cara. La pell seca a la cara, en particular, pot provocar un envelliment prematur de la pell.<\/p><\/div><div><p>Aquest <strong>tipus de pell<\/strong> necessita cures especialment hidratants i nutritives que ajudin a reconstruir la barrera cut\u00e0nia. Ingredients com l&#039;\u00e0cid hialur\u00f2nic o la glicerina s\u00f3n especialment beneficiosos en aquest tipus de productes.<\/p><\/div><div><p>En principi, la pell seca es pot controlar f\u00e0cilment per un mateix. Tot i aix\u00f2, si malgrat influir en factors externs com l&#039;alimentaci\u00f3 i la cura amb productes espec\u00edfics per a pell seca no s&#039;observa cap millora, cal acudir al dermat\u00f2leg.<\/p><\/div>\t\t\t\t\t\t\t\t<\/div>\n\t\t\t\t<\/div>\n\t\t\t\t\t<\/div>\n\t\t\t\t<\/div>\n\t\t\t\t<\/div>\n\t\t\t\t\t<\/details>\n\t\t\t\t\t\t<details id=\"e-n-accordion-item-1613\" class=\"e-n-accordion-item\" >\n\t\t\t\t<summary class=\"e-n-accordion-item-title\" data-accordion-index=\"4\" tabindex=\"-1\" aria-expanded=\"false\" aria-controls=\"e-n-accordion-item-1613\" >\n\t\t\t\t\t<span class='e-n-accordion-item-title-header'><div class=\"e-n-accordion-item-title-text\"> Pell greix <\/div><\/span>\n\t\t\t\t\t\t\t<span class='e-n-accordion-item-title-icon'>\n\t\t\t<span class='e-opened' ><svg aria-hidden=\"true\" class=\"e-font-icon-svg e-fas-long-arrow-alt-up\" viewbox=\"0 0 256 512\" xmlns=\"http:\/\/www.w3.org\/2000\/svg\"><path d=\"M88 166.059V468c0 6.627 5.373 12 12 12h56c6.627 0 12-5.373 12-12V166.059h46.059c21.382 0 32.09-25.851 16.971-40.971l-86.059-86.059c-9.373-9.373-24.569-9.373-33.941 0l-86.059 86.059c-15.119 15.119-4.411 40.971 16.971 40.971H88z\"><\/path><\/svg><\/span>\n\t\t\t<span class='e-closed'><svg aria-hidden=\"true\" class=\"e-font-icon-svg e-fas-long-arrow-alt-right\" viewbox=\"0 0 448 512\" xmlns=\"http:\/\/www.w3.org\/2000\/svg\"><path d=\"M313.941 216H12c-6.627 0-12 5.373-12 12v56c0 6.627 5.373 12 12 12h301.941v46.059c0 21.382 25.851 32.09 40.971 16.971l86.059-86.059c9.373-9.373 9.373-24.569 0-33.941l-86.059-86.059c-15.119-15.119-40.971-4.411-40.971 16.971V216z\"><\/path><\/svg><\/span>\n\t\t<\/span>\n\n\t\t\t\t\t\t<\/summary>\n\t\t\t\t<div role=\"region\" aria-labelledby=\"e-n-accordion-item-1613\" class=\"elementor-element elementor-element-13062ee e-con-full e-flex e-con e-child\" data-id=\"13062ee\" data-element_type=\"container\" data-e-type=\"container\">\n\t\t<div class=\"wd-negative-gap elementor-element elementor-element-d13fc2b e-flex e-con-boxed e-con e-child\" role=\"region\" aria-labelledby=\"e-n-accordion-item-1613\" data-id=\"d13fc2b\" data-element_type=\"container\" data-e-type=\"container\">\n\t\t\t\t\t<div class=\"e-con-inner\">\n\t\t\t\t<div class=\"elementor-element elementor-element-a1fdccc color-scheme-inherit text-left elementor-widget elementor-widget-text-editor\" data-id=\"a1fdccc\" data-element_type=\"widget\" data-e-type=\"widget\" data-widget_type=\"text-editor.default\">\n\t\t\t\t<div class=\"elementor-widget-container\">\n\t\t\t\t\t\t\t\t\t<p>La pell greixosa t\u00e9 un aspecte brillant i amb porus dilatats. Es deu a una producci\u00f3 excessiva de s\u00e8u, que sol estar provocada per causes gen\u00e8tiques i\/o hormonals.\u00a0<\/p><p>Les adolescents i els adolescents s\u00f3n els m\u00e9s afectats per la pell greixosa, ja que els canvis hormonals durant la pubertat poden provocar un desequilibri en la producci\u00f3 de s\u00e8u.<\/p><p>La pell greix del rostre es caracteritza generalment per una zona T greix, galtes i porus dilatats.<\/p><p>En aquestes zones, la sobreproducci\u00f3 de s\u00e8u pot provocar l&#039;obstrucci\u00f3 dels porus i\/o els conductes fol\u00b7liculars, cosa que afavoreix l&#039;aparici\u00f3 d&#039;inflamacions i la proliferaci\u00f3 de bacteris.<\/p><p>A causa de la seva estructura, la pell greix sol tenir un aspecte apagat, ja que la capa superior de la pell s&#039;engruixa a causa de la queratinitzaci\u00f3 i els porus obstru\u00efts. Aix\u00f2 impedeix que s&#039;irrigui suficientment amb sang.<\/p><p>En aquest cas, \u00e9s especialment important fer una neteja profunda per\u00f2 suau per mantenir els porus lliures sense irritar la pell. L&#039;ideal s\u00f3n els productes de cura no comedog\u00e8nics, que no obstrueixen els porus. Les exfoliacions regulars poden ajudar a eliminar l&#039;exc\u00e9s de s\u00e8u i refinar la textura de la pell.<\/p>\t\t\t\t\t\t\t\t<\/div>\n\t\t\t\t<\/div>\n\t\t\t\t\t<\/div>\n\t\t\t\t<\/div>\n\t\t\t\t<\/div>\n\t\t\t\t\t<\/details>\n\t\t\t\t\t\t<details id=\"e-n-accordion-item-1614\" class=\"e-n-accordion-item\" >\n\t\t\t\t<summary class=\"e-n-accordion-item-title\" data-accordion-index=\"5\" tabindex=\"-1\" aria-expanded=\"false\" aria-controls=\"e-n-accordion-item-1614\" >\n\t\t\t\t\t<span class='e-n-accordion-item-title-header'><div class=\"e-n-accordion-item-title-text\"> Pell mixta <\/div><\/span>\n\t\t\t\t\t\t\t<span class='e-n-accordion-item-title-icon'>\n\t\t\t<span class='e-opened' ><svg aria-hidden=\"true\" class=\"e-font-icon-svg e-fas-long-arrow-alt-up\" viewbox=\"0 0 256 512\" xmlns=\"http:\/\/www.w3.org\/2000\/svg\"><path d=\"M88 166.059V468c0 6.627 5.373 12 12 12h56c6.627 0 12-5.373 12-12V166.059h46.059c21.382 0 32.09-25.851 16.971-40.971l-86.059-86.059c-9.373-9.373-24.569-9.373-33.941 0l-86.059 86.059c-15.119 15.119-4.411 40.971 16.971 40.971H88z\"><\/path><\/svg><\/span>\n\t\t\t<span class='e-closed'><svg aria-hidden=\"true\" class=\"e-font-icon-svg e-fas-long-arrow-alt-right\" viewbox=\"0 0 448 512\" xmlns=\"http:\/\/www.w3.org\/2000\/svg\"><path d=\"M313.941 216H12c-6.627 0-12 5.373-12 12v56c0 6.627 5.373 12 12 12h301.941v46.059c0 21.382 25.851 32.09 40.971 16.971l86.059-86.059c9.373-9.373 9.373-24.569 0-33.941l-86.059-86.059c-15.119-15.119-40.971-4.411-40.971 16.971V216z\"><\/path><\/svg><\/span>\n\t\t<\/span>\n\n\t\t\t\t\t\t<\/summary>\n\t\t\t\t<div role=\"region\" aria-labelledby=\"e-n-accordion-item-1614\" class=\"elementor-element elementor-element-2d88cab e-con-full e-flex e-con e-child\" data-id=\"2d88cab\" data-element_type=\"container\" data-e-type=\"container\">\n\t\t<div class=\"wd-negative-gap elementor-element elementor-element-f689233 e-flex e-con-boxed e-con e-child\" role=\"region\" aria-labelledby=\"e-n-accordion-item-1614\" data-id=\"f689233\" data-element_type=\"container\" data-e-type=\"container\">\n\t\t\t\t\t<div class=\"e-con-inner\">\n\t\t\t\t<div class=\"elementor-element elementor-element-ab4182e color-scheme-inherit text-left elementor-widget elementor-widget-text-editor\" data-id=\"ab4182e\" data-element_type=\"widget\" data-e-type=\"widget\" data-widget_type=\"text-editor.default\">\n\t\t\t\t<div class=\"elementor-widget-container\">\n\t\t\t\t\t\t\t\t\t<div><p>Aquest <strong>tipus de pell<\/strong> presenta caracter\u00edstiques tant de pell seca com greix, ja que les gl\u00e0ndules seb\u00e0cies i sudor\u00edpares no estan distribu\u00efdes de manera uniforme. La zona greix es troba normalment a la zona T (front, nas i barbeta), mentre que la pell de les galtes sol ser normal o seca.<\/p><\/div><div><p>La pell mixta, igual que la pell greixosa, \u00e9s principalment un <strong>tipus de pell<\/strong> que apareix en nois i noies entre 15 i 25 anys. Igual que en el cas de la pell greixosa, la producci\u00f3 excessiva de s\u00e8u sol estar relacionada amb un augment de la formaci\u00f3 d&#039;hormones sexuals masculines (andr\u00f2gens).<\/p><\/div><div><p>Aquesta producci\u00f3 disminueix cap al final de la pubertat, com a molt tard a principis dels 20 anys, per la qual cosa a partir d&#039;aquell moment la pell mixta \u00e9s molt menys freq\u00fcent.<\/p><\/div><div><p>A m\u00e9s, la pell mixta tamb\u00e9 pot ser heredit\u00e0ria o veure&#039;s afavorida per l&#039;\u00fas de productes facials inadequats. Els ingredients agressius irriten la pell i envien certs senyals al cervell. Se li indica a la pell que ha de produir m\u00e9s s\u00e8u per protegir-se adequadament.<\/p><\/div><div><p>El repte de les pells mixtes consisteix a matificar les zones greixoses i, alhora, hidratar suficientment les zones seques. Sovint cal una combinaci\u00f3 de diferents productes de cura per mantenir l&#039;equilibri de la pell.<\/p><\/div>\t\t\t\t\t\t\t\t<\/div>\n\t\t\t\t<\/div>\n\t\t\t\t\t<\/div>\n\t\t\t\t<\/div>\n\t\t\t\t<\/div>\n\t\t\t\t\t<\/details>\n\t\t\t\t\t<\/div>\n\t\t\t\t\t\t<\/div>\n\t\t\t\t<\/div>\n\t\t\t\t\t<\/div>\n\t\t\t\t<\/div>\n\t\t<div class=\"wd-negative-gap elementor-element elementor-element-eabafba e-flex e-con-boxed e-con e-child\" data-id=\"eabafba\" data-element_type=\"container\" data-e-type=\"container\">\n\t\t\t\t\t<div class=\"e-con-inner\">\n\t\t\t\t<div class=\"elementor-element elementor-element-5895b10 elementor-widget elementor-widget-image\" data-id=\"5895b10\" data-element_type=\"widget\" data-e-type=\"widget\" data-widget_type=\"image.default\">\n\t\t\t\t<div class=\"elementor-widget-container\">\n\t\t\t\t\t\t\t\t\t\t\t\t\t\t\t<img decoding=\"async\" width=\"1200\" height=\"734\" src=\"https:\/\/lisamar-cosmetics.es\/wp-content\/uploads\/2025\/05\/lisamar-Webbilder_0002_Haut-Querschnitt-e1747396429251.webp\" class=\"attachment-full size-full wp-image-1302\" alt=\"\" srcset=\"https:\/\/lisamar-cosmetics.es\/wp-content\/uploads\/2025\/05\/lisamar-Webbilder_0002_Haut-Querschnitt-e1747396429251.webp 1200w, https:\/\/lisamar-cosmetics.es\/wp-content\/uploads\/2025\/05\/lisamar-Webbilder_0002_Haut-Querschnitt-e1747396429251-150x92.webp 150w, https:\/\/lisamar-cosmetics.es\/wp-content\/uploads\/2025\/05\/lisamar-Webbilder_0002_Haut-Querschnitt-e1747396429251-300x184.webp 300w, https:\/\/lisamar-cosmetics.es\/wp-content\/uploads\/2025\/05\/lisamar-Webbilder_0002_Haut-Querschnitt-e1747396429251-1024x626.webp 1024w, https:\/\/lisamar-cosmetics.es\/wp-content\/uploads\/2025\/05\/lisamar-Webbilder_0002_Haut-Querschnitt-e1747396429251-768x470.webp 768w\" sizes=\"(max-width: 1200px) 100vw, 1200px\" title=\"\">\t\t\t\t\t\t\t\t\t\t\t\t\t\t\t<\/div>\n\t\t\t\t<\/div>\n\t\t\t\t\t<\/div>\n\t\t\t\t<\/div>\n\t\t\t\t<\/div>\n\t\t\t\t<\/div>","protected":false},"excerpt":{"rendered":"<p>Encuentra tu tipo de piel: El camino hacia el cuidado perfecto Inicio La piel es uno de los \u00f3rganos m\u00e1s<\/p>","protected":false},"author":1,"featured_media":0,"parent":0,"menu_order":0,"comment_status":"closed","ping_status":"closed","template":"elementor_header_footer","meta":{"footnotes":""},"class_list":["post-1219","page","type-page","status-publish","hentry"],"_links":{"self":[{"href":"https:\/\/lisamar-cosmetics.es\/ca\/wp-json\/wp\/v2\/pages\/1219","targetHints":{"allow":["GET"]}}],"collection":[{"href":"https:\/\/lisamar-cosmetics.es\/ca\/wp-json\/wp\/v2\/pages"}],"about":[{"href":"https:\/\/lisamar-cosmetics.es\/ca\/wp-json\/wp\/v2\/types\/page"}],"author":[{"embeddable":true,"href":"https:\/\/lisamar-cosmetics.es\/ca\/wp-json\/wp\/v2\/users\/1"}],"replies":[{"embeddable":true,"href":"https:\/\/lisamar-cosmetics.es\/ca\/wp-json\/wp\/v2\/comments?post=1219"}],"version-history":[{"count":91,"href":"https:\/\/lisamar-cosmetics.es\/ca\/wp-json\/wp\/v2\/pages\/1219\/revisions"}],"predecessor-version":[{"id":14325,"href":"https:\/\/lisamar-cosmetics.es\/ca\/wp-json\/wp\/v2\/pages\/1219\/revisions\/14325"}],"wp:attachment":[{"href":"https:\/\/lisamar-cosmetics.es\/ca\/wp-json\/wp\/v2\/media?parent=1219"}],"curies":[{"name":"wp","href":"https:\/\/api.w.org\/{rel}","templated":true}]}}