{"id":1122,"date":"2025-05-15T11:26:42","date_gmt":"2025-05-15T11:26:42","guid":{"rendered":"https:\/\/lisamar-cosmetics.es\/?page_id=1122"},"modified":"2025-12-11T17:20:19","modified_gmt":"2025-12-11T17:20:19","slug":"metodes-de-pagament-2","status":"publish","type":"page","link":"https:\/\/lisamar-cosmetics.es\/ca\/metodos-de-pago\/","title":{"rendered":"M\u00e8todes de pagament"},"content":{"rendered":"<div data-elementor-type=\"wp-page\" data-elementor-id=\"1122\" class=\"elementor elementor-1122\" data-elementor-post-type=\"page\">\n\t\t\t\t<div class=\"wd-negative-gap elementor-element elementor-element-da72e0b e-flex e-con-boxed e-con e-parent\" data-id=\"da72e0b\" data-element_type=\"container\" data-e-type=\"container\" data-settings=\"{&quot;background_background&quot;:&quot;classic&quot;}\">\n\t\t\t\t\t<div class=\"e-con-inner\">\n\t\t\t\t<div class=\"elementor-element elementor-element-fe54ac1 elementor-widget elementor-widget-heading\" data-id=\"fe54ac1\" data-element_type=\"widget\" data-e-type=\"widget\" data-widget_type=\"heading.default\">\n\t\t\t\t<div class=\"elementor-widget-container\">\n\t\t\t\t\t<h2 class=\"elementor-heading-title elementor-size-default\">M\u00e8todes de pagament\n<\/h2>\t\t\t\t<\/div>\n\t\t\t\t<\/div>\n\t\t\t\t\t<\/div>\n\t\t\t\t<\/div>\n\t\t<div class=\"wd-negative-gap elementor-element elementor-element-f7a2e48 e-flex e-con-boxed e-con e-parent\" data-id=\"f7a2e48\" data-element_type=\"container\" data-e-type=\"container\" data-settings=\"{&quot;background_background&quot;:&quot;classic&quot;}\">\n\t\t\t\t\t<div class=\"e-con-inner\">\n\t\t\t\t<div class=\"elementor-element elementor-element-26bb851 color-scheme-inherit text-left elementor-widget elementor-widget-text-editor\" data-id=\"26bb851\" data-element_type=\"widget\" data-e-type=\"widget\" data-widget_type=\"text-editor.default\">\n\t\t\t\t<div class=\"elementor-widget-container\">\n\t\t\t\t\t\t\t\t\t<ul><li><strong>PayPal<\/strong><br \/>Paga de forma f\u00e0cil i segura amb el compte de PayPal. Si selecciones aquest m\u00e8tode de pagament, ser\u00e0s redirigit a PayPal despr\u00e9s del proc\u00e9s de compra per completar el pagament.<\/li><li><strong>Targeta de cr\u00e8dit (Visa, Mastercard, American Express)<\/strong><br \/>Podeu pagar la vostra comanda c\u00f2modament amb la vostra targeta de cr\u00e8dit (Visa, Mastercard o American Express). Les dades de la vostra targeta es transmeten mitjan\u00e7ant xifrat SSL segur.<\/li><li><strong>Amazon Pay<\/strong><br \/>Amb Amazon Pay, podeu completar la vostra comanda de forma r\u00e0pida i segura usant la informaci\u00f3 de pagament i enviament del vostre compte d&#039;Amazon. No necessiteu introduir dades addicionals i podeu completar el proc\u00e9s de pagament immediatament.<\/li><li><strong>Klarna<\/strong><\/li><li>En col\u00b7laboraci\u00f3 amb Klarna Bank AB (publ), Sveav\u00e4gen 46, 111 34 Estocolm, Su\u00e8cia, oferim les seg\u00fcents opcions de pagament. El pagament es fa a Klarna en tots els casos:<\/li><li>Factura: El termini de pagament \u00e9s de 30 dies a partir de la data d&#039;enviament de la mercaderia\/tiquet o, per a altres serveis, de la data de posada a disposici\u00f3 del servei. Les condicions de compra amb factura per a enviaments a Alemanya es poden consultar a https:\/\/cdn.klarna.com\/1.0\/shared\/content\/legal\/terms\/EID\/de_de\/invoice?fee=0 i per a enviaments a \u00c0ustria a https:\/\/cdn.klarna.com\/1.0\/shared\/content\/legal\/terms\/EID.<\/li><li>Compra a terminis: Amb el servei de finan\u00e7ament de Klarna, pots pagar la teva compra de manera flexible en quotes mensuals d&#039;almenys 1\/24 de l&#039;import total (per\u00f2 almenys 6,95 \u20ac) o segons les condicions que s&#039;especifiquin en finalitzar la compra. Els pagaments a terminis vencen al final de cada mes, despr\u00e9s de l&#039;enviament de la factura mensual de Klarna. Pots trobar m\u00e9s informaci\u00f3 sobre la compra a terminis, incloent-hi els termes i condicions generals i la Informaci\u00f3 Est\u00e0ndard Europea per al Cr\u00e8dit al Consum, aqu\u00ed: https:\/\/cdn.klarna.com\/1.0\/shared\/content\/legal\/terms\/EID\/de_de\/account<\/li><li>Immediatament: El vostre compte ser\u00e0 debitat immediatament despr\u00e9s de realitzar la vostra comanda.<\/li><li>Domiciliaci\u00f3 banc\u00e0ria: El c\u00e0rrec es realitzar\u00e0 un cop enviada la mercaderia. Se us notificar\u00e0 la data per correu electr\u00f2nic. (Indiqueu \u00fanicament els m\u00e8todes de pagament que ofereix).<\/li><li>L\u00b4\u00fas dels m\u00e8todes de pagament amb factura, compra a terminis i domiciliaci\u00f3 banc\u00e0ria requereix una verificaci\u00f3 de cr\u00e8dit positiva. Com a part del proc\u00e9s de compra i la tramitaci\u00f3 del contracte, compartirem les vostres dades amb Klarna per a la verificaci\u00f3 de domicili i cr\u00e8dit. Tingueu en compte que nom\u00e9s podem oferir-vos els m\u00e8todes de pagament permesos segons els resultats de la verificaci\u00f3 de cr\u00e8dit. Podeu trobar m\u00e9s informaci\u00f3 i les condicions d&#039;\u00fas de Klarna per a Alemanya aqu\u00ed: https:\/\/cdn.klarna.com\/1.0\/shared\/content\/legal\/terms\/K502554\/de_de\/user i per a \u00c0ustria aqu\u00ed: https:\/\/cdn.klarna.com\/1.0\/shared\/content\/legal\/terms\/K5025 Podeu trobar informaci\u00f3 general sobre Klarna aqu\u00ed: www.klarna.com. Klarna tractar\u00e0 les vostres dades personals d&#039;acord amb la normativa de protecci\u00f3 de dades aplicable i la informaci\u00f3 de la pol\u00edtica de privadesa de Klarna per a Alemanya\/\u00c0ustria.<\/li><\/ul>\t\t\t\t\t\t\t\t<\/div>\n\t\t\t\t<\/div>\n\t\t\t\t\t<\/div>\n\t\t\t\t<\/div>\n\t\t\t\t<\/div>","protected":false},"excerpt":{"rendered":"<p>M\u00e9todos de pago PayPalPaga de forma f\u00e1cil y segura con tu cuenta de PayPal. Si seleccionas este m\u00e9todo de pago,<\/p>","protected":false},"author":1,"featured_media":0,"parent":0,"menu_order":0,"comment_status":"closed","ping_status":"closed","template":"elementor_header_footer","meta":{"footnotes":""},"class_list":["post-1122","page","type-page","status-publish","hentry"],"_links":{"self":[{"href":"https:\/\/lisamar-cosmetics.es\/ca\/wp-json\/wp\/v2\/pages\/1122","targetHints":{"allow":["GET"]}}],"collection":[{"href":"https:\/\/lisamar-cosmetics.es\/ca\/wp-json\/wp\/v2\/pages"}],"about":[{"href":"https:\/\/lisamar-cosmetics.es\/ca\/wp-json\/wp\/v2\/types\/page"}],"author":[{"embeddable":true,"href":"https:\/\/lisamar-cosmetics.es\/ca\/wp-json\/wp\/v2\/users\/1"}],"replies":[{"embeddable":true,"href":"https:\/\/lisamar-cosmetics.es\/ca\/wp-json\/wp\/v2\/comments?post=1122"}],"version-history":[{"count":19,"href":"https:\/\/lisamar-cosmetics.es\/ca\/wp-json\/wp\/v2\/pages\/1122\/revisions"}],"predecessor-version":[{"id":14511,"href":"https:\/\/lisamar-cosmetics.es\/ca\/wp-json\/wp\/v2\/pages\/1122\/revisions\/14511"}],"wp:attachment":[{"href":"https:\/\/lisamar-cosmetics.es\/ca\/wp-json\/wp\/v2\/media?parent=1122"}],"curies":[{"name":"wp","href":"https:\/\/api.w.org\/{rel}","templated":true}]}}