{"id":1119,"date":"2025-05-15T11:26:13","date_gmt":"2025-05-15T11:26:13","guid":{"rendered":"https:\/\/lisamar-cosmetics.es\/?page_id=1119"},"modified":"2025-12-11T17:26:34","modified_gmt":"2025-12-11T17:26:34","slug":"enviament-i-entrega","status":"publish","type":"page","link":"https:\/\/lisamar-cosmetics.es\/ca\/envio-y-entrega\/","title":{"rendered":"Enviament i entrega"},"content":{"rendered":"<div data-elementor-type=\"wp-page\" data-elementor-id=\"1119\" class=\"elementor elementor-1119\" data-elementor-post-type=\"page\">\n\t\t\t\t<div class=\"wd-negative-gap elementor-element elementor-element-0cbaff7 e-flex e-con-boxed e-con e-parent\" data-id=\"0cbaff7\" data-element_type=\"container\" data-e-type=\"container\" data-settings=\"{&quot;background_background&quot;:&quot;classic&quot;}\">\n\t\t\t\t\t<div class=\"e-con-inner\">\n\t\t\t\t<div class=\"elementor-element elementor-element-9e17779 elementor-widget elementor-widget-heading\" data-id=\"9e17779\" data-element_type=\"widget\" data-e-type=\"widget\" data-widget_type=\"heading.default\">\n\t\t\t\t<div class=\"elementor-widget-container\">\n\t\t\t\t\t<h2 class=\"elementor-heading-title elementor-size-default\">Enviament i entrega\n<\/h2>\t\t\t\t<\/div>\n\t\t\t\t<\/div>\n\t\t\t\t\t<\/div>\n\t\t\t\t<\/div>\n\t\t<div class=\"wd-negative-gap elementor-element elementor-element-5d872e8 e-flex e-con-boxed e-con e-parent\" data-id=\"5d872e8\" data-element_type=\"container\" data-e-type=\"container\" data-settings=\"{&quot;background_background&quot;:&quot;classic&quot;}\">\n\t\t\t\t\t<div class=\"e-con-inner\">\n\t\t\t\t<div class=\"elementor-element elementor-element-b6f6d8b color-scheme-inherit text-left elementor-widget elementor-widget-text-editor\" data-id=\"b6f6d8b\" data-element_type=\"widget\" data-e-type=\"widget\" data-widget_type=\"text-editor.default\">\n\t\t\t\t<div class=\"elementor-widget-container\">\n\t\t\t\t\t\t\t\t\t<div class=\"elementor-element elementor-element-81f9371 elementor-widget elementor-widget-text-editor\" data-id=\"81f9371\" data-element_type=\"widget\" data-widget_type=\"text-editor.default\"><p>\u00a0<\/p><\/div><div class=\"elementor-element elementor-element-81f9371 elementor-widget elementor-widget-text-editor\" data-id=\"81f9371\" data-element_type=\"widget\" data-widget_type=\"text-editor.default\"><p><strong>Enviament:<\/strong><\/p><p><strong><br \/>S&#039;apliquen les condicions seg\u00fcents:<\/strong><\/p><p>Enviament gratu\u00eft dins de\u00a0<u>Alemanya.\u00a0<\/u>Generalment lliurem d&#039;aqu\u00ed a 2-5 dies.<\/p><p>Enviament a \u00c0ustria: 10,50 euros (enviament gratu\u00eft per a comandes superiors a 120 euros).<\/p><p>Enviament dins d&#039;Europa a B\u00e8lgica, Dinamarca, Fran\u00e7a, Luxemburg, Pa\u00efsos Baixos, It\u00e0lia i Espanya: 14,50 euros (enviament gratu\u00eft per a comandes superiors a 150 euros)<\/p><p>Per a comandes a l&#039;estranger, l&#039;enviament pot trigar una mica m\u00e9s (3-7 dies).<\/p><\/div><div class=\"elementor-element elementor-element-0d160d1 elementor-widget-divider--view-line elementor-widget elementor-widget-divider\" data-id=\"0d160d1\" data-element_type=\"widget\" data-widget_type=\"divider.default\"><div class=\"elementor-divider\">\u00a0<\/div><\/div><div class=\"elementor-element elementor-element-b293a2a elementor-widget elementor-widget-text-editor\" data-id=\"b293a2a\" data-element_type=\"widget\" data-widget_type=\"text-editor.default\"><p><strong>Devolucions:<\/strong><\/p><p>Podeu exercir el vostre dret de desistiment i rescindir el contracte de compravenda en un termini de 14 dies. Podeu consultar com funciona exactament al\u00a0<a href=\"https:\/\/lisamar-cosmetics.es\/es\/politica-de-cancelacion\/\">Pol\u00edtica de cancel\u00b7laci\u00f3.<\/a><\/p><p>Si us plau envieu-nos un correu electr\u00f2nic a\u00a0<a href=\"mailto:info@lisamarcosmetics.com\">info@lisamarcosmetics.com<\/a>\u00a0I despr\u00e9s torna&#039;ns la mercaderia. No cobrirem les despeses d&#039;enviament de la devoluci\u00f3. Us reemborsarem els vostres diners una vegada que rebem el paquet i revisem la vostra cancel\u00b7laci\u00f3.\u00a0<\/p><p>En tornar el vostre producte, assegureu-vos que estigui sense obrir i en el seu estat original, inclosos tots els segells d&#039;higiene, perqu\u00e8 puguem reemborsar-li el preu total de la compra.<\/p><\/div><div class=\"elementor-element elementor-element-b293a2a elementor-widget elementor-widget-text-editor\" data-id=\"b293a2a\" data-element_type=\"widget\" data-widget_type=\"text-editor.default\"><p>\u00a0<\/p><\/div>\t\t\t\t\t\t\t\t<\/div>\n\t\t\t\t<\/div>\n\t\t\t\t\t<\/div>\n\t\t\t\t<\/div>\n\t\t\t\t<\/div>","protected":false},"excerpt":{"rendered":"<p>Env\u00edo y entrega \u00a0 Env\u00edo: Se aplican las siguientes condiciones: Env\u00edo gratuito dentro de\u00a0Alemania.\u00a0Generalmente entregamos dentro de 2-5 d\u00edas. Env\u00edo<\/p>","protected":false},"author":1,"featured_media":0,"parent":0,"menu_order":0,"comment_status":"closed","ping_status":"closed","template":"elementor_header_footer","meta":{"footnotes":""},"class_list":["post-1119","page","type-page","status-publish","hentry"],"_links":{"self":[{"href":"https:\/\/lisamar-cosmetics.es\/ca\/wp-json\/wp\/v2\/pages\/1119","targetHints":{"allow":["GET"]}}],"collection":[{"href":"https:\/\/lisamar-cosmetics.es\/ca\/wp-json\/wp\/v2\/pages"}],"about":[{"href":"https:\/\/lisamar-cosmetics.es\/ca\/wp-json\/wp\/v2\/types\/page"}],"author":[{"embeddable":true,"href":"https:\/\/lisamar-cosmetics.es\/ca\/wp-json\/wp\/v2\/users\/1"}],"replies":[{"embeddable":true,"href":"https:\/\/lisamar-cosmetics.es\/ca\/wp-json\/wp\/v2\/comments?post=1119"}],"version-history":[{"count":22,"href":"https:\/\/lisamar-cosmetics.es\/ca\/wp-json\/wp\/v2\/pages\/1119\/revisions"}],"predecessor-version":[{"id":14523,"href":"https:\/\/lisamar-cosmetics.es\/ca\/wp-json\/wp\/v2\/pages\/1119\/revisions\/14523"}],"wp:attachment":[{"href":"https:\/\/lisamar-cosmetics.es\/ca\/wp-json\/wp\/v2\/media?parent=1119"}],"curies":[{"name":"wp","href":"https:\/\/api.w.org\/{rel}","templated":true}]}}