{"id":1116,"date":"2025-05-15T11:25:46","date_gmt":"2025-05-15T11:25:46","guid":{"rendered":"https:\/\/lisamar-cosmetics.es\/?page_id=1116"},"modified":"2025-12-11T17:24:28","modified_gmt":"2025-12-11T17:24:28","slug":"politica-de-cancel%c2%b7lacio-2","status":"publish","type":"page","link":"https:\/\/lisamar-cosmetics.es\/ca\/politica-de-cancelacion\/","title":{"rendered":"Pol\u00edtica de cancel\u00b7laci\u00f3"},"content":{"rendered":"<div data-elementor-type=\"wp-page\" data-elementor-id=\"1116\" class=\"elementor elementor-1116\" data-elementor-post-type=\"page\">\n\t\t\t\t<div class=\"wd-negative-gap elementor-element elementor-element-befc116 e-flex e-con-boxed e-con e-parent\" data-id=\"befc116\" data-element_type=\"container\" data-e-type=\"container\" data-settings=\"{&quot;background_background&quot;:&quot;classic&quot;}\">\n\t\t\t\t\t<div class=\"e-con-inner\">\n\t\t\t\t<div class=\"elementor-element elementor-element-79b258c elementor-widget elementor-widget-heading\" data-id=\"79b258c\" data-element_type=\"widget\" data-e-type=\"widget\" data-widget_type=\"heading.default\">\n\t\t\t\t<div class=\"elementor-widget-container\">\n\t\t\t\t\t<h2 class=\"elementor-heading-title elementor-size-default\">Pol\u00edtica de cancel\u00b7laci\u00f3\n\n<\/h2>\t\t\t\t<\/div>\n\t\t\t\t<\/div>\n\t\t\t\t\t<\/div>\n\t\t\t\t<\/div>\n\t\t<div class=\"wd-negative-gap elementor-element elementor-element-3d733db e-flex e-con-boxed e-con e-parent\" data-id=\"3d733db\" data-element_type=\"container\" data-e-type=\"container\" data-settings=\"{&quot;background_background&quot;:&quot;classic&quot;}\">\n\t\t\t\t\t<div class=\"e-con-inner\">\n\t\t\t\t<div class=\"elementor-element elementor-element-e483997 color-scheme-inherit text-left elementor-widget elementor-widget-text-editor\" data-id=\"e483997\" data-element_type=\"widget\" data-e-type=\"widget\" data-widget_type=\"text-editor.default\">\n\t\t\t\t<div class=\"elementor-widget-container\">\n\t\t\t\t\t\t\t\t\t<p><strong>Introducci\u00f3<\/strong><br \/>Els consumidors tenen dret de desistiment d&#039;acord amb les disposicions seg\u00fcents, i \u00e9s consumidor tota persona f\u00edsica que celebri un negoci jur\u00eddic amb fins que no puguin atribuir-se predominantment ni a la seva activitat comercial ni a la seva activitat professional independent:<\/p><p><strong>Dret de desistiment<\/strong><br \/>Teniu dret a desistir del present contracte en un termini de catorze dies sense necessitat de justificaci\u00f3.<br \/>El termini de desistiment ser\u00e0 de catorze dies a partir del dia en qu\u00e8 vost\u00e8 o un tercer per vost\u00e8 designat, diferent del transportista, adquireixi possessi\u00f3 dels darrers b\u00e9ns.<br \/>Per exercir el vostre dret de desistiment us heu de posar en contacte amb nosaltres (L&#039;\u00c0nima Cosm\u00e8tica Naturale Mediterranea SL, Avinguda Montseny 20, 08812 Sant Pere de Ribes, Espanya, Tel.: 0034-613145008, E-Mail:\u00a0<a href=\"mailto:info@lisamarcosmetics.com\">info@lisamarcosmetics.com<\/a>) mitjan\u00e7ant una declaraci\u00f3 inequ\u00edvoca (per exemple, una carta enviada per correu postal o correu electr\u00f2nic) de la seva decisi\u00f3 de desistir del present contracte. Podeu utilitzar el model de formulari de desistiment adjunt per a aquest fi, encara que no \u00e9s obligatori.<br \/>Per complir el termini de desistiment, nom\u00e9s cal que la notificaci\u00f3 de l&#039;exercici del dret de desistiment sigui enviada abans que venci el termini de desistiment.<\/p><p><strong>Conseq\u00fc\u00e8ncies de la revocaci\u00f3<\/strong><\/p><p>Si cancel\u00b7leu aquest contracte, us reemborsarem tots els pagaments que h\u00e0gim rebut de vost\u00e8, incloses les despeses d&#039;enviament (excepte les despeses addicionals derivades de la vostra elecci\u00f3 d&#039;un m\u00e8tode d&#039;enviament diferent de l&#039;enviament est\u00e0ndard m\u00e9s econ\u00f2mic que oferim), al m\u00e9s aviat possible i, com a molt tard, en un termini de catorze dies a partir de la data en qu\u00e8 rebem la notificaci\u00f3. Per a aquest reemborsament, farem servir el mateix mitj\u00e0 de pagament que va utilitzar per a la transacci\u00f3 original, llevat que s&#039;hagi acordat expressament el contrari amb vost\u00e8; en cap cas no se li cobrar\u00e0 cap comissi\u00f3 per aquest reemborsament. Podrem denegar el reemborsament fins que haguem rebut els productes de tornada o fins que hagi presentat una prova de la seva devoluci\u00f3, el que passi primer.<\/p><p>Ha de tornar o lliurar la mercaderia sense demora i, en qualsevol cas, en un termini m\u00e0xim de catorze dies a partir de la data en qu\u00e8 ens notifiqui la cancel\u00b7laci\u00f3 del present contracte. Les devolucions nom\u00e9s es poden enviar a la seg\u00fcent adre\u00e7a:<\/p><p>C &amp; S Konzept GmbH, Jossastra\u00dfe 5, 36323 Grebenau, Alemanya.<\/p><p>El termini es compleix si envia la mercaderia abans que transcorri el termini de catorze dies. Assumir\u00e0 el cost directe de la devoluci\u00f3. Nom\u00e9s haur\u00e0 de pagar la p\u00e8rdua de valor de la mercaderia si aquesta es deu a una manipulaci\u00f3 no necess\u00e0ria per comprovar-ne la qualitat, les propietats i el funcionament.<\/p><p>Exclusi\u00f3 o caducitat anticipada del dret de desistiment<\/p><p>El dret de desistiment caduca prematurament en els contractes de lliurament de b\u00e9ns precintats que no siguin aptes per a la seva devoluci\u00f3 per raons de protecci\u00f3 de la salut o higiene si el precinte s&#039;ha retirat despr\u00e9s del lliurament. El dret de desistiment no s&#039;aplica als consumidors que no siguin membres d&#039;un Estat membre de la Uni\u00f3 Europea en el moment de la celebraci\u00f3 del contracte i l&#039;\u00fanica resid\u00e8ncia i direcci\u00f3 de lliurament dels quals es trobin fora de la Uni\u00f3 Europea en el moment de la celebraci\u00f3 del contracte.<\/p><p>informaci\u00f3 general<\/p><p>1) Eviteu danyar o contaminar la mercaderia. Torna&#039;ns-la al seu embalatge original, incloent tots els accessoris i components de l&#039;embalatge. Si cal, utilitzeu un embalatge exterior protector. Si ja no conserveu l&#039;embalatge original, assegureu-vos d&#039;utilitzar un embalatge adequat per protegir la mercaderia de danys durant el transport.<\/p><p>2) Si us plau, no ens torni la mercaderia amb ports deguts.<\/p><p>3) Tingueu en compte que els punts 1 i 2 esmentats anteriorment no s\u00f3n un requisit previ per a l&#039;exercici efectiu del dret de desistiment.<\/p><div>\u00a0<\/div><p><strong>B. Formulari de cancel\u00b7laci\u00f3<\/strong><\/p><p>Si voleu cancel\u00b7lar el contracte, completeu aquest formulari i retorneu-lo.<\/p><p>A<br \/>L&#039;\u00c0nima Cosm\u00e8tica Naturale Mediterranea SL<br \/>Avinguda Montseny 20<br \/>08812 Sant Pere de Ribes<br \/>Espanya<br \/>Correu electr\u00f2nic:\u00a0<a href=\"mailto:info@lisamarcosmetics.com\">info@lisamarcosmetics.com<\/a><\/p><p>Per la present, jo\/nosaltres (*) rescindim el contracte celebrat per mi\/nosaltres (*) per a la compra dels seg\u00fcents b\u00e9ns (*)\/la prestaci\u00f3 del seg\u00fcent servei (*)<\/p><p>dels seg\u00fcents b\u00e9ns (<em>)\/la prestaci\u00f3 del seg\u00fcent servei (<\/em>)<\/p><p>Demanat el (<em>)\/rebut el (<\/em>)<\/p><p>Nom del consumidor(s)<\/p><p>Direcci\u00f3 del consumidor(s)<\/p><p>Signatura del consumidor(s) (nom\u00e9s si la notificaci\u00f3 es realitza en paper)<\/p><p>Data<br \/>(*) Ratlleu el que no sigui procedent.<\/p>\t\t\t\t\t\t\t\t<\/div>\n\t\t\t\t<\/div>\n\t\t\t\t\t<\/div>\n\t\t\t\t<\/div>\n\t\t\t\t<\/div>","protected":false},"excerpt":{"rendered":"<p>Pol\u00edtica de cancelaci\u00f3n Introducci\u00f3nLos consumidores tienen derecho de desistimiento de acuerdo con las siguientes disposiciones, siendo consumidor toda persona f\u00edsica<\/p>","protected":false},"author":1,"featured_media":0,"parent":0,"menu_order":0,"comment_status":"closed","ping_status":"closed","template":"elementor_header_footer","meta":{"footnotes":""},"class_list":["post-1116","page","type-page","status-publish","hentry"],"_links":{"self":[{"href":"https:\/\/lisamar-cosmetics.es\/ca\/wp-json\/wp\/v2\/pages\/1116","targetHints":{"allow":["GET"]}}],"collection":[{"href":"https:\/\/lisamar-cosmetics.es\/ca\/wp-json\/wp\/v2\/pages"}],"about":[{"href":"https:\/\/lisamar-cosmetics.es\/ca\/wp-json\/wp\/v2\/types\/page"}],"author":[{"embeddable":true,"href":"https:\/\/lisamar-cosmetics.es\/ca\/wp-json\/wp\/v2\/users\/1"}],"replies":[{"embeddable":true,"href":"https:\/\/lisamar-cosmetics.es\/ca\/wp-json\/wp\/v2\/comments?post=1116"}],"version-history":[{"count":16,"href":"https:\/\/lisamar-cosmetics.es\/ca\/wp-json\/wp\/v2\/pages\/1116\/revisions"}],"predecessor-version":[{"id":14514,"href":"https:\/\/lisamar-cosmetics.es\/ca\/wp-json\/wp\/v2\/pages\/1116\/revisions\/14514"}],"wp:attachment":[{"href":"https:\/\/lisamar-cosmetics.es\/ca\/wp-json\/wp\/v2\/media?parent=1116"}],"curies":[{"name":"wp","href":"https:\/\/api.w.org\/{rel}","templated":true}]}}