{"id":1109,"date":"2025-05-15T11:23:27","date_gmt":"2025-05-15T11:23:27","guid":{"rendered":"https:\/\/lisamar-cosmetics.es\/?page_id=1109"},"modified":"2025-12-11T17:08:53","modified_gmt":"2025-12-11T17:08:53","slug":"imprimir","status":"publish","type":"page","link":"https:\/\/lisamar-cosmetics.es\/ca\/imprimir\/","title":{"rendered":"Peu d&#039;impremta"},"content":{"rendered":"<div data-elementor-type=\"wp-page\" data-elementor-id=\"1109\" class=\"elementor elementor-1109\" data-elementor-post-type=\"page\">\n\t\t\t\t<div class=\"wd-negative-gap elementor-element elementor-element-cca0f4e e-flex e-con-boxed e-con e-parent\" data-id=\"cca0f4e\" data-element_type=\"container\" data-e-type=\"container\" data-settings=\"{&quot;background_background&quot;:&quot;classic&quot;}\">\n\t\t\t\t\t<div class=\"e-con-inner\">\n\t\t\t\t<div class=\"elementor-element elementor-element-afc9e57 elementor-widget elementor-widget-heading\" data-id=\"afc9e57\" data-element_type=\"widget\" data-e-type=\"widget\" data-widget_type=\"heading.default\">\n\t\t\t\t<div class=\"elementor-widget-container\">\n\t\t\t\t\t<h2 class=\"elementor-heading-title elementor-size-default\">Informaci\u00f3 de la botiga\n<\/h2>\t\t\t\t<\/div>\n\t\t\t\t<\/div>\n\t\t\t\t\t<\/div>\n\t\t\t\t<\/div>\n\t\t<div class=\"wd-negative-gap elementor-element elementor-element-b70b25d e-flex e-con-boxed e-con e-parent\" data-id=\"b70b25d\" data-element_type=\"container\" data-e-type=\"container\" data-settings=\"{&quot;background_background&quot;:&quot;classic&quot;}\">\n\t\t\t\t\t<div class=\"e-con-inner\">\n\t\t\t\t<div class=\"elementor-element elementor-element-ebd8983 color-scheme-inherit text-left elementor-widget elementor-widget-text-editor\" data-id=\"ebd8983\" data-element_type=\"widget\" data-e-type=\"widget\" data-widget_type=\"text-editor.default\">\n\t\t\t\t<div class=\"elementor-widget-container\">\n\t\t\t\t\t\t\t\t\t<h2>Informaci\u00f3 segons l&#039;article 5 de la Llei alemanya de serveis de telecomunicaci\u00f3 (TMG)<\/h2><p>L&#039;\u00c0nima Cosm\u00e8tica Naturale Mediterranea SL.<br \/>Avinguda Montseny 20<br \/>08812 Sant Pere de Ribes<br \/>Espanya<\/p><h2>Representat per<\/h2><p>Directora general: Melissa Zicchino<\/p><h2>Contacte<\/h2><p>Tel\u00e8fon: 0034-613145008<br \/>Correu electr\u00f2nic:\u00a0<a href=\"mailto:info@lisamarcosmetics.com\">info@lisamarcosmetics.com<\/a><\/p><h2>N\u00famero d&#039;identificaci\u00f3 fiscal<\/h2><p>N\u00famero d&#039;identificaci\u00f3 fiscal segons l&#039;article 27 a de la Llei de l&#039;impost sobre el valor afegit: B70806179<\/p><h2>Resoluci\u00f3 de litigis a la UE<\/h2><p>La Comissi\u00f3 Europea ofereix una plataforma per a la resoluci\u00f3 de litigis en l\u00ednia (OS):\u00a0<a href=\"https:\/\/ec.europa.eu\/consumers\/odr\" rel=\"noopener noreferrer\" target=\"_blank\">https:\/\/ec.europa.eu\/consumers\/odr<\/a>. La nostra adre\u00e7a de correu electr\u00f2nic es troba a l&#039;av\u00eds legal.<\/p><h2>Resoluci\u00f3 de litigis en mat\u00e8ria de consum\/\u00d2rgan universal de conciliaci\u00f3<\/h2><p>No estem disposats ni obligats a participar en procediments de resoluci\u00f3 de litigis davant d&#039;un organisme de conciliaci\u00f3 de consumidors.<\/p><h2>Responsabilitat pels continguts<\/h2><p>Com a prove\u00efdor de serveis, som responsables dels continguts propis daquestes p\u00e0gines segons les lleis generals, de conformitat amb larticle 7, apartat 1, de la Llei alemanya de serveis de telecomunicaci\u00f3 (TMG). Tot i aix\u00f2, segons els articles 8 a 10 de la TMG, com a prove\u00efdor de serveis no estem obligats a supervisar la informaci\u00f3 transmesa o emmagatzemada per tercers ni a investigar circumst\u00e0ncies que indiquin una activitat il\u00b7legal.<\/p><p>Les obligacions d&#039;eliminar o bloquejar l&#039;\u00fas de la informaci\u00f3 d&#039;acord amb les lleis generals no se&#039;n veuen afectades. No obstant aix\u00f2, la responsabilitat nom\u00e9s \u00e9s possible a partir del moment en qu\u00e8 es t\u00e9 coneixement d&#039;una infracci\u00f3 concreta. Si tenim coneixement d&#039;aquestes infraccions, eliminarem immediatament aquests continguts.<\/p><h2>Responsabilitat pels enlla\u00e7os<\/h2><p>La nostra oferta cont\u00e9 enlla\u00e7os a llocs web externs de tercers sobre el contingut dels quals no tenim cap influ\u00e8ncia. Per tant, no podem assumir cap responsabilitat per aquests continguts aliens. El prove\u00efdor o operador de les p\u00e0gines enlla\u00e7ades \u00e9s sempre responsable del contingut. Les p\u00e0gines enlla\u00e7ades van ser revisades a l&#039;hora d&#039;establir l&#039;enlla\u00e7 per detectar possibles infraccions legals. A l&#039;hora d&#039;establir l&#039;enlla\u00e7 no es va detectar cap contingut il\u00b7legal.<\/p><p>Tot i aix\u00f2, no \u00e9s raonable realitzar un control permanent del contingut de les p\u00e0gines enlla\u00e7ades sense indicis concrets d&#039;una infracci\u00f3 legal. Si tenim coneixement d&#039;alguna infracci\u00f3 legal, eliminarem aquests enlla\u00e7os immediatament.<\/p><h2>drets d&#039;autor<\/h2><p>Els continguts i les obres creats pels operadors del lloc web en aquestes p\u00e0gines estan subjectes a la legislaci\u00f3 alemanya en mat\u00e8ria de drets d&#039;autor. La reproducci\u00f3, edici\u00f3, distribuci\u00f3 i qualsevol tipus d\u00fas fora dels l\u00edmits dels drets dautor requereixen el consentiment per escrit de lautor o creador corresponent. Les desc\u00e0rregues i les c\u00f2pies d&#039;aquesta p\u00e0gina nom\u00e9s estan permeses per a \u00fas privat i no comercial.<\/p><p>En la mesura que els continguts d&#039;aquesta p\u00e0gina no hagin estat creats per l&#039;operador, es respectaran els drets d&#039;autor de tercers. En particular, els continguts de tercers s&#039;han d&#039;identificar com a tals. No obstant aix\u00f2, si detecteu alguna infracci\u00f3 dels drets d&#039;autor, us preguem que ens ho comuniqueu. Tan aviat com tinguem coneixement de qualsevol infracci\u00f3, eliminarem aquests continguts immediatament.<\/p>\t\t\t\t\t\t\t\t<\/div>\n\t\t\t\t<\/div>\n\t\t\t\t\t<\/div>\n\t\t\t\t<\/div>\n\t\t\t\t<\/div>","protected":false},"excerpt":{"rendered":"<p>Informaci\u00f3n de la tienda Informaci\u00f3n seg\u00fan el art\u00edculo 5 de la Ley alemana de servicios de telecomunicaci\u00f3n (TMG) La Alma<\/p>","protected":false},"author":1,"featured_media":0,"parent":0,"menu_order":0,"comment_status":"closed","ping_status":"closed","template":"elementor_header_footer","meta":{"footnotes":""},"class_list":["post-1109","page","type-page","status-publish","hentry"],"_links":{"self":[{"href":"https:\/\/lisamar-cosmetics.es\/ca\/wp-json\/wp\/v2\/pages\/1109","targetHints":{"allow":["GET"]}}],"collection":[{"href":"https:\/\/lisamar-cosmetics.es\/ca\/wp-json\/wp\/v2\/pages"}],"about":[{"href":"https:\/\/lisamar-cosmetics.es\/ca\/wp-json\/wp\/v2\/types\/page"}],"author":[{"embeddable":true,"href":"https:\/\/lisamar-cosmetics.es\/ca\/wp-json\/wp\/v2\/users\/1"}],"replies":[{"embeddable":true,"href":"https:\/\/lisamar-cosmetics.es\/ca\/wp-json\/wp\/v2\/comments?post=1109"}],"version-history":[{"count":25,"href":"https:\/\/lisamar-cosmetics.es\/ca\/wp-json\/wp\/v2\/pages\/1109\/revisions"}],"predecessor-version":[{"id":14496,"href":"https:\/\/lisamar-cosmetics.es\/ca\/wp-json\/wp\/v2\/pages\/1109\/revisions\/14496"}],"wp:attachment":[{"href":"https:\/\/lisamar-cosmetics.es\/ca\/wp-json\/wp\/v2\/media?parent=1109"}],"curies":[{"name":"wp","href":"https:\/\/api.w.org\/{rel}","templated":true}]}}