{"id":1089,"date":"2025-05-15T11:04:12","date_gmt":"2025-05-15T11:04:12","guid":{"rendered":"https:\/\/lisamar-cosmetics.es\/?page_id=1089"},"modified":"2025-12-11T17:01:05","modified_gmt":"2025-12-11T17:01:05","slug":"testimonis-de-clients","status":"publish","type":"page","link":"https:\/\/lisamar-cosmetics.es\/ca\/testimonios-de-clientes\/","title":{"rendered":"Testimonis de clients"},"content":{"rendered":"<div data-elementor-type=\"wp-page\" data-elementor-id=\"1089\" class=\"elementor elementor-1089\" data-elementor-post-type=\"page\">\n\t\t\t\t<div class=\"wd-negative-gap elementor-element elementor-element-84522d8 e-flex e-con-boxed e-con e-parent\" data-id=\"84522d8\" data-element_type=\"container\" data-e-type=\"container\" data-settings=\"{&quot;background_background&quot;:&quot;classic&quot;}\">\n\t\t\t\t\t<div class=\"e-con-inner\">\n\t\t\t\t<div class=\"elementor-element elementor-element-bac8c8d elementor-widget elementor-widget-heading\" data-id=\"bac8c8d\" data-element_type=\"widget\" data-e-type=\"widget\" data-widget_type=\"heading.default\">\n\t\t\t\t<div class=\"elementor-widget-container\">\n\t\t\t\t\t<h2 class=\"elementor-heading-title elementor-size-default\">Opinions dels nostres clients\n\n<\/h2>\t\t\t\t<\/div>\n\t\t\t\t<\/div>\n\t\t\t\t\t<\/div>\n\t\t\t\t<\/div>\n\t\t<div class=\"wd-negative-gap elementor-element elementor-element-3e99183 e-flex e-con-boxed e-con e-parent\" data-id=\"3e99183\" data-element_type=\"container\" data-e-type=\"container\" data-settings=\"{&quot;background_background&quot;:&quot;classic&quot;}\">\n\t\t\t\t\t<div class=\"e-con-inner\">\n\t\t\t\t<div class=\"elementor-element elementor-element-c48d609 elementor-testimonial--layout-image_above elementor-widget__width-initial elementor-testimonial--skin-default elementor-testimonial--align-center elementor-arrows-yes elementor-widget elementor-widget-testimonial-carousel\" data-id=\"c48d609\" data-element_type=\"widget\" data-e-type=\"widget\" data-settings=\"{&quot;space_between&quot;:{&quot;unit&quot;:&quot;px&quot;,&quot;size&quot;:&quot;&quot;,&quot;sizes&quot;:[]},&quot;show_arrows&quot;:&quot;yes&quot;,&quot;speed&quot;:500,&quot;autoplay&quot;:&quot;yes&quot;,&quot;autoplay_speed&quot;:5000,&quot;loop&quot;:&quot;yes&quot;,&quot;pause_on_hover&quot;:&quot;yes&quot;,&quot;pause_on_interaction&quot;:&quot;yes&quot;,&quot;space_between_tablet&quot;:{&quot;unit&quot;:&quot;px&quot;,&quot;size&quot;:10,&quot;sizes&quot;:[]},&quot;space_between_mobile&quot;:{&quot;unit&quot;:&quot;px&quot;,&quot;size&quot;:10,&quot;sizes&quot;:[]}}\" data-widget_type=\"testimonial-carousel.default\">\n\t\t\t\t<div class=\"elementor-widget-container\">\n\t\t\t\t\t\t\t\t\t<div class=\"elementor-swiper\">\n\t\t\t\t\t<div class=\"elementor-main-swiper swiper\" role=\"region\" aria-roledescription=\"carousel\" aria-label=\"Slides\">\n\t\t\t\t<div class=\"swiper-wrapper\">\n\t\t\t\t\t\t\t\t\t\t\t<div class=\"swiper-slide\" role=\"group\" aria-roledescription=\"slide\">\n\t\t\t\t\t\t\t\t\t<div class=\"elementor-testimonial\">\n\t\t\t\t\t\t\t<div class=\"elementor-testimonial__content\">\n\t\t\t\t\t<div class=\"elementor-testimonial__text\">\n\t\t\t\t\t\tSostenibilitat i efic\u00e0cia en un: per a mi \u00e9s perfecte! He canviat la meva rutina de bellesa i estic encantada amb els sabons s\u00f2lids i el raspall de dents de bamb\u00fa. \u00a1Productes fant\u00e0stics per al medi ambient i per a la meva pell!\t\t\t\t\t<\/div>\n\t\t\t\t\t<cite class=\"elementor-testimonial__cite\"><span class=\"elementor-testimonial__name\">Julia R.<\/span><\/cite>\t\t\t\t<\/div>\n\t\t\t\t\t\t<div class=\"elementor-testimonial__footer\">\n\t\t\t\t\t\t\t\t\t<div class=\"elementor-testimonial__image\">\n\t\t\t\t\t\t<img decoding=\"async\" src=\"https:\/\/lisamar-cosmetics.es\/wp-content\/uploads\/2025\/05\/LISA-MAR-favi.png\" alt=\"Julia R.\" title=\"\">\n\t\t\t\t\t\t\t\t\t\t\t<\/div>\n\t\t\t\t\t\t\t\t\t\t\t<\/div>\n\t\t<\/div>\n\t\t\t\t\t\t\t\t<\/div>\n\t\t\t\t\t\t\t\t\t\t\t<div class=\"swiper-slide\" role=\"group\" aria-roledescription=\"slide\">\n\t\t\t\t\t\t\t\t\t<div class=\"elementor-testimonial\">\n\t\t\t\t\t\t\t<div class=\"elementor-testimonial__content\">\n\t\t\t\t\t<div class=\"elementor-testimonial__text\">\n\t\t\t\t\t\tPer fi cosm\u00e8tica natural que realment compleix all\u00f2 que promet. Els olis essencials s\u00f3n fant\u00e0stics i fan olor molt b\u00e9, de forma natural. Es nota de seguida que s&#039;aposta aqu\u00ed per la qualitat!\t\t\t\t\t<\/div>\n\t\t\t\t\t<cite class=\"elementor-testimonial__cite\"><span class=\"elementor-testimonial__name\">Lena K.<\/span><\/cite>\t\t\t\t<\/div>\n\t\t\t\t\t\t<div class=\"elementor-testimonial__footer\">\n\t\t\t\t\t\t\t\t\t<div class=\"elementor-testimonial__image\">\n\t\t\t\t\t\t<img decoding=\"async\" src=\"https:\/\/lisamar-cosmetics.es\/wp-content\/uploads\/2025\/05\/LISA-MAR-favi.png\" alt=\"Lena K.\" title=\"\">\n\t\t\t\t\t\t\t\t\t\t\t<\/div>\n\t\t\t\t\t\t\t\t\t\t\t<\/div>\n\t\t<\/div>\n\t\t\t\t\t\t\t\t<\/div>\n\t\t\t\t\t\t\t\t\t\t\t<div class=\"swiper-slide\" role=\"group\" aria-roledescription=\"slide\">\n\t\t\t\t\t\t\t\t\t<div class=\"elementor-testimonial\">\n\t\t\t\t\t\t\t<div class=\"elementor-testimonial__content\">\n\t\t\t\t\t<div class=\"elementor-testimonial__text\">\n\t\t\t\t\t\tM&#039;encanten els productes naturals! La meva pell se sent molt m\u00e9s sana i llueix m\u00e9s radiant. Especialment els productes de cura minimalistes s&#039;adapten perfectament al meu estil de vida: senzills i efica\u00e7os!\t\t\t\t\t<\/div>\n\t\t\t\t\t<cite class=\"elementor-testimonial__cite\"><span class=\"elementor-testimonial__name\">Anna M.<\/span><\/cite>\t\t\t\t<\/div>\n\t\t\t\t\t\t<div class=\"elementor-testimonial__footer\">\n\t\t\t\t\t\t\t\t\t<div class=\"elementor-testimonial__image\">\n\t\t\t\t\t\t<img decoding=\"async\" src=\"https:\/\/lisamar-cosmetics.es\/wp-content\/uploads\/2025\/05\/LISA-MAR-favi.png\" alt=\"Anna M.\" title=\"\">\n\t\t\t\t\t\t\t\t\t\t\t<\/div>\n\t\t\t\t\t\t\t\t\t\t\t<\/div>\n\t\t<\/div>\n\t\t\t\t\t\t\t\t<\/div>\n\t\t\t\t\t\t\t\t\t\t\t<div class=\"swiper-slide\" role=\"group\" aria-roledescription=\"slide\">\n\t\t\t\t\t\t\t\t\t<div class=\"elementor-testimonial\">\n\t\t\t\t\t\t\t<div class=\"elementor-testimonial__content\">\n\t\t\t\t\t<div class=\"elementor-testimonial__text\">\n\t\t\t\t\t\tHola, estimada Melissa: Avui he rebut el teu s\u00e8rum facial, crema d&#039;ulls i crema facial i els he provat immediatament! Se senten tan b\u00e9 a la pell! Estic encantada i us agraeixo els meravellosos productes.\t\t\t\t\t<\/div>\n\t\t\t\t\t<cite class=\"elementor-testimonial__cite\"><span class=\"elementor-testimonial__name\">Gertrud Z<\/span><\/cite>\t\t\t\t<\/div>\n\t\t\t\t\t\t<div class=\"elementor-testimonial__footer\">\n\t\t\t\t\t\t\t\t\t<div class=\"elementor-testimonial__image\">\n\t\t\t\t\t\t<img decoding=\"async\" src=\"https:\/\/lisamar-cosmetics.es\/wp-content\/uploads\/2025\/05\/LISA-MAR-favi.png\" alt=\"Gertrud Z\" title=\"\">\n\t\t\t\t\t\t\t\t\t\t\t<\/div>\n\t\t\t\t\t\t\t\t\t\t\t<\/div>\n\t\t<\/div>\n\t\t\t\t\t\t\t\t<\/div>\n\t\t\t\t\t\t\t\t\t\t\t<div class=\"swiper-slide\" role=\"group\" aria-roledescription=\"slide\">\n\t\t\t\t\t\t\t\t\t<div class=\"elementor-testimonial\">\n\t\t\t\t\t\t\t<div class=\"elementor-testimonial__content\">\n\t\t\t\t\t<div class=\"elementor-testimonial__text\">\n\t\t\t\t\t\tHe descobert la gamma perfecta de cosm\u00e8tics naturals de Lisa Mar i estic encantada! La meva pell se sent suau durant tot el dia, les petites arrugues se suavitzen i aconsegueixo una brillantor preciosa, sense necessitat de purpurina. Has provat la nova gamma de productes de Lisa Mar? Em sembla especialment pr\u00e0ctic el petit set de viatge amb s\u00e8rum, crema hidratant i crema pels ulls. \u00c9s perfecte per con\u00e8ixer tots els productes.\t\t\t\t\t<\/div>\n\t\t\t\t\t<cite class=\"elementor-testimonial__cite\"><span class=\"elementor-testimonial__name\">Selma B.<\/span><\/cite>\t\t\t\t<\/div>\n\t\t\t\t\t\t<div class=\"elementor-testimonial__footer\">\n\t\t\t\t\t\t\t\t\t<div class=\"elementor-testimonial__image\">\n\t\t\t\t\t\t<img decoding=\"async\" src=\"https:\/\/lisamar-cosmetics.es\/wp-content\/uploads\/2025\/05\/LISA-MAR-favi.png\" alt=\"Selma B.\" title=\"\">\n\t\t\t\t\t\t\t\t\t\t\t<\/div>\n\t\t\t\t\t\t\t\t\t\t\t<\/div>\n\t\t<\/div>\n\t\t\t\t\t\t\t\t<\/div>\n\t\t\t\t\t\t\t\t\t<\/div>\n\t\t\t\t\t\t\t\t\t\t\t\t\t\t\t<div class=\"elementor-swiper-button elementor-swiper-button-prev\" role=\"button\" tabindex=\"0\" aria-label=\"Anterior\" data-no-translation-aria-label=\"\">\n\t\t\t\t\t\t\t<svg aria-hidden=\"true\" class=\"e-font-icon-svg e-eicon-chevron-left\" viewbox=\"0 0 1000 1000\" xmlns=\"http:\/\/www.w3.org\/2000\/svg\"><path d=\"M646 125C629 125 613 133 604 142L308 442C296 454 292 471 292 487 292 504 296 521 308 533L604 854C617 867 629 875 646 875 663 875 679 871 692 858 704 846 713 829 713 812 713 796 708 779 692 767L438 487 692 225C700 217 708 204 708 187 708 171 704 154 692 142 675 129 663 125 646 125Z\"><\/path><\/svg>\t\t\t\t\t\t<\/div>\n\t\t\t\t\t\t<div class=\"elementor-swiper-button elementor-swiper-button-next\" role=\"button\" tabindex=\"0\" aria-label=\"Seg\u00fcent\" data-no-translation-aria-label=\"\">\n\t\t\t\t\t\t\t<svg aria-hidden=\"true\" class=\"e-font-icon-svg e-eicon-chevron-right\" viewbox=\"0 0 1000 1000\" xmlns=\"http:\/\/www.w3.org\/2000\/svg\"><path d=\"M696 533C708 521 713 504 713 487 713 471 708 454 696 446L400 146C388 133 375 125 354 125 338 125 325 129 313 142 300 154 292 171 292 187 292 204 296 221 308 233L563 492 304 771C292 783 288 800 288 817 288 833 296 850 308 863 321 871 338 875 354 875 371 875 388 867 400 854L696 533Z\"><\/path><\/svg>\t\t\t\t\t\t<\/div>\n\t\t\t\t\t\t\t\t\t\t\t\t\t\t\t\t\t<\/div>\n\t\t\t\t<\/div>\n\t\t\t\t\t\t\t\t<\/div>\n\t\t\t\t<\/div>\n\t\t\t\t\t<\/div>\n\t\t\t\t<\/div>\n\t\t<div class=\"wd-negative-gap elementor-element elementor-element-d035f22 e-flex e-con-boxed e-con e-parent\" data-id=\"d035f22\" data-element_type=\"container\" data-e-type=\"container\">\n\t\t\t\t\t<div class=\"e-con-inner\">\n\t\t\t\t<div class=\"elementor-element elementor-element-18afa77 elementor-widget elementor-widget-heading\" data-id=\"18afa77\" data-element_type=\"widget\" data-e-type=\"widget\" data-widget_type=\"heading.default\">\n\t\t\t\t<div class=\"elementor-widget-container\">\n\t\t\t\t\t<h2 class=\"elementor-heading-title elementor-size-default\">M\u00e9s informaci\u00f3 sobre LisaMar\n<\/h2>\t\t\t\t<\/div>\n\t\t\t\t<\/div>\n\t\t\t\t<div class=\"elementor-element elementor-element-59275df elementor-grid-3 elementor-grid-tablet-2 elementor-grid-mobile-1 elementor-posts--thumbnail-top elementor-card-shadow-yes elementor-posts__hover-gradient elementor-widget elementor-widget-posts\" data-id=\"59275df\" data-element_type=\"widget\" data-e-type=\"widget\" data-settings=\"{&quot;cards_columns&quot;:&quot;3&quot;,&quot;cards_columns_tablet&quot;:&quot;2&quot;,&quot;cards_columns_mobile&quot;:&quot;1&quot;,&quot;cards_row_gap&quot;:{&quot;unit&quot;:&quot;px&quot;,&quot;size&quot;:35,&quot;sizes&quot;:[]},&quot;cards_row_gap_tablet&quot;:{&quot;unit&quot;:&quot;px&quot;,&quot;size&quot;:&quot;&quot;,&quot;sizes&quot;:[]},&quot;cards_row_gap_mobile&quot;:{&quot;unit&quot;:&quot;px&quot;,&quot;size&quot;:&quot;&quot;,&quot;sizes&quot;:[]}}\" data-widget_type=\"posts.cards\">\n\t\t\t\t<div class=\"elementor-widget-container\">\n\t\t\t\t\t\t\t<div class=\"elementor-posts-container elementor-posts elementor-posts--skin-cards elementor-grid\" role=\"list\">\n\t\t\t\t<article class=\"elementor-post elementor-grid-item post-1462 post type-post status-publish format-standard has-post-thumbnail hentry category-makeup\" role=\"listitem\">\n\t\t\t<div class=\"elementor-post__card\">\n\t\t\t\t<a class=\"elementor-post__thumbnail__link\" href=\"https:\/\/lisamar-cosmetics.es\/ca\/el-poder-del-acido-hialuronico-como-diferentes-tamanos-moleculares-cuidan-optimamente-tu-piel-2\/\" tabindex=\"-1\" ><div class=\"elementor-post__thumbnail\"><img decoding=\"async\" width=\"1024\" height=\"718\" src=\"https:\/\/lisamar-cosmetics.es\/wp-content\/uploads\/2025\/05\/Hyaluron-2560-x-1796-px-1024x718-1.png\" class=\"attachment-full size-full wp-image-1463\" alt=\"\" srcset=\"https:\/\/lisamar-cosmetics.es\/wp-content\/uploads\/2025\/05\/Hyaluron-2560-x-1796-px-1024x718-1.png 1024w, https:\/\/lisamar-cosmetics.es\/wp-content\/uploads\/2025\/05\/Hyaluron-2560-x-1796-px-1024x718-1-150x105.png 150w, https:\/\/lisamar-cosmetics.es\/wp-content\/uploads\/2025\/05\/Hyaluron-2560-x-1796-px-1024x718-1-300x210.png 300w, https:\/\/lisamar-cosmetics.es\/wp-content\/uploads\/2025\/05\/Hyaluron-2560-x-1796-px-1024x718-1-768x539.png 768w, https:\/\/lisamar-cosmetics.es\/wp-content\/uploads\/2025\/05\/Hyaluron-2560-x-1796-px-1024x718-1-127x90.png 127w\" sizes=\"(max-width: 1024px) 100vw, 1024px\" title=\"\"><\/div><\/a>\n\t\t\t\t<div class=\"elementor-post__badge\">Makeup<\/div>\n\t\t\t\t<div class=\"elementor-post__text\">\n\t\t\t\t<h3 class=\"elementor-post__title\">\n\t\t\t<a href=\"https:\/\/lisamar-cosmetics.es\/ca\/el-poder-del-acido-hialuronico-como-diferentes-tamanos-moleculares-cuidan-optimamente-tu-piel-2\/\" >\n\t\t\t\tEl poder de l&#039;\u00e0cid hialur\u00f2nic: Com diferents mides de mol\u00e8cules cuiden \u00f2ptimament la pell\t\t\t<\/a>\n\t\t<\/h3>\n\t\t\t\t<div class=\"elementor-post__excerpt\">\n\t\t\t<p>\u00a0 \u00c0cid hialur\u00f2nic \u00c9s un veritable remei miracul\u00f3s per a la cura de la pell, conegut per les seves propietats hidratants i regeneradores.<\/p>\n\t\t<\/div>\n\t\t\t\t\t<div class=\"elementor-post__read-more-wrapper\">\n\t\t\n\t\t<a class=\"elementor-post__read-more\" href=\"https:\/\/lisamar-cosmetics.es\/ca\/el-poder-del-acido-hialuronico-como-diferentes-tamanos-moleculares-cuidan-optimamente-tu-piel-2\/\" aria-label=\"Read more about El poder del \u00e1cido hialur\u00f3nico: C\u00f3mo diferentes tama\u00f1os de mol\u00e9culas cuidan \u00f3ptimamente tu piel\" tabindex=\"-1\" >\n\t\t\tLlegir m\u00e9s \u00bb\t\t<\/a>\n\n\t\t\t\t\t<\/div>\n\t\t\t\t<\/div>\n\t\t\t\t<div class=\"elementor-post__meta-data\">\n\t\t\t\t\t<span class=\"elementor-post-date\">\n\t\t\t17\/05\/2025\t\t<\/span>\n\t\t\t\t<span class=\"elementor-post-avatar\">\n\t\t\tNo hi ha comentaris\t\t<\/span>\n\t\t\t\t<\/div>\n\t\t\t\t\t<\/div>\n\t\t<\/article>\n\t\t\t\t<article class=\"elementor-post elementor-grid-item post-1459 post type-post status-publish format-standard has-post-thumbnail hentry category-skincare\" role=\"listitem\">\n\t\t\t<div class=\"elementor-post__card\">\n\t\t\t\t<a class=\"elementor-post__thumbnail__link\" href=\"https:\/\/lisamar-cosmetics.es\/ca\/el-maravilloso-mundo-de-la-cosmetica-natural-mas-que-una-tendencia-2\/\" tabindex=\"-1\" ><div class=\"elementor-post__thumbnail\"><img decoding=\"async\" width=\"1024\" height=\"719\" src=\"https:\/\/lisamar-cosmetics.es\/wp-content\/uploads\/2025\/05\/Weissdorn-und-Jasmin-gegen-Augenringe-1024x719-1.jpg\" class=\"attachment-full size-full wp-image-1460\" alt=\"\" srcset=\"https:\/\/lisamar-cosmetics.es\/wp-content\/uploads\/2025\/05\/Weissdorn-und-Jasmin-gegen-Augenringe-1024x719-1.jpg 1024w, https:\/\/lisamar-cosmetics.es\/wp-content\/uploads\/2025\/05\/Weissdorn-und-Jasmin-gegen-Augenringe-1024x719-1-150x105.jpg 150w, https:\/\/lisamar-cosmetics.es\/wp-content\/uploads\/2025\/05\/Weissdorn-und-Jasmin-gegen-Augenringe-1024x719-1-300x211.jpg 300w, https:\/\/lisamar-cosmetics.es\/wp-content\/uploads\/2025\/05\/Weissdorn-und-Jasmin-gegen-Augenringe-1024x719-1-768x539.jpg 768w, https:\/\/lisamar-cosmetics.es\/wp-content\/uploads\/2025\/05\/Weissdorn-und-Jasmin-gegen-Augenringe-1024x719-1-127x90.jpg 127w\" sizes=\"(max-width: 1024px) 100vw, 1024px\" title=\"\"><\/div><\/a>\n\t\t\t\t<div class=\"elementor-post__badge\">Skincare<\/div>\n\t\t\t\t<div class=\"elementor-post__text\">\n\t\t\t\t<h3 class=\"elementor-post__title\">\n\t\t\t<a href=\"https:\/\/lisamar-cosmetics.es\/ca\/el-maravilloso-mundo-de-la-cosmetica-natural-mas-que-una-tendencia-2\/\" >\n\t\t\t\tEl meravell\u00f3s m\u00f3n de la cosm\u00e8tica natural: M\u00e9s que una tend\u00e8ncia\t\t\t<\/a>\n\t\t<\/h3>\n\t\t\t\t<div class=\"elementor-post__excerpt\">\n\t\t\t<p>La cosm\u00e8tica natural captiva cada cop m\u00e9s gent, i amb ra\u00f3. Representa una cura de bellesa pur, sense qu\u00edmics,<\/p>\n\t\t<\/div>\n\t\t\t\t\t<div class=\"elementor-post__read-more-wrapper\">\n\t\t\n\t\t<a class=\"elementor-post__read-more\" href=\"https:\/\/lisamar-cosmetics.es\/ca\/el-maravilloso-mundo-de-la-cosmetica-natural-mas-que-una-tendencia-2\/\" aria-label=\"Read more about El maravilloso mundo de la cosm\u00e9tica natural: M\u00e1s que una tendencia\" tabindex=\"-1\" >\n\t\t\tLlegir m\u00e9s \u00bb\t\t<\/a>\n\n\t\t\t\t\t<\/div>\n\t\t\t\t<\/div>\n\t\t\t\t<div class=\"elementor-post__meta-data\">\n\t\t\t\t\t<span class=\"elementor-post-date\">\n\t\t\t17\/05\/2025\t\t<\/span>\n\t\t\t\t<span class=\"elementor-post-avatar\">\n\t\t\tNo hi ha comentaris\t\t<\/span>\n\t\t\t\t<\/div>\n\t\t\t\t\t<\/div>\n\t\t<\/article>\n\t\t\t\t<article class=\"elementor-post elementor-grid-item post-1456 post type-post status-publish format-standard has-post-thumbnail hentry category-sunscreen\" role=\"listitem\">\n\t\t\t<div class=\"elementor-post__card\">\n\t\t\t\t<a class=\"elementor-post__thumbnail__link\" href=\"https:\/\/lisamar-cosmetics.es\/ca\/desde-piel-seca-hasta-piel-con-impurezas-asi-encuentras-el-serum-perfecto-para-ti\/\" tabindex=\"-1\" ><div class=\"elementor-post__thumbnail\"><img decoding=\"async\" width=\"1027\" height=\"719\" src=\"https:\/\/lisamar-cosmetics.es\/wp-content\/uploads\/2025\/05\/Trockene-Haut.png\" class=\"attachment-full size-full wp-image-5650\" alt=\"\" srcset=\"https:\/\/lisamar-cosmetics.es\/wp-content\/uploads\/2025\/05\/Trockene-Haut.png 1027w, https:\/\/lisamar-cosmetics.es\/wp-content\/uploads\/2025\/05\/Trockene-Haut-300x210.png 300w, https:\/\/lisamar-cosmetics.es\/wp-content\/uploads\/2025\/05\/Trockene-Haut-1024x717.png 1024w, https:\/\/lisamar-cosmetics.es\/wp-content\/uploads\/2025\/05\/Trockene-Haut-768x538.png 768w, https:\/\/lisamar-cosmetics.es\/wp-content\/uploads\/2025\/05\/Trockene-Haut-150x105.png 150w\" sizes=\"(max-width: 1027px) 100vw, 1027px\" title=\"\"><\/div><\/a>\n\t\t\t\t<div class=\"elementor-post__badge\">Sunscreen<\/div>\n\t\t\t\t<div class=\"elementor-post__text\">\n\t\t\t\t<h3 class=\"elementor-post__title\">\n\t\t\t<a href=\"https:\/\/lisamar-cosmetics.es\/ca\/desde-piel-seca-hasta-piel-con-impurezas-asi-encuentras-el-serum-perfecto-para-ti\/\" >\n\t\t\t\tDe pell seca a pell amb imperfeccions: Com trobar el s\u00e8rum perfecte per a tu\t\t\t<\/a>\n\t\t<\/h3>\n\t\t\t\t<div class=\"elementor-post__excerpt\">\n\t\t\t<p>Una pell radiant i sana: aix\u00f2 \u00e9s probablement el que tots desitgem. Per\u00f2 la realitat sol ser diferent: les zones<\/p>\n\t\t<\/div>\n\t\t\t\t\t<div class=\"elementor-post__read-more-wrapper\">\n\t\t\n\t\t<a class=\"elementor-post__read-more\" href=\"https:\/\/lisamar-cosmetics.es\/ca\/desde-piel-seca-hasta-piel-con-impurezas-asi-encuentras-el-serum-perfecto-para-ti\/\" aria-label=\"Read more about De piel seca a piel con imperfecciones: C\u00f3mo encontrar el s\u00e9rum perfecto para ti\" tabindex=\"-1\" >\n\t\t\tLlegir m\u00e9s \u00bb\t\t<\/a>\n\n\t\t\t\t\t<\/div>\n\t\t\t\t<\/div>\n\t\t\t\t<div class=\"elementor-post__meta-data\">\n\t\t\t\t\t<span class=\"elementor-post-date\">\n\t\t\t17\/05\/2025\t\t<\/span>\n\t\t\t\t<span class=\"elementor-post-avatar\">\n\t\t\tNo hi ha comentaris\t\t<\/span>\n\t\t\t\t<\/div>\n\t\t\t\t\t<\/div>\n\t\t<\/article>\n\t\t\t\t<\/div>\n\t\t\n\t\t\t\t\t\t<\/div>\n\t\t\t\t<\/div>\n\t\t\t\t\t<\/div>\n\t\t\t\t<\/div>\n\t\t\t\t<\/div>","protected":false},"excerpt":{"rendered":"<p>Opiniones de nuestros clientes Sostenibilidad y eficacia en uno: \u00a1para m\u00ed es perfecto! He cambiado mi rutina de belleza y<\/p>","protected":false},"author":1,"featured_media":0,"parent":0,"menu_order":0,"comment_status":"closed","ping_status":"closed","template":"elementor_header_footer","meta":{"footnotes":""},"class_list":["post-1089","page","type-page","status-publish","hentry"],"_links":{"self":[{"href":"https:\/\/lisamar-cosmetics.es\/ca\/wp-json\/wp\/v2\/pages\/1089","targetHints":{"allow":["GET"]}}],"collection":[{"href":"https:\/\/lisamar-cosmetics.es\/ca\/wp-json\/wp\/v2\/pages"}],"about":[{"href":"https:\/\/lisamar-cosmetics.es\/ca\/wp-json\/wp\/v2\/types\/page"}],"author":[{"embeddable":true,"href":"https:\/\/lisamar-cosmetics.es\/ca\/wp-json\/wp\/v2\/users\/1"}],"replies":[{"embeddable":true,"href":"https:\/\/lisamar-cosmetics.es\/ca\/wp-json\/wp\/v2\/comments?post=1089"}],"version-history":[{"count":94,"href":"https:\/\/lisamar-cosmetics.es\/ca\/wp-json\/wp\/v2\/pages\/1089\/revisions"}],"predecessor-version":[{"id":14487,"href":"https:\/\/lisamar-cosmetics.es\/ca\/wp-json\/wp\/v2\/pages\/1089\/revisions\/14487"}],"wp:attachment":[{"href":"https:\/\/lisamar-cosmetics.es\/ca\/wp-json\/wp\/v2\/media?parent=1089"}],"curies":[{"name":"wp","href":"https:\/\/api.w.org\/{rel}","templated":true}]}}